{"id":271262,"date":"2025-04-01T14:12:09","date_gmt":"2025-04-01T12:12:09","guid":{"rendered":"https:\/\/www.soaptec.biz\/saponificacao\/coluna-de-reaccao\/"},"modified":"2025-04-01T14:24:16","modified_gmt":"2025-04-01T12:24:16","slug":"coluna-de-reaccao","status":"publish","type":"page","link":"https:\/\/www.soaptec.biz\/pt-pt\/saponificacao\/coluna-de-reaccao\/","title":{"rendered":"COLUNA DE REAC\u00c7\u00c3O"},"content":{"rendered":"<p>[et_pb_section fb_built=&#8221;1&#8243; custom_padding_last_edited=&#8221;on|phone&#8221; admin_label=&#8221;Boxy Header Module &#8211; Image 1920 x 1117 pixels&#8221; module_class=&#8221;header_8_f falkor&#8221; _builder_version=&#8221;4.16&#8243; background_color=&#8221;rgba(255,255,255,0)&#8221; background_image=&#8221;https:\/\/www.soaptec.biz\/wp-content\/uploads\/2021\/02\/PAG-011-E.jpg&#8221; background_position=&#8221;top_center&#8221; background_enable_video_mp4=&#8221;off&#8221; background_video_width=&#8221;2000px&#8221; custom_padding=&#8221;14vw||14vw||true|&#8221; custom_padding_tablet=&#8221;100px||100px|&#8221; custom_padding_phone=&#8221;80px||80px|&#8221; custom_css_before=&#8221;  content: %22%22;|| display: block;|| position: absolute;|| top: 0;|| left: 0;|| width: 100%;|| height: 100%;|| background: #000000;|| opacity: 0.2;&#8221; custom_css_after=&#8221;content: %22%22;|| display: block;|| position: absolute;|| top: 0;|| left: 0;|| width: 100%;|| height: 100%;|| background: #000000;|| opacity: 0.2;&#8221; collapsed=&#8221;off&#8221; global_colors_info=&#8221;{}&#8221;][et_pb_row custom_padding_last_edited=&#8221;on|tablet&#8221; admin_label=&#8221;Boxy Header Module&#8221; module_class=&#8221;lines_ba et_pb_row_fullwidth&#8221; _builder_version=&#8221;4.16&#8243; background_size=&#8221;initial&#8221; background_position=&#8221;top_left&#8221; background_repeat=&#8221;repeat&#8221; width=&#8221;89%&#8221; width_tablet=&#8221;80%&#8221; width_phone=&#8221;&#8221; width_last_edited=&#8221;on|desktop&#8221; max_width=&#8221;89%&#8221; max_width_tablet=&#8221;80%&#8221; max_width_phone=&#8221;&#8221; max_width_last_edited=&#8221;on|desktop&#8221; custom_padding=&#8221;20px|0px|20px|0px&#8221; custom_padding_tablet=&#8221;0px|0px|0px|0px&#8221; custom_padding_phone=&#8221;&#8221; make_fullwidth=&#8221;on&#8221; global_colors_info=&#8221;{}&#8221;][et_pb_column type=&#8221;4_4&#8243; _builder_version=&#8221;4.16&#8243; background_position=&#8221;top_left&#8221; custom_padding=&#8221;|||&#8221; global_colors_info=&#8221;{}&#8221; custom_padding__hover=&#8221;|||&#8221;][et_pb_cta title=&#8221;COLUNA DE REAC\u00c7\u00c3O&#8221; admin_label=&#8221;Make It Awesome&#8221; _builder_version=&#8221;4.16&#8243; header_font=&#8221;Teko|500||on|||||&#8221; header_text_color=&#8221;#ffffff&#8221; header_font_size=&#8221;77px&#8221; header_line_height=&#8221;1.7em&#8221; body_font=&#8221;Teko||||||||&#8221; body_text_color=&#8221;#ffffff&#8221; body_font_size=&#8221;60px&#8221; body_line_height=&#8221;170%&#8221; use_background_color=&#8221;off&#8221; custom_button=&#8221;on&#8221; button_text_size=&#8221;16px&#8221; button_text_color=&#8221;#ffffff&#8221; button_bg_color=&#8221;rgba(0,0,0,0)&#8221; button_border_color=&#8221;#ffffff&#8221; button_border_radius=&#8221;0px&#8221; button_font=&#8221;Montserrat|on||on|&#8221; button_use_icon=&#8221;off&#8221; header_font_size_tablet=&#8221;50&#8243; header_font_size_phone=&#8221;36&#8243; header_font_size_last_edited=&#8221;on|phone&#8221; custom_css_promo_title=&#8221;line-height: 110% !important;|| position: relative;||padding: 32px 20px;|| display: block;||margin-bottom: 24px;&#8221; button_border_radius_hover=&#8221;0px&#8221; button_bg_color_hover=&#8221;rgba(0,0,0,0.3)&#8221; global_colors_info=&#8221;{}&#8221; button_text_size__hover_enabled=&#8221;off&#8221; button_one_text_size__hover_enabled=&#8221;off&#8221; button_two_text_size__hover_enabled=&#8221;off&#8221; button_text_color__hover_enabled=&#8221;off&#8221; button_one_text_color__hover_enabled=&#8221;off&#8221; button_two_text_color__hover_enabled=&#8221;off&#8221; button_border_width__hover_enabled=&#8221;off&#8221; button_one_border_width__hover_enabled=&#8221;off&#8221; button_two_border_width__hover_enabled=&#8221;off&#8221; button_border_color__hover_enabled=&#8221;off&#8221; button_one_border_color__hover_enabled=&#8221;off&#8221; button_two_border_color__hover_enabled=&#8221;off&#8221; button_border_radius__hover_enabled=&#8221;on&#8221; button_border_radius__hover=&#8221;0px&#8221; button_one_border_radius__hover_enabled=&#8221;off&#8221; button_two_border_radius__hover_enabled=&#8221;off&#8221; button_letter_spacing__hover_enabled=&#8221;off&#8221; button_one_letter_spacing__hover_enabled=&#8221;off&#8221; button_two_letter_spacing__hover_enabled=&#8221;off&#8221; button_bg_color__hover_enabled=&#8221;on&#8221; button_bg_color__hover=&#8221;rgba(0,0,0,0.3)&#8221; button_one_bg_color__hover_enabled=&#8221;off&#8221; button_two_bg_color__hover_enabled=&#8221;off&#8221;][\/et_pb_cta][\/et_pb_column][\/et_pb_row][\/et_pb_section][et_pb_section fb_built=&#8221;1&#8243; _builder_version=&#8221;4.16&#8243; _module_preset=&#8221;default&#8221; background_color=&#8221;#e2e2e2&#8243; custom_padding=&#8221;0px||15px|||&#8221; global_colors_info=&#8221;{}&#8221;][et_pb_row column_structure=&#8221;2_3,1_3&#8243; _builder_version=&#8221;4.16&#8243; _module_preset=&#8221;default&#8221; max_width=&#8221;1389px&#8221; custom_padding=&#8221;||0px|||&#8221; global_colors_info=&#8221;{}&#8221;][et_pb_column type=&#8221;2_3&#8243; _builder_version=&#8221;4.16&#8243; _module_preset=&#8221;default&#8221; global_colors_info=&#8221;{}&#8221;][et_pb_text _builder_version=&#8221;4.16&#8243; _module_preset=&#8221;default&#8221; text_font=&#8221;Teko|300||on|||||&#8221; text_text_color=&#8221;#1E2D3C&#8221; text_font_size=&#8221;44px&#8221; global_colors_info=&#8221;{}&#8221;]<\/p>\n<p>Fabricante de plantas de sab\u00e3o<\/p>\n<p>[\/et_pb_text][\/et_pb_column][et_pb_column type=&#8221;1_3&#8243; _builder_version=&#8221;4.16&#8243; _module_preset=&#8221;default&#8221; global_colors_info=&#8221;{}&#8221;][et_pb_button button_url=&#8221;https:\/\/www.soaptec.biz\/pt-pt\/contacto\/&#8221; button_text=&#8221;contacto&#8221; button_alignment=&#8221;right&#8221; button_alignment_tablet=&#8221;&#8221; button_alignment_phone=&#8221;left&#8221; button_alignment_last_edited=&#8221;on|phone&#8221; admin_label=&#8221;The Loser Button &#8211; Freddie&#8221; module_class=&#8221;freddie_button_the_loser&#8221; _builder_version=&#8221;4.27.4&#8243; custom_button=&#8221;on&#8221; button_text_size=&#8221;26px&#8221; button_text_color=&#8221;#1E2D3C&#8221; button_bg_color=&#8221;rgba(0,0,0,0)&#8221; button_border_width=&#8221;2px&#8221; button_border_color=&#8221;#000000&#8243; button_border_radius=&#8221;0px&#8221; button_font=&#8221;Teko|||on|||||&#8221; button_icon_placement=&#8221;left&#8221; button_on_hover=&#8221;off&#8221; custom_margin=&#8221;-17px||0px|||&#8221; custom_padding=&#8221;0px|26px|0px|26px|true|false&#8221; hover_enabled=&#8221;0&#8243; z_index_tablet=&#8221;500&#8243; custom_css_before=&#8221;content: %22%22 !important;||display: block !important;||position: absolute;||    z-index: -1;||    top: 0;||    left: 0;||    width: 0;||    height: 100%;||    background: #1E2D3C;||    transition: width .4s cubic-bezier(1,0,0,1);||    margin-left: 0 !important;&#8221; custom_css_main_element=&#8221;     letter-spacing: 0.3px;&#8221; locked=&#8221;off&#8221; global_colors_info=&#8221;{}&#8221; button_text_color__hover_enabled=&#8221;on&#8221; button_text_color__hover=&#8221;#ffffff&#8221; sticky_enabled=&#8221;0&#8243;][\/et_pb_button][\/et_pb_column][\/et_pb_row][\/et_pb_section][et_pb_section fb_built=&#8221;1&#8243; _builder_version=&#8221;4.16&#8243; _module_preset=&#8221;default&#8221; custom_padding=&#8221;27px||35px|||&#8221; global_colors_info=&#8221;{}&#8221;][et_pb_row _builder_version=&#8221;4.16&#8243; _module_preset=&#8221;default&#8221; max_width=&#8221;1416px&#8221; custom_padding=&#8221;17px|||||&#8221; global_colors_info=&#8221;{}&#8221;][et_pb_column type=&#8221;4_4&#8243; _builder_version=&#8221;4.16&#8243; _module_preset=&#8221;default&#8221; global_colors_info=&#8221;{}&#8221;][et_pb_text _builder_version=&#8221;4.16&#8243; _module_preset=&#8221;default&#8221; text_font=&#8221;Teko|300|||||||&#8221; text_font_size=&#8221;47px&#8221; header_font=&#8221;Teko|300|||||||&#8221; header_text_color=&#8221;#1E2D3C&#8221; header_font_size=&#8221;47px&#8221; animation_style=&#8221;zoom&#8221; global_colors_info=&#8221;{}&#8221;]<\/p>\n<p class=\"p1\" style=\"text-align: center;\"><span style=\"color: #e02b20;\">&#8212; COLUNA DE REAC\u00c7\u00c3O &#8212;<\/span><\/p>\n<h1 class=\"p1\" style=\"text-align: center;\"><strong>Coluna de rea\u00e7\u00e3o para f\u00e1bricas de sab\u00e3o s\u00f3lido<\/strong><\/h1>\n<p>&nbsp;<\/p>\n<p>[\/et_pb_text][\/et_pb_column][\/et_pb_row][et_pb_row column_structure=&#8221;1_2,1_2&#8243; _builder_version=&#8221;4.16&#8243; _module_preset=&#8221;default&#8221; width=&#8221;86%&#8221; max_width=&#8221;1256px&#8221; global_colors_info=&#8221;{}&#8221;][et_pb_column type=&#8221;1_2&#8243; _builder_version=&#8221;4.16&#8243; _module_preset=&#8221;default&#8221; global_colors_info=&#8221;{}&#8221;][et_pb_text _builder_version=&#8221;4.16&#8243; _module_preset=&#8221;default&#8221; text_font=&#8221;Montserrat||||||||&#8221; text_orientation=&#8221;justified&#8221; animation_style=&#8221;zoom&#8221; global_colors_info=&#8221;{}&#8221;]A coluna de rea\u00e7\u00e3o das f\u00e1bricas de sab\u00e3o s\u00f3lido \u00e9 um reator pressurizado utilizado para a neutraliza\u00e7\u00e3o dos \u00e1cidos gordos e para a saponifica\u00e7\u00e3o cont\u00ednua das gorduras neutras.<\/p>\n<p>Estes dois processos s\u00e3o essenciais para a obten\u00e7\u00e3o de um sab\u00e3o de qualidade e \u00e9 por esta raz\u00e3o que a constru\u00e7\u00e3o de uma coluna de rea\u00e7\u00e3o com um design bem elaborado \u00e9 de extrema import\u00e2ncia. Soaptec, empresa especializada na conce\u00e7\u00e3o, constru\u00e7\u00e3o e venda de m\u00e1quinas para a produ\u00e7\u00e3o de sab\u00e3o, \u00e9 fornecedora tanto de instala\u00e7\u00f5es personalizadas, completas com coluna de rea\u00e7\u00e3o, como de colunas de rea\u00e7\u00e3o de substitui\u00e7\u00e3o para instala\u00e7\u00f5es existentes. [\/et_pb_text][\/et_pb_column][et_pb_column type=&#8221;1_2&#8243; _builder_version=&#8221;4.16&#8243; _module_preset=&#8221;default&#8221; global_colors_info=&#8221;{}&#8221;][et_pb_text _builder_version=&#8221;4.16&#8243; _module_preset=&#8221;default&#8221; text_font=&#8221;Montserrat||||||||&#8221; text_orientation=&#8221;justified&#8221; animation_style=&#8221;zoom&#8221; global_colors_info=&#8221;{}&#8221;]Uma das carater\u00edsticas mais distintivas da coluna de rea\u00e7\u00e3o Soaptec \u00e9 o seu volume interno muito reduzido. Gra\u00e7as a esta carater\u00edstica, que torna o componente altamente vers\u00e1til, os operadores podem alterar frequentemente a formula\u00e7\u00e3o do sab\u00e3o, o que permite \u00e0s empresas serem flex\u00edveis em rela\u00e7\u00e3o \u00e0s exig\u00eancias do mercado e satisfazer melhor os clientes. [\/et_pb_text][\/et_pb_column][\/et_pb_row][\/et_pb_section][et_pb_section fb_built=&#8221;1&#8243; specialty=&#8221;on&#8221; _builder_version=&#8221;4.16&#8243; _module_preset=&#8221;default&#8221; background_color=&#8221;#f4f4f4&#8243; inner_max_width=&#8221;1300px&#8221; custom_padding=&#8221;0px|||||&#8221; global_colors_info=&#8221;{}&#8221;][et_pb_column type=&#8221;1_2&#8243; _builder_version=&#8221;4.16&#8243; custom_padding=&#8221;|||&#8221; global_colors_info=&#8221;{}&#8221; custom_padding__hover=&#8221;|||&#8221;][et_pb_image src=&#8221;https:\/\/www.soaptec.biz\/wp-content\/uploads\/2021\/01\/colonna.png&#8221; title_text=&#8221;colonna&#8221; _builder_version=&#8221;4.16&#8243; _module_preset=&#8221;default&#8221; width=&#8221;68%&#8221; module_alignment=&#8221;center&#8221; custom_margin=&#8221;140px|||||&#8221; animation_style=&#8221;zoom&#8221; global_colors_info=&#8221;{}&#8221;][\/et_pb_image][\/et_pb_column][et_pb_column type=&#8221;1_2&#8243; specialty_columns=&#8221;2&#8243; _builder_version=&#8221;4.16&#8243; custom_padding=&#8221;|||&#8221; global_colors_info=&#8221;{}&#8221; custom_padding__hover=&#8221;|||&#8221;][et_pb_row_inner _builder_version=&#8221;4.16&#8243; _module_preset=&#8221;default&#8221; custom_padding=&#8221;||19px|||&#8221; global_colors_info=&#8221;{}&#8221;][et_pb_column_inner saved_specialty_column_type=&#8221;1_2&#8243; _builder_version=&#8221;4.16&#8243; _module_preset=&#8221;default&#8221; global_colors_info=&#8221;{}&#8221;][et_pb_text _builder_version=&#8221;4.16&#8243; _module_preset=&#8221;default&#8221; header_font=&#8221;Teko|300|||||||&#8221; header_text_color=&#8221;#1E2D3C&#8221; header_font_size=&#8221;47px&#8221; header_2_font=&#8221;Teko|300|||||||&#8221; header_2_font_size=&#8221;37px&#8221; animation_style=&#8221;slide&#8221; animation_direction=&#8221;right&#8221; global_colors_info=&#8221;{}&#8221;]<\/p>\n<h2 class=\"p1\" style=\"text-align: left;\"><span style=\"color: #e02b20;\">COLUNA DE REAC\u00c7\u00c3O&#8212;<\/span><\/h2>\n<h2 class=\"p1\" style=\"text-align: left;\"><strong>Qualidade e especifica\u00e7\u00f5es<br \/><\/strong><\/h2>\n<p>[\/et_pb_text][et_pb_text _builder_version=&#8221;4.16&#8243; _module_preset=&#8221;default&#8221; text_font=&#8221;Montserrat||||||||&#8221; text_orientation=&#8221;justified&#8221; custom_margin=&#8221;-37px||27px|||&#8221; animation_style=&#8221;slide&#8221; animation_direction=&#8221;right&#8221; global_colors_info=&#8221;{}&#8221;]Como todos os componentes das f\u00e1bricas de sab\u00e3o Soaptec, as colunas de rea\u00e7\u00e3o tamb\u00e9m s\u00e3o constru\u00eddas de acordo com os mais modernos projectos e com materiais de primeira qualidade, garantindo a total satisfa\u00e7\u00e3o do cliente.<\/p>\n<p>Para que as empresas de todo o mundo possam utilizar as nossas colunas de rea\u00e7\u00e3o, Soaptec compromete-se a respeitar as diretivas europeias e internacionais. A pedido do cliente, os nossos produtos s\u00e3o certificados segundo ASME, Sect. VIII, Div. 1. Al\u00e9m disso, a capacidade de carga tem em conta as normas UNI, DIN, AFNOR, AGMA e ISO.    <\/p>\n<p>Os constantes esfor\u00e7os de I&amp;D permitiram aos nossos engenheiros identificar o a\u00e7o inoxid\u00e1vel AISI 316 como o material mais adequado para a constru\u00e7\u00e3o das pe\u00e7as em contacto com o sab\u00e3o. A camisa e o resto dos componentes que n\u00e3o est\u00e3o em contacto com o produto, por outro lado, s\u00e3o feitos de a\u00e7o inoxid\u00e1vel AISI 304. [\/et_pb_text][et_pb_divider color=&#8221;#e02b20&#8243; divider_weight=&#8221;5px&#8221; _builder_version=&#8221;4.16&#8243; _module_preset=&#8221;default&#8221; width=&#8221;8%&#8221; animation_style=&#8221;slide&#8221; global_colors_info=&#8221;{}&#8221;][\/et_pb_divider][et_pb_text _builder_version=&#8221;4.16&#8243; _module_preset=&#8221;default&#8221; text_font=&#8221;Teko||||||||&#8221; text_font_size=&#8221;31px&#8221; header_font=&#8221;Teko|300|||||||&#8221; header_text_color=&#8221;#1E2D3C&#8221; header_font_size=&#8221;47px&#8221; header_2_font_size=&#8221;37px&#8221; custom_margin=&#8221;-22px|||||&#8221; animation_style=&#8221;slide&#8221; animation_direction=&#8221;right&#8221; global_colors_info=&#8221;{}&#8221;]<\/p>\n<h2 class=\"p1\" style=\"text-align: left;\"><strong>Funcionamento da coluna de rea\u00e7\u00e3o para f\u00e1bricas de sab\u00e3o s\u00f3lido<br \/>\n<\/strong><\/h2>\n<p>[\/et_pb_text][et_pb_text _builder_version=&#8221;4.16&#8243; _module_preset=&#8221;default&#8221; text_font=&#8221;Montserrat||||||||&#8221; text_orientation=&#8221;justified&#8221; custom_margin=&#8221;-37px||27px|||&#8221; animation_style=&#8221;slide&#8221; animation_direction=&#8221;right&#8221; global_colors_info=&#8221;{}&#8221;]A coluna de rea\u00e7\u00e3o \u00e9 um componente essencial de qualquer instala\u00e7\u00e3o de produ\u00e7\u00e3o de sab\u00e3o s\u00f3lido. Equipada com um agitador interno que permite misturar vigorosamente a mistura de mat\u00e9rias-primas, impondo-lhe um movimento de baixo para cima, a coluna de rea\u00e7\u00e3o \u00e9 a m\u00e1quina onde se realiza o processo de saponifica\u00e7\u00e3o. Como o nome sugere, as mat\u00e9rias-primas, que s\u00e3o misturadas vigorosamente pelo agitador, s\u00e3o postas em contacto umas com as outras, permitindo que a rea\u00e7\u00e3o ocorra sob press\u00e3o e temperatura controladas.<br \/>\nA velocidade de rota\u00e7\u00e3o do agitador pode ser regulada por um inversor ligado ao motor e instalado no painel de controlo.<\/p>\n<p>Um elemento essencial da coluna de rea\u00e7\u00e3o \u00e9 a bomba de recircula\u00e7\u00e3o, uma bomba de l\u00f3bulos com elevada capacidade volum\u00e9trica, cuja principal fun\u00e7\u00e3o \u00e9 ajudar a movimentar a mistura, em contracorrente com o fluxo imposto pelo agitador do reator. O ciclo de recircula\u00e7\u00e3o assegura uma mistura intensa, que promove a neutraliza\u00e7\u00e3o ou saponifica\u00e7\u00e3o dos \u00e1cidos gordos ou das gorduras neutras. <\/p>\n<p>A composi\u00e7\u00e3o do sab\u00e3o pode ser monitorizada e assim corrigida gra\u00e7as a um sensor que controla o pH da mistura e atrav\u00e9s do regulador de press\u00e3o diferencial. Ambos os componentes est\u00e3o instalados no circuito da bomba de reciclagem. <\/p>\n<p>Soaptec presta aten\u00e7\u00e3o at\u00e9 aos mais pequenos detalhes para garantir colunas de rea\u00e7\u00e3o de excelente desempenho. Estes produtos s\u00e3o equipados com instrumenta\u00e7\u00e3o e v\u00e1lvulas actuadas selecionadas dos fabricantes mais fi\u00e1veis do mercado internacional.   <\/p>\n<p>A equipa de t\u00e9cnicos da Soaptec est\u00e1 dispon\u00edvel para trabalhos de comissionamento, arranque e manuten\u00e7\u00e3o de instala\u00e7\u00f5es equipadas com uma coluna de rea\u00e7\u00e3o ou para instalar ou reparar componentes em instala\u00e7\u00f5es j\u00e1 estabelecidas.[\/et_pb_text][\/et_pb_column_inner][\/et_pb_row_inner][\/et_pb_column][\/et_pb_section]<\/p>\n","protected":false},"excerpt":{"rendered":"<p>Fabricante de plantas de sab\u00e3o&#8212; COLUNA DE REAC\u00c7\u00c3O &#8212; Coluna de rea\u00e7\u00e3o para f\u00e1bricas de sab\u00e3o s\u00f3lido &nbsp;A coluna de rea\u00e7\u00e3o das f\u00e1bricas de sab\u00e3o s\u00f3lido \u00e9 um reator pressurizado utilizado para a neutraliza\u00e7\u00e3o dos \u00e1cidos gordos e para a saponifica\u00e7\u00e3o cont\u00ednua das gorduras neutras. Estes dois processos s\u00e3o essenciais para a obten\u00e7\u00e3o de um [&hellip;]<\/p>\n","protected":false},"author":1,"featured_media":0,"parent":271254,"menu_order":0,"comment_status":"closed","ping_status":"closed","template":"","meta":{"_et_pb_use_builder":"on","_et_pb_old_content":"","_et_gb_content_width":"","footnotes":""},"class_list":["post-271262","page","type-page","status-publish","hentry"],"yoast_head":"<!-- This site is optimized with the Yoast SEO plugin v27.4 - https:\/\/yoast.com\/product\/yoast-seo-wordpress\/ -->\n<title>Coluna de rea\u00e7\u00e3o para f\u00e1bricas de sab\u00e3o | Soaptec<\/title>\n<meta name=\"description\" content=\"Soaptec \u00e9 um fabricante de colunas de rea\u00e7\u00e3o para f\u00e1bricas de sab\u00e3o s\u00f3lido. Produzimos instala\u00e7\u00f5es completas e componentes individuais.\" \/>\n<meta name=\"robots\" content=\"index, follow, max-snippet:-1, max-image-preview:large, max-video-preview:-1\" \/>\n<link rel=\"canonical\" href=\"https:\/\/www.soaptec.biz\/saponificazione\/colonna-reazione\/\" \/>\n<meta property=\"og:locale\" content=\"pt_PT\" \/>\n<meta property=\"og:type\" content=\"article\" \/>\n<meta property=\"og:title\" content=\"Coluna de rea\u00e7\u00e3o para f\u00e1bricas de sab\u00e3o | Soaptec\" \/>\n<meta property=\"og:description\" content=\"Soaptec \u00e9 um fabricante de colunas de rea\u00e7\u00e3o para f\u00e1bricas de sab\u00e3o s\u00f3lido. Produzimos instala\u00e7\u00f5es completas e componentes individuais.\" \/>\n<meta property=\"og:url\" content=\"https:\/\/www.soaptec.biz\/saponificazione\/colonna-reazione\/\" \/>\n<meta property=\"og:site_name\" content=\"Soaptec\" \/>\n<meta property=\"article:modified_time\" content=\"2025-04-01T12:24:16+00:00\" \/>\n<meta name=\"twitter:card\" content=\"summary_large_image\" \/>\n<meta name=\"twitter:label1\" content=\"Tempo estimado de leitura\" \/>\n\t<meta name=\"twitter:data1\" content=\"10 minutos\" \/>\n<script type=\"application\/ld+json\" class=\"yoast-schema-graph\">{\"@context\":\"https:\\\/\\\/schema.org\",\"@graph\":[{\"@type\":\"WebPage\",\"@id\":\"https:\\\/\\\/www.soaptec.biz\\\/saponificazione\\\/colonna-reazione\\\/\",\"url\":\"https:\\\/\\\/www.soaptec.biz\\\/saponificazione\\\/colonna-reazione\\\/\",\"name\":\"Coluna de rea\u00e7\u00e3o para f\u00e1bricas de sab\u00e3o | Soaptec\",\"isPartOf\":{\"@id\":\"https:\\\/\\\/www.soaptec.biz\\\/#website\"},\"datePublished\":\"2025-04-01T12:12:09+00:00\",\"dateModified\":\"2025-04-01T12:24:16+00:00\",\"description\":\"Soaptec \u00e9 um fabricante de colunas de rea\u00e7\u00e3o para f\u00e1bricas de sab\u00e3o s\u00f3lido. Produzimos instala\u00e7\u00f5es completas e componentes individuais.\",\"breadcrumb\":{\"@id\":\"https:\\\/\\\/www.soaptec.biz\\\/saponificazione\\\/colonna-reazione\\\/#breadcrumb\"},\"inLanguage\":\"pt-PT\",\"potentialAction\":[{\"@type\":\"ReadAction\",\"target\":[\"https:\\\/\\\/www.soaptec.biz\\\/saponificazione\\\/colonna-reazione\\\/\"]}]},{\"@type\":\"BreadcrumbList\",\"@id\":\"https:\\\/\\\/www.soaptec.biz\\\/saponificazione\\\/colonna-reazione\\\/#breadcrumb\",\"itemListElement\":[{\"@type\":\"ListItem\",\"position\":1,\"name\":\"Home\",\"item\":\"https:\\\/\\\/www.soaptec.biz\\\/\"},{\"@type\":\"ListItem\",\"position\":2,\"name\":\"saponifica\u00e7\u00e3o\",\"item\":\"https:\\\/\\\/www.soaptec.biz\\\/saponificazione\\\/\"},{\"@type\":\"ListItem\",\"position\":3,\"name\":\"COLUNA DE REAC\u00c7\u00c3O\"}]},{\"@type\":\"WebSite\",\"@id\":\"https:\\\/\\\/www.soaptec.biz\\\/#website\",\"url\":\"https:\\\/\\\/www.soaptec.biz\\\/\",\"name\":\"Soaptec\",\"description\":\"\",\"potentialAction\":[{\"@type\":\"SearchAction\",\"target\":{\"@type\":\"EntryPoint\",\"urlTemplate\":\"https:\\\/\\\/www.soaptec.biz\\\/?s={search_term_string}\"},\"query-input\":{\"@type\":\"PropertyValueSpecification\",\"valueRequired\":true,\"valueName\":\"search_term_string\"}}],\"inLanguage\":\"pt-PT\"}]}<\/script>\n<!-- \/ Yoast SEO plugin. -->","yoast_head_json":{"title":"Coluna de rea\u00e7\u00e3o para f\u00e1bricas de sab\u00e3o | Soaptec","description":"Soaptec \u00e9 um fabricante de colunas de rea\u00e7\u00e3o para f\u00e1bricas de sab\u00e3o s\u00f3lido. Produzimos instala\u00e7\u00f5es completas e componentes individuais.","robots":{"index":"index","follow":"follow","max-snippet":"max-snippet:-1","max-image-preview":"max-image-preview:large","max-video-preview":"max-video-preview:-1"},"canonical":"https:\/\/www.soaptec.biz\/saponificazione\/colonna-reazione\/","og_locale":"pt_PT","og_type":"article","og_title":"Coluna de rea\u00e7\u00e3o para f\u00e1bricas de sab\u00e3o | Soaptec","og_description":"Soaptec \u00e9 um fabricante de colunas de rea\u00e7\u00e3o para f\u00e1bricas de sab\u00e3o s\u00f3lido. Produzimos instala\u00e7\u00f5es completas e componentes individuais.","og_url":"https:\/\/www.soaptec.biz\/saponificazione\/colonna-reazione\/","og_site_name":"Soaptec","article_modified_time":"2025-04-01T12:24:16+00:00","twitter_card":"summary_large_image","twitter_misc":{"Tempo estimado de leitura":"10 minutos"},"schema":{"@context":"https:\/\/schema.org","@graph":[{"@type":"WebPage","@id":"https:\/\/www.soaptec.biz\/saponificazione\/colonna-reazione\/","url":"https:\/\/www.soaptec.biz\/saponificazione\/colonna-reazione\/","name":"Coluna de rea\u00e7\u00e3o para f\u00e1bricas de sab\u00e3o | Soaptec","isPartOf":{"@id":"https:\/\/www.soaptec.biz\/#website"},"datePublished":"2025-04-01T12:12:09+00:00","dateModified":"2025-04-01T12:24:16+00:00","description":"Soaptec \u00e9 um fabricante de colunas de rea\u00e7\u00e3o para f\u00e1bricas de sab\u00e3o s\u00f3lido. Produzimos instala\u00e7\u00f5es completas e componentes individuais.","breadcrumb":{"@id":"https:\/\/www.soaptec.biz\/saponificazione\/colonna-reazione\/#breadcrumb"},"inLanguage":"pt-PT","potentialAction":[{"@type":"ReadAction","target":["https:\/\/www.soaptec.biz\/saponificazione\/colonna-reazione\/"]}]},{"@type":"BreadcrumbList","@id":"https:\/\/www.soaptec.biz\/saponificazione\/colonna-reazione\/#breadcrumb","itemListElement":[{"@type":"ListItem","position":1,"name":"Home","item":"https:\/\/www.soaptec.biz\/"},{"@type":"ListItem","position":2,"name":"saponifica\u00e7\u00e3o","item":"https:\/\/www.soaptec.biz\/saponificazione\/"},{"@type":"ListItem","position":3,"name":"COLUNA DE REAC\u00c7\u00c3O"}]},{"@type":"WebSite","@id":"https:\/\/www.soaptec.biz\/#website","url":"https:\/\/www.soaptec.biz\/","name":"Soaptec","description":"","potentialAction":[{"@type":"SearchAction","target":{"@type":"EntryPoint","urlTemplate":"https:\/\/www.soaptec.biz\/?s={search_term_string}"},"query-input":{"@type":"PropertyValueSpecification","valueRequired":true,"valueName":"search_term_string"}}],"inLanguage":"pt-PT"}]}},"_links":{"self":[{"href":"https:\/\/www.soaptec.biz\/pt-pt\/wp-json\/wp\/v2\/pages\/271262","targetHints":{"allow":["GET"]}}],"collection":[{"href":"https:\/\/www.soaptec.biz\/pt-pt\/wp-json\/wp\/v2\/pages"}],"about":[{"href":"https:\/\/www.soaptec.biz\/pt-pt\/wp-json\/wp\/v2\/types\/page"}],"author":[{"embeddable":true,"href":"https:\/\/www.soaptec.biz\/pt-pt\/wp-json\/wp\/v2\/users\/1"}],"replies":[{"embeddable":true,"href":"https:\/\/www.soaptec.biz\/pt-pt\/wp-json\/wp\/v2\/comments?post=271262"}],"version-history":[{"count":1,"href":"https:\/\/www.soaptec.biz\/pt-pt\/wp-json\/wp\/v2\/pages\/271262\/revisions"}],"predecessor-version":[{"id":271326,"href":"https:\/\/www.soaptec.biz\/pt-pt\/wp-json\/wp\/v2\/pages\/271262\/revisions\/271326"}],"up":[{"embeddable":true,"href":"https:\/\/www.soaptec.biz\/pt-pt\/wp-json\/wp\/v2\/pages\/271254"}],"wp:attachment":[{"href":"https:\/\/www.soaptec.biz\/pt-pt\/wp-json\/wp\/v2\/media?parent=271262"}],"curies":[{"name":"wp","href":"https:\/\/api.w.org\/{rel}","templated":true}]}}