{"id":271254,"date":"2025-04-01T14:11:17","date_gmt":"2025-04-01T12:11:17","guid":{"rendered":"https:\/\/www.soaptec.biz\/saponificacao\/"},"modified":"2025-04-01T14:23:19","modified_gmt":"2025-04-01T12:23:19","slug":"saponificacao","status":"publish","type":"page","link":"https:\/\/www.soaptec.biz\/pt-pt\/saponificacao\/","title":{"rendered":"saponifica\u00e7\u00e3o"},"content":{"rendered":"<p>[et_pb_section fb_built=&#8221;1&#8243; custom_padding_last_edited=&#8221;on|phone&#8221; admin_label=&#8221;Boxy Header Module &#8211; Image 1920 x 1117 pixels&#8221; module_class=&#8221;header_8_f falkor&#8221; _builder_version=&#8221;4.16&#8243; background_color=&#8221;rgba(255,255,255,0)&#8221; background_image=&#8221;https:\/\/www.soaptec.biz\/wp-content\/uploads\/2021\/02\/Assieme-per-saponificazione_1-e1528526406481.jpg&#8221; background_enable_video_mp4=&#8221;off&#8221; background_video_width=&#8221;2000px&#8221; custom_padding=&#8221;14vw||14vw||true|&#8221; custom_padding_tablet=&#8221;100px||100px|&#8221; custom_padding_phone=&#8221;80px||80px|&#8221; custom_css_before=&#8221;  content: %22%22;|| display: block;|| position: absolute;|| top: 0;|| left: 0;|| width: 100%;|| height: 100%;|| background: #000000;|| opacity: 0.6;&#8221; custom_css_after=&#8221;content: %22%22;|| display: block;|| position: absolute;|| top: 0;|| left: 0;|| width: 100%;|| height: 100%;|| background: #000000;|| opacity: 0.2;&#8221; collapsed=&#8221;off&#8221; global_colors_info=&#8221;{}&#8221;][et_pb_row custom_padding_last_edited=&#8221;on|tablet&#8221; admin_label=&#8221;Boxy Header Module&#8221; module_class=&#8221;lines_ba et_pb_row_fullwidth&#8221; _builder_version=&#8221;4.16&#8243; background_size=&#8221;initial&#8221; background_position=&#8221;top_left&#8221; background_repeat=&#8221;repeat&#8221; width=&#8221;89%&#8221; width_tablet=&#8221;80%&#8221; width_phone=&#8221;&#8221; width_last_edited=&#8221;on|desktop&#8221; max_width=&#8221;89%&#8221; max_width_tablet=&#8221;80%&#8221; max_width_phone=&#8221;&#8221; max_width_last_edited=&#8221;on|desktop&#8221; custom_padding=&#8221;20px|0px|20px|0px&#8221; custom_padding_tablet=&#8221;0px|0px|0px|0px&#8221; custom_padding_phone=&#8221;&#8221; make_fullwidth=&#8221;on&#8221; global_colors_info=&#8221;{}&#8221;][et_pb_column type=&#8221;4_4&#8243; _builder_version=&#8221;4.16&#8243; background_position=&#8221;top_left&#8221; custom_padding=&#8221;|||&#8221; global_colors_info=&#8221;{}&#8221; custom_padding__hover=&#8221;|||&#8221;][et_pb_cta title=&#8221;saponifica\u00e7\u00e3o&#8221; admin_label=&#8221;Make It Awesome&#8221; _builder_version=&#8221;4.16&#8243; header_font=&#8221;Teko|500||on|||||&#8221; header_text_color=&#8221;#ffffff&#8221; header_font_size=&#8221;77px&#8221; header_line_height=&#8221;1.7em&#8221; body_font=&#8221;Teko||||||||&#8221; body_text_color=&#8221;#ffffff&#8221; body_font_size=&#8221;60px&#8221; body_line_height=&#8221;170%&#8221; use_background_color=&#8221;off&#8221; custom_button=&#8221;on&#8221; button_text_size=&#8221;16px&#8221; button_text_color=&#8221;#ffffff&#8221; button_bg_color=&#8221;rgba(0,0,0,0)&#8221; button_border_color=&#8221;#ffffff&#8221; button_border_radius=&#8221;0px&#8221; button_font=&#8221;Montserrat|on||on|&#8221; button_use_icon=&#8221;off&#8221; header_font_size_tablet=&#8221;50&#8243; header_font_size_phone=&#8221;36&#8243; header_font_size_last_edited=&#8221;on|phone&#8221; custom_css_promo_title=&#8221;line-height: 110% !important;|| position: relative;||padding: 32px 20px;|| display: block;||margin-bottom: 24px;&#8221; button_border_radius_hover=&#8221;0px&#8221; button_bg_color_hover=&#8221;rgba(0,0,0,0.3)&#8221; global_colors_info=&#8221;{}&#8221; button_text_size__hover_enabled=&#8221;off&#8221; button_one_text_size__hover_enabled=&#8221;off&#8221; button_two_text_size__hover_enabled=&#8221;off&#8221; button_text_color__hover_enabled=&#8221;off&#8221; button_one_text_color__hover_enabled=&#8221;off&#8221; button_two_text_color__hover_enabled=&#8221;off&#8221; button_border_width__hover_enabled=&#8221;off&#8221; button_one_border_width__hover_enabled=&#8221;off&#8221; button_two_border_width__hover_enabled=&#8221;off&#8221; button_border_color__hover_enabled=&#8221;off&#8221; button_one_border_color__hover_enabled=&#8221;off&#8221; button_two_border_color__hover_enabled=&#8221;off&#8221; button_border_radius__hover_enabled=&#8221;on&#8221; button_border_radius__hover=&#8221;0px&#8221; button_one_border_radius__hover_enabled=&#8221;off&#8221; button_two_border_radius__hover_enabled=&#8221;off&#8221; button_letter_spacing__hover_enabled=&#8221;off&#8221; button_one_letter_spacing__hover_enabled=&#8221;off&#8221; button_two_letter_spacing__hover_enabled=&#8221;off&#8221; button_bg_color__hover_enabled=&#8221;on&#8221; button_bg_color__hover=&#8221;rgba(0,0,0,0.3)&#8221; button_one_bg_color__hover_enabled=&#8221;off&#8221; button_two_bg_color__hover_enabled=&#8221;off&#8221;][\/et_pb_cta][\/et_pb_column][\/et_pb_row][\/et_pb_section][et_pb_section fb_built=&#8221;1&#8243; _builder_version=&#8221;4.16&#8243; _module_preset=&#8221;default&#8221; background_color=&#8221;#e2e2e2&#8243; custom_padding=&#8221;0px||15px|||&#8221; global_colors_info=&#8221;{}&#8221;][et_pb_row column_structure=&#8221;2_3,1_3&#8243; _builder_version=&#8221;4.16&#8243; _module_preset=&#8221;default&#8221; max_width=&#8221;1389px&#8221; custom_padding=&#8221;||0px|||&#8221; global_colors_info=&#8221;{}&#8221;][et_pb_column type=&#8221;2_3&#8243; _builder_version=&#8221;4.16&#8243; _module_preset=&#8221;default&#8221; global_colors_info=&#8221;{}&#8221;][et_pb_text _builder_version=&#8221;4.16&#8243; _module_preset=&#8221;default&#8221; text_font=&#8221;Teko|300||on|||||&#8221; text_text_color=&#8221;#1E2D3C&#8221; text_font_size=&#8221;44px&#8221; global_colors_info=&#8221;{}&#8221;]<\/p>\n<p>Fabricante de plantas de sab\u00e3o<\/p>\n<p>[\/et_pb_text][\/et_pb_column][et_pb_column type=&#8221;1_3&#8243; _builder_version=&#8221;4.16&#8243; _module_preset=&#8221;default&#8221; global_colors_info=&#8221;{}&#8221;][et_pb_button button_url=&#8221;https:\/\/www.soaptec.biz\/pt-pt\/contacto\/&#8221; button_text=&#8221;contacto&#8221; button_alignment=&#8221;right&#8221; button_alignment_tablet=&#8221;&#8221; button_alignment_phone=&#8221;left&#8221; button_alignment_last_edited=&#8221;on|phone&#8221; admin_label=&#8221;The Loser Button &#8211; Freddie&#8221; module_class=&#8221;freddie_button_the_loser&#8221; _builder_version=&#8221;4.27.4&#8243; custom_button=&#8221;on&#8221; button_text_size=&#8221;26px&#8221; button_text_color=&#8221;#1E2D3C&#8221; button_bg_color=&#8221;rgba(0,0,0,0)&#8221; button_border_width=&#8221;2px&#8221; button_border_color=&#8221;#000000&#8243; button_border_radius=&#8221;0px&#8221; button_font=&#8221;Teko|||on|||||&#8221; button_icon_placement=&#8221;left&#8221; button_on_hover=&#8221;off&#8221; custom_margin=&#8221;-17px||0px|||&#8221; custom_padding=&#8221;0px|26px|0px|26px|true|false&#8221; hover_enabled=&#8221;0&#8243; z_index_tablet=&#8221;500&#8243; custom_css_before=&#8221;content: %22%22 !important;||display: block !important;||position: absolute;||    z-index: -1;||    top: 0;||    left: 0;||    width: 0;||    height: 100%;||    background: #1E2D3C;||    transition: width .4s cubic-bezier(1,0,0,1);||    margin-left: 0 !important;&#8221; custom_css_main_element=&#8221;     letter-spacing: 0.3px;&#8221; locked=&#8221;off&#8221; global_colors_info=&#8221;{}&#8221; button_text_color__hover_enabled=&#8221;on&#8221; button_text_color__hover=&#8221;#ffffff&#8221; sticky_enabled=&#8221;0&#8243;][\/et_pb_button][\/et_pb_column][\/et_pb_row][\/et_pb_section][et_pb_section fb_built=&#8221;1&#8243; _builder_version=&#8221;4.16&#8243; _module_preset=&#8221;default&#8221; custom_padding=&#8221;27px||35px|||&#8221; global_colors_info=&#8221;{}&#8221;][et_pb_row _builder_version=&#8221;4.16&#8243; _module_preset=&#8221;default&#8221; width=&#8221;90%&#8221; max_width=&#8221;1340px&#8221; custom_padding=&#8221;17px|||||&#8221; global_colors_info=&#8221;{}&#8221;][et_pb_column type=&#8221;4_4&#8243; _builder_version=&#8221;4.16&#8243; _module_preset=&#8221;default&#8221; global_colors_info=&#8221;{}&#8221;][et_pb_text _builder_version=&#8221;4.16&#8243; _module_preset=&#8221;default&#8221; text_font=&#8221;Teko|300|||||||&#8221; text_font_size=&#8221;47px&#8221; header_font=&#8221;Teko|300|||||||&#8221; header_text_color=&#8221;#1E2D3C&#8221; header_font_size=&#8221;47px&#8221; animation_style=&#8221;zoom&#8221; global_colors_info=&#8221;{}&#8221;]<\/p>\n<p class=\"p1\" style=\"text-align: center;\"><span style=\"color: #e02b20;\">&#8212; SAPONIFICA\u00c7\u00c3O &#8212;<\/span><\/p>\n<p class=\"p1\" style=\"text-align: center;\"><span style=\"color: #e02b20;\"><\/span><\/p>\n<h1 class=\"p1\" style=\"text-align: center;\"><strong>Instala\u00e7\u00f5es de saponifica\u00e7\u00e3o para a produ\u00e7\u00e3o de sab\u00e3o s\u00f3lido<br \/><\/strong><\/h1>\n<p>[\/et_pb_text][\/et_pb_column][\/et_pb_row][et_pb_row column_structure=&#8221;1_2,1_2&#8243; _builder_version=&#8221;4.16&#8243; _module_preset=&#8221;default&#8221; width=&#8221;86%&#8221; max_width=&#8221;1256px&#8221; custom_padding=&#8221;3px|||||&#8221; global_colors_info=&#8221;{}&#8221;][et_pb_column type=&#8221;1_2&#8243; _builder_version=&#8221;4.16&#8243; _module_preset=&#8221;default&#8221; global_colors_info=&#8221;{}&#8221;][et_pb_text _builder_version=&#8221;4.16&#8243; _module_preset=&#8221;default&#8221; text_font=&#8221;Montserrat||||||||&#8221; text_orientation=&#8221;justified&#8221; animation_style=&#8221;zoom&#8221; global_colors_info=&#8221;{}&#8221;]A saponifica\u00e7\u00e3o \u00e9 o nome comercial dado a todos os processos que transformam as mat\u00e9rias-primas em sab\u00e3o l\u00edquido, tamb\u00e9m conhecido como &#8220;sab\u00e3o puro&#8221;.<br \/>\nAs mat\u00e9rias-primas podem ser gorduras neutras, \u00e1cidos gordos ou combina\u00e7\u00f5es dos dois.[\/et_pb_text][\/et_pb_column][et_pb_column type=&#8221;1_2&#8243; _builder_version=&#8221;4.16&#8243; _module_preset=&#8221;default&#8221; global_colors_info=&#8221;{}&#8221;][et_pb_text _builder_version=&#8221;4.16&#8243; _module_preset=&#8221;default&#8221; text_font=&#8221;Montserrat||||||||&#8221; text_orientation=&#8221;justified&#8221; animation_style=&#8221;zoom&#8221; global_colors_info=&#8221;{}&#8221;]A saponifica\u00e7\u00e3o das gorduras neutras (triglic\u00e9ridos) tamb\u00e9m produz glicerina. Dependendo do tipo de produto a criar, esta subst\u00e2ncia \u00e9 extra\u00edda ou deixada no interior da mistura. O processo que extrai a glicerina \u00e9 chamado de &#8220;fervura completa&#8221;, enquanto o que a deixa no interior \u00e9 chamado de &#8220;meia fervura&#8221;.  [\/et_pb_text][\/et_pb_column][\/et_pb_row][\/et_pb_section][et_pb_section fb_built=&#8221;1&#8243; _builder_version=&#8221;4.16&#8243; _module_preset=&#8221;default&#8221; background_color=&#8221;#efefef&#8221; custom_padding=&#8221;27px||35px|||&#8221; global_colors_info=&#8221;{}&#8221;][et_pb_row _builder_version=&#8221;4.16&#8243; _module_preset=&#8221;default&#8221; width=&#8221;90%&#8221; max_width=&#8221;1340px&#8221; custom_padding=&#8221;17px|||||&#8221; global_colors_info=&#8221;{}&#8221;][et_pb_column type=&#8221;4_4&#8243; _builder_version=&#8221;4.16&#8243; _module_preset=&#8221;default&#8221; global_colors_info=&#8221;{}&#8221;][et_pb_text _builder_version=&#8221;4.16&#8243; _module_preset=&#8221;default&#8221; header_font=&#8221;Teko|300|||||||&#8221; header_text_color=&#8221;#1E2D3C&#8221; header_font_size=&#8221;47px&#8221; header_2_font=&#8221;Teko|300|||||||&#8221; header_2_font_size=&#8221;47px&#8221; animation_style=&#8221;zoom&#8221; global_colors_info=&#8221;{}&#8221;]<\/p>\n<h2 class=\"p1\" style=\"text-align: center;\"><span style=\"color: #e02b20;\">&#8212; SAPONIFICA\u00c7\u00c3O &#8212;<\/span><\/h2>\n<h2 class=\"p1\" style=\"text-align: center;\"><strong>Saponifica\u00e7\u00e3o em batelada e cont\u00ednua<br \/><\/strong><\/h2>\n<p>[\/et_pb_text][\/et_pb_column][\/et_pb_row][et_pb_row column_structure=&#8221;1_2,1_2&#8243; _builder_version=&#8221;4.16&#8243; _module_preset=&#8221;default&#8221; width=&#8221;86%&#8221; max_width=&#8221;1256px&#8221; custom_padding=&#8221;3px|||||&#8221; global_colors_info=&#8221;{}&#8221;][et_pb_column type=&#8221;1_2&#8243; _builder_version=&#8221;4.16&#8243; _module_preset=&#8221;default&#8221; global_colors_info=&#8221;{}&#8221;][et_pb_text _builder_version=&#8221;4.16&#8243; _module_preset=&#8221;default&#8221; text_font=&#8221;Montserrat||||||||&#8221; text_orientation=&#8221;justified&#8221; animation_style=&#8221;zoom&#8221; global_colors_info=&#8221;{}&#8221;]<\/p>\n<p>O processo que conduz \u00e0 saponifica\u00e7\u00e3o, quer se siga um processo de fervura completa ou de meia fervura, pode ser de dois tipos: descont\u00ednuo, em que se trabalha por lotes e se produz uma certa quantidade de sab\u00e3o de cada vez, ou cont\u00ednuo.<\/p>\n<p>O processo por lotes consiste em carregar as mat\u00e9rias-primas e process\u00e1-las at\u00e9 obter o produto desejado. Para a vers\u00e3o Half Boiled, Crutchers, s\u00e3o utilizados misturadores verticais de l\u00edquidos para assegurar o contacto entre os reagentes (mat\u00e9rias-primas) at\u00e9 que a rea\u00e7\u00e3o esteja completa. <\/p>\n<p>Para a vers\u00e3o Full Boiled, \u00e9 normalmente utilizada uma caldeira de saponifica\u00e7\u00e3o. As mat\u00e9rias-primas tamb\u00e9m podem ser carregadas de forma aproximada, uma vez que a natureza do processo \u00e9 tal que podem ser feitas correc\u00e7\u00f5es durante o processamento. <\/p>\n<p>O processo cont\u00ednuo, por outro lado, n\u00e3o permite erros de dosagem, raz\u00e3o pela qual \u00e9 importante confiar numa f\u00e1brica com unidades de dosagem bem concebidas e estruturadas.<\/p>\n<p>[\/et_pb_text][\/et_pb_column][et_pb_column type=&#8221;1_2&#8243; _builder_version=&#8221;4.16&#8243; _module_preset=&#8221;default&#8221; global_colors_info=&#8221;{}&#8221;][et_pb_text _builder_version=&#8221;4.16&#8243; _module_preset=&#8221;default&#8221; text_font=&#8221;Montserrat||||||||&#8221; text_orientation=&#8221;justified&#8221; animation_style=&#8221;zoom&#8221; global_colors_info=&#8221;{}&#8221;]<\/p>\n<p><strong>Os grupos de dosagem dividem-se em duas categorias principais:<\/strong><\/p>\n<ul>\n<li>bomba doseadora centr\u00edfuga + caudal\u00edmetro m\u00e1ssico + v\u00e1lvula moduladora<\/li>\n<li>bomba doseadora volum\u00e9trica + caudal\u00edmetro m\u00e1ssico + variador de velocidade<\/li>\n<\/ul>\n<p>Em ambos os casos, a quantidade de material doseado \u00e9 medida utilizando um &#8220;caudal\u00edmetro de massa&#8221;, um instrumento que, utilizando o efeito Coriolis, pode detetar a quantidade de material doseado (em kg\/h), bem como a sua densidade espec\u00edfica e temperatura. O medidor de caudal m\u00e1ssico \u00e9 o instrumento ideal para realizar esta tarefa, uma vez que mede a massa (kg), de modo a que os balan\u00e7os de massa calculados para a produ\u00e7\u00e3o n\u00e3o necessitem de &#8220;tradu\u00e7\u00e3o&#8221; de unidades. <\/p>\n<p><strong>Soaptec concebe e fabrica instala\u00e7\u00f5es de saponifica\u00e7\u00e3o para a produ\u00e7\u00e3o de sab\u00e3o s\u00f3lido completo.<\/strong>  Constitu\u00eddas por m\u00e1quinas de \u00faltima gera\u00e7\u00e3o, fruto de anos de estudo e de grandes investimentos no sector, as nossas instala\u00e7\u00f5es representam o que h\u00e1 de melhor no mercado em termos de desempenho e de rela\u00e7\u00e3o qualidade\/pre\u00e7o. Para al\u00e9m da realiza\u00e7\u00e3o das instala\u00e7\u00f5es, a nossa equipa encarrega-se tamb\u00e9m da instala\u00e7\u00e3o e manuten\u00e7\u00e3o das m\u00e1quinas no local, atrav\u00e9s de desloca\u00e7\u00f5es por todo o mundo. <\/p>\n<p>[\/et_pb_text][\/et_pb_column][\/et_pb_row][\/et_pb_section]<\/p>\n","protected":false},"excerpt":{"rendered":"<p>Fabricante de plantas de sab\u00e3o&#8212; SAPONIFICA\u00c7\u00c3O &#8212; Instala\u00e7\u00f5es de saponifica\u00e7\u00e3o para a produ\u00e7\u00e3o de sab\u00e3o s\u00f3lidoA saponifica\u00e7\u00e3o \u00e9 o nome comercial dado a todos os processos que transformam as mat\u00e9rias-primas em sab\u00e3o l\u00edquido, tamb\u00e9m conhecido como &#8220;sab\u00e3o puro&#8221;. As mat\u00e9rias-primas podem ser gorduras neutras, \u00e1cidos gordos ou combina\u00e7\u00f5es dos dois.A saponifica\u00e7\u00e3o das gorduras neutras (triglic\u00e9ridos) [&hellip;]<\/p>\n","protected":false},"author":1,"featured_media":0,"parent":0,"menu_order":0,"comment_status":"closed","ping_status":"closed","template":"","meta":{"_et_pb_use_builder":"on","_et_pb_old_content":"","_et_gb_content_width":"","footnotes":""},"class_list":["post-271254","page","type-page","status-publish","hentry"],"yoast_head":"<!-- This site is optimized with the Yoast SEO plugin v26.0 - https:\/\/yoast.com\/wordpress\/plugins\/seo\/ -->\n<title>Instala\u00e7\u00f5es de saponifica\u00e7\u00e3o para a produ\u00e7\u00e3o de sab\u00e3o s\u00f3lido | Soaptec<\/title>\n<meta name=\"description\" content=\"Soaptec dedica-se \u00e0 produ\u00e7\u00e3o de instala\u00e7\u00f5es completas de sab\u00e3o s\u00f3lido e dos seus componentes.\" \/>\n<meta name=\"robots\" content=\"index, follow, max-snippet:-1, max-image-preview:large, max-video-preview:-1\" \/>\n<link rel=\"canonical\" href=\"https:\/\/www.soaptec.biz\/saponificazione\/\" \/>\n<meta property=\"og:locale\" content=\"pt_PT\" \/>\n<meta property=\"og:type\" content=\"article\" \/>\n<meta property=\"og:title\" content=\"Instala\u00e7\u00f5es de saponifica\u00e7\u00e3o para a produ\u00e7\u00e3o de sab\u00e3o s\u00f3lido | Soaptec\" \/>\n<meta property=\"og:description\" content=\"Soaptec dedica-se \u00e0 produ\u00e7\u00e3o de instala\u00e7\u00f5es completas de sab\u00e3o s\u00f3lido e dos seus componentes.\" \/>\n<meta property=\"og:url\" content=\"https:\/\/www.soaptec.biz\/saponificazione\/\" \/>\n<meta property=\"og:site_name\" content=\"Soaptec\" \/>\n<meta property=\"article:modified_time\" content=\"2025-04-01T12:23:19+00:00\" \/>\n<meta name=\"twitter:card\" content=\"summary_large_image\" \/>\n<meta name=\"twitter:label1\" content=\"Tempo estimado de leitura\" \/>\n\t<meta name=\"twitter:data1\" content=\"8 minutos\" \/>\n<script type=\"application\/ld+json\" class=\"yoast-schema-graph\">{\"@context\":\"https:\/\/schema.org\",\"@graph\":[{\"@type\":\"WebPage\",\"@id\":\"https:\/\/www.soaptec.biz\/saponificazione\/\",\"url\":\"https:\/\/www.soaptec.biz\/saponificazione\/\",\"name\":\"Instala\u00e7\u00f5es de saponifica\u00e7\u00e3o para a produ\u00e7\u00e3o de sab\u00e3o s\u00f3lido | Soaptec\",\"isPartOf\":{\"@id\":\"https:\/\/www.soaptec.biz\/#website\"},\"datePublished\":\"2025-04-01T12:11:17+00:00\",\"dateModified\":\"2025-04-01T12:23:19+00:00\",\"description\":\"Soaptec dedica-se \u00e0 produ\u00e7\u00e3o de instala\u00e7\u00f5es completas de sab\u00e3o s\u00f3lido e dos seus componentes.\",\"breadcrumb\":{\"@id\":\"https:\/\/www.soaptec.biz\/saponificazione\/#breadcrumb\"},\"inLanguage\":\"pt-PT\",\"potentialAction\":[{\"@type\":\"ReadAction\",\"target\":[\"https:\/\/www.soaptec.biz\/saponificazione\/\"]}]},{\"@type\":\"BreadcrumbList\",\"@id\":\"https:\/\/www.soaptec.biz\/saponificazione\/#breadcrumb\",\"itemListElement\":[{\"@type\":\"ListItem\",\"position\":1,\"name\":\"Home\",\"item\":\"https:\/\/www.soaptec.biz\/\"},{\"@type\":\"ListItem\",\"position\":2,\"name\":\"saponifica\u00e7\u00e3o\"}]},{\"@type\":\"WebSite\",\"@id\":\"https:\/\/www.soaptec.biz\/#website\",\"url\":\"https:\/\/www.soaptec.biz\/\",\"name\":\"Soaptec\",\"description\":\"\",\"potentialAction\":[{\"@type\":\"SearchAction\",\"target\":{\"@type\":\"EntryPoint\",\"urlTemplate\":\"https:\/\/www.soaptec.biz\/?s={search_term_string}\"},\"query-input\":{\"@type\":\"PropertyValueSpecification\",\"valueRequired\":true,\"valueName\":\"search_term_string\"}}],\"inLanguage\":\"pt-PT\"}]}<\/script>\n<!-- \/ Yoast SEO plugin. -->","yoast_head_json":{"title":"Instala\u00e7\u00f5es de saponifica\u00e7\u00e3o para a produ\u00e7\u00e3o de sab\u00e3o s\u00f3lido | Soaptec","description":"Soaptec dedica-se \u00e0 produ\u00e7\u00e3o de instala\u00e7\u00f5es completas de sab\u00e3o s\u00f3lido e dos seus componentes.","robots":{"index":"index","follow":"follow","max-snippet":"max-snippet:-1","max-image-preview":"max-image-preview:large","max-video-preview":"max-video-preview:-1"},"canonical":"https:\/\/www.soaptec.biz\/saponificazione\/","og_locale":"pt_PT","og_type":"article","og_title":"Instala\u00e7\u00f5es de saponifica\u00e7\u00e3o para a produ\u00e7\u00e3o de sab\u00e3o s\u00f3lido | Soaptec","og_description":"Soaptec dedica-se \u00e0 produ\u00e7\u00e3o de instala\u00e7\u00f5es completas de sab\u00e3o s\u00f3lido e dos seus componentes.","og_url":"https:\/\/www.soaptec.biz\/saponificazione\/","og_site_name":"Soaptec","article_modified_time":"2025-04-01T12:23:19+00:00","twitter_card":"summary_large_image","twitter_misc":{"Tempo estimado de leitura":"8 minutos"},"schema":{"@context":"https:\/\/schema.org","@graph":[{"@type":"WebPage","@id":"https:\/\/www.soaptec.biz\/saponificazione\/","url":"https:\/\/www.soaptec.biz\/saponificazione\/","name":"Instala\u00e7\u00f5es de saponifica\u00e7\u00e3o para a produ\u00e7\u00e3o de sab\u00e3o s\u00f3lido | Soaptec","isPartOf":{"@id":"https:\/\/www.soaptec.biz\/#website"},"datePublished":"2025-04-01T12:11:17+00:00","dateModified":"2025-04-01T12:23:19+00:00","description":"Soaptec dedica-se \u00e0 produ\u00e7\u00e3o de instala\u00e7\u00f5es completas de sab\u00e3o s\u00f3lido e dos seus componentes.","breadcrumb":{"@id":"https:\/\/www.soaptec.biz\/saponificazione\/#breadcrumb"},"inLanguage":"pt-PT","potentialAction":[{"@type":"ReadAction","target":["https:\/\/www.soaptec.biz\/saponificazione\/"]}]},{"@type":"BreadcrumbList","@id":"https:\/\/www.soaptec.biz\/saponificazione\/#breadcrumb","itemListElement":[{"@type":"ListItem","position":1,"name":"Home","item":"https:\/\/www.soaptec.biz\/"},{"@type":"ListItem","position":2,"name":"saponifica\u00e7\u00e3o"}]},{"@type":"WebSite","@id":"https:\/\/www.soaptec.biz\/#website","url":"https:\/\/www.soaptec.biz\/","name":"Soaptec","description":"","potentialAction":[{"@type":"SearchAction","target":{"@type":"EntryPoint","urlTemplate":"https:\/\/www.soaptec.biz\/?s={search_term_string}"},"query-input":{"@type":"PropertyValueSpecification","valueRequired":true,"valueName":"search_term_string"}}],"inLanguage":"pt-PT"}]}},"_links":{"self":[{"href":"https:\/\/www.soaptec.biz\/pt-pt\/wp-json\/wp\/v2\/pages\/271254","targetHints":{"allow":["GET"]}}],"collection":[{"href":"https:\/\/www.soaptec.biz\/pt-pt\/wp-json\/wp\/v2\/pages"}],"about":[{"href":"https:\/\/www.soaptec.biz\/pt-pt\/wp-json\/wp\/v2\/types\/page"}],"author":[{"embeddable":true,"href":"https:\/\/www.soaptec.biz\/pt-pt\/wp-json\/wp\/v2\/users\/1"}],"replies":[{"embeddable":true,"href":"https:\/\/www.soaptec.biz\/pt-pt\/wp-json\/wp\/v2\/comments?post=271254"}],"version-history":[{"count":1,"href":"https:\/\/www.soaptec.biz\/pt-pt\/wp-json\/wp\/v2\/pages\/271254\/revisions"}],"predecessor-version":[{"id":271319,"href":"https:\/\/www.soaptec.biz\/pt-pt\/wp-json\/wp\/v2\/pages\/271254\/revisions\/271319"}],"wp:attachment":[{"href":"https:\/\/www.soaptec.biz\/pt-pt\/wp-json\/wp\/v2\/media?parent=271254"}],"curies":[{"name":"wp","href":"https:\/\/api.w.org\/{rel}","templated":true}]}}