{"id":271248,"date":"2025-04-01T14:10:08","date_gmt":"2025-04-01T12:10:08","guid":{"rendered":"https:\/\/www.soaptec.biz\/linha-de-acabamento\/raffiners\/"},"modified":"2025-04-01T14:22:40","modified_gmt":"2025-04-01T12:22:40","slug":"raffiners","status":"publish","type":"page","link":"https:\/\/www.soaptec.biz\/pt-pt\/linha-de-acabamento\/raffiners\/","title":{"rendered":"RAFFINERS"},"content":{"rendered":"<p>[et_pb_section fb_built=&#8221;1&#8243; custom_padding_last_edited=&#8221;on|phone&#8221; admin_label=&#8221;Boxy Header Module &#8211; Image 1920 x 1117 pixels&#8221; module_class=&#8221;header_8_f falkor&#8221; _builder_version=&#8221;4.16&#8243; background_color=&#8221;rgba(255,255,255,0)&#8221; background_image=&#8221;https:\/\/www.soaptec.biz\/wp-content\/uploads\/2021\/02\/IMG_1437-scaled.jpg&#8221; background_enable_video_mp4=&#8221;off&#8221; background_video_width=&#8221;2000px&#8221; custom_padding=&#8221;14vw||14vw||true|&#8221; custom_padding_tablet=&#8221;100px||100px|&#8221; custom_padding_phone=&#8221;80px||80px|&#8221; custom_css_before=&#8221;  content: %22%22;|| display: block;|| position: absolute;|| top: 0;|| left: 0;|| width: 100%;|| height: 100%;|| background: #000000;|| opacity: 0.6;&#8221; custom_css_after=&#8221;content: %22%22;|| display: block;|| position: absolute;|| top: 0;|| left: 0;|| width: 100%;|| height: 100%;|| background: #000000;|| opacity: 0.2;&#8221; collapsed=&#8221;off&#8221; global_colors_info=&#8221;{}&#8221;][et_pb_row custom_padding_last_edited=&#8221;on|tablet&#8221; admin_label=&#8221;Boxy Header Module&#8221; module_class=&#8221;lines_ba et_pb_row_fullwidth&#8221; _builder_version=&#8221;4.16&#8243; background_size=&#8221;initial&#8221; background_position=&#8221;top_left&#8221; background_repeat=&#8221;repeat&#8221; width=&#8221;89%&#8221; width_tablet=&#8221;80%&#8221; width_phone=&#8221;&#8221; width_last_edited=&#8221;on|desktop&#8221; max_width=&#8221;89%&#8221; max_width_tablet=&#8221;80%&#8221; max_width_phone=&#8221;&#8221; max_width_last_edited=&#8221;on|desktop&#8221; custom_padding=&#8221;20px|0px|20px|0px&#8221; custom_padding_tablet=&#8221;0px|0px|0px|0px&#8221; custom_padding_phone=&#8221;&#8221; make_fullwidth=&#8221;on&#8221; global_colors_info=&#8221;{}&#8221;][et_pb_column type=&#8221;4_4&#8243; _builder_version=&#8221;4.16&#8243; background_position=&#8221;top_left&#8221; custom_padding=&#8221;|||&#8221; global_colors_info=&#8221;{}&#8221; custom_padding__hover=&#8221;|||&#8221;][et_pb_cta title=&#8221;RAFFINERS&#8221; admin_label=&#8221;Make It Awesome&#8221; _builder_version=&#8221;4.16&#8243; header_font=&#8221;Teko|500||on|||||&#8221; header_text_color=&#8221;#ffffff&#8221; header_font_size=&#8221;77px&#8221; header_line_height=&#8221;1.7em&#8221; body_font=&#8221;Teko||||||||&#8221; body_text_color=&#8221;#ffffff&#8221; body_font_size=&#8221;60px&#8221; body_line_height=&#8221;170%&#8221; use_background_color=&#8221;off&#8221; custom_button=&#8221;on&#8221; button_text_size=&#8221;16px&#8221; button_text_color=&#8221;#ffffff&#8221; button_bg_color=&#8221;rgba(0,0,0,0)&#8221; button_border_color=&#8221;#ffffff&#8221; button_border_radius=&#8221;0px&#8221; button_font=&#8221;Montserrat|on||on|&#8221; button_use_icon=&#8221;off&#8221; header_font_size_tablet=&#8221;50&#8243; header_font_size_phone=&#8221;36&#8243; header_font_size_last_edited=&#8221;on|phone&#8221; custom_css_promo_title=&#8221;line-height: 110% !important;|| position: relative;||padding: 32px 20px;|| display: block;||margin-bottom: 24px;&#8221; button_border_radius_hover=&#8221;0px&#8221; button_bg_color_hover=&#8221;rgba(0,0,0,0.3)&#8221; global_colors_info=&#8221;{}&#8221; button_text_size__hover_enabled=&#8221;off&#8221; button_one_text_size__hover_enabled=&#8221;off&#8221; button_two_text_size__hover_enabled=&#8221;off&#8221; button_text_color__hover_enabled=&#8221;off&#8221; button_one_text_color__hover_enabled=&#8221;off&#8221; button_two_text_color__hover_enabled=&#8221;off&#8221; button_border_width__hover_enabled=&#8221;off&#8221; button_one_border_width__hover_enabled=&#8221;off&#8221; button_two_border_width__hover_enabled=&#8221;off&#8221; button_border_color__hover_enabled=&#8221;off&#8221; button_one_border_color__hover_enabled=&#8221;off&#8221; button_two_border_color__hover_enabled=&#8221;off&#8221; button_border_radius__hover_enabled=&#8221;on&#8221; button_border_radius__hover=&#8221;0px&#8221; button_one_border_radius__hover_enabled=&#8221;off&#8221; button_two_border_radius__hover_enabled=&#8221;off&#8221; button_letter_spacing__hover_enabled=&#8221;off&#8221; button_one_letter_spacing__hover_enabled=&#8221;off&#8221; button_two_letter_spacing__hover_enabled=&#8221;off&#8221; button_bg_color__hover_enabled=&#8221;on&#8221; button_bg_color__hover=&#8221;rgba(0,0,0,0.3)&#8221; button_one_bg_color__hover_enabled=&#8221;off&#8221; button_two_bg_color__hover_enabled=&#8221;off&#8221;][\/et_pb_cta][\/et_pb_column][\/et_pb_row][\/et_pb_section][et_pb_section fb_built=&#8221;1&#8243; _builder_version=&#8221;4.16&#8243; _module_preset=&#8221;default&#8221; background_color=&#8221;#e2e2e2&#8243; custom_padding=&#8221;0px||15px|||&#8221; global_colors_info=&#8221;{}&#8221;][et_pb_row column_structure=&#8221;2_3,1_3&#8243; _builder_version=&#8221;4.16&#8243; _module_preset=&#8221;default&#8221; max_width=&#8221;1389px&#8221; custom_padding=&#8221;||0px|||&#8221; global_colors_info=&#8221;{}&#8221;][et_pb_column type=&#8221;2_3&#8243; _builder_version=&#8221;4.16&#8243; _module_preset=&#8221;default&#8221; global_colors_info=&#8221;{}&#8221;][et_pb_text _builder_version=&#8221;4.16&#8243; _module_preset=&#8221;default&#8221; text_font=&#8221;Teko|300||on|||||&#8221; text_text_color=&#8221;#1E2D3C&#8221; text_font_size=&#8221;44px&#8221; global_colors_info=&#8221;{}&#8221;]<\/p>\n<p>Fabricante de plantas de sab\u00e3o<\/p>\n<p>[\/et_pb_text][\/et_pb_column][et_pb_column type=&#8221;1_3&#8243; _builder_version=&#8221;4.16&#8243; _module_preset=&#8221;default&#8221; global_colors_info=&#8221;{}&#8221;][et_pb_button button_url=&#8221;https:\/\/www.soaptec.biz\/pt-pt\/contacto\/&#8221; button_text=&#8221;contacto&#8221; button_alignment=&#8221;right&#8221; button_alignment_tablet=&#8221;&#8221; button_alignment_phone=&#8221;left&#8221; button_alignment_last_edited=&#8221;on|phone&#8221; admin_label=&#8221;The Loser Button &#8211; Freddie&#8221; module_class=&#8221;freddie_button_the_loser&#8221; _builder_version=&#8221;4.27.4&#8243; custom_button=&#8221;on&#8221; button_text_size=&#8221;26px&#8221; button_text_color=&#8221;#1E2D3C&#8221; button_bg_color=&#8221;rgba(0,0,0,0)&#8221; button_border_width=&#8221;2px&#8221; button_border_color=&#8221;#000000&#8243; button_border_radius=&#8221;0px&#8221; button_font=&#8221;Teko|||on|||||&#8221; button_icon_placement=&#8221;left&#8221; button_on_hover=&#8221;off&#8221; custom_margin=&#8221;-17px||0px|||&#8221; custom_padding=&#8221;0px|26px|0px|26px|true|false&#8221; hover_enabled=&#8221;0&#8243; z_index_tablet=&#8221;500&#8243; custom_css_before=&#8221;content: %22%22 !important;||display: block !important;||position: absolute;||    z-index: -1;||    top: 0;||    left: 0;||    width: 0;||    height: 100%;||    background: #1E2D3C;||    transition: width .4s cubic-bezier(1,0,0,1);||    margin-left: 0 !important;&#8221; custom_css_main_element=&#8221;     letter-spacing: 0.3px;&#8221; locked=&#8221;off&#8221; global_colors_info=&#8221;{}&#8221; button_text_color__hover_enabled=&#8221;on&#8221; button_text_color__hover=&#8221;#ffffff&#8221; sticky_enabled=&#8221;0&#8243;][\/et_pb_button][\/et_pb_column][\/et_pb_row][\/et_pb_section][et_pb_section fb_built=&#8221;1&#8243; _builder_version=&#8221;4.16&#8243; _module_preset=&#8221;default&#8221; custom_padding=&#8221;27px||35px|||&#8221; global_colors_info=&#8221;{}&#8221;][et_pb_row _builder_version=&#8221;4.16&#8243; _module_preset=&#8221;default&#8221; width=&#8221;90%&#8221; max_width=&#8221;1340px&#8221; custom_padding=&#8221;17px|||||&#8221; global_colors_info=&#8221;{}&#8221;][et_pb_column type=&#8221;4_4&#8243; _builder_version=&#8221;4.16&#8243; _module_preset=&#8221;default&#8221; global_colors_info=&#8221;{}&#8221;][et_pb_text _builder_version=&#8221;4.16&#8243; _module_preset=&#8221;default&#8221; text_font=&#8221;Teko|300|||||||&#8221; text_font_size=&#8221;47px&#8221; header_font=&#8221;Teko|300|||||||&#8221; header_text_color=&#8221;#1E2D3C&#8221; header_font_size=&#8221;47px&#8221; animation_style=&#8221;zoom&#8221; global_colors_info=&#8221;{}&#8221;]<\/p>\n<p class=\"p1\" style=\"text-align: center;\"><span style=\"color: #e02b20;\">&#8212; REFINARIAS &#8212;<\/span><\/p>\n<h1 class=\"p1\" style=\"text-align: center;\"><strong>Refinadores para linhas de acabamento de sab\u00e3o s\u00f3lido<\/strong><\/h1>\n<p>&nbsp;<\/p>\n<p>[\/et_pb_text][\/et_pb_column][\/et_pb_row][et_pb_row column_structure=&#8221;1_2,1_2&#8243; _builder_version=&#8221;4.16&#8243; _module_preset=&#8221;default&#8221; width=&#8221;86%&#8221; max_width=&#8221;1256px&#8221; custom_padding=&#8221;3px|||||&#8221; global_colors_info=&#8221;{}&#8221;][et_pb_column type=&#8221;1_2&#8243; _builder_version=&#8221;4.16&#8243; _module_preset=&#8221;default&#8221; global_colors_info=&#8221;{}&#8221;][et_pb_text _builder_version=&#8221;4.16&#8243; _module_preset=&#8221;default&#8221; text_font=&#8221;Montserrat||||||||&#8221; text_orientation=&#8221;justified&#8221; animation_style=&#8221;zoom&#8221; global_colors_info=&#8221;{}&#8221;]Depois de os aditivos terem sido adicionados ao sab\u00e3o atrav\u00e9s dos misturadores, o sab\u00e3o est\u00e1 pronto para o processamento seguinte: a refina\u00e7\u00e3o. Esta opera\u00e7\u00e3o, realizada por meio de refinadores industriais, permite n\u00e3o s\u00f3 obter um sab\u00e3o homog\u00e9neo e uniforme, mas tamb\u00e9m modificar a estrutura cristalina, uma a\u00e7\u00e3o que leva \u00e0 melhoria do produto, atrav\u00e9s da elimina\u00e7\u00e3o de part\u00edculas duras, e da efic\u00e1cia percebida, uma vez que aumenta a quantidade de espuma que pode ser produzida e a solubilidade, bem como melhora o toque. <\/p>\n<p>Soaptec oferece refinadores de parafuso simples e de parafuso duplo tangencial em vers\u00f5es de est\u00e1gio simples e duplo (simplex e duplex). A rela\u00e7\u00e3o entre o comprimento e o di\u00e2metro do cilindro \u00e9 de 4. <\/p>\n<p>A nossa empresa est\u00e1 dispon\u00edvel para ajudar os clientes a conceber m\u00e1quinas personalizadas, adaptadas \u00e0s suas exig\u00eancias e necessidades. Gra\u00e7as a uma equipa de t\u00e9cnicos especializados, com anos de experi\u00eancia no sector, a capacidade de responder \u00e0s necessidades do cliente e a cria\u00e7\u00e3o de refinadores totalmente compat\u00edveis com as linhas de acabamento, mesmo fabricadas por outras empresas, n\u00e3o ser\u00e1 um problema. Al\u00e9m disso, a nossa equipa tamb\u00e9m pode realizar projectos personalizados.  <\/p>\n<p>A extrus\u00e3o do material refinado \u00e9 efectuada atrav\u00e9s de um sistema inovador patenteado por Soaptec: as folhas de refina\u00e7\u00e3o, placas perfuradas com orif\u00edcios em toda a sua superf\u00edcie. As bordas afiadas dos furos distribuem uniformemente o fluxo de material semi-acabado, maximizando a a\u00e7\u00e3o de corte. Soaptec fabrica chapas de refina\u00e7\u00e3o em todas as formas e tamanhos, mesmo para instala\u00e7\u00e3o em m\u00e1quinas de outras empresas. Neste \u00faltimo caso, o cliente deve fornecer as especifica\u00e7\u00f5es t\u00e9cnicas para a fabrica\u00e7\u00e3o das pe\u00e7as.   [\/et_pb_text][et_pb_text _builder_version=&#8221;4.16&#8243; _module_preset=&#8221;default&#8221; text_font=&#8221;Montserrat||||||||&#8221; text_orientation=&#8221;justified&#8221; animation_style=&#8221;zoom&#8221; global_colors_info=&#8221;{}&#8221;][\/et_pb_text][\/et_pb_column][et_pb_column type=&#8221;1_2&#8243; _builder_version=&#8221;4.16&#8243; _module_preset=&#8221;default&#8221; global_colors_info=&#8221;{}&#8221;][et_pb_image src=&#8221;https:\/\/www.soaptec.biz\/wp-content\/uploads\/2021\/02\/REFINING-GROUP-soaptec.jpg&#8221; title_text=&#8221;REFINING GROUP soaptec&#8221; _builder_version=&#8221;4.16&#8243; _module_preset=&#8221;default&#8221; custom_padding=&#8221;43px|||||&#8221; global_colors_info=&#8221;{}&#8221;][\/et_pb_image][\/et_pb_column][\/et_pb_row][\/et_pb_section][et_pb_section fb_built=&#8221;1&#8243; specialty=&#8221;on&#8221; _builder_version=&#8221;4.16&#8243; _module_preset=&#8221;default&#8221; background_color=&#8221;#efefef&#8221; inner_max_width=&#8221;1300px&#8221; custom_padding=&#8221;0px|||||&#8221; global_colors_info=&#8221;{}&#8221;][et_pb_column type=&#8221;1_2&#8243; _builder_version=&#8221;4.16&#8243; custom_padding=&#8221;|||&#8221; global_colors_info=&#8221;{}&#8221; custom_padding__hover=&#8221;|||&#8221;][et_pb_image src=&#8221;https:\/\/www.soaptec.biz\/wp-content\/uploads\/2021\/02\/RAFFINATRICI.png&#8221; title_text=&#8221;RAFFINATRICI&#8221; _builder_version=&#8221;4.16&#8243; _module_preset=&#8221;default&#8221; width=&#8221;100%&#8221; animation_style=&#8221;zoom&#8221; global_colors_info=&#8221;{}&#8221;][\/et_pb_image][\/et_pb_column][et_pb_column type=&#8221;1_2&#8243; specialty_columns=&#8221;2&#8243; _builder_version=&#8221;4.16&#8243; custom_padding=&#8221;|||&#8221; global_colors_info=&#8221;{}&#8221; custom_padding__hover=&#8221;|||&#8221;][et_pb_row_inner _builder_version=&#8221;4.16&#8243; _module_preset=&#8221;default&#8221; custom_padding=&#8221;||19px|||&#8221; global_colors_info=&#8221;{}&#8221;][et_pb_column_inner saved_specialty_column_type=&#8221;1_2&#8243; _builder_version=&#8221;4.16&#8243; _module_preset=&#8221;default&#8221; global_colors_info=&#8221;{}&#8221;][et_pb_text _builder_version=&#8221;4.16&#8243; _module_preset=&#8221;default&#8221; header_font=&#8221;Teko|300|||||||&#8221; header_text_color=&#8221;#1E2D3C&#8221; header_font_size=&#8221;47px&#8221; header_2_font=&#8221;Teko|300|||||||&#8221; header_2_font_size=&#8221;37px&#8221; animation_style=&#8221;slide&#8221; animation_direction=&#8221;right&#8221; global_colors_info=&#8221;{}&#8221;]<\/p>\n<h2 class=\"p1\" style=\"text-align: left;\"><span style=\"color: #e02b20;\">REFINADORES &#8212;<\/span><\/h2>\n<h2 class=\"p1\" style=\"text-align: left;\"><strong>Qualidade e especifica\u00e7\u00f5es<\/strong><\/h2>\n<p>&nbsp;<\/p>\n<p>[\/et_pb_text][et_pb_text _builder_version=&#8221;4.16&#8243; _module_preset=&#8221;default&#8221; text_font=&#8221;Montserrat||||||||&#8221; text_orientation=&#8221;justified&#8221; custom_margin=&#8221;-37px||27px|||&#8221; animation_style=&#8221;slide&#8221; animation_direction=&#8221;right&#8221; global_colors_info=&#8221;{}&#8221;]Para criar m\u00e1quinas que garantam o m\u00e1ximo desempenho, durabilidade e resist\u00eancia, todas as partes da m\u00e1quina em contacto com o sab\u00e3o s\u00e3o fabricadas em a\u00e7o inoxid\u00e1vel AISI 304, enquanto os restantes componentes s\u00e3o fabricados em a\u00e7o-carbono revestido. Os parafusos sem-fim s\u00e3o fundidos, polidos e com acabamento mec\u00e2nico. S\u00e3o fabricados em liga de alum\u00ednio G ALSI9, mas podem ser fabricados em a\u00e7o inoxid\u00e1vel NI-Resist ou AISI 304 a pedido.  <\/p>\n<p>Como todas as outras m\u00e1quinas, as nossas refinarias s\u00e3o apreciadas pelo seu car\u00e1cter pr\u00e1tico e funcional. Para aumentar a sua flexibilidade de utiliza\u00e7\u00e3o, estas m\u00e1quinas podem ser montadas tanto na orienta\u00e7\u00e3o esquerda como na direita.<br \/>\nO quadro el\u00e9trico \u00e9 parte integrante da estrutura da m\u00e1quina, mantendo assim uma disposi\u00e7\u00e3o compacta.<br \/>\nA velocidade do motor \u00e9 controlada por um inversor de frequ\u00eancia. <\/p>\n<p>Em alternativa aos cl\u00e1ssicos tirantes e porcas de bloqueio manuais para a placa perfurada, a nossa equipa teve a ideia de instalar fechos hidr\u00e1ulicos autom\u00e1ticos, para facilitar aos operadores as manobras de abertura e fecho, com uma consider\u00e1vel economia de tempo. Os nossos moldes de refina\u00e7\u00e3o standard est\u00e3o tamb\u00e9m equipados com um circuito de arrefecimento a \u00e1gua, com electrov\u00e1lvula e indicador de temperatura do l\u00edquido \u00e0 sa\u00edda do cilindro.<br \/>\nOs sistemas de controlo da temperatura podem ser acrescentados a pedido.<\/p>\n<p>O painel de controlo el\u00e9trico, completo com bot\u00f5es de press\u00e3o e inversor, est\u00e1 montado numa estrutura que suporta escadas e uma plataforma de trabalho. A capacidade de carga da m\u00e1quina \u00e9 verificada de acordo com as normas UNI, DIN, AFNOR, AGMA e ISO. [\/et_pb_text][\/et_pb_column_inner][\/et_pb_row_inner][\/et_pb_column][\/et_pb_section]<\/p>\n","protected":false},"excerpt":{"rendered":"<p>Fabricante de plantas de sab\u00e3o&#8212; REFINARIAS &#8212; Refinadores para linhas de acabamento de sab\u00e3o s\u00f3lido &nbsp;Depois de os aditivos terem sido adicionados ao sab\u00e3o atrav\u00e9s dos misturadores, o sab\u00e3o est\u00e1 pronto para o processamento seguinte: a refina\u00e7\u00e3o. Esta opera\u00e7\u00e3o, realizada por meio de refinadores industriais, permite n\u00e3o s\u00f3 obter um sab\u00e3o homog\u00e9neo e uniforme, mas [&hellip;]<\/p>\n","protected":false},"author":1,"featured_media":0,"parent":271233,"menu_order":0,"comment_status":"closed","ping_status":"closed","template":"","meta":{"_et_pb_use_builder":"on","_et_pb_old_content":"","_et_gb_content_width":"","footnotes":""},"class_list":["post-271248","page","type-page","status-publish","hentry"],"yoast_head":"<!-- This site is optimized with the Yoast SEO plugin v27.4 - https:\/\/yoast.com\/product\/yoast-seo-wordpress\/ -->\n<title>Refinadores para linhas de acabamento de sab\u00e3o s\u00f3lido | Soaptec<\/title>\n<meta name=\"description\" content=\"Soaptec \u00e9 um fabricante de refinadores para linhas de acabamento de sab\u00e3o s\u00f3lido. Soaptec patenteou o sistema de folhas de refina\u00e7\u00e3o.\" \/>\n<meta name=\"robots\" content=\"index, follow, max-snippet:-1, max-image-preview:large, max-video-preview:-1\" \/>\n<link rel=\"canonical\" href=\"https:\/\/www.soaptec.biz\/linea-di-finitura\/raffinatrici\/\" \/>\n<meta property=\"og:locale\" content=\"pt_PT\" \/>\n<meta property=\"og:type\" content=\"article\" \/>\n<meta property=\"og:title\" content=\"Refinadores para linhas de acabamento de sab\u00e3o s\u00f3lido | Soaptec\" \/>\n<meta property=\"og:description\" content=\"Soaptec \u00e9 um fabricante de refinadores para linhas de acabamento de sab\u00e3o s\u00f3lido. Soaptec patenteou o sistema de folhas de refina\u00e7\u00e3o.\" \/>\n<meta property=\"og:url\" content=\"https:\/\/www.soaptec.biz\/linea-di-finitura\/raffinatrici\/\" \/>\n<meta property=\"og:site_name\" content=\"Soaptec\" \/>\n<meta property=\"article:modified_time\" content=\"2025-04-01T12:22:40+00:00\" \/>\n<meta name=\"twitter:card\" content=\"summary_large_image\" \/>\n<meta name=\"twitter:label1\" content=\"Tempo estimado de leitura\" \/>\n\t<meta name=\"twitter:data1\" content=\"9 minutos\" \/>\n<script type=\"application\/ld+json\" class=\"yoast-schema-graph\">{\"@context\":\"https:\\\/\\\/schema.org\",\"@graph\":[{\"@type\":\"WebPage\",\"@id\":\"https:\\\/\\\/www.soaptec.biz\\\/linea-di-finitura\\\/raffinatrici\\\/\",\"url\":\"https:\\\/\\\/www.soaptec.biz\\\/linea-di-finitura\\\/raffinatrici\\\/\",\"name\":\"Refinadores para linhas de acabamento de sab\u00e3o s\u00f3lido | Soaptec\",\"isPartOf\":{\"@id\":\"https:\\\/\\\/www.soaptec.biz\\\/#website\"},\"datePublished\":\"2025-04-01T12:10:08+00:00\",\"dateModified\":\"2025-04-01T12:22:40+00:00\",\"description\":\"Soaptec \u00e9 um fabricante de refinadores para linhas de acabamento de sab\u00e3o s\u00f3lido. Soaptec patenteou o sistema de folhas de refina\u00e7\u00e3o.\",\"breadcrumb\":{\"@id\":\"https:\\\/\\\/www.soaptec.biz\\\/linea-di-finitura\\\/raffinatrici\\\/#breadcrumb\"},\"inLanguage\":\"pt-PT\",\"potentialAction\":[{\"@type\":\"ReadAction\",\"target\":[\"https:\\\/\\\/www.soaptec.biz\\\/linea-di-finitura\\\/raffinatrici\\\/\"]}]},{\"@type\":\"BreadcrumbList\",\"@id\":\"https:\\\/\\\/www.soaptec.biz\\\/linea-di-finitura\\\/raffinatrici\\\/#breadcrumb\",\"itemListElement\":[{\"@type\":\"ListItem\",\"position\":1,\"name\":\"Home\",\"item\":\"https:\\\/\\\/www.soaptec.biz\\\/\"},{\"@type\":\"ListItem\",\"position\":2,\"name\":\"Linha de acabamento\",\"item\":\"https:\\\/\\\/www.soaptec.biz\\\/linea-di-finitura\\\/\"},{\"@type\":\"ListItem\",\"position\":3,\"name\":\"RAFFINERS\"}]},{\"@type\":\"WebSite\",\"@id\":\"https:\\\/\\\/www.soaptec.biz\\\/#website\",\"url\":\"https:\\\/\\\/www.soaptec.biz\\\/\",\"name\":\"Soaptec\",\"description\":\"\",\"potentialAction\":[{\"@type\":\"SearchAction\",\"target\":{\"@type\":\"EntryPoint\",\"urlTemplate\":\"https:\\\/\\\/www.soaptec.biz\\\/?s={search_term_string}\"},\"query-input\":{\"@type\":\"PropertyValueSpecification\",\"valueRequired\":true,\"valueName\":\"search_term_string\"}}],\"inLanguage\":\"pt-PT\"}]}<\/script>\n<!-- \/ Yoast SEO plugin. -->","yoast_head_json":{"title":"Refinadores para linhas de acabamento de sab\u00e3o s\u00f3lido | Soaptec","description":"Soaptec \u00e9 um fabricante de refinadores para linhas de acabamento de sab\u00e3o s\u00f3lido. Soaptec patenteou o sistema de folhas de refina\u00e7\u00e3o.","robots":{"index":"index","follow":"follow","max-snippet":"max-snippet:-1","max-image-preview":"max-image-preview:large","max-video-preview":"max-video-preview:-1"},"canonical":"https:\/\/www.soaptec.biz\/linea-di-finitura\/raffinatrici\/","og_locale":"pt_PT","og_type":"article","og_title":"Refinadores para linhas de acabamento de sab\u00e3o s\u00f3lido | Soaptec","og_description":"Soaptec \u00e9 um fabricante de refinadores para linhas de acabamento de sab\u00e3o s\u00f3lido. Soaptec patenteou o sistema de folhas de refina\u00e7\u00e3o.","og_url":"https:\/\/www.soaptec.biz\/linea-di-finitura\/raffinatrici\/","og_site_name":"Soaptec","article_modified_time":"2025-04-01T12:22:40+00:00","twitter_card":"summary_large_image","twitter_misc":{"Tempo estimado de leitura":"9 minutos"},"schema":{"@context":"https:\/\/schema.org","@graph":[{"@type":"WebPage","@id":"https:\/\/www.soaptec.biz\/linea-di-finitura\/raffinatrici\/","url":"https:\/\/www.soaptec.biz\/linea-di-finitura\/raffinatrici\/","name":"Refinadores para linhas de acabamento de sab\u00e3o s\u00f3lido | Soaptec","isPartOf":{"@id":"https:\/\/www.soaptec.biz\/#website"},"datePublished":"2025-04-01T12:10:08+00:00","dateModified":"2025-04-01T12:22:40+00:00","description":"Soaptec \u00e9 um fabricante de refinadores para linhas de acabamento de sab\u00e3o s\u00f3lido. Soaptec patenteou o sistema de folhas de refina\u00e7\u00e3o.","breadcrumb":{"@id":"https:\/\/www.soaptec.biz\/linea-di-finitura\/raffinatrici\/#breadcrumb"},"inLanguage":"pt-PT","potentialAction":[{"@type":"ReadAction","target":["https:\/\/www.soaptec.biz\/linea-di-finitura\/raffinatrici\/"]}]},{"@type":"BreadcrumbList","@id":"https:\/\/www.soaptec.biz\/linea-di-finitura\/raffinatrici\/#breadcrumb","itemListElement":[{"@type":"ListItem","position":1,"name":"Home","item":"https:\/\/www.soaptec.biz\/"},{"@type":"ListItem","position":2,"name":"Linha de acabamento","item":"https:\/\/www.soaptec.biz\/linea-di-finitura\/"},{"@type":"ListItem","position":3,"name":"RAFFINERS"}]},{"@type":"WebSite","@id":"https:\/\/www.soaptec.biz\/#website","url":"https:\/\/www.soaptec.biz\/","name":"Soaptec","description":"","potentialAction":[{"@type":"SearchAction","target":{"@type":"EntryPoint","urlTemplate":"https:\/\/www.soaptec.biz\/?s={search_term_string}"},"query-input":{"@type":"PropertyValueSpecification","valueRequired":true,"valueName":"search_term_string"}}],"inLanguage":"pt-PT"}]}},"_links":{"self":[{"href":"https:\/\/www.soaptec.biz\/pt-pt\/wp-json\/wp\/v2\/pages\/271248","targetHints":{"allow":["GET"]}}],"collection":[{"href":"https:\/\/www.soaptec.biz\/pt-pt\/wp-json\/wp\/v2\/pages"}],"about":[{"href":"https:\/\/www.soaptec.biz\/pt-pt\/wp-json\/wp\/v2\/types\/page"}],"author":[{"embeddable":true,"href":"https:\/\/www.soaptec.biz\/pt-pt\/wp-json\/wp\/v2\/users\/1"}],"replies":[{"embeddable":true,"href":"https:\/\/www.soaptec.biz\/pt-pt\/wp-json\/wp\/v2\/comments?post=271248"}],"version-history":[{"count":1,"href":"https:\/\/www.soaptec.biz\/pt-pt\/wp-json\/wp\/v2\/pages\/271248\/revisions"}],"predecessor-version":[{"id":271310,"href":"https:\/\/www.soaptec.biz\/pt-pt\/wp-json\/wp\/v2\/pages\/271248\/revisions\/271310"}],"up":[{"embeddable":true,"href":"https:\/\/www.soaptec.biz\/pt-pt\/wp-json\/wp\/v2\/pages\/271233"}],"wp:attachment":[{"href":"https:\/\/www.soaptec.biz\/pt-pt\/wp-json\/wp\/v2\/media?parent=271248"}],"curies":[{"name":"wp","href":"https:\/\/api.w.org\/{rel}","templated":true}]}}