{"id":271236,"date":"2025-04-01T14:05:13","date_gmt":"2025-04-01T12:05:13","guid":{"rendered":"https:\/\/www.soaptec.biz\/linha-de-acabamento\/incaratores\/"},"modified":"2025-04-01T14:21:04","modified_gmt":"2025-04-01T12:21:04","slug":"incaratores","status":"publish","type":"page","link":"https:\/\/www.soaptec.biz\/pt-pt\/linha-de-acabamento\/incaratores\/","title":{"rendered":"INCARATORES"},"content":{"rendered":"<p>[et_pb_section fb_built=&#8221;1&#8243; custom_padding_last_edited=&#8221;on|phone&#8221; admin_label=&#8221;Boxy Header Module &#8211; Image 1920 x 1117 pixels&#8221; module_class=&#8221;header_8_f falkor&#8221; _builder_version=&#8221;4.16&#8243; background_color=&#8221;rgba(255,255,255,0)&#8221; background_image=&#8221;https:\/\/www.soaptec.biz\/wp-content\/uploads\/2021\/02\/flow-pack-1.png&#8221; background_enable_video_mp4=&#8221;off&#8221; background_video_width=&#8221;2000px&#8221; custom_padding=&#8221;14vw||14vw||true|&#8221; custom_padding_tablet=&#8221;100px||100px|&#8221; custom_padding_phone=&#8221;80px||80px|&#8221; custom_css_before=&#8221;  content: %22%22;|| display: block;|| position: absolute;|| top: 0;|| left: 0;|| width: 100%;|| height: 100%;|| background: #000000;|| opacity: 0.2;&#8221; custom_css_after=&#8221;content: %22%22;|| display: block;|| position: absolute;|| top: 0;|| left: 0;|| width: 100%;|| height: 100%;|| background: #000000;|| opacity: 0.2;&#8221; collapsed=&#8221;off&#8221; global_colors_info=&#8221;{}&#8221;][et_pb_row custom_padding_last_edited=&#8221;on|tablet&#8221; admin_label=&#8221;Boxy Header Module&#8221; module_class=&#8221;lines_ba et_pb_row_fullwidth&#8221; _builder_version=&#8221;4.16&#8243; background_size=&#8221;initial&#8221; background_position=&#8221;top_left&#8221; background_repeat=&#8221;repeat&#8221; width=&#8221;89%&#8221; width_tablet=&#8221;80%&#8221; width_phone=&#8221;&#8221; width_last_edited=&#8221;on|desktop&#8221; max_width=&#8221;89%&#8221; max_width_tablet=&#8221;80%&#8221; max_width_phone=&#8221;&#8221; max_width_last_edited=&#8221;on|desktop&#8221; custom_padding=&#8221;20px|0px|20px|0px&#8221; custom_padding_tablet=&#8221;0px|0px|0px|0px&#8221; custom_padding_phone=&#8221;&#8221; make_fullwidth=&#8221;on&#8221; global_colors_info=&#8221;{}&#8221;][et_pb_column type=&#8221;4_4&#8243; _builder_version=&#8221;4.16&#8243; background_position=&#8221;top_left&#8221; custom_padding=&#8221;|||&#8221; global_colors_info=&#8221;{}&#8221; custom_padding__hover=&#8221;|||&#8221;][et_pb_cta title=&#8221;INCARATORES&#8221; admin_label=&#8221;Make It Awesome&#8221; _builder_version=&#8221;4.16&#8243; header_font=&#8221;Teko|500||on|||||&#8221; header_text_color=&#8221;#ffffff&#8221; header_font_size=&#8221;77px&#8221; header_line_height=&#8221;1.7em&#8221; body_font=&#8221;Teko||||||||&#8221; body_text_color=&#8221;#ffffff&#8221; body_font_size=&#8221;60px&#8221; body_line_height=&#8221;170%&#8221; use_background_color=&#8221;off&#8221; custom_button=&#8221;on&#8221; button_text_size=&#8221;16px&#8221; button_text_color=&#8221;#ffffff&#8221; button_bg_color=&#8221;rgba(0,0,0,0)&#8221; button_border_color=&#8221;#ffffff&#8221; button_border_radius=&#8221;0px&#8221; button_font=&#8221;Montserrat|on||on|&#8221; button_use_icon=&#8221;off&#8221; header_font_size_tablet=&#8221;50&#8243; header_font_size_phone=&#8221;36&#8243; header_font_size_last_edited=&#8221;on|phone&#8221; custom_css_promo_title=&#8221;line-height: 110% !important;|| position: relative;||padding: 32px 20px;|| display: block;||margin-bottom: 24px;&#8221; button_border_radius_hover=&#8221;0px&#8221; button_bg_color_hover=&#8221;rgba(0,0,0,0.3)&#8221; global_colors_info=&#8221;{}&#8221; button_text_size__hover_enabled=&#8221;off&#8221; button_one_text_size__hover_enabled=&#8221;off&#8221; button_two_text_size__hover_enabled=&#8221;off&#8221; button_text_color__hover_enabled=&#8221;off&#8221; button_one_text_color__hover_enabled=&#8221;off&#8221; button_two_text_color__hover_enabled=&#8221;off&#8221; button_border_width__hover_enabled=&#8221;off&#8221; button_one_border_width__hover_enabled=&#8221;off&#8221; button_two_border_width__hover_enabled=&#8221;off&#8221; button_border_color__hover_enabled=&#8221;off&#8221; button_one_border_color__hover_enabled=&#8221;off&#8221; button_two_border_color__hover_enabled=&#8221;off&#8221; button_border_radius__hover_enabled=&#8221;on&#8221; button_border_radius__hover=&#8221;0px&#8221; button_one_border_radius__hover_enabled=&#8221;off&#8221; button_two_border_radius__hover_enabled=&#8221;off&#8221; button_letter_spacing__hover_enabled=&#8221;off&#8221; button_one_letter_spacing__hover_enabled=&#8221;off&#8221; button_two_letter_spacing__hover_enabled=&#8221;off&#8221; button_bg_color__hover_enabled=&#8221;on&#8221; button_bg_color__hover=&#8221;rgba(0,0,0,0.3)&#8221; button_one_bg_color__hover_enabled=&#8221;off&#8221; button_two_bg_color__hover_enabled=&#8221;off&#8221;][\/et_pb_cta][\/et_pb_column][\/et_pb_row][\/et_pb_section][et_pb_section fb_built=&#8221;1&#8243; _builder_version=&#8221;4.16&#8243; _module_preset=&#8221;default&#8221; background_color=&#8221;#e2e2e2&#8243; custom_padding=&#8221;0px||15px|||&#8221; global_colors_info=&#8221;{}&#8221;][et_pb_row column_structure=&#8221;2_3,1_3&#8243; _builder_version=&#8221;4.16&#8243; _module_preset=&#8221;default&#8221; max_width=&#8221;1389px&#8221; custom_padding=&#8221;||0px|||&#8221; global_colors_info=&#8221;{}&#8221;][et_pb_column type=&#8221;2_3&#8243; _builder_version=&#8221;4.16&#8243; _module_preset=&#8221;default&#8221; global_colors_info=&#8221;{}&#8221;][et_pb_text _builder_version=&#8221;4.22.0&#8243; _module_preset=&#8221;default&#8221; text_font=&#8221;Teko|300||on|||||&#8221; text_text_color=&#8221;#1E2D3C&#8221; text_font_size=&#8221;44px&#8221; global_colors_info=&#8221;{}&#8221;]<\/p>\n<p>Fabricante de plantas de sab\u00e3o<\/p>\n<p>[\/et_pb_text][\/et_pb_column][et_pb_column type=&#8221;1_3&#8243; _builder_version=&#8221;4.16&#8243; _module_preset=&#8221;default&#8221; global_colors_info=&#8221;{}&#8221;][et_pb_button button_url=&#8221;https:\/\/www.soaptec.biz\/pt-pt\/contacto\/&#8221; button_text=&#8221;contacto&#8221; button_alignment=&#8221;right&#8221; button_alignment_tablet=&#8221;&#8221; button_alignment_phone=&#8221;left&#8221; button_alignment_last_edited=&#8221;on|phone&#8221; admin_label=&#8221;The Loser Button &#8211; Freddie&#8221; module_class=&#8221;freddie_button_the_loser&#8221; _builder_version=&#8221;4.27.4&#8243; custom_button=&#8221;on&#8221; button_text_size=&#8221;26px&#8221; button_text_color=&#8221;#1E2D3C&#8221; button_bg_color=&#8221;rgba(0,0,0,0)&#8221; button_border_width=&#8221;2px&#8221; button_border_color=&#8221;#000000&#8243; button_border_radius=&#8221;0px&#8221; button_font=&#8221;Teko|||on|||||&#8221; button_icon_placement=&#8221;left&#8221; button_on_hover=&#8221;off&#8221; custom_margin=&#8221;-17px||0px|||&#8221; custom_padding=&#8221;0px|26px|0px|26px|true|false&#8221; hover_enabled=&#8221;0&#8243; z_index_tablet=&#8221;500&#8243; custom_css_before=&#8221;content: %22%22 !important;||display: block !important;||position: absolute;||    z-index: -1;||    top: 0;||    left: 0;||    width: 0;||    height: 100%;||    background: #1E2D3C;||    transition: width .4s cubic-bezier(1,0,0,1);||    margin-left: 0 !important;&#8221; custom_css_main_element=&#8221;     letter-spacing: 0.3px;&#8221; locked=&#8221;off&#8221; global_colors_info=&#8221;{}&#8221; button_text_color__hover_enabled=&#8221;on&#8221; button_text_color__hover=&#8221;#ffffff&#8221; sticky_enabled=&#8221;0&#8243;][\/et_pb_button][\/et_pb_column][\/et_pb_row][\/et_pb_section][et_pb_section fb_built=&#8221;1&#8243; _builder_version=&#8221;4.16&#8243; _module_preset=&#8221;default&#8221; custom_padding=&#8221;27px||35px|||&#8221; global_colors_info=&#8221;{}&#8221;][et_pb_row _builder_version=&#8221;4.16&#8243; _module_preset=&#8221;default&#8221; width=&#8221;90%&#8221; max_width=&#8221;1340px&#8221; custom_padding=&#8221;17px|||||&#8221; global_colors_info=&#8221;{}&#8221;][et_pb_column type=&#8221;4_4&#8243; _builder_version=&#8221;4.16&#8243; _module_preset=&#8221;default&#8221; global_colors_info=&#8221;{}&#8221;][et_pb_text _builder_version=&#8221;4.16&#8243; _module_preset=&#8221;default&#8221; text_font=&#8221;Teko|300|||||||&#8221; text_font_size=&#8221;47px&#8221; header_font=&#8221;Teko|300|||||||&#8221; header_text_color=&#8221;#1E2D3C&#8221; header_font_size=&#8221;47px&#8221; animation_style=&#8221;zoom&#8221; global_colors_info=&#8221;{}&#8221;]<\/p>\n<p class=\"p1\" style=\"text-align: center;\"><span style=\"color: #e02b20;\">&#8212; M\u00c1QUINAS DE EMBALAR &#8212;<\/span><\/p>\n<h1 class=\"p1\" style=\"text-align: center;\"><strong>  M\u00e1quinas de embalar para linhas de acabamento de sab\u00e3o s\u00f3lido<br \/><\/strong><\/h1>\n<p>&nbsp;<\/p>\n<p>[\/et_pb_text][\/et_pb_column][\/et_pb_row][et_pb_row column_structure=&#8221;1_2,1_2&#8243; _builder_version=&#8221;4.16&#8243; _module_preset=&#8221;default&#8221; width=&#8221;86%&#8221; max_width=&#8221;1256px&#8221; custom_padding=&#8221;3px|||||&#8221; global_colors_info=&#8221;{}&#8221;][et_pb_column type=&#8221;1_2&#8243; _builder_version=&#8221;4.16&#8243; _module_preset=&#8221;default&#8221; global_colors_info=&#8221;{}&#8221;][et_pb_text _builder_version=&#8221;4.22.0&#8243; _module_preset=&#8221;default&#8221; text_font=&#8221;Montserrat||||||||&#8221; text_orientation=&#8221;justified&#8221; animation_style=&#8221;zoom&#8221; global_colors_info=&#8221;{}&#8221;]<\/p>\n<p>A fase final da transforma\u00e7\u00e3o do sab\u00e3o semi-acabado \u00e9 a embalagem do produto. Soaptec concebeu uma m\u00e1quina que permite embalar o sab\u00e3o de forma impec\u00e1vel: a Flow Pack FP-150.   <span style=\"font-size: 14px;\">Este tipo de m\u00e1quina \u00e9 uma m\u00e1quina de embalar horizontal que pode ser utilizada para embalar sab\u00e3o de qualquer tamanho e peso. Utiliza pel\u00edculas de selagem a quente para embalar. <\/span><\/p>\n<p>[\/et_pb_text][\/et_pb_column][et_pb_column type=&#8221;1_2&#8243; _builder_version=&#8221;4.16&#8243; _module_preset=&#8221;default&#8221; global_colors_info=&#8221;{}&#8221;][et_pb_text _builder_version=&#8221;4.16&#8243; _module_preset=&#8221;default&#8221; text_font=&#8221;Montserrat||||||||&#8221; text_orientation=&#8221;justified&#8221; animation_style=&#8221;zoom&#8221; global_colors_info=&#8221;{}&#8221;]<\/p>\n<p>A FP-150 Flow Pack de Soaptec \u00e9 uma m\u00e1quina de controlo autom\u00e1tico, em que todos os movimentos mec\u00e2nicos s\u00e3o acionados por motores sem escovas (eixos el\u00e9ctricos). Esta m\u00e1quina potente permite um trabalho r\u00e1pido e eficiente: a embaladora pode embalar 300 barras de sab\u00e3o por minuto.<\/p>\n<p>Por outro lado, quando alimentado manualmente, a capacidade de produ\u00e7\u00e3o \u00e9 de cerca de cem pe\u00e7as por minuto.<\/p>\n<p>[\/et_pb_text][\/et_pb_column][\/et_pb_row][\/et_pb_section][et_pb_section fb_built=&#8221;1&#8243; specialty=&#8221;on&#8221; _builder_version=&#8221;4.16&#8243; _module_preset=&#8221;default&#8221; background_color=&#8221;#efefef&#8221; inner_max_width=&#8221;1300px&#8221; custom_padding=&#8221;0px|||||&#8221; global_colors_info=&#8221;{}&#8221;][et_pb_column type=&#8221;1_2&#8243; _builder_version=&#8221;4.16&#8243; custom_padding=&#8221;|||&#8221; global_colors_info=&#8221;{}&#8221; custom_padding__hover=&#8221;|||&#8221;][et_pb_image src=&#8221;https:\/\/www.soaptec.biz\/wp-content\/uploads\/2021\/02\/incartatrice.png&#8221; title_text=&#8221;incartatrice&#8221; _builder_version=&#8221;4.16&#8243; _module_preset=&#8221;default&#8221; custom_padding=&#8221;26px|||||&#8221; animation_style=&#8221;zoom&#8221; global_colors_info=&#8221;{}&#8221;][\/et_pb_image][\/et_pb_column][et_pb_column type=&#8221;1_2&#8243; specialty_columns=&#8221;2&#8243; _builder_version=&#8221;4.16&#8243; custom_padding=&#8221;|||&#8221; global_colors_info=&#8221;{}&#8221; custom_padding__hover=&#8221;|||&#8221;][et_pb_row_inner _builder_version=&#8221;4.16&#8243; _module_preset=&#8221;default&#8221; custom_padding=&#8221;||19px|||&#8221; global_colors_info=&#8221;{}&#8221;][et_pb_column_inner saved_specialty_column_type=&#8221;1_2&#8243; _builder_version=&#8221;4.16&#8243; _module_preset=&#8221;default&#8221; global_colors_info=&#8221;{}&#8221;][et_pb_text _builder_version=&#8221;4.16&#8243; _module_preset=&#8221;default&#8221; header_font=&#8221;Teko|300|||||||&#8221; header_text_color=&#8221;#1E2D3C&#8221; header_font_size=&#8221;47px&#8221; header_2_font=&#8221;Teko|300|||||||&#8221; header_2_font_size=&#8221;47px&#8221; animation_style=&#8221;slide&#8221; animation_direction=&#8221;right&#8221; global_colors_info=&#8221;{}&#8221;]<\/p>\n<h2 class=\"p1\" style=\"text-align: left;\"><span style=\"color: #e02b20;\">M\u00c1QUINA DE EMBALAR &#8212;<\/span><\/h2>\n<h2 class=\"p1\" style=\"text-align: left;\"><strong>Pacote de fluxo<\/strong><\/h2>\n<p>&nbsp;<\/p>\n<p>[\/et_pb_text][et_pb_text _builder_version=&#8221;4.16&#8243; _module_preset=&#8221;default&#8221; text_font=&#8221;Montserrat||||||||&#8221; text_orientation=&#8221;justified&#8221; custom_margin=&#8221;-37px||27px|||&#8221; animation_style=&#8221;slide&#8221; animation_direction=&#8221;right&#8221; global_colors_info=&#8221;{}&#8221;]<\/p>\n<p>A tens\u00e3o da pel\u00edcula de embrulho \u00e9 program\u00e1vel e a m\u00e1quina \u00e9 fornecida pronta para a liga\u00e7\u00e3o de uma impressora a tinta ou a laser e de uma fotoc\u00e9lula de centragem.<\/p>\n<p>A soldadura longitudinal \u00e9 efectuada por 3 pares de rolos: par quente, par frio e par dobrador frio. Os rolos quentes abrem-se automaticamente quando a m\u00e1quina p\u00e1ra. <\/p>\n<p>A press\u00e3o dos rolos \u00e9 regul\u00e1vel. Al\u00e9m disso, abrem-se pneumaticamente e podem ser inclinados. <\/p>\n<p>A selagem transversal, por outro lado, \u00e9 efectuada por meio de um movimento rotativo, com um par de resist\u00eancias de selagem, e o corte da embalagem \u00e9 feito com uma l\u00e2mina ajust\u00e1vel.<\/p>\n<p>Todas as partes molhadas s\u00e3o feitas de a\u00e7o inoxid\u00e1vel, enquanto a estrutura de suporte \u00e9 feita de a\u00e7o carbono.<\/p>\n<p>A fim de garantir os mais elevados n\u00edveis de seguran\u00e7a, a m\u00e1quina n\u00e3o s\u00f3 \u00e9 fabricada com materiais de primeira qualidade, como tamb\u00e9m \u00e9 constru\u00edda de acordo com as normas internacionais e em total conformidade com os regulamentos.<\/p>\n<p>A m\u00e1quina foi concebida para permitir a realiza\u00e7\u00e3o de opera\u00e7\u00f5es de manuten\u00e7\u00e3o e limpeza de forma r\u00e1pida e segura. O eixo superior \u00e9 controlado por uma mola dupla. As temperaturas s\u00e3o reguladas atrav\u00e9s de um painel de controlo e reguladas por PIDs.  <\/p>\n<p>A equipa de Soaptec est\u00e1 dispon\u00edvel para consultas espec\u00edficas, a fim de recomendar as melhores solu\u00e7\u00f5es poss\u00edveis para cada empresa, dependendo da capacidade de produ\u00e7\u00e3o da f\u00e1brica, tamanho e or\u00e7amento dispon\u00edvel. Todas as m\u00e1quinas de embalar s\u00e3o o resultado da colabora\u00e7\u00e3o de engenheiros, t\u00e9cnicos e trabalhadores qualificados e s\u00e3o fabricadas internamente. Os mesmos profissionais que criam os produtos tamb\u00e9m se encarregam da instala\u00e7\u00e3o e do arranque destas m\u00e1quinas e das linhas completas de acabamento.  <\/p>\n<p>[\/et_pb_text][\/et_pb_column_inner][\/et_pb_row_inner][\/et_pb_column][\/et_pb_section]<\/p>\n","protected":false},"excerpt":{"rendered":"<p>Fabricante de plantas de sab\u00e3o&#8212; M\u00c1QUINAS DE EMBALAR &#8212; M\u00e1quinas de embalar para linhas de acabamento de sab\u00e3o s\u00f3lido &nbsp;A fase final da transforma\u00e7\u00e3o do sab\u00e3o semi-acabado \u00e9 a embalagem do produto. Soaptec concebeu uma m\u00e1quina que permite embalar o sab\u00e3o de forma impec\u00e1vel: a Flow Pack FP-150. Este tipo de m\u00e1quina \u00e9 uma m\u00e1quina [&hellip;]<\/p>\n","protected":false},"author":1,"featured_media":0,"parent":271233,"menu_order":0,"comment_status":"closed","ping_status":"closed","template":"","meta":{"_et_pb_use_builder":"on","_et_pb_old_content":"","_et_gb_content_width":"","footnotes":""},"class_list":["post-271236","page","type-page","status-publish","hentry"],"yoast_head":"<!-- This site is optimized with the Yoast SEO plugin v27.4 - https:\/\/yoast.com\/product\/yoast-seo-wordpress\/ -->\n<title>M\u00e1quinas de embalagem para linhas de acabamento de sab\u00e3o s\u00f3lido | Soaptec<\/title>\n<meta name=\"description\" content=\"Soaptec \u00e9 um fabricante de m\u00e1quinas de embalar para linhas de acabamento de sab\u00e3o s\u00f3lido. N\u00f3s criamos sistemas e componentes para projetos de todos os tipos.\" \/>\n<meta name=\"robots\" content=\"index, follow, max-snippet:-1, max-image-preview:large, max-video-preview:-1\" \/>\n<link rel=\"canonical\" href=\"https:\/\/www.soaptec.biz\/linea-di-finitura\/incartatrici\/\" \/>\n<meta property=\"og:locale\" content=\"pt_PT\" \/>\n<meta property=\"og:type\" content=\"article\" \/>\n<meta property=\"og:title\" content=\"M\u00e1quinas de embalagem para linhas de acabamento de sab\u00e3o s\u00f3lido | Soaptec\" \/>\n<meta property=\"og:description\" content=\"Soaptec \u00e9 um fabricante de m\u00e1quinas de embalar para linhas de acabamento de sab\u00e3o s\u00f3lido. N\u00f3s criamos sistemas e componentes para projetos de todos os tipos.\" \/>\n<meta property=\"og:url\" content=\"https:\/\/www.soaptec.biz\/linea-di-finitura\/incartatrici\/\" \/>\n<meta property=\"og:site_name\" content=\"Soaptec\" \/>\n<meta property=\"article:modified_time\" content=\"2025-04-01T12:21:04+00:00\" \/>\n<meta name=\"twitter:card\" content=\"summary_large_image\" \/>\n<meta name=\"twitter:label1\" content=\"Tempo estimado de leitura\" \/>\n\t<meta name=\"twitter:data1\" content=\"8 minutos\" \/>\n<script type=\"application\/ld+json\" class=\"yoast-schema-graph\">{\"@context\":\"https:\\\/\\\/schema.org\",\"@graph\":[{\"@type\":\"WebPage\",\"@id\":\"https:\\\/\\\/www.soaptec.biz\\\/linea-di-finitura\\\/incartatrici\\\/\",\"url\":\"https:\\\/\\\/www.soaptec.biz\\\/linea-di-finitura\\\/incartatrici\\\/\",\"name\":\"M\u00e1quinas de embalagem para linhas de acabamento de sab\u00e3o s\u00f3lido | Soaptec\",\"isPartOf\":{\"@id\":\"https:\\\/\\\/www.soaptec.biz\\\/#website\"},\"datePublished\":\"2025-04-01T12:05:13+00:00\",\"dateModified\":\"2025-04-01T12:21:04+00:00\",\"description\":\"Soaptec \u00e9 um fabricante de m\u00e1quinas de embalar para linhas de acabamento de sab\u00e3o s\u00f3lido. N\u00f3s criamos sistemas e componentes para projetos de todos os tipos.\",\"breadcrumb\":{\"@id\":\"https:\\\/\\\/www.soaptec.biz\\\/linea-di-finitura\\\/incartatrici\\\/#breadcrumb\"},\"inLanguage\":\"pt-PT\",\"potentialAction\":[{\"@type\":\"ReadAction\",\"target\":[\"https:\\\/\\\/www.soaptec.biz\\\/linea-di-finitura\\\/incartatrici\\\/\"]}]},{\"@type\":\"BreadcrumbList\",\"@id\":\"https:\\\/\\\/www.soaptec.biz\\\/linea-di-finitura\\\/incartatrici\\\/#breadcrumb\",\"itemListElement\":[{\"@type\":\"ListItem\",\"position\":1,\"name\":\"Home\",\"item\":\"https:\\\/\\\/www.soaptec.biz\\\/\"},{\"@type\":\"ListItem\",\"position\":2,\"name\":\"Linha de acabamento\",\"item\":\"https:\\\/\\\/www.soaptec.biz\\\/linea-di-finitura\\\/\"},{\"@type\":\"ListItem\",\"position\":3,\"name\":\"INCARATORES\"}]},{\"@type\":\"WebSite\",\"@id\":\"https:\\\/\\\/www.soaptec.biz\\\/#website\",\"url\":\"https:\\\/\\\/www.soaptec.biz\\\/\",\"name\":\"Soaptec\",\"description\":\"\",\"potentialAction\":[{\"@type\":\"SearchAction\",\"target\":{\"@type\":\"EntryPoint\",\"urlTemplate\":\"https:\\\/\\\/www.soaptec.biz\\\/?s={search_term_string}\"},\"query-input\":{\"@type\":\"PropertyValueSpecification\",\"valueRequired\":true,\"valueName\":\"search_term_string\"}}],\"inLanguage\":\"pt-PT\"}]}<\/script>\n<!-- \/ Yoast SEO plugin. -->","yoast_head_json":{"title":"M\u00e1quinas de embalagem para linhas de acabamento de sab\u00e3o s\u00f3lido | Soaptec","description":"Soaptec \u00e9 um fabricante de m\u00e1quinas de embalar para linhas de acabamento de sab\u00e3o s\u00f3lido. N\u00f3s criamos sistemas e componentes para projetos de todos os tipos.","robots":{"index":"index","follow":"follow","max-snippet":"max-snippet:-1","max-image-preview":"max-image-preview:large","max-video-preview":"max-video-preview:-1"},"canonical":"https:\/\/www.soaptec.biz\/linea-di-finitura\/incartatrici\/","og_locale":"pt_PT","og_type":"article","og_title":"M\u00e1quinas de embalagem para linhas de acabamento de sab\u00e3o s\u00f3lido | Soaptec","og_description":"Soaptec \u00e9 um fabricante de m\u00e1quinas de embalar para linhas de acabamento de sab\u00e3o s\u00f3lido. N\u00f3s criamos sistemas e componentes para projetos de todos os tipos.","og_url":"https:\/\/www.soaptec.biz\/linea-di-finitura\/incartatrici\/","og_site_name":"Soaptec","article_modified_time":"2025-04-01T12:21:04+00:00","twitter_card":"summary_large_image","twitter_misc":{"Tempo estimado de leitura":"8 minutos"},"schema":{"@context":"https:\/\/schema.org","@graph":[{"@type":"WebPage","@id":"https:\/\/www.soaptec.biz\/linea-di-finitura\/incartatrici\/","url":"https:\/\/www.soaptec.biz\/linea-di-finitura\/incartatrici\/","name":"M\u00e1quinas de embalagem para linhas de acabamento de sab\u00e3o s\u00f3lido | Soaptec","isPartOf":{"@id":"https:\/\/www.soaptec.biz\/#website"},"datePublished":"2025-04-01T12:05:13+00:00","dateModified":"2025-04-01T12:21:04+00:00","description":"Soaptec \u00e9 um fabricante de m\u00e1quinas de embalar para linhas de acabamento de sab\u00e3o s\u00f3lido. N\u00f3s criamos sistemas e componentes para projetos de todos os tipos.","breadcrumb":{"@id":"https:\/\/www.soaptec.biz\/linea-di-finitura\/incartatrici\/#breadcrumb"},"inLanguage":"pt-PT","potentialAction":[{"@type":"ReadAction","target":["https:\/\/www.soaptec.biz\/linea-di-finitura\/incartatrici\/"]}]},{"@type":"BreadcrumbList","@id":"https:\/\/www.soaptec.biz\/linea-di-finitura\/incartatrici\/#breadcrumb","itemListElement":[{"@type":"ListItem","position":1,"name":"Home","item":"https:\/\/www.soaptec.biz\/"},{"@type":"ListItem","position":2,"name":"Linha de acabamento","item":"https:\/\/www.soaptec.biz\/linea-di-finitura\/"},{"@type":"ListItem","position":3,"name":"INCARATORES"}]},{"@type":"WebSite","@id":"https:\/\/www.soaptec.biz\/#website","url":"https:\/\/www.soaptec.biz\/","name":"Soaptec","description":"","potentialAction":[{"@type":"SearchAction","target":{"@type":"EntryPoint","urlTemplate":"https:\/\/www.soaptec.biz\/?s={search_term_string}"},"query-input":{"@type":"PropertyValueSpecification","valueRequired":true,"valueName":"search_term_string"}}],"inLanguage":"pt-PT"}]}},"_links":{"self":[{"href":"https:\/\/www.soaptec.biz\/pt-pt\/wp-json\/wp\/v2\/pages\/271236","targetHints":{"allow":["GET"]}}],"collection":[{"href":"https:\/\/www.soaptec.biz\/pt-pt\/wp-json\/wp\/v2\/pages"}],"about":[{"href":"https:\/\/www.soaptec.biz\/pt-pt\/wp-json\/wp\/v2\/types\/page"}],"author":[{"embeddable":true,"href":"https:\/\/www.soaptec.biz\/pt-pt\/wp-json\/wp\/v2\/users\/1"}],"replies":[{"embeddable":true,"href":"https:\/\/www.soaptec.biz\/pt-pt\/wp-json\/wp\/v2\/comments?post=271236"}],"version-history":[{"count":1,"href":"https:\/\/www.soaptec.biz\/pt-pt\/wp-json\/wp\/v2\/pages\/271236\/revisions"}],"predecessor-version":[{"id":271294,"href":"https:\/\/www.soaptec.biz\/pt-pt\/wp-json\/wp\/v2\/pages\/271236\/revisions\/271294"}],"up":[{"embeddable":true,"href":"https:\/\/www.soaptec.biz\/pt-pt\/wp-json\/wp\/v2\/pages\/271233"}],"wp:attachment":[{"href":"https:\/\/www.soaptec.biz\/pt-pt\/wp-json\/wp\/v2\/media?parent=271236"}],"curies":[{"name":"wp","href":"https:\/\/api.w.org\/{rel}","templated":true}]}}