{"id":271235,"date":"2025-04-01T14:04:23","date_gmt":"2025-04-01T12:04:23","guid":{"rendered":"https:\/\/www.soaptec.biz\/linha-de-acabamento\/vacuo-duplex\/"},"modified":"2025-04-01T14:23:13","modified_gmt":"2025-04-01T12:23:13","slug":"vacuo-duplex","status":"publish","type":"page","link":"https:\/\/www.soaptec.biz\/pt-pt\/linha-de-acabamento\/vacuo-duplex\/","title":{"rendered":"V\u00c1CUO DUPLEX"},"content":{"rendered":"<p>[et_pb_section fb_built=&#8221;1&#8243; custom_padding_last_edited=&#8221;on|phone&#8221; admin_label=&#8221;Boxy Header Module &#8211; Image 1920 x 1117 pixels&#8221; module_class=&#8221;header_8_f falkor&#8221; _builder_version=&#8221;4.16&#8243; background_color=&#8221;rgba(255,255,255,0)&#8221; background_image=&#8221;https:\/\/www.soaptec.biz\/wp-content\/uploads\/2021\/02\/IMG_1437-scaled.jpg&#8221; background_enable_video_mp4=&#8221;off&#8221; background_video_width=&#8221;2000px&#8221; custom_padding=&#8221;14vw||14vw||true|&#8221; custom_padding_tablet=&#8221;100px||100px|&#8221; custom_padding_phone=&#8221;80px||80px|&#8221; custom_css_before=&#8221;  content: %22%22;|| display: block;|| position: absolute;|| top: 0;|| left: 0;|| width: 100%;|| height: 100%;|| background: #000000;|| opacity: 0.6;&#8221; custom_css_after=&#8221;content: %22%22;|| display: block;|| position: absolute;|| top: 0;|| left: 0;|| width: 100%;|| height: 100%;|| background: #000000;|| opacity: 0.2;&#8221; collapsed=&#8221;off&#8221; global_colors_info=&#8221;{}&#8221;][et_pb_row custom_padding_last_edited=&#8221;on|tablet&#8221; admin_label=&#8221;Boxy Header Module&#8221; module_class=&#8221;lines_ba et_pb_row_fullwidth&#8221; _builder_version=&#8221;4.16&#8243; background_size=&#8221;initial&#8221; background_position=&#8221;top_left&#8221; background_repeat=&#8221;repeat&#8221; width=&#8221;89%&#8221; width_tablet=&#8221;80%&#8221; width_phone=&#8221;&#8221; width_last_edited=&#8221;on|desktop&#8221; max_width=&#8221;89%&#8221; max_width_tablet=&#8221;80%&#8221; max_width_phone=&#8221;&#8221; max_width_last_edited=&#8221;on|desktop&#8221; custom_padding=&#8221;20px|0px|20px|0px&#8221; custom_padding_tablet=&#8221;0px|0px|0px|0px&#8221; custom_padding_phone=&#8221;&#8221; make_fullwidth=&#8221;on&#8221; global_colors_info=&#8221;{}&#8221;][et_pb_column type=&#8221;4_4&#8243; _builder_version=&#8221;4.16&#8243; background_position=&#8221;top_left&#8221; custom_padding=&#8221;|||&#8221; global_colors_info=&#8221;{}&#8221; custom_padding__hover=&#8221;|||&#8221;][et_pb_cta title=&#8221;v\u00e1cuo duplex&#8221; admin_label=&#8221;Make It Awesome&#8221; _builder_version=&#8221;4.16&#8243; header_font=&#8221;Teko|500||on|||||&#8221; header_text_color=&#8221;#ffffff&#8221; header_font_size=&#8221;77px&#8221; header_line_height=&#8221;1.7em&#8221; body_font=&#8221;Teko||||||||&#8221; body_text_color=&#8221;#ffffff&#8221; body_font_size=&#8221;60px&#8221; body_line_height=&#8221;170%&#8221; use_background_color=&#8221;off&#8221; custom_button=&#8221;on&#8221; button_text_size=&#8221;16px&#8221; button_text_color=&#8221;#ffffff&#8221; button_bg_color=&#8221;rgba(0,0,0,0)&#8221; button_border_color=&#8221;#ffffff&#8221; button_border_radius=&#8221;0px&#8221; button_font=&#8221;Montserrat|on||on|&#8221; button_use_icon=&#8221;off&#8221; header_font_size_tablet=&#8221;50&#8243; header_font_size_phone=&#8221;36&#8243; header_font_size_last_edited=&#8221;on|phone&#8221; custom_css_promo_title=&#8221;line-height: 110% !important;|| position: relative;||padding: 32px 20px;|| display: block;||margin-bottom: 24px;&#8221; button_border_radius_hover=&#8221;0px&#8221; button_bg_color_hover=&#8221;rgba(0,0,0,0.3)&#8221; global_colors_info=&#8221;{}&#8221; button_text_size__hover_enabled=&#8221;off&#8221; button_one_text_size__hover_enabled=&#8221;off&#8221; button_two_text_size__hover_enabled=&#8221;off&#8221; button_text_color__hover_enabled=&#8221;off&#8221; button_one_text_color__hover_enabled=&#8221;off&#8221; button_two_text_color__hover_enabled=&#8221;off&#8221; button_border_width__hover_enabled=&#8221;off&#8221; button_one_border_width__hover_enabled=&#8221;off&#8221; button_two_border_width__hover_enabled=&#8221;off&#8221; button_border_color__hover_enabled=&#8221;off&#8221; button_one_border_color__hover_enabled=&#8221;off&#8221; button_two_border_color__hover_enabled=&#8221;off&#8221; button_border_radius__hover_enabled=&#8221;on&#8221; button_border_radius__hover=&#8221;0px&#8221; button_one_border_radius__hover_enabled=&#8221;off&#8221; button_two_border_radius__hover_enabled=&#8221;off&#8221; button_letter_spacing__hover_enabled=&#8221;off&#8221; button_one_letter_spacing__hover_enabled=&#8221;off&#8221; button_two_letter_spacing__hover_enabled=&#8221;off&#8221; button_bg_color__hover_enabled=&#8221;on&#8221; button_bg_color__hover=&#8221;rgba(0,0,0,0.3)&#8221; button_one_bg_color__hover_enabled=&#8221;off&#8221; button_two_bg_color__hover_enabled=&#8221;off&#8221;][\/et_pb_cta][\/et_pb_column][\/et_pb_row][\/et_pb_section][et_pb_section fb_built=&#8221;1&#8243; _builder_version=&#8221;4.16&#8243; _module_preset=&#8221;default&#8221; background_color=&#8221;#e2e2e2&#8243; custom_padding=&#8221;0px||15px|||&#8221; global_colors_info=&#8221;{}&#8221;][et_pb_row column_structure=&#8221;2_3,1_3&#8243; _builder_version=&#8221;4.16&#8243; _module_preset=&#8221;default&#8221; max_width=&#8221;1389px&#8221; custom_padding=&#8221;||0px|||&#8221; global_colors_info=&#8221;{}&#8221;][et_pb_column type=&#8221;2_3&#8243; _builder_version=&#8221;4.16&#8243; _module_preset=&#8221;default&#8221; global_colors_info=&#8221;{}&#8221;][et_pb_text _builder_version=&#8221;4.16&#8243; _module_preset=&#8221;default&#8221; text_font=&#8221;Teko|300||on|||||&#8221; text_text_color=&#8221;#1E2D3C&#8221; text_font_size=&#8221;44px&#8221; global_colors_info=&#8221;{}&#8221;]<\/p>\n<p>Fabricante de plantas de sab\u00e3o<\/p>\n<p>[\/et_pb_text][\/et_pb_column][et_pb_column type=&#8221;1_3&#8243; _builder_version=&#8221;4.16&#8243; _module_preset=&#8221;default&#8221; global_colors_info=&#8221;{}&#8221;][et_pb_button button_url=&#8221;https:\/\/www.soaptec.biz\/pt-pt\/contacto\/&#8221; button_text=&#8221;contacto&#8221; button_alignment=&#8221;right&#8221; button_alignment_tablet=&#8221;&#8221; button_alignment_phone=&#8221;left&#8221; button_alignment_last_edited=&#8221;on|phone&#8221; admin_label=&#8221;The Loser Button &#8211; Freddie&#8221; module_class=&#8221;freddie_button_the_loser&#8221; _builder_version=&#8221;4.27.4&#8243; custom_button=&#8221;on&#8221; button_text_size=&#8221;26px&#8221; button_text_color=&#8221;#1E2D3C&#8221; button_bg_color=&#8221;rgba(0,0,0,0)&#8221; button_border_width=&#8221;2px&#8221; button_border_color=&#8221;#000000&#8243; button_border_radius=&#8221;0px&#8221; button_font=&#8221;Teko|||on|||||&#8221; button_icon_placement=&#8221;left&#8221; button_on_hover=&#8221;off&#8221; custom_margin=&#8221;-17px||0px|||&#8221; custom_padding=&#8221;0px|26px|0px|26px|true|false&#8221; hover_enabled=&#8221;0&#8243; z_index_tablet=&#8221;500&#8243; custom_css_before=&#8221;content: %22%22 !important;||display: block !important;||position: absolute;||    z-index: -1;||    top: 0;||    left: 0;||    width: 0;||    height: 100%;||    background: #1E2D3C;||    transition: width .4s cubic-bezier(1,0,0,1);||    margin-left: 0 !important;&#8221; custom_css_main_element=&#8221;     letter-spacing: 0.3px;&#8221; locked=&#8221;off&#8221; global_colors_info=&#8221;{}&#8221; button_text_color__hover_enabled=&#8221;on&#8221; button_text_color__hover=&#8221;#ffffff&#8221; sticky_enabled=&#8221;0&#8243;][\/et_pb_button][\/et_pb_column][\/et_pb_row][\/et_pb_section][et_pb_section fb_built=&#8221;1&#8243; _builder_version=&#8221;4.16&#8243; _module_preset=&#8221;default&#8221; custom_padding=&#8221;27px||35px|||&#8221; global_colors_info=&#8221;{}&#8221;][et_pb_row _builder_version=&#8221;4.16&#8243; _module_preset=&#8221;default&#8221; max_width=&#8221;1416px&#8221; custom_padding=&#8221;17px|||||&#8221; global_colors_info=&#8221;{}&#8221;][et_pb_column type=&#8221;4_4&#8243; _builder_version=&#8221;4.16&#8243; _module_preset=&#8221;default&#8221; global_colors_info=&#8221;{}&#8221;][et_pb_text _builder_version=&#8221;4.16&#8243; _module_preset=&#8221;default&#8221; text_font=&#8221;Teko|300|||||||&#8221; text_font_size=&#8221;47px&#8221; header_font=&#8221;Teko|300|||||||&#8221; header_text_color=&#8221;#1E2D3C&#8221; header_font_size=&#8221;47px&#8221; animation_style=&#8221;zoom&#8221; global_colors_info=&#8221;{}&#8221;]<\/p>\n<p class=\"p1\" style=\"text-align: center;\"><span style=\"color: #e02b20;\">&#8212; V\u00c1CUO DUPLEX &#8212;<\/span><\/p>\n<h1 class=\"p1\" style=\"text-align: center;\"><strong>V\u00e1cuo duplex para linhas de acabamento: estrutura e funcionamento<br \/><\/strong><\/h1>\n<p>&nbsp;<\/p>\n<p>[\/et_pb_text][\/et_pb_column][\/et_pb_row][et_pb_row column_structure=&#8221;1_2,1_2&#8243; _builder_version=&#8221;4.16&#8243; _module_preset=&#8221;default&#8221; width=&#8221;86%&#8221; max_width=&#8221;1256px&#8221; global_colors_info=&#8221;{}&#8221;][et_pb_column type=&#8221;1_2&#8243; _builder_version=&#8221;4.16&#8243; _module_preset=&#8221;default&#8221; global_colors_info=&#8221;{}&#8221;][et_pb_text _builder_version=&#8221;4.16&#8243; _module_preset=&#8221;default&#8221; text_font=&#8221;Montserrat||||||||&#8221; text_orientation=&#8221;justified&#8221; animation_style=&#8221;zoom&#8221; global_colors_info=&#8221;{}&#8221;]Depois de o sab\u00e3o ter sido processado por matrizes de refina\u00e7\u00e3o e laminagem, que modificam a sua estrutura qu\u00edmica e melhoram a sua qualidade geral, o sab\u00e3o est\u00e1 pronto para ser extrudido. Esta tarefa \u00e9 delegada a m\u00e1quinas de estiramento a v\u00e1cuo duplex. <\/p>\n<p>Soaptec concebeu a sua gama de m\u00e1quinas de estiragem a v\u00e1cuo Duplex, uma extrusora especial composta por dois plodders montados em tandem que permite a produ\u00e7\u00e3o de barras extrudidas de sab\u00e3o, compacto e pl\u00e1stico prontas para serem cortadas e moldadas. Geralmente, a m\u00e1quina tem uma conforma\u00e7\u00e3o linear, mas a pedido do cliente \u00e9 poss\u00edvel criar uma m\u00e1quina com um layout em forma de L. Esta \u00e9 apenas uma das muitas personaliza\u00e7\u00f5es que a nossa empresa oferece aos clientes, que podem contar com um servi\u00e7o de conce\u00e7\u00e3o total de todos os equipamentos que comp\u00f5em a linha de acabamento.<br \/>\n  A fase preliminar est\u00e1 equipada com uma placa perfurada, l\u00e2minas de peletiza\u00e7\u00e3o e um filtro de refina\u00e7\u00e3o. Durante a passagem por esta m\u00e1quina, os pellets ou os flocos de sab\u00e3o, consoante provenham de um refinador ou de um laminador, s\u00e3o compactados e extrudidos de volta \u00e0 forma de pellets.   [\/et_pb_text][\/et_pb_column][et_pb_column type=&#8221;1_2&#8243; _builder_version=&#8221;4.16&#8243; _module_preset=&#8221;default&#8221; global_colors_info=&#8221;{}&#8221;][et_pb_text _builder_version=&#8221;4.16&#8243; _module_preset=&#8221;default&#8221; text_font=&#8221;Montserrat||||||||&#8221; text_orientation=&#8221;justified&#8221; animation_style=&#8221;zoom&#8221; global_colors_info=&#8221;{}&#8221;]<\/p>\n<p>Em seguida, o produto semi-acabado passa pela c\u00e2mara de v\u00e1cuo que liga as duas extrusoras, na qual o ar \u00e9 extra\u00eddo do sab\u00e3o. O interrutor de n\u00edvel no interior da c\u00e2mara de v\u00e1cuo assegura que a segunda extrusora recebe sempre a quantidade correta de pellets. Quando o produto atinge a fase final, o sab\u00e3o \u00e9 extrudido numa barra cont\u00ednua atrav\u00e9s de uma cabe\u00e7a c\u00f3nica para facilitar a compress\u00e3o.  <\/p>\n<p>As c\u00e2maras de v\u00e1cuo e as cabe\u00e7as c\u00f3nicas do Duplex Vacuum Draw s\u00e3o aquecidas por meio de componentes el\u00e9ctricos imersos em \u00f3leo diat\u00e9rmico.<br \/>  Em contrapartida, os cilindros das matrizes s\u00e3o constru\u00eddos com uma camisa no interior da qual circula \u00e1gua fria.<\/p>\n<p>  Em ambos os casos, a temperatura pode ser regulada atrav\u00e9s de um sistema de termorregula\u00e7\u00e3o.<\/p>\n<p>[\/et_pb_text][\/et_pb_column][\/et_pb_row][\/et_pb_section][et_pb_section fb_built=&#8221;1&#8243; specialty=&#8221;on&#8221; _builder_version=&#8221;4.16&#8243; _module_preset=&#8221;default&#8221; background_color=&#8221;#f4f4f4&#8243; inner_max_width=&#8221;1300px&#8221; custom_padding=&#8221;0px|||||&#8221; global_colors_info=&#8221;{}&#8221;][et_pb_column type=&#8221;1_2&#8243; _builder_version=&#8221;4.16&#8243; custom_padding=&#8221;|||&#8221; global_colors_info=&#8221;{}&#8221; custom_padding__hover=&#8221;|||&#8221;][et_pb_image src=&#8221;https:\/\/www.soaptec.biz\/wp-content\/uploads\/2021\/02\/duplex.png&#8221; title_text=&#8221;duplex&#8221; _builder_version=&#8221;4.16&#8243; _module_preset=&#8221;default&#8221; width=&#8221;100%&#8221; module_alignment=&#8221;center&#8221; custom_margin=&#8221;-16px|||||&#8221; custom_padding=&#8221;0px|||||&#8221; animation_style=&#8221;zoom&#8221; global_colors_info=&#8221;{}&#8221;][\/et_pb_image][\/et_pb_column][et_pb_column type=&#8221;1_2&#8243; specialty_columns=&#8221;2&#8243; _builder_version=&#8221;4.16&#8243; custom_padding=&#8221;|||&#8221; global_colors_info=&#8221;{}&#8221; custom_padding__hover=&#8221;|||&#8221;][et_pb_row_inner _builder_version=&#8221;4.16&#8243; _module_preset=&#8221;default&#8221; custom_padding=&#8221;||19px|||&#8221; global_colors_info=&#8221;{}&#8221;][et_pb_column_inner saved_specialty_column_type=&#8221;1_2&#8243; _builder_version=&#8221;4.16&#8243; _module_preset=&#8221;default&#8221; global_colors_info=&#8221;{}&#8221;][et_pb_text _builder_version=&#8221;4.16&#8243; _module_preset=&#8221;default&#8221; text_font=&#8221;Teko||||||||&#8221; text_font_size=&#8221;31px&#8221; header_font=&#8221;Teko|300|||||||&#8221; header_text_color=&#8221;#1E2D3C&#8221; header_font_size=&#8221;47px&#8221; header_2_font_size=&#8221;37px&#8221; custom_margin=&#8221;-22px|||||&#8221; custom_padding=&#8221;49px|||||&#8221; animation_style=&#8221;slide&#8221; animation_direction=&#8221;right&#8221; global_colors_info=&#8221;{}&#8221;]<\/p>\n<h2 class=\"p1\" style=\"text-align: left;\"><strong> Qualidade e especifica\u00e7\u00f5es<\/p>\n<p><\/strong><\/h2>\n<p>[\/et_pb_text][et_pb_divider color=&#8221;#e02b20&#8243; divider_weight=&#8221;5px&#8221; _builder_version=&#8221;4.16&#8243; _module_preset=&#8221;default&#8221; width=&#8221;8%&#8221; animation_style=&#8221;slide&#8221; global_colors_info=&#8221;{}&#8221;][\/et_pb_divider][et_pb_text _builder_version=&#8221;4.16&#8243; _module_preset=&#8221;default&#8221; text_font=&#8221;Montserrat||||||||&#8221; text_orientation=&#8221;justified&#8221; custom_margin=&#8221;-37px||27px|||&#8221; animation_style=&#8221;slide&#8221; animation_direction=&#8221;right&#8221; global_colors_info=&#8221;{}&#8221;]Soaptec prop\u00f5e dois modelos de Plodders a v\u00e1cuo Duplex: o primeiro com um sem-fim simples e o segundo com um sem-fim duplo tangencial.<br \/>\nA rela\u00e7\u00e3o comprimento\/di\u00e2metro do cilindro \u00e9 de quatro. Todas as m\u00e1quinas s\u00e3o fabricadas em conformidade com as normas UNI, DIN, AFNOR, AGMA e ISO. <\/p>\n<p>A fim de fabricar m\u00e1quinas robustas, fi\u00e1veis e seguras, todas as pe\u00e7as de contacto do sab\u00e3o s\u00e3o feitas de a\u00e7o inoxid\u00e1vel AISI 304. Os restantes elementos s\u00e3o fabricados em a\u00e7o-carbono revestido. Os parafusos, por outro lado, s\u00e3o fabricados em liga de alum\u00ednio G Alsi9, depois polidos e acabados mecanicamente. A pedido, podem ser fabricados em NI-Resist ou Aisi 304.   <\/p>\n<p>Para uma maior facilidade de utiliza\u00e7\u00e3o, as extrusoras podem ser montadas na orienta\u00e7\u00e3o esquerda ou direita.<\/p>\n<p>As extrusoras fabricadas por Soaptec podem ser fornecidas com bloqueio hidr\u00e1ulico autom\u00e1tico da placa perfurada e da cabe\u00e7a c\u00f3nica em vez do tradicional bloqueio manual com tirantes e porcas.  <\/p>\n<p>O painel de controlo el\u00e9trico, completo com bot\u00f5es de press\u00e3o e inversor, est\u00e1 alojado numa estrutura que suporta escadas e uma plataforma de trabalho. As marcas dos componentes n\u00e3o produzidos internamente, como o motor, podem ser selecionadas pelo cliente. [\/et_pb_text][\/et_pb_column_inner][\/et_pb_row_inner][\/et_pb_column][\/et_pb_section]<\/p>\n","protected":false},"excerpt":{"rendered":"<p>Fabricante de plantas de sab\u00e3o&#8212; V\u00c1CUO DUPLEX &#8212; V\u00e1cuo duplex para linhas de acabamento: estrutura e funcionamento &nbsp;Depois de o sab\u00e3o ter sido processado por matrizes de refina\u00e7\u00e3o e laminagem, que modificam a sua estrutura qu\u00edmica e melhoram a sua qualidade geral, o sab\u00e3o est\u00e1 pronto para ser extrudido. Esta tarefa \u00e9 delegada a m\u00e1quinas [&hellip;]<\/p>\n","protected":false},"author":1,"featured_media":0,"parent":271233,"menu_order":0,"comment_status":"closed","ping_status":"closed","template":"","meta":{"_et_pb_use_builder":"on","_et_pb_old_content":"","_et_gb_content_width":"","footnotes":""},"class_list":["post-271235","page","type-page","status-publish","hentry"],"yoast_head":"<!-- This site is optimized with the Yoast SEO plugin v27.4 - https:\/\/yoast.com\/product\/yoast-seo-wordpress\/ -->\n<title>Fabricante de v\u00e1cuo duplex para linhas de acabamento | Soaptec<\/title>\n<meta name=\"description\" content=\"Soaptec \u00e9 um fabricante de duplexes a v\u00e1cuo para linhas de acabamento. Criamos sistemas e componentes para projectos de pequena e grande escala.\" \/>\n<meta name=\"robots\" content=\"index, follow, max-snippet:-1, max-image-preview:large, max-video-preview:-1\" \/>\n<link rel=\"canonical\" href=\"https:\/\/www.soaptec.biz\/linea-di-finitura\/duplex-sottovuoto\/\" \/>\n<meta property=\"og:locale\" content=\"pt_PT\" \/>\n<meta property=\"og:type\" content=\"article\" \/>\n<meta property=\"og:title\" content=\"Fabricante de v\u00e1cuo duplex para linhas de acabamento | Soaptec\" \/>\n<meta property=\"og:description\" content=\"Soaptec \u00e9 um fabricante de duplexes a v\u00e1cuo para linhas de acabamento. Criamos sistemas e componentes para projectos de pequena e grande escala.\" \/>\n<meta property=\"og:url\" content=\"https:\/\/www.soaptec.biz\/linea-di-finitura\/duplex-sottovuoto\/\" \/>\n<meta property=\"og:site_name\" content=\"Soaptec\" \/>\n<meta property=\"article:modified_time\" content=\"2025-04-01T12:23:13+00:00\" \/>\n<meta name=\"twitter:card\" content=\"summary_large_image\" \/>\n<meta name=\"twitter:label1\" content=\"Tempo estimado de leitura\" \/>\n\t<meta name=\"twitter:data1\" content=\"9 minutos\" \/>\n<script type=\"application\/ld+json\" class=\"yoast-schema-graph\">{\"@context\":\"https:\\\/\\\/schema.org\",\"@graph\":[{\"@type\":\"WebPage\",\"@id\":\"https:\\\/\\\/www.soaptec.biz\\\/linea-di-finitura\\\/duplex-sottovuoto\\\/\",\"url\":\"https:\\\/\\\/www.soaptec.biz\\\/linea-di-finitura\\\/duplex-sottovuoto\\\/\",\"name\":\"Fabricante de v\u00e1cuo duplex para linhas de acabamento | Soaptec\",\"isPartOf\":{\"@id\":\"https:\\\/\\\/www.soaptec.biz\\\/#website\"},\"datePublished\":\"2025-04-01T12:04:23+00:00\",\"dateModified\":\"2025-04-01T12:23:13+00:00\",\"description\":\"Soaptec \u00e9 um fabricante de duplexes a v\u00e1cuo para linhas de acabamento. Criamos sistemas e componentes para projectos de pequena e grande escala.\",\"breadcrumb\":{\"@id\":\"https:\\\/\\\/www.soaptec.biz\\\/linea-di-finitura\\\/duplex-sottovuoto\\\/#breadcrumb\"},\"inLanguage\":\"pt-PT\",\"potentialAction\":[{\"@type\":\"ReadAction\",\"target\":[\"https:\\\/\\\/www.soaptec.biz\\\/linea-di-finitura\\\/duplex-sottovuoto\\\/\"]}]},{\"@type\":\"BreadcrumbList\",\"@id\":\"https:\\\/\\\/www.soaptec.biz\\\/linea-di-finitura\\\/duplex-sottovuoto\\\/#breadcrumb\",\"itemListElement\":[{\"@type\":\"ListItem\",\"position\":1,\"name\":\"Home\",\"item\":\"https:\\\/\\\/www.soaptec.biz\\\/\"},{\"@type\":\"ListItem\",\"position\":2,\"name\":\"Linha de acabamento\",\"item\":\"https:\\\/\\\/www.soaptec.biz\\\/linea-di-finitura\\\/\"},{\"@type\":\"ListItem\",\"position\":3,\"name\":\"V\u00c1CUO DUPLEX\"}]},{\"@type\":\"WebSite\",\"@id\":\"https:\\\/\\\/www.soaptec.biz\\\/#website\",\"url\":\"https:\\\/\\\/www.soaptec.biz\\\/\",\"name\":\"Soaptec\",\"description\":\"\",\"potentialAction\":[{\"@type\":\"SearchAction\",\"target\":{\"@type\":\"EntryPoint\",\"urlTemplate\":\"https:\\\/\\\/www.soaptec.biz\\\/?s={search_term_string}\"},\"query-input\":{\"@type\":\"PropertyValueSpecification\",\"valueRequired\":true,\"valueName\":\"search_term_string\"}}],\"inLanguage\":\"pt-PT\"}]}<\/script>\n<!-- \/ Yoast SEO plugin. -->","yoast_head_json":{"title":"Fabricante de v\u00e1cuo duplex para linhas de acabamento | Soaptec","description":"Soaptec \u00e9 um fabricante de duplexes a v\u00e1cuo para linhas de acabamento. Criamos sistemas e componentes para projectos de pequena e grande escala.","robots":{"index":"index","follow":"follow","max-snippet":"max-snippet:-1","max-image-preview":"max-image-preview:large","max-video-preview":"max-video-preview:-1"},"canonical":"https:\/\/www.soaptec.biz\/linea-di-finitura\/duplex-sottovuoto\/","og_locale":"pt_PT","og_type":"article","og_title":"Fabricante de v\u00e1cuo duplex para linhas de acabamento | Soaptec","og_description":"Soaptec \u00e9 um fabricante de duplexes a v\u00e1cuo para linhas de acabamento. Criamos sistemas e componentes para projectos de pequena e grande escala.","og_url":"https:\/\/www.soaptec.biz\/linea-di-finitura\/duplex-sottovuoto\/","og_site_name":"Soaptec","article_modified_time":"2025-04-01T12:23:13+00:00","twitter_card":"summary_large_image","twitter_misc":{"Tempo estimado de leitura":"9 minutos"},"schema":{"@context":"https:\/\/schema.org","@graph":[{"@type":"WebPage","@id":"https:\/\/www.soaptec.biz\/linea-di-finitura\/duplex-sottovuoto\/","url":"https:\/\/www.soaptec.biz\/linea-di-finitura\/duplex-sottovuoto\/","name":"Fabricante de v\u00e1cuo duplex para linhas de acabamento | Soaptec","isPartOf":{"@id":"https:\/\/www.soaptec.biz\/#website"},"datePublished":"2025-04-01T12:04:23+00:00","dateModified":"2025-04-01T12:23:13+00:00","description":"Soaptec \u00e9 um fabricante de duplexes a v\u00e1cuo para linhas de acabamento. Criamos sistemas e componentes para projectos de pequena e grande escala.","breadcrumb":{"@id":"https:\/\/www.soaptec.biz\/linea-di-finitura\/duplex-sottovuoto\/#breadcrumb"},"inLanguage":"pt-PT","potentialAction":[{"@type":"ReadAction","target":["https:\/\/www.soaptec.biz\/linea-di-finitura\/duplex-sottovuoto\/"]}]},{"@type":"BreadcrumbList","@id":"https:\/\/www.soaptec.biz\/linea-di-finitura\/duplex-sottovuoto\/#breadcrumb","itemListElement":[{"@type":"ListItem","position":1,"name":"Home","item":"https:\/\/www.soaptec.biz\/"},{"@type":"ListItem","position":2,"name":"Linha de acabamento","item":"https:\/\/www.soaptec.biz\/linea-di-finitura\/"},{"@type":"ListItem","position":3,"name":"V\u00c1CUO DUPLEX"}]},{"@type":"WebSite","@id":"https:\/\/www.soaptec.biz\/#website","url":"https:\/\/www.soaptec.biz\/","name":"Soaptec","description":"","potentialAction":[{"@type":"SearchAction","target":{"@type":"EntryPoint","urlTemplate":"https:\/\/www.soaptec.biz\/?s={search_term_string}"},"query-input":{"@type":"PropertyValueSpecification","valueRequired":true,"valueName":"search_term_string"}}],"inLanguage":"pt-PT"}]}},"_links":{"self":[{"href":"https:\/\/www.soaptec.biz\/pt-pt\/wp-json\/wp\/v2\/pages\/271235","targetHints":{"allow":["GET"]}}],"collection":[{"href":"https:\/\/www.soaptec.biz\/pt-pt\/wp-json\/wp\/v2\/pages"}],"about":[{"href":"https:\/\/www.soaptec.biz\/pt-pt\/wp-json\/wp\/v2\/types\/page"}],"author":[{"embeddable":true,"href":"https:\/\/www.soaptec.biz\/pt-pt\/wp-json\/wp\/v2\/users\/1"}],"replies":[{"embeddable":true,"href":"https:\/\/www.soaptec.biz\/pt-pt\/wp-json\/wp\/v2\/comments?post=271235"}],"version-history":[{"count":1,"href":"https:\/\/www.soaptec.biz\/pt-pt\/wp-json\/wp\/v2\/pages\/271235\/revisions"}],"predecessor-version":[{"id":271317,"href":"https:\/\/www.soaptec.biz\/pt-pt\/wp-json\/wp\/v2\/pages\/271235\/revisions\/271317"}],"up":[{"embeddable":true,"href":"https:\/\/www.soaptec.biz\/pt-pt\/wp-json\/wp\/v2\/pages\/271233"}],"wp:attachment":[{"href":"https:\/\/www.soaptec.biz\/pt-pt\/wp-json\/wp\/v2\/media?parent=271235"}],"curies":[{"name":"wp","href":"https:\/\/api.w.org\/{rel}","templated":true}]}}