{"id":271226,"date":"2025-04-01T14:01:38","date_gmt":"2025-04-01T12:01:38","guid":{"rendered":"https:\/\/www.soaptec.biz\/secador\/separador-de-po\/"},"modified":"2025-04-01T14:47:06","modified_gmt":"2025-04-01T12:47:06","slug":"separador-de-po","status":"publish","type":"page","link":"https:\/\/www.soaptec.biz\/pt-pt\/secador\/separador-de-po\/","title":{"rendered":"SEPARADOR DE P\u00d3"},"content":{"rendered":"<p>[et_pb_section fb_built=&#8221;1&#8243; custom_padding_last_edited=&#8221;on|phone&#8221; admin_label=&#8221;Boxy Header Module &#8211; Image 1920 x 1117 pixels&#8221; module_class=&#8221;header_8_f falkor&#8221; _builder_version=&#8221;4.16&#8243; background_color=&#8221;rgba(255,255,255,0)&#8221; background_image=&#8221;https:\/\/www.soaptec.biz\/wp-content\/uploads\/2021\/02\/2-4.jpg&#8221; background_enable_video_mp4=&#8221;off&#8221; background_video_width=&#8221;2000px&#8221; custom_padding=&#8221;14vw||14vw||true|&#8221; custom_padding_tablet=&#8221;100px||100px|&#8221; custom_padding_phone=&#8221;80px||80px|&#8221; custom_css_before=&#8221;  content: %22%22;|| display: block;|| position: absolute;|| top: 0;|| left: 0;|| width: 100%;|| height: 100%;|| background: #000000;|| opacity: 0.2;&#8221; custom_css_after=&#8221;content: %22%22;|| display: block;|| position: absolute;|| top: 0;|| left: 0;|| width: 100%;|| height: 100%;|| background: #000000;|| opacity: 0.2;&#8221; collapsed=&#8221;off&#8221; global_colors_info=&#8221;{}&#8221;][et_pb_row custom_padding_last_edited=&#8221;on|tablet&#8221; admin_label=&#8221;Boxy Header Module&#8221; module_class=&#8221;lines_ba et_pb_row_fullwidth&#8221; _builder_version=&#8221;4.16&#8243; background_size=&#8221;initial&#8221; background_position=&#8221;top_left&#8221; background_repeat=&#8221;repeat&#8221; width=&#8221;89%&#8221; width_tablet=&#8221;80%&#8221; width_phone=&#8221;&#8221; width_last_edited=&#8221;on|desktop&#8221; max_width=&#8221;89%&#8221; max_width_tablet=&#8221;80%&#8221; max_width_phone=&#8221;&#8221; max_width_last_edited=&#8221;on|desktop&#8221; custom_padding=&#8221;20px|0px|20px|0px&#8221; custom_padding_tablet=&#8221;0px|0px|0px|0px&#8221; custom_padding_phone=&#8221;&#8221; make_fullwidth=&#8221;on&#8221; global_colors_info=&#8221;{}&#8221;][et_pb_column type=&#8221;4_4&#8243; _builder_version=&#8221;4.16&#8243; background_position=&#8221;top_left&#8221; custom_padding=&#8221;|||&#8221; global_colors_info=&#8221;{}&#8221; custom_padding__hover=&#8221;|||&#8221;][et_pb_cta title=&#8221;SEPARADOR DE P\u00d3&#8221; admin_label=&#8221;Make It Awesome&#8221; _builder_version=&#8221;4.16&#8243; header_font=&#8221;Teko|500||on|||||&#8221; header_text_color=&#8221;#ffffff&#8221; header_font_size=&#8221;77px&#8221; header_line_height=&#8221;1.7em&#8221; body_font=&#8221;Teko||||||||&#8221; body_text_color=&#8221;#ffffff&#8221; body_font_size=&#8221;60px&#8221; body_line_height=&#8221;170%&#8221; use_background_color=&#8221;off&#8221; custom_button=&#8221;on&#8221; button_text_size=&#8221;16px&#8221; button_text_color=&#8221;#ffffff&#8221; button_bg_color=&#8221;rgba(0,0,0,0)&#8221; button_border_color=&#8221;#ffffff&#8221; button_border_radius=&#8221;0px&#8221; button_font=&#8221;Montserrat|on||on|&#8221; button_use_icon=&#8221;off&#8221; header_font_size_tablet=&#8221;50&#8243; header_font_size_phone=&#8221;36&#8243; header_font_size_last_edited=&#8221;on|phone&#8221; custom_css_promo_title=&#8221;line-height: 110% !important;|| position: relative;||padding: 32px 20px;|| display: block;||margin-bottom: 24px;&#8221; button_border_radius_hover=&#8221;0px&#8221; button_bg_color_hover=&#8221;rgba(0,0,0,0.3)&#8221; global_colors_info=&#8221;{}&#8221; button_text_size__hover_enabled=&#8221;off&#8221; button_one_text_size__hover_enabled=&#8221;off&#8221; button_two_text_size__hover_enabled=&#8221;off&#8221; button_text_color__hover_enabled=&#8221;off&#8221; button_one_text_color__hover_enabled=&#8221;off&#8221; button_two_text_color__hover_enabled=&#8221;off&#8221; button_border_width__hover_enabled=&#8221;off&#8221; button_one_border_width__hover_enabled=&#8221;off&#8221; button_two_border_width__hover_enabled=&#8221;off&#8221; button_border_color__hover_enabled=&#8221;off&#8221; button_one_border_color__hover_enabled=&#8221;off&#8221; button_two_border_color__hover_enabled=&#8221;off&#8221; button_border_radius__hover_enabled=&#8221;on&#8221; button_border_radius__hover=&#8221;0px&#8221; button_one_border_radius__hover_enabled=&#8221;off&#8221; button_two_border_radius__hover_enabled=&#8221;off&#8221; button_letter_spacing__hover_enabled=&#8221;off&#8221; button_one_letter_spacing__hover_enabled=&#8221;off&#8221; button_two_letter_spacing__hover_enabled=&#8221;off&#8221; button_bg_color__hover_enabled=&#8221;on&#8221; button_bg_color__hover=&#8221;rgba(0,0,0,0.3)&#8221; button_one_bg_color__hover_enabled=&#8221;off&#8221; button_two_bg_color__hover_enabled=&#8221;off&#8221;][\/et_pb_cta][\/et_pb_column][\/et_pb_row][\/et_pb_section][et_pb_section fb_built=&#8221;1&#8243; _builder_version=&#8221;4.16&#8243; _module_preset=&#8221;default&#8221; background_color=&#8221;#e2e2e2&#8243; custom_padding=&#8221;0px||15px|||&#8221; global_colors_info=&#8221;{}&#8221;][et_pb_row column_structure=&#8221;2_3,1_3&#8243; _builder_version=&#8221;4.16&#8243; _module_preset=&#8221;default&#8221; max_width=&#8221;1389px&#8221; custom_padding=&#8221;||0px|||&#8221; global_colors_info=&#8221;{}&#8221;][et_pb_column type=&#8221;2_3&#8243; _builder_version=&#8221;4.16&#8243; _module_preset=&#8221;default&#8221; global_colors_info=&#8221;{}&#8221;][et_pb_text _builder_version=&#8221;4.16&#8243; _module_preset=&#8221;default&#8221; text_font=&#8221;Teko|300||on|||||&#8221; text_text_color=&#8221;#1E2D3C&#8221; text_font_size=&#8221;44px&#8221; global_colors_info=&#8221;{}&#8221;]<\/p>\n<p>Fabricante de plantas de sab\u00e3o<\/p>\n<p>[\/et_pb_text][\/et_pb_column][et_pb_column type=&#8221;1_3&#8243; _builder_version=&#8221;4.16&#8243; _module_preset=&#8221;default&#8221; global_colors_info=&#8221;{}&#8221;][et_pb_button button_url=&#8221;https:\/\/www.soaptec.biz\/pt-pt\/contacto\/&#8221; button_text=&#8221;contacto&#8221; button_alignment=&#8221;right&#8221; button_alignment_tablet=&#8221;&#8221; button_alignment_phone=&#8221;left&#8221; button_alignment_last_edited=&#8221;on|phone&#8221; admin_label=&#8221;The Loser Button &#8211; Freddie&#8221; module_class=&#8221;freddie_button_the_loser&#8221; _builder_version=&#8221;4.27.4&#8243; custom_button=&#8221;on&#8221; button_text_size=&#8221;26px&#8221; button_text_color=&#8221;#1E2D3C&#8221; button_bg_color=&#8221;rgba(0,0,0,0)&#8221; button_border_width=&#8221;2px&#8221; button_border_color=&#8221;#000000&#8243; button_border_radius=&#8221;0px&#8221; button_font=&#8221;Teko|||on|||||&#8221; button_icon_placement=&#8221;left&#8221; button_on_hover=&#8221;off&#8221; custom_margin=&#8221;-17px||0px|||&#8221; custom_padding=&#8221;0px|26px|0px|26px|true|false&#8221; hover_enabled=&#8221;0&#8243; z_index_tablet=&#8221;500&#8243; custom_css_before=&#8221;content: %22%22 !important;||display: block !important;||position: absolute;||    z-index: -1;||    top: 0;||    left: 0;||    width: 0;||    height: 100%;||    background: #1E2D3C;||    transition: width .4s cubic-bezier(1,0,0,1);||    margin-left: 0 !important;&#8221; custom_css_main_element=&#8221;     letter-spacing: 0.3px;&#8221; locked=&#8221;off&#8221; global_colors_info=&#8221;{}&#8221; button_text_color__hover_enabled=&#8221;on&#8221; button_text_color__hover=&#8221;#ffffff&#8221; sticky_enabled=&#8221;0&#8243;][\/et_pb_button][\/et_pb_column][\/et_pb_row][\/et_pb_section][et_pb_section fb_built=&#8221;1&#8243; _builder_version=&#8221;4.16&#8243; _module_preset=&#8221;default&#8221; custom_padding=&#8221;27px||35px|||&#8221; global_colors_info=&#8221;{}&#8221;][et_pb_row _builder_version=&#8221;4.16&#8243; _module_preset=&#8221;default&#8221; max_width=&#8221;1416px&#8221; custom_padding=&#8221;17px|||||&#8221; global_colors_info=&#8221;{}&#8221;][et_pb_column type=&#8221;4_4&#8243; _builder_version=&#8221;4.16&#8243; _module_preset=&#8221;default&#8221; global_colors_info=&#8221;{}&#8221;][et_pb_text _builder_version=&#8221;4.16&#8243; _module_preset=&#8221;default&#8221; text_font=&#8221;Teko|300|||||||&#8221; text_font_size=&#8221;47px&#8221; header_font=&#8221;Teko|300|||||||&#8221; header_text_color=&#8221;#1E2D3C&#8221; header_font_size=&#8221;46px&#8221; animation_style=&#8221;zoom&#8221; global_colors_info=&#8221;{}&#8221;]<\/p>\n<p class=\"p1\" style=\"text-align: center;\"><span style=\"color: #e02b20;\">&#8212; SEPARADOR DE POEIRAS &#8212;<\/span><\/p>\n<h1 class=\"p1\" style=\"text-align: center;\"><strong>Separador de p\u00f3 para instala\u00e7\u00f5es de secagem de sab\u00e3o s\u00f3lido<\/strong><\/h1>\n<p>&nbsp;<\/p>\n<p>[\/et_pb_text][\/et_pb_column][\/et_pb_row][et_pb_row column_structure=&#8221;1_2,1_2&#8243; _builder_version=&#8221;4.16&#8243; _module_preset=&#8221;default&#8221; width=&#8221;86%&#8221; max_width=&#8221;1256px&#8221; global_colors_info=&#8221;{}&#8221;][et_pb_column type=&#8221;1_2&#8243; _builder_version=&#8221;4.16&#8243; _module_preset=&#8221;default&#8221; global_colors_info=&#8221;{}&#8221;][et_pb_text _builder_version=&#8221;4.16&#8243; _module_preset=&#8221;default&#8221; text_font=&#8221;Montserrat||||||||&#8221; text_orientation=&#8221;justified&#8221; animation_style=&#8221;zoom&#8221; global_colors_info=&#8221;{}&#8221;]Os separadores de p\u00f3 s\u00e3o equipamentos utilizados para separar as part\u00edculas de sab\u00e3o dos vapores produzidos durante o processo de secagem.  <\/p>\n<p>Ao contr\u00e1rio de muitas outras empresas do sector, Soaptec \u00e9 especializada na produ\u00e7\u00e3o de separadores de p\u00f3 que s\u00e3o utilizados tanto em instala\u00e7\u00f5es existentes de secagem de sab\u00e3o s\u00f3lido como em novas instala\u00e7\u00f5es que foram inteiramente encomendadas \u00e0 nossa empresa.<\/p>\n<p>Soaptec prop\u00f5e dois modelos de m\u00e1quinas para a separa\u00e7\u00e3o centr\u00edfuga de sab\u00e3o em p\u00f3: o simples e o duplo. O primeiro \u00e9 muito utilizado nas f\u00e1bricas de sab\u00e3o em p\u00f3, enquanto que o segundo, composto por dois separadores simples ligados em s\u00e9rie por uma conduta retangular, \u00e9 geralmente utilizado nas f\u00e1bricas de sab\u00e3o higi\u00e9nico. Os separadores duplos s\u00e3o extremamente \u00fateis para reduzir a dispers\u00e3o de p\u00f3, uma vez que os res\u00edduos que n\u00e3o s\u00e3o retidos pelo primeiro separador s\u00e3o separados pelo segundo.  <\/p>\n<p>A equipa de t\u00e9cnicos e engenheiros da Soaptec est\u00e1 dispon\u00edvel para avaliar em conjunto a melhor solu\u00e7\u00e3o para a sua empresa.[\/et_pb_text][\/et_pb_column][et_pb_column type=&#8221;1_2&#8243; _builder_version=&#8221;4.16&#8243; _module_preset=&#8221;default&#8221; global_colors_info=&#8221;{}&#8221;][et_pb_text _builder_version=&#8221;4.16&#8243; _module_preset=&#8221;default&#8221; text_font=&#8221;Montserrat||||||||&#8221; text_orientation=&#8221;justified&#8221; animation_style=&#8221;zoom&#8221; global_colors_info=&#8221;{}&#8221;]Para garantir um desempenho \u00f3timo e assegurar que as m\u00e1quinas s\u00e3o capazes de intercetar quase todas as part\u00edculas de sab\u00e3o, \u00e9 necess\u00e1rio que os separadores tenham as dimens\u00f5es corretas e que a velocidade de movimento dos vapores possa ser ajustada.<\/p>\n<p>A pedido do cliente, este equipamento pode ser equipado com barris de recolha. A conce\u00e7\u00e3o destes componentes torna a opera\u00e7\u00e3o de esvaziamento muito f\u00e1cil. Entre o barril de recolha de p\u00f3 e o ciclone, Soaptec pode instalar, a pedido, uma v\u00e1lvula de borboleta que permite retirar o barril sem quebrar o v\u00e1cuo e, consequentemente, sem parar o equipamento.  <\/p>\n<p>Alternativamente, os separadores de p\u00f3 podem ser equipados com extrusoras de p\u00f3 para a recupera\u00e7\u00e3o do sab\u00e3o durante o funcionamento da f\u00e1brica. Os res\u00edduos recolhidos podem ser reciclados no atomizador ou extrudidos para a atmosfera.   <\/p>\n<p>A nossa equipa recomenda que desenhes e isoles os separadores, especialmente em climas mais frios.[\/et_pb_text][\/et_pb_column][\/et_pb_row][\/et_pb_section][et_pb_section fb_built=&#8221;1&#8243; specialty=&#8221;on&#8221; _builder_version=&#8221;4.16&#8243; _module_preset=&#8221;default&#8221; background_color=&#8221;#f4f4f4&#8243; inner_max_width=&#8221;1300px&#8221; custom_padding=&#8221;0px|||||&#8221; global_colors_info=&#8221;{}&#8221;][et_pb_column type=&#8221;1_2&#8243; _builder_version=&#8221;4.16&#8243; custom_padding=&#8221;|||&#8221; global_colors_info=&#8221;{}&#8221; custom_padding__hover=&#8221;|||&#8221;][et_pb_image src=&#8221;https:\/\/www.soaptec.biz\/wp-content\/uploads\/2021\/01\/SEPARATORE.png&#8221; title_text=&#8221;SEPARATORE&#8221; _builder_version=&#8221;4.16&#8243; _module_preset=&#8221;default&#8221; width=&#8221;68%&#8221; module_alignment=&#8221;center&#8221; custom_margin=&#8221;14px|||||&#8221; animation_style=&#8221;zoom&#8221; global_colors_info=&#8221;{}&#8221;][\/et_pb_image][\/et_pb_column][et_pb_column type=&#8221;1_2&#8243; specialty_columns=&#8221;2&#8243; _builder_version=&#8221;4.16&#8243; custom_padding=&#8221;|||&#8221; global_colors_info=&#8221;{}&#8221; custom_padding__hover=&#8221;|||&#8221;][et_pb_row_inner _builder_version=&#8221;4.16&#8243; _module_preset=&#8221;default&#8221; custom_padding=&#8221;||19px|||&#8221; global_colors_info=&#8221;{}&#8221;][et_pb_column_inner saved_specialty_column_type=&#8221;1_2&#8243; _builder_version=&#8221;4.16&#8243; _module_preset=&#8221;default&#8221; global_colors_info=&#8221;{}&#8221;][et_pb_text _builder_version=&#8221;4.16&#8243; _module_preset=&#8221;default&#8221; header_font=&#8221;Teko|300|||||||&#8221; header_text_color=&#8221;#1E2D3C&#8221; header_font_size=&#8221;47px&#8221; header_2_font=&#8221;Teko|300|||||||&#8221; header_2_font_size=&#8221;37px&#8221; animation_style=&#8221;slide&#8221; animation_direction=&#8221;right&#8221; global_colors_info=&#8221;{}&#8221;]<\/p>\n<h2 class=\"p1\" style=\"text-align: left;\"><strong>Qualidade e especifica\u00e7\u00f5es<br \/><\/strong><\/h2>\n<p>[\/et_pb_text][et_pb_text _builder_version=&#8221;4.16&#8243; _module_preset=&#8221;default&#8221; text_font=&#8221;Montserrat||||||||&#8221; text_orientation=&#8221;justified&#8221; custom_margin=&#8221;-37px||27px|||&#8221; animation_style=&#8221;slide&#8221; animation_direction=&#8221;right&#8221; global_colors_info=&#8221;{}&#8221;]Os separadores de p\u00f3 concebidos e fabricados por Soaptec s\u00e3o desenvolvidos para serem utilizados em instala\u00e7\u00f5es de secagem em todo o mundo. Este objetivo \u00e9 alcan\u00e7ado atrav\u00e9s da aten\u00e7\u00e3o ao cumprimento de todas as diretivas nacionais e internacionais. Em particular, a nossa empresa faz refer\u00eancia \u00e0s normas ASME, Sect. VIII, Div.1 e UNI.   <\/p>\n<p>Todos os produtos fabricados por Soaptec podem tamb\u00e9m ser certificados a pedido do cliente antes da expedi\u00e7\u00e3o.<\/p>\n<p>Para garantir a robustez e a durabilidade, os nossos separadores de p\u00f3 s\u00e3o inteiramente fabricados em a\u00e7o inoxid\u00e1vel AISI 304, mas tamb\u00e9m podem ser fabricados em a\u00e7o-carbono.<\/p>\n<p>Os revestimentos de prote\u00e7\u00e3o, os tratamentos de superf\u00edcie e os acess\u00f3rios contribuem para a qualidade global das m\u00e1quinas.[\/et_pb_text][\/et_pb_column_inner][\/et_pb_row_inner][\/et_pb_column][\/et_pb_section]<\/p>\n","protected":false},"excerpt":{"rendered":"<p>Fabricante de plantas de sab\u00e3o&#8212; SEPARADOR DE POEIRAS &#8212; Separador de p\u00f3 para instala\u00e7\u00f5es de secagem de sab\u00e3o s\u00f3lido &nbsp;Os separadores de p\u00f3 s\u00e3o equipamentos utilizados para separar as part\u00edculas de sab\u00e3o dos vapores produzidos durante o processo de secagem. Ao contr\u00e1rio de muitas outras empresas do sector, Soaptec \u00e9 especializada na produ\u00e7\u00e3o de separadores [&hellip;]<\/p>\n","protected":false},"author":1,"featured_media":0,"parent":271213,"menu_order":0,"comment_status":"closed","ping_status":"closed","template":"","meta":{"_et_pb_use_builder":"on","_et_pb_old_content":"","_et_gb_content_width":"","footnotes":""},"class_list":["post-271226","page","type-page","status-publish","hentry"],"yoast_head":"<!-- This site is optimized with the Yoast SEO plugin v27.4 - https:\/\/yoast.com\/product\/yoast-seo-wordpress\/ -->\n<title>Separador de p\u00f3 para secador de sab\u00e3o s\u00f3lido | Soaptec<\/title>\n<meta name=\"description\" content=\"Soaptec \u00e9 um fabricante de separadores de p\u00f3 para instala\u00e7\u00f5es de secagem de sab\u00e3o s\u00f3lido. Produzimos instala\u00e7\u00f5es completas e componentes individuais.\" \/>\n<meta name=\"robots\" content=\"index, follow, max-snippet:-1, max-image-preview:large, max-video-preview:-1\" \/>\n<link rel=\"canonical\" href=\"https:\/\/www.soaptec.biz\/dryer\/separatore-di-polveri\/\" \/>\n<meta property=\"og:locale\" content=\"pt_PT\" \/>\n<meta property=\"og:type\" content=\"article\" \/>\n<meta property=\"og:title\" content=\"Separador de p\u00f3 para secador de sab\u00e3o s\u00f3lido | Soaptec\" \/>\n<meta property=\"og:description\" content=\"Soaptec \u00e9 um fabricante de separadores de p\u00f3 para instala\u00e7\u00f5es de secagem de sab\u00e3o s\u00f3lido. Produzimos instala\u00e7\u00f5es completas e componentes individuais.\" \/>\n<meta property=\"og:url\" content=\"https:\/\/www.soaptec.biz\/dryer\/separatore-di-polveri\/\" \/>\n<meta property=\"og:site_name\" content=\"Soaptec\" \/>\n<meta property=\"article:modified_time\" content=\"2025-04-01T12:47:06+00:00\" \/>\n<meta name=\"twitter:card\" content=\"summary_large_image\" \/>\n<meta name=\"twitter:label1\" content=\"Tempo estimado de leitura\" \/>\n\t<meta name=\"twitter:data1\" content=\"8 minutos\" \/>\n<script type=\"application\/ld+json\" class=\"yoast-schema-graph\">{\"@context\":\"https:\\\/\\\/schema.org\",\"@graph\":[{\"@type\":\"WebPage\",\"@id\":\"https:\\\/\\\/www.soaptec.biz\\\/dryer\\\/separatore-di-polveri\\\/\",\"url\":\"https:\\\/\\\/www.soaptec.biz\\\/dryer\\\/separatore-di-polveri\\\/\",\"name\":\"Separador de p\u00f3 para secador de sab\u00e3o s\u00f3lido | Soaptec\",\"isPartOf\":{\"@id\":\"https:\\\/\\\/www.soaptec.biz\\\/#website\"},\"datePublished\":\"2025-04-01T12:01:38+00:00\",\"dateModified\":\"2025-04-01T12:47:06+00:00\",\"description\":\"Soaptec \u00e9 um fabricante de separadores de p\u00f3 para instala\u00e7\u00f5es de secagem de sab\u00e3o s\u00f3lido. Produzimos instala\u00e7\u00f5es completas e componentes individuais.\",\"breadcrumb\":{\"@id\":\"https:\\\/\\\/www.soaptec.biz\\\/dryer\\\/separatore-di-polveri\\\/#breadcrumb\"},\"inLanguage\":\"pt-PT\",\"potentialAction\":[{\"@type\":\"ReadAction\",\"target\":[\"https:\\\/\\\/www.soaptec.biz\\\/dryer\\\/separatore-di-polveri\\\/\"]}]},{\"@type\":\"BreadcrumbList\",\"@id\":\"https:\\\/\\\/www.soaptec.biz\\\/dryer\\\/separatore-di-polveri\\\/#breadcrumb\",\"itemListElement\":[{\"@type\":\"ListItem\",\"position\":1,\"name\":\"Home\",\"item\":\"https:\\\/\\\/www.soaptec.biz\\\/\"},{\"@type\":\"ListItem\",\"position\":2,\"name\":\"SECADOR\",\"item\":\"https:\\\/\\\/www.soaptec.biz\\\/pt-pt\\\/secador\\\/\"},{\"@type\":\"ListItem\",\"position\":3,\"name\":\"SEPARADOR DE P\u00d3\"}]},{\"@type\":\"WebSite\",\"@id\":\"https:\\\/\\\/www.soaptec.biz\\\/#website\",\"url\":\"https:\\\/\\\/www.soaptec.biz\\\/\",\"name\":\"Soaptec\",\"description\":\"\",\"potentialAction\":[{\"@type\":\"SearchAction\",\"target\":{\"@type\":\"EntryPoint\",\"urlTemplate\":\"https:\\\/\\\/www.soaptec.biz\\\/?s={search_term_string}\"},\"query-input\":{\"@type\":\"PropertyValueSpecification\",\"valueRequired\":true,\"valueName\":\"search_term_string\"}}],\"inLanguage\":\"pt-PT\"}]}<\/script>\n<!-- \/ Yoast SEO plugin. -->","yoast_head_json":{"title":"Separador de p\u00f3 para secador de sab\u00e3o s\u00f3lido | Soaptec","description":"Soaptec \u00e9 um fabricante de separadores de p\u00f3 para instala\u00e7\u00f5es de secagem de sab\u00e3o s\u00f3lido. Produzimos instala\u00e7\u00f5es completas e componentes individuais.","robots":{"index":"index","follow":"follow","max-snippet":"max-snippet:-1","max-image-preview":"max-image-preview:large","max-video-preview":"max-video-preview:-1"},"canonical":"https:\/\/www.soaptec.biz\/dryer\/separatore-di-polveri\/","og_locale":"pt_PT","og_type":"article","og_title":"Separador de p\u00f3 para secador de sab\u00e3o s\u00f3lido | Soaptec","og_description":"Soaptec \u00e9 um fabricante de separadores de p\u00f3 para instala\u00e7\u00f5es de secagem de sab\u00e3o s\u00f3lido. Produzimos instala\u00e7\u00f5es completas e componentes individuais.","og_url":"https:\/\/www.soaptec.biz\/dryer\/separatore-di-polveri\/","og_site_name":"Soaptec","article_modified_time":"2025-04-01T12:47:06+00:00","twitter_card":"summary_large_image","twitter_misc":{"Tempo estimado de leitura":"8 minutos"},"schema":{"@context":"https:\/\/schema.org","@graph":[{"@type":"WebPage","@id":"https:\/\/www.soaptec.biz\/dryer\/separatore-di-polveri\/","url":"https:\/\/www.soaptec.biz\/dryer\/separatore-di-polveri\/","name":"Separador de p\u00f3 para secador de sab\u00e3o s\u00f3lido | Soaptec","isPartOf":{"@id":"https:\/\/www.soaptec.biz\/#website"},"datePublished":"2025-04-01T12:01:38+00:00","dateModified":"2025-04-01T12:47:06+00:00","description":"Soaptec \u00e9 um fabricante de separadores de p\u00f3 para instala\u00e7\u00f5es de secagem de sab\u00e3o s\u00f3lido. Produzimos instala\u00e7\u00f5es completas e componentes individuais.","breadcrumb":{"@id":"https:\/\/www.soaptec.biz\/dryer\/separatore-di-polveri\/#breadcrumb"},"inLanguage":"pt-PT","potentialAction":[{"@type":"ReadAction","target":["https:\/\/www.soaptec.biz\/dryer\/separatore-di-polveri\/"]}]},{"@type":"BreadcrumbList","@id":"https:\/\/www.soaptec.biz\/dryer\/separatore-di-polveri\/#breadcrumb","itemListElement":[{"@type":"ListItem","position":1,"name":"Home","item":"https:\/\/www.soaptec.biz\/"},{"@type":"ListItem","position":2,"name":"SECADOR","item":"https:\/\/www.soaptec.biz\/pt-pt\/secador\/"},{"@type":"ListItem","position":3,"name":"SEPARADOR DE P\u00d3"}]},{"@type":"WebSite","@id":"https:\/\/www.soaptec.biz\/#website","url":"https:\/\/www.soaptec.biz\/","name":"Soaptec","description":"","potentialAction":[{"@type":"SearchAction","target":{"@type":"EntryPoint","urlTemplate":"https:\/\/www.soaptec.biz\/?s={search_term_string}"},"query-input":{"@type":"PropertyValueSpecification","valueRequired":true,"valueName":"search_term_string"}}],"inLanguage":"pt-PT"}]}},"_links":{"self":[{"href":"https:\/\/www.soaptec.biz\/pt-pt\/wp-json\/wp\/v2\/pages\/271226","targetHints":{"allow":["GET"]}}],"collection":[{"href":"https:\/\/www.soaptec.biz\/pt-pt\/wp-json\/wp\/v2\/pages"}],"about":[{"href":"https:\/\/www.soaptec.biz\/pt-pt\/wp-json\/wp\/v2\/types\/page"}],"author":[{"embeddable":true,"href":"https:\/\/www.soaptec.biz\/pt-pt\/wp-json\/wp\/v2\/users\/1"}],"replies":[{"embeddable":true,"href":"https:\/\/www.soaptec.biz\/pt-pt\/wp-json\/wp\/v2\/comments?post=271226"}],"version-history":[{"count":2,"href":"https:\/\/www.soaptec.biz\/pt-pt\/wp-json\/wp\/v2\/pages\/271226\/revisions"}],"predecessor-version":[{"id":271358,"href":"https:\/\/www.soaptec.biz\/pt-pt\/wp-json\/wp\/v2\/pages\/271226\/revisions\/271358"}],"up":[{"embeddable":true,"href":"https:\/\/www.soaptec.biz\/pt-pt\/wp-json\/wp\/v2\/pages\/271213"}],"wp:attachment":[{"href":"https:\/\/www.soaptec.biz\/pt-pt\/wp-json\/wp\/v2\/media?parent=271226"}],"curies":[{"name":"wp","href":"https:\/\/api.w.org\/{rel}","templated":true}]}}