{"id":271219,"date":"2025-03-26T16:33:16","date_gmt":"2025-03-26T15:33:16","guid":{"rendered":"https:\/\/www.soaptec.biz\/secador\/arrefecedor-de-cilindros\/"},"modified":"2025-04-01T14:24:36","modified_gmt":"2025-04-01T12:24:36","slug":"arrefecedor-de-cilindros","status":"publish","type":"page","link":"https:\/\/www.soaptec.biz\/pt-pt\/secador\/arrefecedor-de-cilindros\/","title":{"rendered":"ARREFECEDOR DE CILINDROS"},"content":{"rendered":"<p>[et_pb_section fb_built=&#8221;1&#8243; custom_padding_last_edited=&#8221;on|phone&#8221; admin_label=&#8221;Boxy Header Module &#8211; Image 1920 x 1117 pixels&#8221; module_class=&#8221;header_8_f falkor&#8221; _builder_version=&#8221;4.16&#8243; background_color=&#8221;rgba(255,255,255,0)&#8221; background_image=&#8221;https:\/\/www.soaptec.biz\/wp-content\/uploads\/2021\/02\/Schermata-2021-02-19-alle-14.42.51.png&#8221; background_position=&#8221;top_center&#8221; background_enable_video_mp4=&#8221;off&#8221; background_video_width=&#8221;2000px&#8221; custom_padding=&#8221;14vw||14vw||true|&#8221; custom_padding_tablet=&#8221;100px||100px|&#8221; custom_padding_phone=&#8221;80px||80px|&#8221; custom_css_before=&#8221;  content: %22%22;|| display: block;|| position: absolute;|| top: 0;|| left: 0;|| width: 100%;|| height: 100%;|| background: #000000;|| opacity: 0.6;&#8221; custom_css_after=&#8221;content: %22%22;|| display: block;|| position: absolute;|| top: 0;|| left: 0;|| width: 100%;|| height: 100%;|| background: #000000;|| opacity: 0.2;&#8221; collapsed=&#8221;off&#8221; global_colors_info=&#8221;{}&#8221;][et_pb_row custom_padding_last_edited=&#8221;on|tablet&#8221; admin_label=&#8221;Boxy Header Module&#8221; module_class=&#8221;lines_ba et_pb_row_fullwidth&#8221; _builder_version=&#8221;4.16&#8243; background_size=&#8221;initial&#8221; background_position=&#8221;top_left&#8221; background_repeat=&#8221;repeat&#8221; width=&#8221;89%&#8221; width_tablet=&#8221;80%&#8221; width_phone=&#8221;&#8221; width_last_edited=&#8221;on|desktop&#8221; max_width=&#8221;89%&#8221; max_width_tablet=&#8221;80%&#8221; max_width_phone=&#8221;&#8221; max_width_last_edited=&#8221;on|desktop&#8221; custom_padding=&#8221;20px|0px|20px|0px&#8221; custom_padding_tablet=&#8221;0px|0px|0px|0px&#8221; custom_padding_phone=&#8221;&#8221; make_fullwidth=&#8221;on&#8221; global_colors_info=&#8221;{}&#8221;][et_pb_column type=&#8221;4_4&#8243; _builder_version=&#8221;4.16&#8243; background_position=&#8221;top_left&#8221; custom_padding=&#8221;|||&#8221; global_colors_info=&#8221;{}&#8221; custom_padding__hover=&#8221;|||&#8221;][et_pb_cta title=&#8221;ARREFECEDOR DE CILINDROS&#8221; admin_label=&#8221;Make It Awesome&#8221; _builder_version=&#8221;4.16&#8243; header_font=&#8221;Teko|500||on|||||&#8221; header_text_color=&#8221;#ffffff&#8221; header_font_size=&#8221;77px&#8221; header_line_height=&#8221;1.7em&#8221; body_font=&#8221;Teko||||||||&#8221; body_text_color=&#8221;#ffffff&#8221; body_font_size=&#8221;60px&#8221; body_line_height=&#8221;170%&#8221; use_background_color=&#8221;off&#8221; custom_button=&#8221;on&#8221; button_text_size=&#8221;16px&#8221; button_text_color=&#8221;#ffffff&#8221; button_bg_color=&#8221;rgba(0,0,0,0)&#8221; button_border_color=&#8221;#ffffff&#8221; button_border_radius=&#8221;0px&#8221; button_font=&#8221;Montserrat|on||on|&#8221; button_use_icon=&#8221;off&#8221; header_font_size_tablet=&#8221;50&#8243; header_font_size_phone=&#8221;36&#8243; header_font_size_last_edited=&#8221;on|phone&#8221; custom_css_promo_title=&#8221;line-height: 110% !important;|| position: relative;||padding: 32px 20px;|| display: block;||margin-bottom: 24px;&#8221; button_border_radius_hover=&#8221;0px&#8221; button_bg_color_hover=&#8221;rgba(0,0,0,0.3)&#8221; global_colors_info=&#8221;{}&#8221; button_text_size__hover_enabled=&#8221;off&#8221; button_one_text_size__hover_enabled=&#8221;off&#8221; button_two_text_size__hover_enabled=&#8221;off&#8221; button_text_color__hover_enabled=&#8221;off&#8221; button_one_text_color__hover_enabled=&#8221;off&#8221; button_two_text_color__hover_enabled=&#8221;off&#8221; button_border_width__hover_enabled=&#8221;off&#8221; button_one_border_width__hover_enabled=&#8221;off&#8221; button_two_border_width__hover_enabled=&#8221;off&#8221; button_border_color__hover_enabled=&#8221;off&#8221; button_one_border_color__hover_enabled=&#8221;off&#8221; button_two_border_color__hover_enabled=&#8221;off&#8221; button_border_radius__hover_enabled=&#8221;on&#8221; button_border_radius__hover=&#8221;0px&#8221; button_one_border_radius__hover_enabled=&#8221;off&#8221; button_two_border_radius__hover_enabled=&#8221;off&#8221; button_letter_spacing__hover_enabled=&#8221;off&#8221; button_one_letter_spacing__hover_enabled=&#8221;off&#8221; button_two_letter_spacing__hover_enabled=&#8221;off&#8221; button_bg_color__hover_enabled=&#8221;on&#8221; button_bg_color__hover=&#8221;rgba(0,0,0,0.3)&#8221; button_one_bg_color__hover_enabled=&#8221;off&#8221; button_two_bg_color__hover_enabled=&#8221;off&#8221;][\/et_pb_cta][\/et_pb_column][\/et_pb_row][\/et_pb_section][et_pb_section fb_built=&#8221;1&#8243; _builder_version=&#8221;4.16&#8243; _module_preset=&#8221;default&#8221; background_color=&#8221;#e2e2e2&#8243; custom_padding=&#8221;0px||15px|||&#8221; global_colors_info=&#8221;{}&#8221;][et_pb_row column_structure=&#8221;2_3,1_3&#8243; _builder_version=&#8221;4.16&#8243; _module_preset=&#8221;default&#8221; max_width=&#8221;1389px&#8221; custom_padding=&#8221;||0px|||&#8221; global_colors_info=&#8221;{}&#8221;][et_pb_column type=&#8221;2_3&#8243; _builder_version=&#8221;4.16&#8243; _module_preset=&#8221;default&#8221; global_colors_info=&#8221;{}&#8221;][et_pb_text _builder_version=&#8221;4.16&#8243; _module_preset=&#8221;default&#8221; text_font=&#8221;Teko|300||on|||||&#8221; text_text_color=&#8221;#1E2D3C&#8221; text_font_size=&#8221;44px&#8221; global_colors_info=&#8221;{}&#8221;]<\/p>\n<p>Fabricante de plantas de sab\u00e3o<\/p>\n<p>[\/et_pb_text][\/et_pb_column][et_pb_column type=&#8221;1_3&#8243; _builder_version=&#8221;4.16&#8243; _module_preset=&#8221;default&#8221; global_colors_info=&#8221;{}&#8221;][et_pb_button button_url=&#8221;https:\/\/www.soaptec.biz\/pt-pt\/contacto\/&#8221; button_text=&#8221;contacto&#8221; button_alignment=&#8221;right&#8221; button_alignment_tablet=&#8221;&#8221; button_alignment_phone=&#8221;left&#8221; button_alignment_last_edited=&#8221;on|phone&#8221; admin_label=&#8221;The Loser Button &#8211; Freddie&#8221; module_class=&#8221;freddie_button_the_loser&#8221; _builder_version=&#8221;4.27.4&#8243; custom_button=&#8221;on&#8221; button_text_size=&#8221;26px&#8221; button_text_color=&#8221;#1E2D3C&#8221; button_bg_color=&#8221;rgba(0,0,0,0)&#8221; button_border_width=&#8221;2px&#8221; button_border_color=&#8221;#000000&#8243; button_border_radius=&#8221;0px&#8221; button_font=&#8221;Teko|||on|||||&#8221; button_icon_placement=&#8221;left&#8221; button_on_hover=&#8221;off&#8221; custom_margin=&#8221;-17px||0px|||&#8221; custom_padding=&#8221;0px|26px|0px|26px|true|false&#8221; hover_enabled=&#8221;0&#8243; z_index_tablet=&#8221;500&#8243; custom_css_before=&#8221;content: %22%22 !important;||display: block !important;||position: absolute;||    z-index: -1;||    top: 0;||    left: 0;||    width: 0;||    height: 100%;||    background: #1E2D3C;||    transition: width .4s cubic-bezier(1,0,0,1);||    margin-left: 0 !important;&#8221; custom_css_main_element=&#8221;     letter-spacing: 0.3px;&#8221; locked=&#8221;off&#8221; global_colors_info=&#8221;{}&#8221; button_text_color__hover_enabled=&#8221;on&#8221; button_text_color__hover=&#8221;#ffffff&#8221; sticky_enabled=&#8221;0&#8243;][\/et_pb_button][\/et_pb_column][\/et_pb_row][\/et_pb_section][et_pb_section fb_built=&#8221;1&#8243; _builder_version=&#8221;4.16&#8243; _module_preset=&#8221;default&#8221; custom_padding=&#8221;27px||35px|||&#8221; global_colors_info=&#8221;{}&#8221;][et_pb_row _builder_version=&#8221;4.16&#8243; _module_preset=&#8221;default&#8221; max_width=&#8221;1416px&#8221; custom_padding=&#8221;17px|||||&#8221; global_colors_info=&#8221;{}&#8221;][et_pb_column type=&#8221;4_4&#8243; _builder_version=&#8221;4.16&#8243; _module_preset=&#8221;default&#8221; global_colors_info=&#8221;{}&#8221;][et_pb_text _builder_version=&#8221;4.16&#8243; _module_preset=&#8221;default&#8221; text_font=&#8221;Teko|300|||||||&#8221; text_font_size=&#8221;47px&#8221; header_font=&#8221;Teko|300|||||||&#8221; header_text_color=&#8221;#1E2D3C&#8221; header_font_size=&#8221;47px&#8221; animation_style=&#8221;zoom&#8221; global_colors_info=&#8221;{}&#8221;]<\/p>\n<p class=\"p1\" style=\"text-align: center;\"><span style=\"color: #e02b20;\">&#8212; ARREFECEDOR DE CILINDROS &#8212;<\/span><\/p>\n<h1 class=\"p1\" style=\"text-align: center;\"><strong>Refrigerador de cilindros para f\u00e1bricas de sab\u00e3o s\u00f3lido<\/strong><\/h1>\n<p>&nbsp;<\/p>\n<p>[\/et_pb_text][\/et_pb_column][\/et_pb_row][et_pb_row column_structure=&#8221;1_2,1_2&#8243; _builder_version=&#8221;4.16&#8243; _module_preset=&#8221;default&#8221; width=&#8221;86%&#8221; max_width=&#8221;1256px&#8221; global_colors_info=&#8221;{}&#8221;][et_pb_column type=&#8221;1_2&#8243; _builder_version=&#8221;4.16&#8243; _module_preset=&#8221;default&#8221; global_colors_info=&#8221;{}&#8221;][et_pb_text _builder_version=&#8221;4.16&#8243; _module_preset=&#8221;default&#8221; text_font=&#8221;Montserrat||||||||&#8221; text_orientation=&#8221;justified&#8221; animation_style=&#8221;zoom&#8221; global_colors_info=&#8221;{}&#8221;]Os arrefecedores de cilindros s\u00e3o m\u00e1quinas concebidas para arrefecer e solidificar o sab\u00e3o l\u00edquido, uma etapa essencial para completar o processo de fabrico do sab\u00e3o, com uma solu\u00e7\u00e3o econ\u00f3mica. A sua utiliza\u00e7\u00e3o permite, de facto, baixar o sab\u00e3o l\u00edquido, que nesta fase tem uma temperatura entre 80-90\u00b0C, para 38-40\u00b0C, permitindo a sua forma\u00e7\u00e3o em flocos. <\/p>\n<p>O sab\u00e3o obtido por este processo \u00e9 de melhor qualidade do que o obtido pelo m\u00e9todo cl\u00e1ssico, uma vez que esta t\u00e9cnica permite uma solidifica\u00e7\u00e3o uniforme do material e evita a forma\u00e7\u00e3o de part\u00edculas demasiado secas.[\/et_pb_text][\/et_pb_column][et_pb_column type=&#8221;1_2&#8243; _builder_version=&#8221;4.16&#8243; _module_preset=&#8221;default&#8221; global_colors_info=&#8221;{}&#8221;][et_pb_text _builder_version=&#8221;4.16&#8243; _module_preset=&#8221;default&#8221; text_font=&#8221;Montserrat||||||||&#8221; text_orientation=&#8221;justified&#8221; animation_style=&#8221;zoom&#8221; global_colors_info=&#8221;{}&#8221;]Soaptec concebe e fabrica refrigeradores de cilindros para f\u00e1bricas de sab\u00e3o s\u00f3lido personalizadas. A nossa equipa est\u00e1 \u00e0 disposi\u00e7\u00e3o do cliente para realizar solu\u00e7\u00f5es personalizadas compat\u00edveis tanto com f\u00e1bricas rec\u00e9m-constru\u00eddas como com m\u00e1quinas instaladas em f\u00e1bricas j\u00e1 existentes. A equipa tamb\u00e9m realiza opera\u00e7\u00f5es de montagem e arranque no local em todo o mundo.  [\/et_pb_text][\/et_pb_column][\/et_pb_row][\/et_pb_section][et_pb_section fb_built=&#8221;1&#8243; specialty=&#8221;on&#8221; _builder_version=&#8221;4.16&#8243; _module_preset=&#8221;default&#8221; background_color=&#8221;#f4f4f4&#8243; inner_max_width=&#8221;1300px&#8221; custom_padding=&#8221;0px|||||&#8221; global_colors_info=&#8221;{}&#8221;][et_pb_column type=&#8221;1_2&#8243; _builder_version=&#8221;4.16&#8243; custom_padding=&#8221;|||&#8221; global_colors_info=&#8221;{}&#8221; custom_padding__hover=&#8221;|||&#8221;][et_pb_image src=&#8221;https:\/\/www.soaptec.biz\/wp-content\/uploads\/2021\/01\/raffreddatore.png&#8221; title_text=&#8221;raffreddatore&#8221; _builder_version=&#8221;4.16&#8243; _module_preset=&#8221;default&#8221; width=&#8221;68%&#8221; module_alignment=&#8221;center&#8221; animation_style=&#8221;zoom&#8221; global_colors_info=&#8221;{}&#8221;][\/et_pb_image][\/et_pb_column][et_pb_column type=&#8221;1_2&#8243; specialty_columns=&#8221;2&#8243; _builder_version=&#8221;4.16&#8243; custom_padding=&#8221;|||&#8221; global_colors_info=&#8221;{}&#8221; custom_padding__hover=&#8221;|||&#8221;][et_pb_row_inner _builder_version=&#8221;4.16&#8243; _module_preset=&#8221;default&#8221; custom_padding=&#8221;||19px|||&#8221; global_colors_info=&#8221;{}&#8221;][et_pb_column_inner saved_specialty_column_type=&#8221;1_2&#8243; _builder_version=&#8221;4.16&#8243; _module_preset=&#8221;default&#8221; global_colors_info=&#8221;{}&#8221;][et_pb_text _builder_version=&#8221;4.16&#8243; _module_preset=&#8221;default&#8221; text_font=&#8221;Teko||||||||&#8221; text_font_size=&#8221;31px&#8221; header_font=&#8221;Teko|300|||||||&#8221; header_text_color=&#8221;#1E2D3C&#8221; header_font_size=&#8221;47px&#8221; header_2_font_size=&#8221;37px&#8221; custom_margin=&#8221;-22px|||||&#8221; animation_style=&#8221;slide&#8221; animation_direction=&#8221;right&#8221; global_colors_info=&#8221;{}&#8221;]<\/p>\n<h2 class=\"p1\" style=\"text-align: left;\"><strong>  Funcionamento dos refrigeradores de cilindros Soaptec<\/p>\n<p><\/strong><\/h2>\n<p>[\/et_pb_text][et_pb_text _builder_version=&#8221;4.16&#8243; _module_preset=&#8221;default&#8221; text_font=&#8221;Montserrat||||||||&#8221; text_orientation=&#8221;justified&#8221; custom_margin=&#8221;-37px||27px|||&#8221; animation_style=&#8221;slide&#8221; animation_direction=&#8221;right&#8221; global_colors_info=&#8221;{}&#8221;]Os refrigeradores de cilindros Soaptec s\u00e3o m\u00e1quinas compostas por dois cilindros refrigerados contra-rotativos de igual di\u00e2metro, suportados por uma estrutura externa. O sab\u00e3o l\u00edquido obtido do processo de saponifica\u00e7\u00e3o entra em contacto com os cilindros atrav\u00e9s de um funil de a\u00e7o inoxid\u00e1vel.   <\/p>\n<p>Para que a temperatura do sab\u00e3o baixe uniformemente, \u00e9 utilizada \u00e1gua fria, que passa por um sistema em espiral que percorre toda a superf\u00edcie dos cilindros. O l\u00edquido de arrefecimento pressurizado \u00e9 bombeado para o circuito atrav\u00e9s de um acoplamento rotativo. A temperatura pode ser controlada atrav\u00e9s de v\u00e1lvulas moduladoras.    <\/p>\n<p>O sab\u00e3o arrefecido \u00e9 reduzido a flocos por duas l\u00e2minas raspadoras com press\u00e3o ajust\u00e1vel. Os flocos caem num tapete transportador que alimenta a matriz duplex sob v\u00e1cuo. [\/et_pb_text][et_pb_divider color=&#8221;#e02b20&#8243; divider_weight=&#8221;5px&#8221; _builder_version=&#8221;4.16&#8243; _module_preset=&#8221;default&#8221; width=&#8221;8%&#8221; animation_style=&#8221;slide&#8221; global_colors_info=&#8221;{}&#8221;][\/et_pb_divider][et_pb_text _builder_version=&#8221;4.16&#8243; _module_preset=&#8221;default&#8221; text_font=&#8221;Teko||||||||&#8221; text_font_size=&#8221;31px&#8221; header_font=&#8221;Teko|300|||||||&#8221; header_text_color=&#8221;#1E2D3C&#8221; header_font_size=&#8221;47px&#8221; header_2_font_size=&#8221;37px&#8221; custom_margin=&#8221;-22px|||||&#8221; animation_style=&#8221;slide&#8221; animation_direction=&#8221;right&#8221; global_colors_info=&#8221;{}&#8221;]<\/p>\n<h2 class=\"p1\" style=\"text-align: left;\"><strong> Qualidade e especifica\u00e7\u00f5es<\/p>\n<p><\/strong><\/h2>\n<p>[\/et_pb_text][et_pb_text _builder_version=&#8221;4.16&#8243; _module_preset=&#8221;default&#8221; text_font=&#8221;Montserrat||||||||&#8221; text_orientation=&#8221;justified&#8221; custom_margin=&#8221;-37px||27px|||&#8221; animation_style=&#8221;slide&#8221; animation_direction=&#8221;right&#8221; global_colors_info=&#8221;{}&#8221;]Os refrigeradores de cilindros Soaptec s\u00e3o o resultado de anos de pesquisa da equipa de t\u00e9cnicos e engenheiros da nossa empresa e representam o melhor que o mercado tem para oferecer em termos de qualidade e tecnologia. As m\u00e1quinas s\u00e3o desenvolvidas de acordo com as normas mais comuns em vigor (ASME, Div. VIII, Sec. 1 e UNI) e podem ser certificadas a pedido do cliente. Al\u00e9m disso, todos os produtos s\u00e3o submetidos a controlos e testes antes de serem vendidos e instalados.  <\/p>\n<p>A equipa prestou muita aten\u00e7\u00e3o \u00e0 escolha dos materiais e equipamentos combinados com os refrigeradores, e a satisfa\u00e7\u00e3o dos clientes que os testaram confirma a qualidade do projeto.<\/p>\n<p>Os cilindros, elementos fundamentais da m\u00e1quina, s\u00e3o fabricados em a\u00e7o inoxid\u00e1vel AISI 304, dinamicamente equilibrados, com cavidades e serpentinas de arrefecimento. Efectuamos um teste hidr\u00e1ulico de 2 horas a 4 bar na superf\u00edcie interna dos cilindros para verificar a estanquicidade e a resist\u00eancia. <\/p>\n<p>Os dois raspadores s\u00e3o feitos de formiga e s\u00e3o montados no suporte da l\u00e2mina de a\u00e7o inoxid\u00e1vel com mola. A press\u00e3o da l\u00e2mina do raspador pode ser ajustada. <\/p>\n<p>O ecr\u00e3 t\u00e1til do arrefecedor de cilindros est\u00e1 integrado no painel de controlo geral, que est\u00e1 montado na m\u00e1quina. \u00c9 poss\u00edvel variar a velocidade de rota\u00e7\u00e3o dos dois cilindros por meio de um inversor.   <\/p>\n<p>A rota\u00e7\u00e3o oposta dos dois cilindros \u00e9 controlada por dois moto-redutores &#8220;Rossi&#8221; com capacidade de carga verificada segundo as normas UNI, DIN, AFNOR, AGMA e ISO.[\/et_pb_text][\/et_pb_column_inner][\/et_pb_row_inner][\/et_pb_column][\/et_pb_section]<\/p>\n","protected":false},"excerpt":{"rendered":"<p>Fabricante de plantas de sab\u00e3o&#8212; ARREFECEDOR DE CILINDROS &#8212; Refrigerador de cilindros para f\u00e1bricas de sab\u00e3o s\u00f3lido &nbsp;Os arrefecedores de cilindros s\u00e3o m\u00e1quinas concebidas para arrefecer e solidificar o sab\u00e3o l\u00edquido, uma etapa essencial para completar o processo de fabrico do sab\u00e3o, com uma solu\u00e7\u00e3o econ\u00f3mica. A sua utiliza\u00e7\u00e3o permite, de facto, baixar o sab\u00e3o [&hellip;]<\/p>\n","protected":false},"author":1,"featured_media":0,"parent":271213,"menu_order":0,"comment_status":"closed","ping_status":"closed","template":"","meta":{"_et_pb_use_builder":"on","_et_pb_old_content":"","_et_gb_content_width":"","footnotes":""},"class_list":["post-271219","page","type-page","status-publish","hentry"],"yoast_head":"<!-- This site is optimized with the Yoast SEO plugin v27.4 - https:\/\/yoast.com\/product\/yoast-seo-wordpress\/ -->\n<title>Refrigerador de cilindros para f\u00e1bricas de sab\u00e3o | Soaptec<\/title>\n<meta name=\"description\" content=\"Soaptec \u00e9 um fabricante de refrigeradores de cilindros para f\u00e1bricas de sab\u00e3o. N\u00f3s criamos componentes para f\u00e1bricas de todos os tipos.\" \/>\n<meta name=\"robots\" content=\"index, follow, max-snippet:-1, max-image-preview:large, max-video-preview:-1\" \/>\n<link rel=\"canonical\" href=\"https:\/\/www.soaptec.biz\/dryer\/raffreddatore-a-cilindri\/\" \/>\n<meta property=\"og:locale\" content=\"pt_PT\" \/>\n<meta property=\"og:type\" content=\"article\" \/>\n<meta property=\"og:title\" content=\"Refrigerador de cilindros para f\u00e1bricas de sab\u00e3o | Soaptec\" \/>\n<meta property=\"og:description\" content=\"Soaptec \u00e9 um fabricante de refrigeradores de cilindros para f\u00e1bricas de sab\u00e3o. N\u00f3s criamos componentes para f\u00e1bricas de todos os tipos.\" \/>\n<meta property=\"og:url\" content=\"https:\/\/www.soaptec.biz\/dryer\/raffreddatore-a-cilindri\/\" \/>\n<meta property=\"og:site_name\" content=\"Soaptec\" \/>\n<meta property=\"article:modified_time\" content=\"2025-04-01T12:24:36+00:00\" \/>\n<meta name=\"twitter:card\" content=\"summary_large_image\" \/>\n<meta name=\"twitter:label1\" content=\"Tempo estimado de leitura\" \/>\n\t<meta name=\"twitter:data1\" content=\"9 minutos\" \/>\n<script type=\"application\/ld+json\" class=\"yoast-schema-graph\">{\"@context\":\"https:\\\/\\\/schema.org\",\"@graph\":[{\"@type\":\"WebPage\",\"@id\":\"https:\\\/\\\/www.soaptec.biz\\\/dryer\\\/raffreddatore-a-cilindri\\\/\",\"url\":\"https:\\\/\\\/www.soaptec.biz\\\/dryer\\\/raffreddatore-a-cilindri\\\/\",\"name\":\"Refrigerador de cilindros para f\u00e1bricas de sab\u00e3o | Soaptec\",\"isPartOf\":{\"@id\":\"https:\\\/\\\/www.soaptec.biz\\\/#website\"},\"datePublished\":\"2025-03-26T15:33:16+00:00\",\"dateModified\":\"2025-04-01T12:24:36+00:00\",\"description\":\"Soaptec \u00e9 um fabricante de refrigeradores de cilindros para f\u00e1bricas de sab\u00e3o. N\u00f3s criamos componentes para f\u00e1bricas de todos os tipos.\",\"breadcrumb\":{\"@id\":\"https:\\\/\\\/www.soaptec.biz\\\/dryer\\\/raffreddatore-a-cilindri\\\/#breadcrumb\"},\"inLanguage\":\"pt-PT\",\"potentialAction\":[{\"@type\":\"ReadAction\",\"target\":[\"https:\\\/\\\/www.soaptec.biz\\\/dryer\\\/raffreddatore-a-cilindri\\\/\"]}]},{\"@type\":\"BreadcrumbList\",\"@id\":\"https:\\\/\\\/www.soaptec.biz\\\/dryer\\\/raffreddatore-a-cilindri\\\/#breadcrumb\",\"itemListElement\":[{\"@type\":\"ListItem\",\"position\":1,\"name\":\"Home\",\"item\":\"https:\\\/\\\/www.soaptec.biz\\\/\"},{\"@type\":\"ListItem\",\"position\":2,\"name\":\"SECADOR\",\"item\":\"https:\\\/\\\/www.soaptec.biz\\\/pt-pt\\\/secador\\\/\"},{\"@type\":\"ListItem\",\"position\":3,\"name\":\"ARREFECEDOR DE CILINDROS\"}]},{\"@type\":\"WebSite\",\"@id\":\"https:\\\/\\\/www.soaptec.biz\\\/#website\",\"url\":\"https:\\\/\\\/www.soaptec.biz\\\/\",\"name\":\"Soaptec\",\"description\":\"\",\"potentialAction\":[{\"@type\":\"SearchAction\",\"target\":{\"@type\":\"EntryPoint\",\"urlTemplate\":\"https:\\\/\\\/www.soaptec.biz\\\/?s={search_term_string}\"},\"query-input\":{\"@type\":\"PropertyValueSpecification\",\"valueRequired\":true,\"valueName\":\"search_term_string\"}}],\"inLanguage\":\"pt-PT\"}]}<\/script>\n<!-- \/ Yoast SEO plugin. -->","yoast_head_json":{"title":"Refrigerador de cilindros para f\u00e1bricas de sab\u00e3o | Soaptec","description":"Soaptec \u00e9 um fabricante de refrigeradores de cilindros para f\u00e1bricas de sab\u00e3o. N\u00f3s criamos componentes para f\u00e1bricas de todos os tipos.","robots":{"index":"index","follow":"follow","max-snippet":"max-snippet:-1","max-image-preview":"max-image-preview:large","max-video-preview":"max-video-preview:-1"},"canonical":"https:\/\/www.soaptec.biz\/dryer\/raffreddatore-a-cilindri\/","og_locale":"pt_PT","og_type":"article","og_title":"Refrigerador de cilindros para f\u00e1bricas de sab\u00e3o | Soaptec","og_description":"Soaptec \u00e9 um fabricante de refrigeradores de cilindros para f\u00e1bricas de sab\u00e3o. N\u00f3s criamos componentes para f\u00e1bricas de todos os tipos.","og_url":"https:\/\/www.soaptec.biz\/dryer\/raffreddatore-a-cilindri\/","og_site_name":"Soaptec","article_modified_time":"2025-04-01T12:24:36+00:00","twitter_card":"summary_large_image","twitter_misc":{"Tempo estimado de leitura":"9 minutos"},"schema":{"@context":"https:\/\/schema.org","@graph":[{"@type":"WebPage","@id":"https:\/\/www.soaptec.biz\/dryer\/raffreddatore-a-cilindri\/","url":"https:\/\/www.soaptec.biz\/dryer\/raffreddatore-a-cilindri\/","name":"Refrigerador de cilindros para f\u00e1bricas de sab\u00e3o | Soaptec","isPartOf":{"@id":"https:\/\/www.soaptec.biz\/#website"},"datePublished":"2025-03-26T15:33:16+00:00","dateModified":"2025-04-01T12:24:36+00:00","description":"Soaptec \u00e9 um fabricante de refrigeradores de cilindros para f\u00e1bricas de sab\u00e3o. N\u00f3s criamos componentes para f\u00e1bricas de todos os tipos.","breadcrumb":{"@id":"https:\/\/www.soaptec.biz\/dryer\/raffreddatore-a-cilindri\/#breadcrumb"},"inLanguage":"pt-PT","potentialAction":[{"@type":"ReadAction","target":["https:\/\/www.soaptec.biz\/dryer\/raffreddatore-a-cilindri\/"]}]},{"@type":"BreadcrumbList","@id":"https:\/\/www.soaptec.biz\/dryer\/raffreddatore-a-cilindri\/#breadcrumb","itemListElement":[{"@type":"ListItem","position":1,"name":"Home","item":"https:\/\/www.soaptec.biz\/"},{"@type":"ListItem","position":2,"name":"SECADOR","item":"https:\/\/www.soaptec.biz\/pt-pt\/secador\/"},{"@type":"ListItem","position":3,"name":"ARREFECEDOR DE CILINDROS"}]},{"@type":"WebSite","@id":"https:\/\/www.soaptec.biz\/#website","url":"https:\/\/www.soaptec.biz\/","name":"Soaptec","description":"","potentialAction":[{"@type":"SearchAction","target":{"@type":"EntryPoint","urlTemplate":"https:\/\/www.soaptec.biz\/?s={search_term_string}"},"query-input":{"@type":"PropertyValueSpecification","valueRequired":true,"valueName":"search_term_string"}}],"inLanguage":"pt-PT"}]}},"_links":{"self":[{"href":"https:\/\/www.soaptec.biz\/pt-pt\/wp-json\/wp\/v2\/pages\/271219","targetHints":{"allow":["GET"]}}],"collection":[{"href":"https:\/\/www.soaptec.biz\/pt-pt\/wp-json\/wp\/v2\/pages"}],"about":[{"href":"https:\/\/www.soaptec.biz\/pt-pt\/wp-json\/wp\/v2\/types\/page"}],"author":[{"embeddable":true,"href":"https:\/\/www.soaptec.biz\/pt-pt\/wp-json\/wp\/v2\/users\/1"}],"replies":[{"embeddable":true,"href":"https:\/\/www.soaptec.biz\/pt-pt\/wp-json\/wp\/v2\/comments?post=271219"}],"version-history":[{"count":1,"href":"https:\/\/www.soaptec.biz\/pt-pt\/wp-json\/wp\/v2\/pages\/271219\/revisions"}],"predecessor-version":[{"id":271335,"href":"https:\/\/www.soaptec.biz\/pt-pt\/wp-json\/wp\/v2\/pages\/271219\/revisions\/271335"}],"up":[{"embeddable":true,"href":"https:\/\/www.soaptec.biz\/pt-pt\/wp-json\/wp\/v2\/pages\/271213"}],"wp:attachment":[{"href":"https:\/\/www.soaptec.biz\/pt-pt\/wp-json\/wp\/v2\/media?parent=271219"}],"curies":[{"name":"wp","href":"https:\/\/api.w.org\/{rel}","templated":true}]}}