{"id":271216,"date":"2025-03-21T14:10:51","date_gmt":"2025-03-21T13:10:51","guid":{"rendered":"https:\/\/www.soaptec.biz\/secador\/grupo-vazio\/"},"modified":"2025-04-01T14:25:47","modified_gmt":"2025-04-01T12:25:47","slug":"grupo-vazio","status":"publish","type":"page","link":"https:\/\/www.soaptec.biz\/pt-pt\/secador\/grupo-vazio\/","title":{"rendered":"GRUPO VAZIO"},"content":{"rendered":"<p>[et_pb_section fb_built=&#8221;1&#8243; custom_padding_last_edited=&#8221;on|phone&#8221; admin_label=&#8221;Boxy Header Module &#8211; Image 1920 x 1117 pixels&#8221; module_class=&#8221;header_8_f falkor&#8221; _builder_version=&#8221;4.16&#8243; background_color=&#8221;rgba(255,255,255,0)&#8221; background_image=&#8221;https:\/\/www.soaptec.biz\/wp-content\/uploads\/2021\/02\/Vaccum-System.jpg&#8221; background_enable_video_mp4=&#8221;off&#8221; background_video_width=&#8221;2000px&#8221; custom_padding=&#8221;14vw||14vw||true|&#8221; custom_padding_tablet=&#8221;100px||100px|&#8221; custom_padding_phone=&#8221;80px||80px|&#8221; custom_css_before=&#8221;  content: %22%22;|| display: block;|| position: absolute;|| top: 0;|| left: 0;|| width: 100%;|| height: 100%;|| background: #000000;|| opacity: 0.6;&#8221; custom_css_after=&#8221;content: %22%22;|| display: block;|| position: absolute;|| top: 0;|| left: 0;|| width: 100%;|| height: 100%;|| background: #000000;|| opacity: 0.2;&#8221; collapsed=&#8221;off&#8221; global_colors_info=&#8221;{}&#8221;][et_pb_row custom_padding_last_edited=&#8221;on|tablet&#8221; admin_label=&#8221;Boxy Header Module&#8221; module_class=&#8221;lines_ba et_pb_row_fullwidth&#8221; _builder_version=&#8221;4.16&#8243; background_size=&#8221;initial&#8221; background_position=&#8221;top_left&#8221; background_repeat=&#8221;repeat&#8221; width=&#8221;89%&#8221; width_tablet=&#8221;80%&#8221; width_phone=&#8221;&#8221; width_last_edited=&#8221;on|desktop&#8221; max_width=&#8221;89%&#8221; max_width_tablet=&#8221;80%&#8221; max_width_phone=&#8221;&#8221; max_width_last_edited=&#8221;on|desktop&#8221; custom_padding=&#8221;20px|0px|20px|0px&#8221; custom_padding_tablet=&#8221;0px|0px|0px|0px&#8221; custom_padding_phone=&#8221;&#8221; make_fullwidth=&#8221;on&#8221; global_colors_info=&#8221;{}&#8221;][et_pb_column type=&#8221;4_4&#8243; _builder_version=&#8221;4.16&#8243; background_position=&#8221;top_left&#8221; custom_padding=&#8221;|||&#8221; global_colors_info=&#8221;{}&#8221; custom_padding__hover=&#8221;|||&#8221;][et_pb_cta title=&#8221;GRUPO VAZIO&#8221; admin_label=&#8221;Make It Awesome&#8221; _builder_version=&#8221;4.16&#8243; header_font=&#8221;Teko|500||on|||||&#8221; header_text_color=&#8221;#ffffff&#8221; header_font_size=&#8221;77px&#8221; header_line_height=&#8221;1.7em&#8221; body_font=&#8221;Teko||||||||&#8221; body_text_color=&#8221;#ffffff&#8221; body_font_size=&#8221;60px&#8221; body_line_height=&#8221;170%&#8221; use_background_color=&#8221;off&#8221; custom_button=&#8221;on&#8221; button_text_size=&#8221;16px&#8221; button_text_color=&#8221;#ffffff&#8221; button_bg_color=&#8221;rgba(0,0,0,0)&#8221; button_border_color=&#8221;#ffffff&#8221; button_border_radius=&#8221;0px&#8221; button_font=&#8221;Montserrat|on||on|&#8221; button_use_icon=&#8221;off&#8221; header_font_size_tablet=&#8221;50&#8243; header_font_size_phone=&#8221;36&#8243; header_font_size_last_edited=&#8221;on|phone&#8221; custom_css_promo_title=&#8221;line-height: 110% !important;|| position: relative;||padding: 32px 20px;|| display: block;||margin-bottom: 24px;&#8221; button_border_radius_hover=&#8221;0px&#8221; button_bg_color_hover=&#8221;rgba(0,0,0,0.3)&#8221; global_colors_info=&#8221;{}&#8221; button_text_size__hover_enabled=&#8221;off&#8221; button_one_text_size__hover_enabled=&#8221;off&#8221; button_two_text_size__hover_enabled=&#8221;off&#8221; button_text_color__hover_enabled=&#8221;off&#8221; button_one_text_color__hover_enabled=&#8221;off&#8221; button_two_text_color__hover_enabled=&#8221;off&#8221; button_border_width__hover_enabled=&#8221;off&#8221; button_one_border_width__hover_enabled=&#8221;off&#8221; button_two_border_width__hover_enabled=&#8221;off&#8221; button_border_color__hover_enabled=&#8221;off&#8221; button_one_border_color__hover_enabled=&#8221;off&#8221; button_two_border_color__hover_enabled=&#8221;off&#8221; button_border_radius__hover_enabled=&#8221;on&#8221; button_border_radius__hover=&#8221;0px&#8221; button_one_border_radius__hover_enabled=&#8221;off&#8221; button_two_border_radius__hover_enabled=&#8221;off&#8221; button_letter_spacing__hover_enabled=&#8221;off&#8221; button_one_letter_spacing__hover_enabled=&#8221;off&#8221; button_two_letter_spacing__hover_enabled=&#8221;off&#8221; button_bg_color__hover_enabled=&#8221;on&#8221; button_bg_color__hover=&#8221;rgba(0,0,0,0.3)&#8221; button_one_bg_color__hover_enabled=&#8221;off&#8221; button_two_bg_color__hover_enabled=&#8221;off&#8221;][\/et_pb_cta][\/et_pb_column][\/et_pb_row][\/et_pb_section][et_pb_section fb_built=&#8221;1&#8243; _builder_version=&#8221;4.16&#8243; _module_preset=&#8221;default&#8221; background_color=&#8221;#e2e2e2&#8243; custom_padding=&#8221;0px||15px|||&#8221; global_colors_info=&#8221;{}&#8221;][et_pb_row column_structure=&#8221;2_3,1_3&#8243; _builder_version=&#8221;4.16&#8243; _module_preset=&#8221;default&#8221; max_width=&#8221;1389px&#8221; custom_padding=&#8221;||0px|||&#8221; global_colors_info=&#8221;{}&#8221;][et_pb_column type=&#8221;2_3&#8243; _builder_version=&#8221;4.16&#8243; _module_preset=&#8221;default&#8221; global_colors_info=&#8221;{}&#8221;][et_pb_text _builder_version=&#8221;4.16&#8243; _module_preset=&#8221;default&#8221; text_font=&#8221;Teko|300||on|||||&#8221; text_text_color=&#8221;#1E2D3C&#8221; text_font_size=&#8221;44px&#8221; global_colors_info=&#8221;{}&#8221;]<\/p>\n<p>Fabricante de plantas de sab\u00e3o<\/p>\n<p>[\/et_pb_text][\/et_pb_column][et_pb_column type=&#8221;1_3&#8243; _builder_version=&#8221;4.16&#8243; _module_preset=&#8221;default&#8221; global_colors_info=&#8221;{}&#8221;][et_pb_button button_url=&#8221;https:\/\/www.soaptec.biz\/pt-pt\/contacto\/&#8221; button_text=&#8221;contacto&#8221; button_alignment=&#8221;right&#8221; button_alignment_tablet=&#8221;&#8221; button_alignment_phone=&#8221;left&#8221; button_alignment_last_edited=&#8221;on|phone&#8221; admin_label=&#8221;The Loser Button &#8211; Freddie&#8221; module_class=&#8221;freddie_button_the_loser&#8221; _builder_version=&#8221;4.27.4&#8243; custom_button=&#8221;on&#8221; button_text_size=&#8221;26px&#8221; button_text_color=&#8221;#1E2D3C&#8221; button_bg_color=&#8221;rgba(0,0,0,0)&#8221; button_border_width=&#8221;2px&#8221; button_border_color=&#8221;#000000&#8243; button_border_radius=&#8221;0px&#8221; button_font=&#8221;Teko|||on|||||&#8221; button_icon_placement=&#8221;left&#8221; button_on_hover=&#8221;off&#8221; custom_margin=&#8221;-17px||0px|||&#8221; custom_padding=&#8221;0px|26px|0px|26px|true|false&#8221; hover_enabled=&#8221;0&#8243; z_index_tablet=&#8221;500&#8243; custom_css_before=&#8221;content: %22%22 !important;||display: block !important;||position: absolute;||    z-index: -1;||    top: 0;||    left: 0;||    width: 0;||    height: 100%;||    background: #1E2D3C;||    transition: width .4s cubic-bezier(1,0,0,1);||    margin-left: 0 !important;&#8221; custom_css_main_element=&#8221;     letter-spacing: 0.3px;&#8221; locked=&#8221;off&#8221; global_colors_info=&#8221;{}&#8221; button_text_color__hover_enabled=&#8221;on&#8221; button_text_color__hover=&#8221;#ffffff&#8221; sticky_enabled=&#8221;0&#8243;][\/et_pb_button][\/et_pb_column][\/et_pb_row][\/et_pb_section][et_pb_section fb_built=&#8221;1&#8243; _builder_version=&#8221;4.16&#8243; _module_preset=&#8221;default&#8221; custom_padding=&#8221;27px||35px|||&#8221; global_colors_info=&#8221;{}&#8221;][et_pb_row _builder_version=&#8221;4.16&#8243; _module_preset=&#8221;default&#8221; width=&#8221;90%&#8221; max_width=&#8221;1340px&#8221; custom_padding=&#8221;17px|||||&#8221; global_colors_info=&#8221;{}&#8221;][et_pb_column type=&#8221;4_4&#8243; _builder_version=&#8221;4.16&#8243; _module_preset=&#8221;default&#8221; global_colors_info=&#8221;{}&#8221;][et_pb_text _builder_version=&#8221;4.16&#8243; _module_preset=&#8221;default&#8221; text_font=&#8221;Teko|300|||||||&#8221; text_font_size=&#8221;47px&#8221; header_font=&#8221;Teko|300|||||||&#8221; header_text_color=&#8221;#1E2D3C&#8221; header_font_size=&#8221;47px&#8221; animation_style=&#8221;zoom&#8221; global_colors_info=&#8221;{}&#8221;]<\/p>\n<p class=\"p1\" style=\"text-align: center;\"><span style=\"color: #e02b20;\">&#8212; GRUPO VAZIO &#8212;<\/span><\/p>\n<h1 class=\"p1\" style=\"text-align: center;\"><strong>Unidade de v\u00e1cuo para instala\u00e7\u00f5es de secagem de sab\u00e3o s\u00f3lido<\/strong><\/h1>\n<p>&nbsp;<\/p>\n<p>[\/et_pb_text][\/et_pb_column][\/et_pb_row][et_pb_row column_structure=&#8221;1_2,1_2&#8243; _builder_version=&#8221;4.16&#8243; _module_preset=&#8221;default&#8221; width=&#8221;86%&#8221; max_width=&#8221;1256px&#8221; custom_padding=&#8221;3px|||||&#8221; global_colors_info=&#8221;{}&#8221;][et_pb_column type=&#8221;1_2&#8243; _builder_version=&#8221;4.16&#8243; _module_preset=&#8221;default&#8221; global_colors_info=&#8221;{}&#8221;][et_pb_text _builder_version=&#8221;4.16&#8243; _module_preset=&#8221;default&#8221; text_font=&#8221;Montserrat||||||||&#8221; text_orientation=&#8221;justified&#8221; custom_margin=&#8221;||10px|||&#8221; animation_style=&#8221;zoom&#8221; global_colors_info=&#8221;{}&#8221;]Nos sistemas de secagem, a press\u00e3o residual deve ser inferior \u00e0 press\u00e3o atmosf\u00e9rica. Por esta carater\u00edstica, s\u00e3o definidos como v\u00e1cuo. <\/p>\n<p>A parte do sistema que \u00e9 respons\u00e1vel por manter a press\u00e3o residual nos n\u00edveis desejados \u00e9 chamada de unidade de v\u00e1cuo.<\/p>\n<p>A evacua\u00e7\u00e3o inicial do ar da instala\u00e7\u00e3o \u00e9 efectuada por meio de uma bomba de v\u00e1cuo de anel l\u00edquido. Durante o funcionamento normal, a mesma bomba continua a remover os n\u00e3o-condens\u00e1veis que entram na instala\u00e7\u00e3o. <\/p>\n<p>Os vapores que se libertam do sab\u00e3o devem ser condensados para manter n\u00edveis de press\u00e3o residual pr\u00e9-determinados. A temperatura de condensa\u00e7\u00e3o determina a press\u00e3o residual do sistema, que por sua vez determina a temperatura do sab\u00e3o seco. <\/p>\n<p>A unidade de v\u00e1cuo tradicional \u00e9 constitu\u00edda por uma bomba de v\u00e1cuo, que aspira o ar e outras subst\u00e2ncias n\u00e3o condens\u00e1veis, e por um condensador barom\u00e9trico, que condensa os vapores utilizando a \u00e1gua da torre de arrefecimento.  <\/p>\n<p>A temperatura da \u00e1gua da torre \u00e9 limitada pelas condi\u00e7\u00f5es clim\u00e1ticas locais (temperatura de bolbo h\u00famido), o que afecta o desempenho do sistema.[\/et_pb_text][\/et_pb_column][et_pb_column type=&#8221;1_2&#8243; _builder_version=&#8221;4.16&#8243; _module_preset=&#8221;default&#8221; global_colors_info=&#8221;{}&#8221;][et_pb_text _builder_version=&#8221;4.16&#8243; _module_preset=&#8221;default&#8221; text_font=&#8221;Montserrat||||||||&#8221; text_orientation=&#8221;justified&#8221; animation_style=&#8221;zoom&#8221; global_colors_info=&#8221;{}&#8221;]<\/p>\n<p>Para compensar este facto, s\u00e3o utilizados ejectores de vapor (tubo Venturi) que utilizam o vapor do motor para produzir v\u00e1cuo a montante. O vapor motor deve ser condensado no condensador barom\u00e9trico juntamente com os vapores libertados pelo sab\u00e3o. <\/p>\n<p>Os ejectores s\u00e3o os principais consumidores de vapor nas instala\u00e7\u00f5es de secagem que os requerem.<br \/>  A \u00e1gua da torre est\u00e1 em contacto com o sab\u00e3o transportado pelos vapores e, por isso, torna-se cada vez mais contaminada, at\u00e9 ao ponto em que a \u00e1gua tem de ser substitu\u00edda e a torre limpa.  <span style=\"font-size: 14px;\">A unidade Soaptec utiliza um condensador barom\u00e9trico que utiliza a \u00e1gua do circuito sujo em recircula\u00e7\u00e3o. Esta \u00e1gua troca calor com a \u00e1gua limpa atrav\u00e9s de um permutador de placas. A \u00e1gua limpa vem do refrigerador, que elimina o calor retirado da \u00e1gua suja.    <\/span><span style=\"font-size: 14px;\">Al\u00e9m disso, a presen\u00e7a do refrigerador permite um controlo preciso da temperatura de condensa\u00e7\u00e3o e, consequentemente, da temperatura do sab\u00e3o. Para o funcionamento destas m\u00e1quinas n\u00e3o s\u00e3o necess\u00e1rios ejectores e, consequentemente, vapor motor, nem torre de arrefecimento e respetivo consumo de \u00e1gua. <\/span><\/p>\n<p>A unidade de v\u00e1cuo n\u00e3o produz \u00e1gua polu\u00edda, uma vez que o condensado \u00e9 reciclado no processo de saponifica\u00e7\u00e3o. Al\u00e9m disso, o facto de n\u00e3o se utilizar vapor reduz significativamente a pegada ecol\u00f3gica da f\u00e1brica, uma vez que transfere todas as necessidades energ\u00e9ticas para a eletricidade, um recurso renov\u00e1vel. <\/p>\n<p>[\/et_pb_text][\/et_pb_column][\/et_pb_row][\/et_pb_section]<\/p>\n","protected":false},"excerpt":{"rendered":"<p>Fabricante de plantas de sab\u00e3o&#8212; GRUPO VAZIO &#8212; Unidade de v\u00e1cuo para instala\u00e7\u00f5es de secagem de sab\u00e3o s\u00f3lido &nbsp;Nos sistemas de secagem, a press\u00e3o residual deve ser inferior \u00e0 press\u00e3o atmosf\u00e9rica. Por esta carater\u00edstica, s\u00e3o definidos como v\u00e1cuo. A parte do sistema que \u00e9 respons\u00e1vel por manter a press\u00e3o residual nos n\u00edveis desejados \u00e9 chamada [&hellip;]<\/p>\n","protected":false},"author":1,"featured_media":0,"parent":271213,"menu_order":0,"comment_status":"closed","ping_status":"closed","template":"","meta":{"_et_pb_use_builder":"on","_et_pb_old_content":"","_et_gb_content_width":"","footnotes":""},"class_list":["post-271216","page","type-page","status-publish","hentry"],"yoast_head":"<!-- This site is optimized with the Yoast SEO plugin v27.4 - https:\/\/yoast.com\/product\/yoast-seo-wordpress\/ -->\n<title>Unidade de v\u00e1cuo para secador de sab\u00e3o s\u00f3lido | Soaptec<\/title>\n<meta name=\"description\" content=\"Soaptec \u00e9 um fabricante de unidades de v\u00e1cuo para instala\u00e7\u00f5es de secagem de sab\u00e3o s\u00f3lido. Realizamos instala\u00e7\u00f5es e componentes para projectos de todas as dimens\u00f5es.\" \/>\n<meta name=\"robots\" content=\"index, follow, max-snippet:-1, max-image-preview:large, max-video-preview:-1\" \/>\n<link rel=\"canonical\" href=\"https:\/\/www.soaptec.biz\/dryer\/gruppo-vuoto\/\" \/>\n<meta property=\"og:locale\" content=\"pt_PT\" \/>\n<meta property=\"og:type\" content=\"article\" \/>\n<meta property=\"og:title\" content=\"Unidade de v\u00e1cuo para secador de sab\u00e3o s\u00f3lido | Soaptec\" \/>\n<meta property=\"og:description\" content=\"Soaptec \u00e9 um fabricante de unidades de v\u00e1cuo para instala\u00e7\u00f5es de secagem de sab\u00e3o s\u00f3lido. Realizamos instala\u00e7\u00f5es e componentes para projectos de todas as dimens\u00f5es.\" \/>\n<meta property=\"og:url\" content=\"https:\/\/www.soaptec.biz\/dryer\/gruppo-vuoto\/\" \/>\n<meta property=\"og:site_name\" content=\"Soaptec\" \/>\n<meta property=\"article:modified_time\" content=\"2025-04-01T12:25:47+00:00\" \/>\n<meta name=\"twitter:card\" content=\"summary_large_image\" \/>\n<meta name=\"twitter:label1\" content=\"Tempo estimado de leitura\" \/>\n\t<meta name=\"twitter:data1\" content=\"7 minutos\" \/>\n<script type=\"application\/ld+json\" class=\"yoast-schema-graph\">{\"@context\":\"https:\\\/\\\/schema.org\",\"@graph\":[{\"@type\":\"WebPage\",\"@id\":\"https:\\\/\\\/www.soaptec.biz\\\/dryer\\\/gruppo-vuoto\\\/\",\"url\":\"https:\\\/\\\/www.soaptec.biz\\\/dryer\\\/gruppo-vuoto\\\/\",\"name\":\"Unidade de v\u00e1cuo para secador de sab\u00e3o s\u00f3lido | Soaptec\",\"isPartOf\":{\"@id\":\"https:\\\/\\\/www.soaptec.biz\\\/#website\"},\"datePublished\":\"2025-03-21T13:10:51+00:00\",\"dateModified\":\"2025-04-01T12:25:47+00:00\",\"description\":\"Soaptec \u00e9 um fabricante de unidades de v\u00e1cuo para instala\u00e7\u00f5es de secagem de sab\u00e3o s\u00f3lido. Realizamos instala\u00e7\u00f5es e componentes para projectos de todas as dimens\u00f5es.\",\"breadcrumb\":{\"@id\":\"https:\\\/\\\/www.soaptec.biz\\\/dryer\\\/gruppo-vuoto\\\/#breadcrumb\"},\"inLanguage\":\"pt-PT\",\"potentialAction\":[{\"@type\":\"ReadAction\",\"target\":[\"https:\\\/\\\/www.soaptec.biz\\\/dryer\\\/gruppo-vuoto\\\/\"]}]},{\"@type\":\"BreadcrumbList\",\"@id\":\"https:\\\/\\\/www.soaptec.biz\\\/dryer\\\/gruppo-vuoto\\\/#breadcrumb\",\"itemListElement\":[{\"@type\":\"ListItem\",\"position\":1,\"name\":\"Home\",\"item\":\"https:\\\/\\\/www.soaptec.biz\\\/\"},{\"@type\":\"ListItem\",\"position\":2,\"name\":\"SECADOR\",\"item\":\"https:\\\/\\\/www.soaptec.biz\\\/pt-pt\\\/secador\\\/\"},{\"@type\":\"ListItem\",\"position\":3,\"name\":\"GRUPO VAZIO\"}]},{\"@type\":\"WebSite\",\"@id\":\"https:\\\/\\\/www.soaptec.biz\\\/#website\",\"url\":\"https:\\\/\\\/www.soaptec.biz\\\/\",\"name\":\"Soaptec\",\"description\":\"\",\"potentialAction\":[{\"@type\":\"SearchAction\",\"target\":{\"@type\":\"EntryPoint\",\"urlTemplate\":\"https:\\\/\\\/www.soaptec.biz\\\/?s={search_term_string}\"},\"query-input\":{\"@type\":\"PropertyValueSpecification\",\"valueRequired\":true,\"valueName\":\"search_term_string\"}}],\"inLanguage\":\"pt-PT\"}]}<\/script>\n<!-- \/ Yoast SEO plugin. -->","yoast_head_json":{"title":"Unidade de v\u00e1cuo para secador de sab\u00e3o s\u00f3lido | Soaptec","description":"Soaptec \u00e9 um fabricante de unidades de v\u00e1cuo para instala\u00e7\u00f5es de secagem de sab\u00e3o s\u00f3lido. Realizamos instala\u00e7\u00f5es e componentes para projectos de todas as dimens\u00f5es.","robots":{"index":"index","follow":"follow","max-snippet":"max-snippet:-1","max-image-preview":"max-image-preview:large","max-video-preview":"max-video-preview:-1"},"canonical":"https:\/\/www.soaptec.biz\/dryer\/gruppo-vuoto\/","og_locale":"pt_PT","og_type":"article","og_title":"Unidade de v\u00e1cuo para secador de sab\u00e3o s\u00f3lido | Soaptec","og_description":"Soaptec \u00e9 um fabricante de unidades de v\u00e1cuo para instala\u00e7\u00f5es de secagem de sab\u00e3o s\u00f3lido. Realizamos instala\u00e7\u00f5es e componentes para projectos de todas as dimens\u00f5es.","og_url":"https:\/\/www.soaptec.biz\/dryer\/gruppo-vuoto\/","og_site_name":"Soaptec","article_modified_time":"2025-04-01T12:25:47+00:00","twitter_card":"summary_large_image","twitter_misc":{"Tempo estimado de leitura":"7 minutos"},"schema":{"@context":"https:\/\/schema.org","@graph":[{"@type":"WebPage","@id":"https:\/\/www.soaptec.biz\/dryer\/gruppo-vuoto\/","url":"https:\/\/www.soaptec.biz\/dryer\/gruppo-vuoto\/","name":"Unidade de v\u00e1cuo para secador de sab\u00e3o s\u00f3lido | Soaptec","isPartOf":{"@id":"https:\/\/www.soaptec.biz\/#website"},"datePublished":"2025-03-21T13:10:51+00:00","dateModified":"2025-04-01T12:25:47+00:00","description":"Soaptec \u00e9 um fabricante de unidades de v\u00e1cuo para instala\u00e7\u00f5es de secagem de sab\u00e3o s\u00f3lido. Realizamos instala\u00e7\u00f5es e componentes para projectos de todas as dimens\u00f5es.","breadcrumb":{"@id":"https:\/\/www.soaptec.biz\/dryer\/gruppo-vuoto\/#breadcrumb"},"inLanguage":"pt-PT","potentialAction":[{"@type":"ReadAction","target":["https:\/\/www.soaptec.biz\/dryer\/gruppo-vuoto\/"]}]},{"@type":"BreadcrumbList","@id":"https:\/\/www.soaptec.biz\/dryer\/gruppo-vuoto\/#breadcrumb","itemListElement":[{"@type":"ListItem","position":1,"name":"Home","item":"https:\/\/www.soaptec.biz\/"},{"@type":"ListItem","position":2,"name":"SECADOR","item":"https:\/\/www.soaptec.biz\/pt-pt\/secador\/"},{"@type":"ListItem","position":3,"name":"GRUPO VAZIO"}]},{"@type":"WebSite","@id":"https:\/\/www.soaptec.biz\/#website","url":"https:\/\/www.soaptec.biz\/","name":"Soaptec","description":"","potentialAction":[{"@type":"SearchAction","target":{"@type":"EntryPoint","urlTemplate":"https:\/\/www.soaptec.biz\/?s={search_term_string}"},"query-input":{"@type":"PropertyValueSpecification","valueRequired":true,"valueName":"search_term_string"}}],"inLanguage":"pt-PT"}]}},"_links":{"self":[{"href":"https:\/\/www.soaptec.biz\/pt-pt\/wp-json\/wp\/v2\/pages\/271216","targetHints":{"allow":["GET"]}}],"collection":[{"href":"https:\/\/www.soaptec.biz\/pt-pt\/wp-json\/wp\/v2\/pages"}],"about":[{"href":"https:\/\/www.soaptec.biz\/pt-pt\/wp-json\/wp\/v2\/types\/page"}],"author":[{"embeddable":true,"href":"https:\/\/www.soaptec.biz\/pt-pt\/wp-json\/wp\/v2\/users\/1"}],"replies":[{"embeddable":true,"href":"https:\/\/www.soaptec.biz\/pt-pt\/wp-json\/wp\/v2\/comments?post=271216"}],"version-history":[{"count":1,"href":"https:\/\/www.soaptec.biz\/pt-pt\/wp-json\/wp\/v2\/pages\/271216\/revisions"}],"predecessor-version":[{"id":271345,"href":"https:\/\/www.soaptec.biz\/pt-pt\/wp-json\/wp\/v2\/pages\/271216\/revisions\/271345"}],"up":[{"embeddable":true,"href":"https:\/\/www.soaptec.biz\/pt-pt\/wp-json\/wp\/v2\/pages\/271213"}],"wp:attachment":[{"href":"https:\/\/www.soaptec.biz\/pt-pt\/wp-json\/wp\/v2\/media?parent=271216"}],"curies":[{"name":"wp","href":"https:\/\/api.w.org\/{rel}","templated":true}]}}