{"id":271213,"date":"2025-03-21T14:05:52","date_gmt":"2025-03-21T13:05:52","guid":{"rendered":"https:\/\/www.soaptec.biz\/secador\/"},"modified":"2025-03-21T14:05:52","modified_gmt":"2025-03-21T13:05:52","slug":"secador","status":"publish","type":"page","link":"https:\/\/www.soaptec.biz\/pt-pt\/secador\/","title":{"rendered":"SECADOR"},"content":{"rendered":"<p>[et_pb_section fb_built=&#8221;1&#8243; custom_padding_last_edited=&#8221;on|phone&#8221; admin_label=&#8221;Boxy Header Module &#8211; Image 1920 x 1117 pixels&#8221; module_class=&#8221;header_8_f falkor&#8221; _builder_version=&#8221;4.7.7&#8243; background_color=&#8221;rgba(255,255,255,0)&#8221; background_image=&#8221;https:\/\/www.soaptec.biz\/wp-content\/uploads\/2021\/02\/Dryer-plant.jpg&#8221; background_position=&#8221;bottom_center&#8221; background_enable_video_mp4=&#8221;off&#8221; background_video_width=&#8221;2000px&#8221; custom_padding=&#8221;14vw||14vw||true|&#8221; custom_padding_tablet=&#8221;100px||100px|&#8221; custom_padding_phone=&#8221;80px||80px|&#8221; custom_css_before=&#8221;  content: %22%22;|| display: block;|| position: absolute;|| top: 0;|| left: 0;|| width: 100%;|| height: 100%;|| background: #000000;|| opacity: 0.6;&#8221; custom_css_after=&#8221;content: %22%22;|| display: block;|| position: absolute;|| top: 0;|| left: 0;|| width: 100%;|| height: 100%;|| background: #000000;|| opacity: 0.2;&#8221; collapsed=&#8221;off&#8221;][et_pb_row custom_padding_last_edited=&#8221;on|tablet&#8221; admin_label=&#8221;Boxy Header Module&#8221; module_class=&#8221;lines_ba et_pb_row_fullwidth&#8221; _builder_version=&#8221;4.7.1&#8243; background_size=&#8221;initial&#8221; background_position=&#8221;top_left&#8221; background_repeat=&#8221;repeat&#8221; width=&#8221;89%&#8221; width_tablet=&#8221;80%&#8221; width_phone=&#8221;&#8221; width_last_edited=&#8221;on|desktop&#8221; max_width=&#8221;89%&#8221; max_width_tablet=&#8221;80%&#8221; max_width_phone=&#8221;&#8221; max_width_last_edited=&#8221;on|desktop&#8221; custom_padding=&#8221;20px|0px|20px|0px&#8221; custom_padding_tablet=&#8221;0px|0px|0px|0px&#8221; custom_padding_phone=&#8221;&#8221; make_fullwidth=&#8221;on&#8221;][et_pb_column type=&#8221;4_4&#8243; _builder_version=&#8221;3.25&#8243; background_position=&#8221;top_left&#8221; custom_padding=&#8221;|||&#8221; custom_padding__hover=&#8221;|||&#8221;][et_pb_cta title=&#8221;SECADOR&#8221; admin_label=&#8221;Make It Awesome&#8221; _builder_version=&#8221;4.7.7&#8243; header_font=&#8221;Teko|500||on|||||&#8221; header_text_color=&#8221;#ffffff&#8221; header_font_size=&#8221;77px&#8221; header_line_height=&#8221;1.7em&#8221; body_font=&#8221;Teko||||||||&#8221; body_text_color=&#8221;#ffffff&#8221; body_font_size=&#8221;60px&#8221; body_line_height=&#8221;170%&#8221; use_background_color=&#8221;off&#8221; custom_button=&#8221;on&#8221; button_text_size=&#8221;16px&#8221; button_text_color=&#8221;#ffffff&#8221; button_bg_color=&#8221;rgba(0,0,0,0)&#8221; button_border_color=&#8221;#ffffff&#8221; button_border_radius=&#8221;0px&#8221; button_font=&#8221;Montserrat|on||on|&#8221; button_use_icon=&#8221;off&#8221; header_font_size_tablet=&#8221;50&#8243; header_font_size_phone=&#8221;36&#8243; header_font_size_last_edited=&#8221;on|phone&#8221; custom_css_promo_title=&#8221;line-height: 110% !important;|| position: relative;||padding: 32px 20px;|| display: block;||margin-bottom: 24px;&#8221; button_border_radius_hover=&#8221;0px&#8221; button_bg_color_hover=&#8221;rgba(0,0,0,0.3)&#8221; button_text_size__hover_enabled=&#8221;off&#8221; button_one_text_size__hover_enabled=&#8221;off&#8221; button_two_text_size__hover_enabled=&#8221;off&#8221; button_text_color__hover_enabled=&#8221;off&#8221; button_one_text_color__hover_enabled=&#8221;off&#8221; button_two_text_color__hover_enabled=&#8221;off&#8221; button_border_width__hover_enabled=&#8221;off&#8221; button_one_border_width__hover_enabled=&#8221;off&#8221; button_two_border_width__hover_enabled=&#8221;off&#8221; button_border_color__hover_enabled=&#8221;off&#8221; button_one_border_color__hover_enabled=&#8221;off&#8221; button_two_border_color__hover_enabled=&#8221;off&#8221; button_border_radius__hover_enabled=&#8221;on&#8221; button_border_radius__hover=&#8221;0px&#8221; button_one_border_radius__hover_enabled=&#8221;off&#8221; button_two_border_radius__hover_enabled=&#8221;off&#8221; button_letter_spacing__hover_enabled=&#8221;off&#8221; button_one_letter_spacing__hover_enabled=&#8221;off&#8221; button_two_letter_spacing__hover_enabled=&#8221;off&#8221; button_bg_color__hover_enabled=&#8221;on&#8221; button_bg_color__hover=&#8221;rgba(0,0,0,0.3)&#8221; button_one_bg_color__hover_enabled=&#8221;off&#8221; button_two_bg_color__hover_enabled=&#8221;off&#8221;][\/et_pb_cta][\/et_pb_column][\/et_pb_row][\/et_pb_section][et_pb_section fb_built=&#8221;1&#8243; _builder_version=&#8221;4.7.1&#8243; _module_preset=&#8221;default&#8221; background_color=&#8221;#e2e2e2&#8243; custom_padding=&#8221;0px||15px|||&#8221;][et_pb_row column_structure=&#8221;2_3,1_3&#8243; _builder_version=&#8221;4.7.1&#8243; _module_preset=&#8221;default&#8221; max_width=&#8221;1389px&#8221; custom_padding=&#8221;||0px|||&#8221;][et_pb_column type=&#8221;2_3&#8243; _builder_version=&#8221;4.7.1&#8243; _module_preset=&#8221;default&#8221;][et_pb_text _builder_version=&#8221;4.7.1&#8243; _module_preset=&#8221;default&#8221; text_font=&#8221;Teko|300||on|||||&#8221; text_text_color=&#8221;#1E2D3C&#8221; text_font_size=&#8221;44px&#8221;]<\/p>\n<p>Fabricante de plantas de sab\u00e3o<\/p>\n<p>[\/et_pb_text][\/et_pb_column][et_pb_column type=&#8221;1_3&#8243; _builder_version=&#8221;4.7.1&#8243; _module_preset=&#8221;default&#8221;][et_pb_button button_url=&#8221;https:\/\/www.soaptec.biz\/contatti&#8221; button_text=&#8221;contattaci&#8221; button_alignment=&#8221;right&#8221; admin_label=&#8221;The Loser Button &#8211; Freddie&#8221; module_class=&#8221;freddie_button_the_loser&#8221; _builder_version=&#8221;4.9.1&#8243; custom_button=&#8221;on&#8221; button_text_size=&#8221;26px&#8221; button_text_color=&#8221;#1E2D3C&#8221; button_bg_color=&#8221;rgba(0,0,0,0)&#8221; button_border_width=&#8221;2px&#8221; button_border_color=&#8221;#000000&#8243; button_border_radius=&#8221;0px&#8221; button_font=&#8221;Teko|||on|||||&#8221; button_icon_placement=&#8221;left&#8221; button_on_hover=&#8221;off&#8221; custom_margin=&#8221;-17px||0px|||&#8221; custom_padding=&#8221;0px|26px|0px|26px|true|false&#8221; z_index_tablet=&#8221;500&#8243; custom_css_before=&#8221;content: %22%22 !important;||display: block !important;||position: absolute;||    z-index: -1;||    top: 0;||    left: 0;||    width: 0;||    height: 100%;||    background: #1E2D3C;||    transition: width .4s cubic-bezier(1,0,0,1);||    margin-left: 0 !important;&#8221; custom_css_main_element=&#8221;     letter-spacing: 0.3px;&#8221; saved_tabs=&#8221;all&#8221; button_text_color__hover_enabled=&#8221;on&#8221; button_text_color__hover=&#8221;#ffffff&#8221;]<\/p>\n<p>[\/et_pb_button][\/et_pb_column][\/et_pb_row][\/et_pb_section][et_pb_section fb_built=&#8221;1&#8243; _builder_version=&#8221;4.7.1&#8243; _module_preset=&#8221;default&#8221; custom_padding=&#8221;27px||35px|||&#8221;][et_pb_row _builder_version=&#8221;4.7.7&#8243; _module_preset=&#8221;default&#8221; width=&#8221;90%&#8221; max_width=&#8221;1340px&#8221; custom_padding=&#8221;17px|||||&#8221;][et_pb_column type=&#8221;4_4&#8243; _builder_version=&#8221;4.7.1&#8243; _module_preset=&#8221;default&#8221;][et_pb_text _builder_version=&#8221;4.9.1&#8243; _module_preset=&#8221;default&#8221; header_font=&#8221;Teko|300|||||||&#8221; header_text_color=&#8221;#1E2D3C&#8221; header_font_size=&#8221;47px&#8221; animation_style=&#8221;zoom&#8221; hover_enabled=&#8221;0&#8243; text_font=&#8221;Teko|300|||||||&#8221; text_font_size=&#8221;47px&#8221; sticky_enabled=&#8221;0&#8243;]<\/p>\n<p class=\"p1\" style=\"text-align: center;\"><span style=\"color: #e02b20;\">&#8212; SECADOR &#8212;<\/span><\/p>\n<p class=\"p1\" style=\"text-align: center;\"><span style=\"color: #e02b20;\"><\/span><\/p>\n<h1 class=\"p1\" style=\"text-align: center;\"><strong>Secador para instala\u00e7\u00f5es de secagem de sab\u00e3o s\u00f3lido<br \/><\/strong><\/h1>\n<p>[\/et_pb_text][\/et_pb_column][\/et_pb_row][et_pb_row column_structure=&#8221;1_2,1_2&#8243; _builder_version=&#8221;4.7.1&#8243; _module_preset=&#8221;default&#8221; width=&#8221;86%&#8221; max_width=&#8221;1256px&#8221; custom_padding=&#8221;3px|||||&#8221;][et_pb_column type=&#8221;1_2&#8243; _builder_version=&#8221;4.7.1&#8243; _module_preset=&#8221;default&#8221;][et_pb_text _builder_version=&#8221;4.7.7&#8243; _module_preset=&#8221;default&#8221; text_font=&#8221;Montserrat||||||||&#8221; text_orientation=&#8221;justified&#8221; custom_margin=&#8221;||10px|||&#8221; animation_style=&#8221;zoom&#8221;]<\/p>\n<p>O sab\u00e3o de saponifica\u00e7\u00e3o (Sab\u00e3o puro) \u00e9 l\u00edquido e quente. A percentagem de \u00e1gua contida nele \u00e9 de cerca de 32% e a sua temperatura \u00e9 de cerca de 90\u00b0C. <br \/>  Na fase final de processamento, o sab\u00e3o de casa de banho tem uma percentagem de \u00e1gua de cerca de 13% e uma temperatura de 35-40\u00b0C. No sab\u00e3o para roupa, por outro lado, a percentagem de \u00e1gua \u00e9 mais elevada, cerca de 20-25%, pelo que deve ser processado a temperaturas mais baixas, cerca de 20\u00b0C, para manter o grau de plasticidade intacto. <\/p>\n<p>O secador \u00e9 uma m\u00e1quina que atinge os par\u00e2metros certos, tanto em termos de percentagem de \u00e1gua como de temperatura, num \u00fanico processo, gra\u00e7as \u00e0 evapora\u00e7\u00e3o a v\u00e1cuo.<\/p>\n<p>O mecanismo f\u00edsico do sistema de secagem \u00e9 simples: o sab\u00e3o puro quente e h\u00famido \u00e9 introduzido num ambiente com menor press\u00e3o. Para atingir o equil\u00edbrio, a \u00e1gua em excesso evapora-se. <\/p>\n<p>[\/et_pb_text][et_pb_image src=&#8221;https:\/\/www.soaptec.biz\/wp-content\/uploads\/2020\/12\/Dryer-1024&#215;655-1.jpg&#8221; title_text=&#8221;Dryer-1024&#215;655&#8243; _builder_version=&#8221;4.7.7&#8243; _module_preset=&#8221;default&#8221; animation_style=&#8221;zoom&#8221;][\/et_pb_image][et_pb_text _builder_version=&#8221;4.7.7&#8243; _module_preset=&#8221;default&#8221; text_font=&#8221;Montserrat||||||||&#8221; text_orientation=&#8221;justified&#8221; animation_style=&#8221;zoom&#8221;][\/et_pb_text][\/et_pb_column][et_pb_column type=&#8221;1_2&#8243; _builder_version=&#8221;4.7.1&#8243; _module_preset=&#8221;default&#8221;][et_pb_text _builder_version=&#8221;4.7.7&#8243; _module_preset=&#8221;default&#8221; text_font=&#8221;Montserrat||||||||&#8221; text_orientation=&#8221;justified&#8221; animation_style=&#8221;zoom&#8221;]<\/p>\n<p>Em pormenor, o processo \u00e9 o seguinte: o sab\u00e3o l\u00edquido (sab\u00e3o puro) proveniente do processo de saponifica\u00e7\u00e3o \u00e9 enviado para o atomizador atrav\u00e9s de um permutador de calor de casco e tubo. O objetivo desta m\u00e1quina \u00e9 regular (aumentar) a temperatura do sab\u00e3o e tamb\u00e9m pr\u00e9-evaporar uma certa quantidade de \u00e1gua, se o balan\u00e7o de massa assim o exigir. <br \/>  As condi\u00e7\u00f5es no interior do atomizador s\u00e3o tais que o sab\u00e3o liberta o excesso de humidade e atinge a temperatura desejada.<span style=\"font-size: 14px;\"><\/span><\/p>\n<p><span style=\"font-size: 14px;\">O condensador de contacto direto recebe os vapores do sistema e condensa-os com uma quantidade de \u00e1gua fria pulverizada atrav\u00e9s de um conjunto de bicos na cabe\u00e7a da unidade.<\/span><\/p>\n<p>Esta \u00e1gua (com o condensado rec\u00e9m-formado) sofre um aumento de temperatura devido \u00e0 absor\u00e7\u00e3o do calor de condensa\u00e7\u00e3o dos vapores do sistema. A \u00e1gua \u00e9 recirculada \u00e0 volta do condensador atrav\u00e9s de um permutador de calor no qual cede este excesso de calor \u00e0 \u00e1gua fria produzida por um chiller, que circula em contra-fluxo. <\/p>\n<p><span style=\"font-size: 14px;\">Este sistema oferece um controlo quase total da temperatura de condensa\u00e7\u00e3o, garantindo assim os n\u00edveis de press\u00e3o residual necess\u00e1rios.  <\/span><span style=\"font-size: 14px;\">O excesso de \u00e1gua de recircula\u00e7\u00e3o (o condensado) \u00e9 removido atrav\u00e9s de um sistema de manuten\u00e7\u00e3o de n\u00edvel no condensador.<\/span><\/p>\n<p><span style=\"font-size: 14px;\">Ao separar os dois circuitos (\u00e1gua polu\u00edda da f\u00e1brica\/\u00e1gua limpa do refrigerador), evita-se a polui\u00e7\u00e3o ambiental. O condensado eliminado \u00e9 recuperado na saponifica\u00e7\u00e3o.   <\/span><span style=\"font-size: 14px;\">Quaisquer subst\u00e2ncias n\u00e3o condens\u00e1veis, como a infiltra\u00e7\u00e3o de ar, s\u00e3o removidas pela bomba de v\u00e1cuo.<\/span><\/p>\n<p><strong>A pedido, podemos ainda fornecer unidades de v\u00e1cuo convencionais com ejectores de vapor e torres de arrefecimento.<\/strong><\/p>\n<p>[\/et_pb_text][\/et_pb_column][\/et_pb_row][\/et_pb_section]<\/p>\n","protected":false},"excerpt":{"rendered":"<p>Fabricante de plantas de sab\u00e3o &#8212; SECADOR &#8212; Secador para instala\u00e7\u00f5es de secagem de sab\u00e3o s\u00f3lidoO sab\u00e3o de saponifica\u00e7\u00e3o (Sab\u00e3o puro) \u00e9 l\u00edquido e quente. A percentagem de \u00e1gua contida nele \u00e9 de cerca de 32% e a sua temperatura \u00e9 de cerca de 90\u00b0C. Na fase final de processamento, o sab\u00e3o de casa de [&hellip;]<\/p>\n","protected":false},"author":1,"featured_media":0,"parent":0,"menu_order":0,"comment_status":"closed","ping_status":"closed","template":"","meta":{"_et_pb_use_builder":"on","_et_pb_old_content":"","_et_gb_content_width":"","footnotes":""},"class_list":["post-271213","page","type-page","status-publish","hentry"],"yoast_head":"<!-- This site is optimized with the Yoast SEO plugin v27.4 - https:\/\/yoast.com\/product\/yoast-seo-wordpress\/ -->\n<title>Fabricante de equipamentos de secagem de sab\u00e3o s\u00f3lido | Soaptec<\/title>\n<meta name=\"description\" content=\"Soaptec \u00e9 um fabricante de instala\u00e7\u00f5es de secagem de sab\u00e3o s\u00f3lido. N\u00f3s criamos plantas e componentes para projetos de todos os tipos.\" \/>\n<meta name=\"robots\" content=\"index, follow, max-snippet:-1, max-image-preview:large, max-video-preview:-1\" \/>\n<link rel=\"canonical\" href=\"https:\/\/www.soaptec.biz\/pt-pt\/secador\/\" \/>\n<meta property=\"og:locale\" content=\"pt_PT\" \/>\n<meta property=\"og:type\" content=\"article\" \/>\n<meta property=\"og:title\" content=\"Fabricante de equipamentos de secagem de sab\u00e3o s\u00f3lido | Soaptec\" \/>\n<meta property=\"og:description\" content=\"Soaptec \u00e9 um fabricante de instala\u00e7\u00f5es de secagem de sab\u00e3o s\u00f3lido. N\u00f3s criamos plantas e componentes para projetos de todos os tipos.\" \/>\n<meta property=\"og:url\" content=\"https:\/\/www.soaptec.biz\/pt-pt\/secador\/\" \/>\n<meta property=\"og:site_name\" content=\"Soaptec\" \/>\n<meta name=\"twitter:card\" content=\"summary_large_image\" \/>\n<meta name=\"twitter:label1\" content=\"Tempo estimado de leitura\" \/>\n\t<meta name=\"twitter:data1\" content=\"7 minutos\" \/>\n<script type=\"application\/ld+json\" class=\"yoast-schema-graph\">{\"@context\":\"https:\\\/\\\/schema.org\",\"@graph\":[{\"@type\":\"WebPage\",\"@id\":\"https:\\\/\\\/www.soaptec.biz\\\/pt-pt\\\/secador\\\/\",\"url\":\"https:\\\/\\\/www.soaptec.biz\\\/pt-pt\\\/secador\\\/\",\"name\":\"Fabricante de equipamentos de secagem de sab\u00e3o s\u00f3lido | Soaptec\",\"isPartOf\":{\"@id\":\"https:\\\/\\\/www.soaptec.biz\\\/#website\"},\"datePublished\":\"2025-03-21T13:05:52+00:00\",\"description\":\"Soaptec \u00e9 um fabricante de instala\u00e7\u00f5es de secagem de sab\u00e3o s\u00f3lido. N\u00f3s criamos plantas e componentes para projetos de todos os tipos.\",\"breadcrumb\":{\"@id\":\"https:\\\/\\\/www.soaptec.biz\\\/pt-pt\\\/secador\\\/#breadcrumb\"},\"inLanguage\":\"pt-PT\",\"potentialAction\":[{\"@type\":\"ReadAction\",\"target\":[\"https:\\\/\\\/www.soaptec.biz\\\/pt-pt\\\/secador\\\/\"]}]},{\"@type\":\"BreadcrumbList\",\"@id\":\"https:\\\/\\\/www.soaptec.biz\\\/pt-pt\\\/secador\\\/#breadcrumb\",\"itemListElement\":[{\"@type\":\"ListItem\",\"position\":1,\"name\":\"Home\",\"item\":\"https:\\\/\\\/www.soaptec.biz\\\/\"},{\"@type\":\"ListItem\",\"position\":2,\"name\":\"SECADOR\"}]},{\"@type\":\"WebSite\",\"@id\":\"https:\\\/\\\/www.soaptec.biz\\\/#website\",\"url\":\"https:\\\/\\\/www.soaptec.biz\\\/\",\"name\":\"Soaptec\",\"description\":\"\",\"potentialAction\":[{\"@type\":\"SearchAction\",\"target\":{\"@type\":\"EntryPoint\",\"urlTemplate\":\"https:\\\/\\\/www.soaptec.biz\\\/?s={search_term_string}\"},\"query-input\":{\"@type\":\"PropertyValueSpecification\",\"valueRequired\":true,\"valueName\":\"search_term_string\"}}],\"inLanguage\":\"pt-PT\"}]}<\/script>\n<!-- \/ Yoast SEO plugin. -->","yoast_head_json":{"title":"Fabricante de equipamentos de secagem de sab\u00e3o s\u00f3lido | Soaptec","description":"Soaptec \u00e9 um fabricante de instala\u00e7\u00f5es de secagem de sab\u00e3o s\u00f3lido. N\u00f3s criamos plantas e componentes para projetos de todos os tipos.","robots":{"index":"index","follow":"follow","max-snippet":"max-snippet:-1","max-image-preview":"max-image-preview:large","max-video-preview":"max-video-preview:-1"},"canonical":"https:\/\/www.soaptec.biz\/pt-pt\/secador\/","og_locale":"pt_PT","og_type":"article","og_title":"Fabricante de equipamentos de secagem de sab\u00e3o s\u00f3lido | Soaptec","og_description":"Soaptec \u00e9 um fabricante de instala\u00e7\u00f5es de secagem de sab\u00e3o s\u00f3lido. N\u00f3s criamos plantas e componentes para projetos de todos os tipos.","og_url":"https:\/\/www.soaptec.biz\/pt-pt\/secador\/","og_site_name":"Soaptec","twitter_card":"summary_large_image","twitter_misc":{"Tempo estimado de leitura":"7 minutos"},"schema":{"@context":"https:\/\/schema.org","@graph":[{"@type":"WebPage","@id":"https:\/\/www.soaptec.biz\/pt-pt\/secador\/","url":"https:\/\/www.soaptec.biz\/pt-pt\/secador\/","name":"Fabricante de equipamentos de secagem de sab\u00e3o s\u00f3lido | Soaptec","isPartOf":{"@id":"https:\/\/www.soaptec.biz\/#website"},"datePublished":"2025-03-21T13:05:52+00:00","description":"Soaptec \u00e9 um fabricante de instala\u00e7\u00f5es de secagem de sab\u00e3o s\u00f3lido. N\u00f3s criamos plantas e componentes para projetos de todos os tipos.","breadcrumb":{"@id":"https:\/\/www.soaptec.biz\/pt-pt\/secador\/#breadcrumb"},"inLanguage":"pt-PT","potentialAction":[{"@type":"ReadAction","target":["https:\/\/www.soaptec.biz\/pt-pt\/secador\/"]}]},{"@type":"BreadcrumbList","@id":"https:\/\/www.soaptec.biz\/pt-pt\/secador\/#breadcrumb","itemListElement":[{"@type":"ListItem","position":1,"name":"Home","item":"https:\/\/www.soaptec.biz\/"},{"@type":"ListItem","position":2,"name":"SECADOR"}]},{"@type":"WebSite","@id":"https:\/\/www.soaptec.biz\/#website","url":"https:\/\/www.soaptec.biz\/","name":"Soaptec","description":"","potentialAction":[{"@type":"SearchAction","target":{"@type":"EntryPoint","urlTemplate":"https:\/\/www.soaptec.biz\/?s={search_term_string}"},"query-input":{"@type":"PropertyValueSpecification","valueRequired":true,"valueName":"search_term_string"}}],"inLanguage":"pt-PT"}]}},"_links":{"self":[{"href":"https:\/\/www.soaptec.biz\/pt-pt\/wp-json\/wp\/v2\/pages\/271213","targetHints":{"allow":["GET"]}}],"collection":[{"href":"https:\/\/www.soaptec.biz\/pt-pt\/wp-json\/wp\/v2\/pages"}],"about":[{"href":"https:\/\/www.soaptec.biz\/pt-pt\/wp-json\/wp\/v2\/types\/page"}],"author":[{"embeddable":true,"href":"https:\/\/www.soaptec.biz\/pt-pt\/wp-json\/wp\/v2\/users\/1"}],"replies":[{"embeddable":true,"href":"https:\/\/www.soaptec.biz\/pt-pt\/wp-json\/wp\/v2\/comments?post=271213"}],"version-history":[{"count":0,"href":"https:\/\/www.soaptec.biz\/pt-pt\/wp-json\/wp\/v2\/pages\/271213\/revisions"}],"wp:attachment":[{"href":"https:\/\/www.soaptec.biz\/pt-pt\/wp-json\/wp\/v2\/media?parent=271213"}],"curies":[{"name":"wp","href":"https:\/\/api.w.org\/{rel}","templated":true}]}}