{"id":271210,"date":"2025-03-21T14:04:33","date_gmt":"2025-03-21T13:04:33","guid":{"rendered":"https:\/\/www.soaptec.biz\/detergente-liquido\/"},"modified":"2025-04-01T14:20:26","modified_gmt":"2025-04-01T12:20:26","slug":"detergente-liquido","status":"publish","type":"page","link":"https:\/\/www.soaptec.biz\/pt-pt\/detergente-liquido\/","title":{"rendered":"DETERGENTE L\u00cdQUIDO"},"content":{"rendered":"<p>[et_pb_section fb_built=&#8221;1&#8243; custom_padding_last_edited=&#8221;on|phone&#8221; admin_label=&#8221;Boxy Header Module &#8211; Image 1920 x 1117 pixels&#8221; module_class=&#8221;header_8_f falkor&#8221; _builder_version=&#8221;4.16&#8243; background_color=&#8221;rgba(255,255,255,0)&#8221; background_image=&#8221;https:\/\/www.soaptec.biz\/wp-content\/uploads\/2021\/05\/liquid-detergent.jpg&#8221; background_enable_video_mp4=&#8221;off&#8221; background_video_width=&#8221;2000px&#8221; custom_padding=&#8221;14vw||14vw||true|&#8221; custom_padding_tablet=&#8221;100px||100px|&#8221; custom_padding_phone=&#8221;80px||80px|&#8221; custom_css_before=&#8221;  content: %22%22;|| display: block;|| position: absolute;|| top: 0;|| left: 0;|| width: 100%;|| height: 100%;|| background: #000000;|| opacity: 0.6;&#8221; custom_css_after=&#8221;content: %22%22;|| display: block;|| position: absolute;|| top: 0;|| left: 0;|| width: 100%;|| height: 100%;|| background: #000000;|| opacity: 0.2;&#8221; collapsed=&#8221;off&#8221; global_colors_info=&#8221;{}&#8221;][et_pb_row custom_padding_last_edited=&#8221;on|tablet&#8221; admin_label=&#8221;Boxy Header Module&#8221; module_class=&#8221;lines_ba et_pb_row_fullwidth&#8221; _builder_version=&#8221;4.16&#8243; background_size=&#8221;initial&#8221; background_position=&#8221;top_left&#8221; background_repeat=&#8221;repeat&#8221; width=&#8221;89%&#8221; width_tablet=&#8221;80%&#8221; width_phone=&#8221;&#8221; width_last_edited=&#8221;on|desktop&#8221; max_width=&#8221;89%&#8221; max_width_tablet=&#8221;80%&#8221; max_width_phone=&#8221;&#8221; max_width_last_edited=&#8221;on|desktop&#8221; custom_padding=&#8221;20px|0px|20px|0px&#8221; custom_padding_tablet=&#8221;0px|0px|0px|0px&#8221; custom_padding_phone=&#8221;&#8221; make_fullwidth=&#8221;on&#8221; global_colors_info=&#8221;{}&#8221;][et_pb_column type=&#8221;4_4&#8243; _builder_version=&#8221;4.16&#8243; background_position=&#8221;top_left&#8221; custom_padding=&#8221;|||&#8221; global_colors_info=&#8221;{}&#8221; custom_padding__hover=&#8221;|||&#8221;][et_pb_cta title=&#8221;DETERGENTE L\u00cdQUIDO  &#8221; admin_label=&#8221;Make It Awesome&#8221; _builder_version=&#8221;4.16&#8243; header_font=&#8221;Teko|500||on|||||&#8221; header_text_color=&#8221;#ffffff&#8221; header_font_size=&#8221;77px&#8221; header_line_height=&#8221;1.7em&#8221; body_font=&#8221;Teko||||||||&#8221; body_text_color=&#8221;#ffffff&#8221; body_font_size=&#8221;60px&#8221; body_line_height=&#8221;170%&#8221; use_background_color=&#8221;off&#8221; custom_button=&#8221;on&#8221; button_text_size=&#8221;16px&#8221; button_text_color=&#8221;#ffffff&#8221; button_bg_color=&#8221;rgba(0,0,0,0)&#8221; button_border_color=&#8221;#ffffff&#8221; button_border_radius=&#8221;0px&#8221; button_font=&#8221;Montserrat|on||on|&#8221; button_use_icon=&#8221;off&#8221; header_font_size_tablet=&#8221;50&#8243; header_font_size_phone=&#8221;36&#8243; header_font_size_last_edited=&#8221;on|phone&#8221; custom_css_promo_title=&#8221;line-height: 110% !important;|| position: relative;||padding: 32px 20px;|| display: block;||margin-bottom: 24px;&#8221; button_border_radius_hover=&#8221;0px&#8221; button_bg_color_hover=&#8221;rgba(0,0,0,0.3)&#8221; global_colors_info=&#8221;{}&#8221; button_text_size__hover_enabled=&#8221;off&#8221; button_one_text_size__hover_enabled=&#8221;off&#8221; button_two_text_size__hover_enabled=&#8221;off&#8221; button_text_color__hover_enabled=&#8221;off&#8221; button_one_text_color__hover_enabled=&#8221;off&#8221; button_two_text_color__hover_enabled=&#8221;off&#8221; button_border_width__hover_enabled=&#8221;off&#8221; button_one_border_width__hover_enabled=&#8221;off&#8221; button_two_border_width__hover_enabled=&#8221;off&#8221; button_border_color__hover_enabled=&#8221;off&#8221; button_one_border_color__hover_enabled=&#8221;off&#8221; button_two_border_color__hover_enabled=&#8221;off&#8221; button_border_radius__hover_enabled=&#8221;on&#8221; button_border_radius__hover=&#8221;0px&#8221; button_one_border_radius__hover_enabled=&#8221;off&#8221; button_two_border_radius__hover_enabled=&#8221;off&#8221; button_letter_spacing__hover_enabled=&#8221;off&#8221; button_one_letter_spacing__hover_enabled=&#8221;off&#8221; button_two_letter_spacing__hover_enabled=&#8221;off&#8221; button_bg_color__hover_enabled=&#8221;on&#8221; button_bg_color__hover=&#8221;rgba(0,0,0,0.3)&#8221; button_one_bg_color__hover_enabled=&#8221;off&#8221; button_two_bg_color__hover_enabled=&#8221;off&#8221;][\/et_pb_cta][\/et_pb_column][\/et_pb_row][\/et_pb_section][et_pb_section fb_built=&#8221;1&#8243; _builder_version=&#8221;4.16&#8243; _module_preset=&#8221;default&#8221; background_color=&#8221;#e2e2e2&#8243; custom_padding=&#8221;0px||15px|||&#8221; global_colors_info=&#8221;{}&#8221;][et_pb_row column_structure=&#8221;2_3,1_3&#8243; _builder_version=&#8221;4.16&#8243; _module_preset=&#8221;default&#8221; max_width=&#8221;1389px&#8221; custom_padding=&#8221;||0px|||&#8221; global_colors_info=&#8221;{}&#8221;][et_pb_column type=&#8221;2_3&#8243; _builder_version=&#8221;4.16&#8243; _module_preset=&#8221;default&#8221; global_colors_info=&#8221;{}&#8221;][et_pb_text _builder_version=&#8221;4.16&#8243; _module_preset=&#8221;default&#8221; text_font=&#8221;Teko|300||on|||||&#8221; text_text_color=&#8221;#1E2D3C&#8221; text_font_size=&#8221;44px&#8221; global_colors_info=&#8221;{}&#8221;]<\/p>\n<p>Fabricante de plantas de sab\u00e3o<\/p>\n<p>[\/et_pb_text][\/et_pb_column][et_pb_column type=&#8221;1_3&#8243; _builder_version=&#8221;4.16&#8243; _module_preset=&#8221;default&#8221; global_colors_info=&#8221;{}&#8221;][et_pb_button button_url=&#8221;https:\/\/www.soaptec.biz\/pt-pt\/contacto\/&#8221; button_text=&#8221;contacto&#8221; button_alignment=&#8221;right&#8221; button_alignment_tablet=&#8221;&#8221; button_alignment_phone=&#8221;left&#8221; button_alignment_last_edited=&#8221;on|phone&#8221; admin_label=&#8221;The Loser Button &#8211; Freddie&#8221; module_class=&#8221;freddie_button_the_loser&#8221; _builder_version=&#8221;4.27.4&#8243; custom_button=&#8221;on&#8221; button_text_size=&#8221;26px&#8221; button_text_color=&#8221;#1E2D3C&#8221; button_bg_color=&#8221;rgba(0,0,0,0)&#8221; button_border_width=&#8221;2px&#8221; button_border_color=&#8221;#000000&#8243; button_border_radius=&#8221;0px&#8221; button_font=&#8221;Teko|||on|||||&#8221; button_icon_placement=&#8221;left&#8221; button_on_hover=&#8221;off&#8221; custom_margin=&#8221;-17px||0px|||&#8221; custom_padding=&#8221;0px|26px|0px|26px|true|false&#8221; hover_enabled=&#8221;0&#8243; z_index_tablet=&#8221;500&#8243; custom_css_before=&#8221;content: %22%22 !important;||display: block !important;||position: absolute;||    z-index: -1;||    top: 0;||    left: 0;||    width: 0;||    height: 100%;||    background: #1E2D3C;||    transition: width .4s cubic-bezier(1,0,0,1);||    margin-left: 0 !important;&#8221; custom_css_main_element=&#8221;     letter-spacing: 0.3px;&#8221; locked=&#8221;off&#8221; global_colors_info=&#8221;{}&#8221; button_text_color__hover_enabled=&#8221;on&#8221; button_text_color__hover=&#8221;#ffffff&#8221; sticky_enabled=&#8221;0&#8243;][\/et_pb_button][\/et_pb_column][\/et_pb_row][\/et_pb_section][et_pb_section fb_built=&#8221;1&#8243; _builder_version=&#8221;4.16&#8243; _module_preset=&#8221;default&#8221; custom_padding=&#8221;27px||35px|||&#8221; global_colors_info=&#8221;{}&#8221;][et_pb_row _builder_version=&#8221;4.16&#8243; _module_preset=&#8221;default&#8221; width=&#8221;90%&#8221; max_width=&#8221;1340px&#8221; custom_padding=&#8221;17px|||||&#8221; global_colors_info=&#8221;{}&#8221;][et_pb_column type=&#8221;4_4&#8243; _builder_version=&#8221;4.16&#8243; _module_preset=&#8221;default&#8221; global_colors_info=&#8221;{}&#8221;][et_pb_text _builder_version=&#8221;4.16&#8243; _module_preset=&#8221;default&#8221; text_font=&#8221;Teko|300|||||||&#8221; text_font_size=&#8221;47px&#8221; header_font=&#8221;Teko|300|||||||&#8221; header_text_color=&#8221;#1E2D3C&#8221; header_font_size=&#8221;47px&#8221; animation_style=&#8221;zoom&#8221; global_colors_info=&#8221;{}&#8221;]<\/p>\n<p class=\"p1\" style=\"text-align: center;\"><span style=\"color: #e02b20;\">&#8212; DETERGENTE L\u00cdQUIDO &#8212;<\/span><\/p>\n<h1 class=\"p1\" style=\"text-align: center;\"><strong>Instala\u00e7\u00f5es para a produ\u00e7\u00e3o de sab\u00e3o l\u00edquido<\/strong><\/h1>\n<p>&nbsp;<\/p>\n<p>[\/et_pb_text][\/et_pb_column][\/et_pb_row][et_pb_row column_structure=&#8221;1_2,1_2&#8243; _builder_version=&#8221;4.16&#8243; _module_preset=&#8221;default&#8221; width=&#8221;86%&#8221; max_width=&#8221;1256px&#8221; custom_padding=&#8221;3px|||||&#8221; global_colors_info=&#8221;{}&#8221;][et_pb_column type=&#8221;1_2&#8243; _builder_version=&#8221;4.16&#8243; _module_preset=&#8221;default&#8221; global_colors_info=&#8221;{}&#8221;][et_pb_text _builder_version=&#8221;4.16&#8243; _module_preset=&#8221;default&#8221; text_font=&#8221;Montserrat||||||||&#8221; text_orientation=&#8221;justified&#8221; custom_margin=&#8221;||10px|||&#8221; animation_style=&#8221;zoom&#8221; global_colors_info=&#8221;{}&#8221;]O sab\u00e3o l\u00edquido pode ser distinguido em dois grandes grupos de produtos: Cuidados Pessoais e Dom\u00e9sticos.  <\/p>\n<p>A categoria &#8220;Cuidados pessoais&#8221; inclui todos os produtos utilizados para cuidados pessoais, como champ\u00f4s, gel de banho, amaciadores, cremes para o corpo, cremes para o rosto e lo\u00e7\u00f5es para o corpo. O g\u00e9nero Dom\u00e9stico, por outro lado, inclui toda a gama de produtos utilizados nos cuidados dom\u00e9sticos, como m\u00e1quinas de lavar lou\u00e7a, m\u00e1quinas de lavar o ch\u00e3o, detergentes l\u00edquidos e amaciadores de roupa. <\/p>\n<p>Embora de natureza semelhante, a produ\u00e7\u00e3o destes diferentes tipos de sab\u00e3o requer precau\u00e7\u00f5es espec\u00edficas. Para ajudar as f\u00e1bricas de sab\u00e3o a criar produtos que cumpram plenamente as normas de seguran\u00e7a e as expectativas do mercado, existem instala\u00e7\u00f5es de produ\u00e7\u00e3o de sab\u00e3o l\u00edquido de \u00faltima gera\u00e7\u00e3o, como as fabricadas por Soaptec.   <\/p>\n<p>A nossa empresa \u00e9 especializada no fabrico de instala\u00e7\u00f5es e m\u00e1quinas personalizadas dedicadas \u00e0 cria\u00e7\u00e3o de sabonetes para cuidados pessoais e dom\u00e9sticos. Com base em requisitos individuais, a nossa empresa projecta e constr\u00f3i instala\u00e7\u00f5es de compostos personalizados utilizando diferentes tipos de elementos b\u00e1sicos, tais como reactores e misturadores, agitadores, homogeneizadores, bombas de reciclagem, permutadores de calor, etc. [\/et_pb_text][\/et_pb_column][et_pb_column type=&#8221;1_2&#8243; _builder_version=&#8221;4.16&#8243; _module_preset=&#8221;default&#8221; global_colors_info=&#8221;{}&#8221;][et_pb_text _builder_version=&#8221;4.16&#8243; _module_preset=&#8221;default&#8221; text_font=&#8221;Montserrat||||||||&#8221; text_orientation=&#8221;justified&#8221; animation_style=&#8221;zoom&#8221; global_colors_info=&#8221;{}&#8221;]<\/p>\n<p>Soaptec sabe como a dosagem das mat\u00e9rias-primas \u00e9 essencial para a produ\u00e7\u00e3o de um bom sab\u00e3o l\u00edquido, e \u00e9 por isso que, al\u00e9m da possibilidade de escolher m\u00e1quinas que requerem dosagem manual, tamb\u00e9m oferece equipamentos sofisticados para pesar perfeitamente os ingredientes antes de serem introduzidos no reator.<\/p>\n<p>A sequ\u00eancia das v\u00e1rias etapas de produ\u00e7\u00e3o tamb\u00e9m desempenha um papel fundamental na qualidade do sab\u00e3o. Para responder \u00e0 necessidade de controlo e acompanhamento das actividades, Soaptec desenvolveu um software complexo que permite um controlo total da situa\u00e7\u00e3o. <\/p>\n<p>A nossa empresa pode fornecer m\u00e1quinas com certifica\u00e7\u00e3o ATEX para a produ\u00e7\u00e3o de produtos especiais, tais como g\u00e9is higienizantes \u00e0 base de \u00e1lcool.<\/p>\n<p>Todas as instala\u00e7\u00f5es de Soaptec s\u00e3o desenvolvidas de acordo com as normas de seguran\u00e7a nacionais e internacionais e s\u00e3o fabricadas com os melhores materiais dispon\u00edveis, incluindo a\u00e7o inoxid\u00e1vel e a\u00e7o carbono, para garantir aos clientes a m\u00e1xima fiabilidade, durabilidade e, mais geralmente, qualidade.  <span style=\"font-size: 14px;\">Para al\u00e9m disso, as m\u00e1quinas podem ser equipadas, a pedido do cliente, com elementos adicionais que aumentam a sua facilidade de utiliza\u00e7\u00e3o pelos operadores, como \u00e9 o caso do sistema CIP (Clean In Place) para uma limpeza r\u00e1pida das m\u00e1quinas.<\/span><\/p>\n<p>[\/et_pb_text][\/et_pb_column][\/et_pb_row][\/et_pb_section]<\/p>\n","protected":false},"excerpt":{"rendered":"<p>Fabricante de plantas de sab\u00e3o&#8212; DETERGENTE L\u00cdQUIDO &#8212; Instala\u00e7\u00f5es para a produ\u00e7\u00e3o de sab\u00e3o l\u00edquido &nbsp;O sab\u00e3o l\u00edquido pode ser distinguido em dois grandes grupos de produtos: Cuidados Pessoais e Dom\u00e9sticos. A categoria &#8220;Cuidados pessoais&#8221; inclui todos os produtos utilizados para cuidados pessoais, como champ\u00f4s, gel de banho, amaciadores, cremes para o corpo, cremes para [&hellip;]<\/p>\n","protected":false},"author":1,"featured_media":0,"parent":0,"menu_order":0,"comment_status":"closed","ping_status":"closed","template":"","meta":{"_et_pb_use_builder":"on","_et_pb_old_content":"","_et_gb_content_width":"","footnotes":""},"class_list":["post-271210","page","type-page","status-publish","hentry"],"yoast_head":"<!-- This site is optimized with the Yoast SEO plugin v27.4 - https:\/\/yoast.com\/product\/yoast-seo-wordpress\/ -->\n<title>Fabricante de instala\u00e7\u00f5es de produ\u00e7\u00e3o de sab\u00e3o l\u00edquido | Soaptec<\/title>\n<meta name=\"description\" content=\"Soaptec \u00e9 um fabricante de instala\u00e7\u00f5es de produ\u00e7\u00e3o de sab\u00e3o l\u00edquido. Criamos instala\u00e7\u00f5es e componentes para projectos de pequena e grande escala.\" \/>\n<meta name=\"robots\" content=\"index, follow, max-snippet:-1, max-image-preview:large, max-video-preview:-1\" \/>\n<link rel=\"canonical\" href=\"https:\/\/www.soaptec.biz\/detergente-liquido\/\" \/>\n<meta property=\"og:locale\" content=\"pt_PT\" \/>\n<meta property=\"og:type\" content=\"article\" \/>\n<meta property=\"og:title\" content=\"Fabricante de instala\u00e7\u00f5es de produ\u00e7\u00e3o de sab\u00e3o l\u00edquido | Soaptec\" \/>\n<meta property=\"og:description\" content=\"Soaptec \u00e9 um fabricante de instala\u00e7\u00f5es de produ\u00e7\u00e3o de sab\u00e3o l\u00edquido. Criamos instala\u00e7\u00f5es e componentes para projectos de pequena e grande escala.\" \/>\n<meta property=\"og:url\" content=\"https:\/\/www.soaptec.biz\/detergente-liquido\/\" \/>\n<meta property=\"og:site_name\" content=\"Soaptec\" \/>\n<meta property=\"article:modified_time\" content=\"2025-04-01T12:20:26+00:00\" \/>\n<meta name=\"twitter:card\" content=\"summary_large_image\" \/>\n<meta name=\"twitter:label1\" content=\"Tempo estimado de leitura\" \/>\n\t<meta name=\"twitter:data1\" content=\"3 minutos\" \/>\n<script type=\"application\/ld+json\" class=\"yoast-schema-graph\">{\"@context\":\"https:\\\/\\\/schema.org\",\"@graph\":[{\"@type\":\"WebPage\",\"@id\":\"https:\\\/\\\/www.soaptec.biz\\\/detergente-liquido\\\/\",\"url\":\"https:\\\/\\\/www.soaptec.biz\\\/detergente-liquido\\\/\",\"name\":\"Fabricante de instala\u00e7\u00f5es de produ\u00e7\u00e3o de sab\u00e3o l\u00edquido | Soaptec\",\"isPartOf\":{\"@id\":\"https:\\\/\\\/www.soaptec.biz\\\/#website\"},\"datePublished\":\"2025-03-21T13:04:33+00:00\",\"dateModified\":\"2025-04-01T12:20:26+00:00\",\"description\":\"Soaptec \u00e9 um fabricante de instala\u00e7\u00f5es de produ\u00e7\u00e3o de sab\u00e3o l\u00edquido. Criamos instala\u00e7\u00f5es e componentes para projectos de pequena e grande escala.\",\"breadcrumb\":{\"@id\":\"https:\\\/\\\/www.soaptec.biz\\\/detergente-liquido\\\/#breadcrumb\"},\"inLanguage\":\"pt-PT\",\"potentialAction\":[{\"@type\":\"ReadAction\",\"target\":[\"https:\\\/\\\/www.soaptec.biz\\\/detergente-liquido\\\/\"]}]},{\"@type\":\"BreadcrumbList\",\"@id\":\"https:\\\/\\\/www.soaptec.biz\\\/detergente-liquido\\\/#breadcrumb\",\"itemListElement\":[{\"@type\":\"ListItem\",\"position\":1,\"name\":\"Home\",\"item\":\"https:\\\/\\\/www.soaptec.biz\\\/\"},{\"@type\":\"ListItem\",\"position\":2,\"name\":\"DETERGENTE L\u00cdQUIDO\"}]},{\"@type\":\"WebSite\",\"@id\":\"https:\\\/\\\/www.soaptec.biz\\\/#website\",\"url\":\"https:\\\/\\\/www.soaptec.biz\\\/\",\"name\":\"Soaptec\",\"description\":\"\",\"potentialAction\":[{\"@type\":\"SearchAction\",\"target\":{\"@type\":\"EntryPoint\",\"urlTemplate\":\"https:\\\/\\\/www.soaptec.biz\\\/?s={search_term_string}\"},\"query-input\":{\"@type\":\"PropertyValueSpecification\",\"valueRequired\":true,\"valueName\":\"search_term_string\"}}],\"inLanguage\":\"pt-PT\"}]}<\/script>\n<!-- \/ Yoast SEO plugin. -->","yoast_head_json":{"title":"Fabricante de instala\u00e7\u00f5es de produ\u00e7\u00e3o de sab\u00e3o l\u00edquido | Soaptec","description":"Soaptec \u00e9 um fabricante de instala\u00e7\u00f5es de produ\u00e7\u00e3o de sab\u00e3o l\u00edquido. Criamos instala\u00e7\u00f5es e componentes para projectos de pequena e grande escala.","robots":{"index":"index","follow":"follow","max-snippet":"max-snippet:-1","max-image-preview":"max-image-preview:large","max-video-preview":"max-video-preview:-1"},"canonical":"https:\/\/www.soaptec.biz\/detergente-liquido\/","og_locale":"pt_PT","og_type":"article","og_title":"Fabricante de instala\u00e7\u00f5es de produ\u00e7\u00e3o de sab\u00e3o l\u00edquido | Soaptec","og_description":"Soaptec \u00e9 um fabricante de instala\u00e7\u00f5es de produ\u00e7\u00e3o de sab\u00e3o l\u00edquido. Criamos instala\u00e7\u00f5es e componentes para projectos de pequena e grande escala.","og_url":"https:\/\/www.soaptec.biz\/detergente-liquido\/","og_site_name":"Soaptec","article_modified_time":"2025-04-01T12:20:26+00:00","twitter_card":"summary_large_image","twitter_misc":{"Tempo estimado de leitura":"3 minutos"},"schema":{"@context":"https:\/\/schema.org","@graph":[{"@type":"WebPage","@id":"https:\/\/www.soaptec.biz\/detergente-liquido\/","url":"https:\/\/www.soaptec.biz\/detergente-liquido\/","name":"Fabricante de instala\u00e7\u00f5es de produ\u00e7\u00e3o de sab\u00e3o l\u00edquido | Soaptec","isPartOf":{"@id":"https:\/\/www.soaptec.biz\/#website"},"datePublished":"2025-03-21T13:04:33+00:00","dateModified":"2025-04-01T12:20:26+00:00","description":"Soaptec \u00e9 um fabricante de instala\u00e7\u00f5es de produ\u00e7\u00e3o de sab\u00e3o l\u00edquido. Criamos instala\u00e7\u00f5es e componentes para projectos de pequena e grande escala.","breadcrumb":{"@id":"https:\/\/www.soaptec.biz\/detergente-liquido\/#breadcrumb"},"inLanguage":"pt-PT","potentialAction":[{"@type":"ReadAction","target":["https:\/\/www.soaptec.biz\/detergente-liquido\/"]}]},{"@type":"BreadcrumbList","@id":"https:\/\/www.soaptec.biz\/detergente-liquido\/#breadcrumb","itemListElement":[{"@type":"ListItem","position":1,"name":"Home","item":"https:\/\/www.soaptec.biz\/"},{"@type":"ListItem","position":2,"name":"DETERGENTE L\u00cdQUIDO"}]},{"@type":"WebSite","@id":"https:\/\/www.soaptec.biz\/#website","url":"https:\/\/www.soaptec.biz\/","name":"Soaptec","description":"","potentialAction":[{"@type":"SearchAction","target":{"@type":"EntryPoint","urlTemplate":"https:\/\/www.soaptec.biz\/?s={search_term_string}"},"query-input":{"@type":"PropertyValueSpecification","valueRequired":true,"valueName":"search_term_string"}}],"inLanguage":"pt-PT"}]}},"_links":{"self":[{"href":"https:\/\/www.soaptec.biz\/pt-pt\/wp-json\/wp\/v2\/pages\/271210","targetHints":{"allow":["GET"]}}],"collection":[{"href":"https:\/\/www.soaptec.biz\/pt-pt\/wp-json\/wp\/v2\/pages"}],"about":[{"href":"https:\/\/www.soaptec.biz\/pt-pt\/wp-json\/wp\/v2\/types\/page"}],"author":[{"embeddable":true,"href":"https:\/\/www.soaptec.biz\/pt-pt\/wp-json\/wp\/v2\/users\/1"}],"replies":[{"embeddable":true,"href":"https:\/\/www.soaptec.biz\/pt-pt\/wp-json\/wp\/v2\/comments?post=271210"}],"version-history":[{"count":2,"href":"https:\/\/www.soaptec.biz\/pt-pt\/wp-json\/wp\/v2\/pages\/271210\/revisions"}],"predecessor-version":[{"id":271290,"href":"https:\/\/www.soaptec.biz\/pt-pt\/wp-json\/wp\/v2\/pages\/271210\/revisions\/271290"}],"wp:attachment":[{"href":"https:\/\/www.soaptec.biz\/pt-pt\/wp-json\/wp\/v2\/media?parent=271210"}],"curies":[{"name":"wp","href":"https:\/\/api.w.org\/{rel}","templated":true}]}}