{"id":271458,"date":"2025-05-05T14:34:23","date_gmt":"2025-05-05T12:34:23","guid":{"rendered":"https:\/\/www.soaptec.biz\/saponification\/"},"modified":"2025-06-30T09:43:15","modified_gmt":"2025-06-30T07:43:15","slug":"saponification","status":"publish","type":"page","link":"https:\/\/www.soaptec.biz\/fr\/saponification\/","title":{"rendered":"saponification"},"content":{"rendered":"<p>[et_pb_section fb_built=\u00a0\u00bb1&Prime; custom_padding_last_edited=\u00a0\u00bbon|phone\u00a0\u00bb admin_label=\u00a0\u00bbBoxy Header Module &#8211; Image 1920 x 1117 pixels\u00a0\u00bb module_class=\u00a0\u00bbheader_8_f falkor\u00a0\u00bb _builder_version=\u00a0\u00bb4.16&Prime; background_color=\u00a0\u00bbrgba(255,255,255,0)\u00a0\u00bb background_image=\u00a0\u00bbhttps:\/\/www.soaptec.biz\/wp-content\/uploads\/2021\/02\/Assieme-per-saponificazione_1-e1528526406481.jpg\u00a0\u00bb background_enable_video_mp4=\u00a0\u00bboff\u00a0\u00bb background_video_width=\u00a0\u00bb2000px\u00a0\u00bb custom_padding=\u00a0\u00bb14vw||14vw||true|\u00a0\u00bb custom_padding_tablet=\u00a0\u00bb100px||100px|\u00a0\u00bb custom_padding_phone=\u00a0\u00bb80px||80px|\u00a0\u00bb custom_css_before=\u00a0\u00bb  content: %22%22;|| display: block;|| position: absolute;|| top: 0;|| left: 0;|| width: 100%;|| height: 100%;|| background: #000000;|| opacity: 0.6;\u00a0\u00bb custom_css_after=\u00a0\u00bbcontent: %22%22;|| display: block;|| position: absolute;|| top: 0;|| left: 0;|| width: 100%;|| height: 100%;|| background: #000000;|| opacity: 0.2;\u00a0\u00bb collapsed=\u00a0\u00bboff\u00a0\u00bb global_colors_info=\u00a0\u00bb{}\u00a0\u00bb][et_pb_row custom_padding_last_edited=\u00a0\u00bbon|tablet\u00a0\u00bb admin_label=\u00a0\u00bbBoxy Header Module\u00a0\u00bb module_class=\u00a0\u00bblines_ba et_pb_row_fullwidth\u00a0\u00bb _builder_version=\u00a0\u00bb4.16&Prime; background_size=\u00a0\u00bbinitial\u00a0\u00bb background_position=\u00a0\u00bbtop_left\u00a0\u00bb background_repeat=\u00a0\u00bbrepeat\u00a0\u00bb width=\u00a0\u00bb89%\u00a0\u00bb width_tablet=\u00a0\u00bb80%\u00a0\u00bb width_phone=\u00a0\u00bb\u00a0\u00bb width_last_edited=\u00a0\u00bbon|desktop\u00a0\u00bb max_width=\u00a0\u00bb89%\u00a0\u00bb max_width_tablet=\u00a0\u00bb80%\u00a0\u00bb max_width_phone=\u00a0\u00bb\u00a0\u00bb max_width_last_edited=\u00a0\u00bbon|desktop\u00a0\u00bb custom_padding=\u00a0\u00bb20px|0px|20px|0px\u00a0\u00bb custom_padding_tablet=\u00a0\u00bb0px|0px|0px|0px\u00a0\u00bb custom_padding_phone=\u00a0\u00bb\u00a0\u00bb make_fullwidth=\u00a0\u00bbon\u00a0\u00bb global_colors_info=\u00a0\u00bb{}\u00a0\u00bb][et_pb_column type=\u00a0\u00bb4_4&Prime; _builder_version=\u00a0\u00bb4.16&Prime; background_position=\u00a0\u00bbtop_left\u00a0\u00bb custom_padding=\u00a0\u00bb|||\u00a0\u00bb global_colors_info=\u00a0\u00bb{}\u00a0\u00bb custom_padding__hover=\u00a0\u00bb|||\u00a0\u00bb][et_pb_cta title=\u00a0\u00bbsaponification\u00a0\u00bb admin_label=\u00a0\u00bbMake It Awesome\u00a0\u00bb _builder_version=\u00a0\u00bb4.16&Prime; header_font=\u00a0\u00bbTeko|500||on|||||\u00a0\u00bb header_text_color=\u00a0\u00bb#ffffff\u00a0\u00bb header_font_size=\u00a0\u00bb77px\u00a0\u00bb header_line_height=\u00a0\u00bb1.7em\u00a0\u00bb body_font=\u00a0\u00bbTeko||||||||\u00a0\u00bb body_text_color=\u00a0\u00bb#ffffff\u00a0\u00bb body_font_size=\u00a0\u00bb60px\u00a0\u00bb body_line_height=\u00a0\u00bb170%\u00a0\u00bb use_background_color=\u00a0\u00bboff\u00a0\u00bb custom_button=\u00a0\u00bbon\u00a0\u00bb button_text_size=\u00a0\u00bb16px\u00a0\u00bb button_text_color=\u00a0\u00bb#ffffff\u00a0\u00bb button_bg_color=\u00a0\u00bbrgba(0,0,0,0)\u00a0\u00bb button_border_color=\u00a0\u00bb#ffffff\u00a0\u00bb button_border_radius=\u00a0\u00bb0px\u00a0\u00bb button_font=\u00a0\u00bbMontserrat|on||on|\u00a0\u00bb button_use_icon=\u00a0\u00bboff\u00a0\u00bb header_font_size_tablet=\u00a0\u00bb50&Prime; header_font_size_phone=\u00a0\u00bb36&Prime; header_font_size_last_edited=\u00a0\u00bbon|phone\u00a0\u00bb custom_css_promo_title=\u00a0\u00bbline-height: 110% !important;|| position: relative;||padding: 32px 20px;|| display: block;||margin-bottom: 24px;\u00a0\u00bb button_border_radius_hover=\u00a0\u00bb0px\u00a0\u00bb button_bg_color_hover=\u00a0\u00bbrgba(0,0,0,0.3)\u00a0\u00bb global_colors_info=\u00a0\u00bb{}\u00a0\u00bb button_text_size__hover_enabled=\u00a0\u00bboff\u00a0\u00bb button_one_text_size__hover_enabled=\u00a0\u00bboff\u00a0\u00bb button_two_text_size__hover_enabled=\u00a0\u00bboff\u00a0\u00bb button_text_color__hover_enabled=\u00a0\u00bboff\u00a0\u00bb button_one_text_color__hover_enabled=\u00a0\u00bboff\u00a0\u00bb button_two_text_color__hover_enabled=\u00a0\u00bboff\u00a0\u00bb button_border_width__hover_enabled=\u00a0\u00bboff\u00a0\u00bb button_one_border_width__hover_enabled=\u00a0\u00bboff\u00a0\u00bb button_two_border_width__hover_enabled=\u00a0\u00bboff\u00a0\u00bb button_border_color__hover_enabled=\u00a0\u00bboff\u00a0\u00bb button_one_border_color__hover_enabled=\u00a0\u00bboff\u00a0\u00bb button_two_border_color__hover_enabled=\u00a0\u00bboff\u00a0\u00bb button_border_radius__hover_enabled=\u00a0\u00bbon\u00a0\u00bb button_border_radius__hover=\u00a0\u00bb0px\u00a0\u00bb button_one_border_radius__hover_enabled=\u00a0\u00bboff\u00a0\u00bb button_two_border_radius__hover_enabled=\u00a0\u00bboff\u00a0\u00bb button_letter_spacing__hover_enabled=\u00a0\u00bboff\u00a0\u00bb button_one_letter_spacing__hover_enabled=\u00a0\u00bboff\u00a0\u00bb button_two_letter_spacing__hover_enabled=\u00a0\u00bboff\u00a0\u00bb button_bg_color__hover_enabled=\u00a0\u00bbon\u00a0\u00bb button_bg_color__hover=\u00a0\u00bbrgba(0,0,0,0.3)\u00a0\u00bb button_one_bg_color__hover_enabled=\u00a0\u00bboff\u00a0\u00bb button_two_bg_color__hover_enabled=\u00a0\u00bboff\u00a0\u00bb][\/et_pb_cta][\/et_pb_column][\/et_pb_row][\/et_pb_section][et_pb_section fb_built=\u00a0\u00bb1&Prime; _builder_version=\u00a0\u00bb4.16&Prime; _module_preset=\u00a0\u00bbdefault\u00a0\u00bb background_color=\u00a0\u00bb#e2e2e2&Prime; custom_padding=\u00a0\u00bb0px||15px|||\u00a0\u00bb global_colors_info=\u00a0\u00bb{}\u00a0\u00bb][et_pb_row column_structure=\u00a0\u00bb2_3,1_3&Prime; _builder_version=\u00a0\u00bb4.16&Prime; _module_preset=\u00a0\u00bbdefault\u00a0\u00bb max_width=\u00a0\u00bb1389px\u00a0\u00bb custom_padding=\u00a0\u00bb||0px|||\u00a0\u00bb global_colors_info=\u00a0\u00bb{}\u00a0\u00bb][et_pb_column type=\u00a0\u00bb2_3&Prime; _builder_version=\u00a0\u00bb4.16&Prime; _module_preset=\u00a0\u00bbdefault\u00a0\u00bb global_colors_info=\u00a0\u00bb{}\u00a0\u00bb][et_pb_text _builder_version=\u00a0\u00bb4.16&Prime; _module_preset=\u00a0\u00bbdefault\u00a0\u00bb text_font=\u00a0\u00bbTeko|300||on|||||\u00a0\u00bb text_text_color=\u00a0\u00bb#1E2D3C\u00a0\u00bb text_font_size=\u00a0\u00bb44px\u00a0\u00bb global_colors_info=\u00a0\u00bb{}\u00a0\u00bb]<\/p>\n<p>Fabricant de savonneries<\/p>\n<p>[\/et_pb_text][\/et_pb_column][et_pb_column type=\u00a0\u00bb1_3&Prime; _builder_version=\u00a0\u00bb4.16&Prime; _module_preset=\u00a0\u00bbdefault\u00a0\u00bb global_colors_info=\u00a0\u00bb{}\u00a0\u00bb][et_pb_button button_url=\u00a0\u00bbhttps:\/\/www.soaptec.biz\/contatti\u00a0\u00bb button_text=\u00a0\u00bbcontattaci\u00a0\u00bb button_alignment=\u00a0\u00bbright\u00a0\u00bb admin_label=\u00a0\u00bbThe Loser Button &#8211; Freddie\u00a0\u00bb module_class=\u00a0\u00bbfreddie_button_the_loser\u00a0\u00bb _builder_version=\u00a0\u00bb4.16&Prime; custom_button=\u00a0\u00bbon\u00a0\u00bb button_text_size=\u00a0\u00bb26px\u00a0\u00bb button_text_color=\u00a0\u00bb#1E2D3C\u00a0\u00bb button_bg_color=\u00a0\u00bbrgba(0,0,0,0)\u00a0\u00bb button_border_width=\u00a0\u00bb2px\u00a0\u00bb button_border_color=\u00a0\u00bb#000000&Prime; button_border_radius=\u00a0\u00bb0px\u00a0\u00bb button_font=\u00a0\u00bbTeko|||on|||||\u00a0\u00bb button_icon_placement=\u00a0\u00bbleft\u00a0\u00bb button_on_hover=\u00a0\u00bboff\u00a0\u00bb custom_margin=\u00a0\u00bb-17px||0px|||\u00a0\u00bb custom_padding=\u00a0\u00bb0px|26px|0px|26px|true|false\u00a0\u00bb z_index_tablet=\u00a0\u00bb500&Prime; custom_css_before=\u00a0\u00bbcontent: %22%22 !important;||display: block !important;||position: absolute;||    z-index: -1;||    top: 0;||    left: 0;||    width: 0;||    height: 100%;||    background: #1E2D3C;||    transition: width .4s cubic-bezier(1,0,0,1);||    margin-left: 0 !important;\u00a0\u00bb custom_css_main_element=\u00a0\u00bb     letter-spacing: 0.3px;\u00a0\u00bb saved_tabs=\u00a0\u00bball\u00a0\u00bb global_colors_info=\u00a0\u00bb{}\u00a0\u00bb button_text_color__hover_enabled=\u00a0\u00bbon\u00a0\u00bb button_text_color__hover=\u00a0\u00bb#ffffff\u00a0\u00bb]<\/p>\n<p>[\/et_pb_button][\/et_pb_column][\/et_pb_row][\/et_pb_section][et_pb_section fb_built=\u00a0\u00bb1&Prime; _builder_version=\u00a0\u00bb4.16&Prime; _module_preset=\u00a0\u00bbdefault\u00a0\u00bb custom_padding=\u00a0\u00bb27px||35px|||\u00a0\u00bb global_colors_info=\u00a0\u00bb{}\u00a0\u00bb][et_pb_row _builder_version=\u00a0\u00bb4.16&Prime; _module_preset=\u00a0\u00bbdefault\u00a0\u00bb width=\u00a0\u00bb90%\u00a0\u00bb max_width=\u00a0\u00bb1340px\u00a0\u00bb custom_padding=\u00a0\u00bb17px|||||\u00a0\u00bb global_colors_info=\u00a0\u00bb{}\u00a0\u00bb][et_pb_column type=\u00a0\u00bb4_4&Prime; _builder_version=\u00a0\u00bb4.16&Prime; _module_preset=\u00a0\u00bbdefault\u00a0\u00bb global_colors_info=\u00a0\u00bb{}\u00a0\u00bb][et_pb_text _builder_version=\u00a0\u00bb4.16&Prime; _module_preset=\u00a0\u00bbdefault\u00a0\u00bb text_font=\u00a0\u00bbTeko|300|||||||\u00a0\u00bb text_font_size=\u00a0\u00bb47px\u00a0\u00bb header_font=\u00a0\u00bbTeko|300|||||||\u00a0\u00bb header_text_color=\u00a0\u00bb#1E2D3C\u00a0\u00bb header_font_size=\u00a0\u00bb47px\u00a0\u00bb animation_style=\u00a0\u00bbzoom\u00a0\u00bb global_colors_info=\u00a0\u00bb{}\u00a0\u00bb]<\/p>\n<p class=\"p1\" style=\"text-align: center;\"><span style=\"color: #e02b20;\">&#8212; SAPONIFICATION &#8212;<\/span><\/p>\n<p class=\"p1\" style=\"text-align: center;\"><span style=\"color: #e02b20;\"><\/span><\/p>\n<h1 class=\"p1\" style=\"text-align: center;\"><strong>Installations de saponification pour la production de savon solide<br \/><\/strong><\/h1>\n<p>[\/et_pb_text][\/et_pb_column][\/et_pb_row][et_pb_row column_structure=\u00a0\u00bb1_2,1_2&Prime; _builder_version=\u00a0\u00bb4.16&Prime; _module_preset=\u00a0\u00bbdefault\u00a0\u00bb width=\u00a0\u00bb86%\u00a0\u00bb max_width=\u00a0\u00bb1256px\u00a0\u00bb custom_padding=\u00a0\u00bb3px|||||\u00a0\u00bb global_colors_info=\u00a0\u00bb{}\u00a0\u00bb][et_pb_column type=\u00a0\u00bb1_2&Prime; _builder_version=\u00a0\u00bb4.16&Prime; _module_preset=\u00a0\u00bbdefault\u00a0\u00bb global_colors_info=\u00a0\u00bb{}\u00a0\u00bb][et_pb_text _builder_version=\u00a0\u00bb4.16&Prime; _module_preset=\u00a0\u00bbdefault\u00a0\u00bb text_font=\u00a0\u00bbMontserrat||||||||\u00a0\u00bb text_orientation=\u00a0\u00bbjustified\u00a0\u00bb animation_style=\u00a0\u00bbzoom\u00a0\u00bb global_colors_info=\u00a0\u00bb{}\u00a0\u00bb]La saponification est le nom commercial donn\u00e9 \u00e0 tous les processus qui transforment les mati\u00e8res premi\u00e8res en savon liquide, \u00e9galement connu sous le nom de \u00ab\u00a0savon pur\u00a0\u00bb.<br \/>\nLes mati\u00e8res premi\u00e8res peuvent \u00eatre des graisses neutres, des acides gras ou des combinaisons des deux.[\/et_pb_text][\/et_pb_column][et_pb_column type=\u00a0\u00bb1_2&Prime; _builder_version=\u00a0\u00bb4.16&Prime; _module_preset=\u00a0\u00bbdefault\u00a0\u00bb global_colors_info=\u00a0\u00bb{}\u00a0\u00bb][et_pb_text _builder_version=\u00a0\u00bb4.16&Prime; _module_preset=\u00a0\u00bbdefault\u00a0\u00bb text_font=\u00a0\u00bbMontserrat||||||||\u00a0\u00bb text_orientation=\u00a0\u00bbjustified\u00a0\u00bb animation_style=\u00a0\u00bbzoom\u00a0\u00bb global_colors_info=\u00a0\u00bb{}\u00a0\u00bb]La saponification des graisses neutres (triglyc\u00e9rides) produit \u00e9galement de la glyc\u00e9rine. En fonction du type de produit \u00e0 cr\u00e9er, cette substance est soit extraite, soit laiss\u00e9e dans le m\u00e9lange. Le processus qui extrait la glyc\u00e9rine est appel\u00e9 \u00ab\u00a0Full Boiled\u00a0\u00bb, tandis que celui qui la laisse \u00e0 l&rsquo;int\u00e9rieur est appel\u00e9 \u00ab\u00a0Half Boiled\u00a0\u00bb.  [\/et_pb_text][\/et_pb_column][\/et_pb_row][\/et_pb_section][et_pb_section fb_built=\u00a0\u00bb1&Prime; _builder_version=\u00a0\u00bb4.16&Prime; _module_preset=\u00a0\u00bbdefault\u00a0\u00bb background_color=\u00a0\u00bb#efefef\u00a0\u00bb custom_padding=\u00a0\u00bb27px||35px|||\u00a0\u00bb global_colors_info=\u00a0\u00bb{}\u00a0\u00bb][et_pb_row _builder_version=\u00a0\u00bb4.16&Prime; _module_preset=\u00a0\u00bbdefault\u00a0\u00bb width=\u00a0\u00bb90%\u00a0\u00bb max_width=\u00a0\u00bb1340px\u00a0\u00bb custom_padding=\u00a0\u00bb17px|||||\u00a0\u00bb global_colors_info=\u00a0\u00bb{}\u00a0\u00bb][et_pb_column type=\u00a0\u00bb4_4&Prime; _builder_version=\u00a0\u00bb4.16&Prime; _module_preset=\u00a0\u00bbdefault\u00a0\u00bb global_colors_info=\u00a0\u00bb{}\u00a0\u00bb][et_pb_text _builder_version=\u00a0\u00bb4.16&Prime; _module_preset=\u00a0\u00bbdefault\u00a0\u00bb header_font=\u00a0\u00bbTeko|300|||||||\u00a0\u00bb header_text_color=\u00a0\u00bb#1E2D3C\u00a0\u00bb header_font_size=\u00a0\u00bb47px\u00a0\u00bb header_2_font=\u00a0\u00bbTeko|300|||||||\u00a0\u00bb header_2_font_size=\u00a0\u00bb47px\u00a0\u00bb animation_style=\u00a0\u00bbzoom\u00a0\u00bb global_colors_info=\u00a0\u00bb{}\u00a0\u00bb]<\/p>\n<h2 class=\"p1\" style=\"text-align: center;\"><span style=\"color: #e02b20;\">&#8212; SAPONIFICATION &#8212;<\/span><\/h2>\n<h2 class=\"p1\" style=\"text-align: center;\"><strong>Saponification en discontinu et en continu<br \/><\/strong><\/h2>\n<p>[\/et_pb_text][\/et_pb_column][\/et_pb_row][et_pb_row column_structure=\u00a0\u00bb1_2,1_2&Prime; _builder_version=\u00a0\u00bb4.16&Prime; _module_preset=\u00a0\u00bbdefault\u00a0\u00bb width=\u00a0\u00bb86%\u00a0\u00bb max_width=\u00a0\u00bb1256px\u00a0\u00bb custom_padding=\u00a0\u00bb3px|||||\u00a0\u00bb global_colors_info=\u00a0\u00bb{}\u00a0\u00bb][et_pb_column type=\u00a0\u00bb1_2&Prime; _builder_version=\u00a0\u00bb4.16&Prime; _module_preset=\u00a0\u00bbdefault\u00a0\u00bb global_colors_info=\u00a0\u00bb{}\u00a0\u00bb][et_pb_text _builder_version=\u00a0\u00bb4.27.4&Prime; _module_preset=\u00a0\u00bbdefault\u00a0\u00bb text_font=\u00a0\u00bbMontserrat||||||||\u00a0\u00bb text_orientation=\u00a0\u00bbjustified\u00a0\u00bb animation_style=\u00a0\u00bbzoom\u00a0\u00bb hover_enabled=\u00a0\u00bb0&Prime; global_colors_info=\u00a0\u00bb{}\u00a0\u00bb sticky_enabled=\u00a0\u00bb0&Prime;]<\/p>\n<p>Le processus menant \u00e0 la saponification, qu&rsquo;il s&rsquo;agisse d&rsquo;un processus Full Boiled ou Half Boiled, peut \u00eatre de deux types: batch, o\u00f9 l&rsquo;on travaille par lots et o\u00f9 l&rsquo;on produit une certaine quantit\u00e9 de savon \u00e0 la fois, ou continu.<\/p>\n<p>Le proc\u00e9d\u00e9 discontinu consiste \u00e0 charger des mati\u00e8res premi\u00e8res et \u00e0 les traiter jusqu&rsquo;\u00e0 l&rsquo;obtention du produit d\u00e9sir\u00e9. Pour la version Half Boiled, des Crutchers, m\u00e9langeurs verticaux de liquides, sont utilis\u00e9s<span class=\"Apple-converted-space\"> <\/span>pour assurer le contact entre les r\u00e9actifs (mati\u00e8res premi\u00e8res) jusqu&rsquo;\u00e0 la fin de la r\u00e9action.<\/p>\n<p>Pour la version Full Boiled, une chaudi\u00e8re de saponification est normalement utilis\u00e9e. Les mati\u00e8res premi\u00e8res peuvent \u00e9galement \u00eatre charg\u00e9es grossi\u00e8rement, car la nature du processus est telle que des corrections peuvent \u00e9galement \u00eatre apport\u00e9es en cours de traitement.<\/p>\n<p>Le processus continu, quant \u00e0 lui, ne permet pas d&rsquo;erreurs de dosage, d&rsquo;o\u00f9 l&rsquo;importance de s&rsquo;appuyer sur une installation dot\u00e9e d&rsquo;unit\u00e9s de dosage bien con\u00e7ues et structur\u00e9es.<\/p>\n<p>[\/et_pb_text][\/et_pb_column][et_pb_column type=\u00a0\u00bb1_2&Prime; _builder_version=\u00a0\u00bb4.16&Prime; _module_preset=\u00a0\u00bbdefault\u00a0\u00bb global_colors_info=\u00a0\u00bb{}\u00a0\u00bb][et_pb_text _builder_version=\u00a0\u00bb4.27.4&Prime; _module_preset=\u00a0\u00bbdefault\u00a0\u00bb text_font=\u00a0\u00bbMontserrat||||||||\u00a0\u00bb text_orientation=\u00a0\u00bbjustified\u00a0\u00bb animation_style=\u00a0\u00bbzoom\u00a0\u00bb hover_enabled=\u00a0\u00bb0&Prime; global_colors_info=\u00a0\u00bb{}\u00a0\u00bb sticky_enabled=\u00a0\u00bb0&Prime;]<\/p>\n<p><strong>Les groupes de dosage se r\u00e9partissent en deux cat\u00e9gories principales :<\/strong><\/p>\n<ul>\n<li>pompe doseuse centrifuge + d\u00e9bitm\u00e8tre massique + vanne modulante<\/li>\n<li>pompe doseuse volum\u00e9trique + d\u00e9bitm\u00e8tre massique + variateur de vitesse<\/li>\n<\/ul>\n<p>Dans les deux cas, la quantit\u00e9 de produit dos\u00e9 est mesur\u00e9e \u00e0 l&rsquo;aide d&rsquo;un \u00ab\u00a0d\u00e9bitm\u00e8tre massique\u00a0\u00bb, un instrument qui, gr\u00e2ce \u00e0 l&rsquo;effet de Coriolis, peut d\u00e9tecter la quantit\u00e9 de produit dos\u00e9 (en kg\/h) ainsi que sa densit\u00e9 sp\u00e9cifique et sa temp\u00e9rature. Le d\u00e9bitm\u00e8tre massique est l&rsquo;instrument id\u00e9al pour effectuer cette t\u00e2che car il mesure la masse (kg), de sorte que les bilans massiques calcul\u00e9s pour la production n&rsquo;ont pas besoin de \u00ab\u00a0conversion\u00a0\u00bb d&rsquo;unit\u00e9.<\/p>\n<p><strong>Soaptec con\u00e7oit et fabrique des installations compl\u00e8tes de saponification pour la production de savon solide. <\/strong>Constitu\u00e9es de machines \u00e0 l&rsquo;avant-garde, fruit d&rsquo;ann\u00e9es d&rsquo;\u00e9tudes et d&rsquo;investissements importants dans le secteur, nos installations repr\u00e9sentent la meilleure option<span class=\"Apple-converted-space\"> <\/span>le march\u00e9 en termes de performances et de rapport qualit\u00e9-prix. Outre la r\u00e9alisation des installations, notre \u00e9quipe se charge \u00e9galement de l&rsquo;installation et de l&rsquo;entretien des machines sur place, en se d\u00e9pla\u00e7ant dans le monde entier.<\/p>\n<p>[\/et_pb_text][\/et_pb_column][\/et_pb_row][\/et_pb_section]<\/p>\n","protected":false},"excerpt":{"rendered":"<p>Fabricant de savonneries &#8212; SAPONIFICATION &#8212; Installations de saponification pour la production de savon solideLa saponification est le nom commercial donn\u00e9 \u00e0 tous les processus qui transforment les mati\u00e8res premi\u00e8res en savon liquide, \u00e9galement connu sous le nom de \u00ab\u00a0savon pur\u00a0\u00bb. Les mati\u00e8res premi\u00e8res peuvent \u00eatre des graisses neutres, des acides gras ou des combinaisons [&hellip;]<\/p>\n","protected":false},"author":1,"featured_media":0,"parent":0,"menu_order":0,"comment_status":"closed","ping_status":"closed","template":"","meta":{"_et_pb_use_builder":"on","_et_pb_old_content":"","_et_gb_content_width":"","footnotes":""},"class_list":["post-271458","page","type-page","status-publish","hentry"],"yoast_head":"<!-- This site is optimized with the Yoast SEO plugin v27.4 - https:\/\/yoast.com\/product\/yoast-seo-wordpress\/ -->\n<title>Installations de saponification pour la production de savon solide | Soaptec<\/title>\n<meta name=\"description\" content=\"Soaptec se consacre \u00e0 la production d&#039;installations compl\u00e8tes de production de savon solide et de leurs composants.\" \/>\n<meta name=\"robots\" content=\"index, follow, max-snippet:-1, max-image-preview:large, max-video-preview:-1\" \/>\n<link rel=\"canonical\" href=\"https:\/\/www.soaptec.biz\/saponificazione\/\" \/>\n<meta property=\"og:locale\" content=\"fr_FR\" \/>\n<meta property=\"og:type\" content=\"article\" \/>\n<meta property=\"og:title\" content=\"Installations de saponification pour la production de savon solide | Soaptec\" \/>\n<meta property=\"og:description\" content=\"Soaptec se consacre \u00e0 la production d&#039;installations compl\u00e8tes de production de savon solide et de leurs composants.\" \/>\n<meta property=\"og:url\" content=\"https:\/\/www.soaptec.biz\/saponificazione\/\" \/>\n<meta property=\"og:site_name\" content=\"Soaptec\" \/>\n<meta property=\"article:modified_time\" content=\"2025-06-30T07:43:15+00:00\" \/>\n<meta name=\"twitter:card\" content=\"summary_large_image\" \/>\n<meta name=\"twitter:label1\" content=\"Dur\u00e9e de lecture estim\u00e9e\" \/>\n\t<meta name=\"twitter:data1\" content=\"8 minutes\" \/>\n<script type=\"application\/ld+json\" class=\"yoast-schema-graph\">{\"@context\":\"https:\\\/\\\/schema.org\",\"@graph\":[{\"@type\":\"WebPage\",\"@id\":\"https:\\\/\\\/www.soaptec.biz\\\/saponificazione\\\/\",\"url\":\"https:\\\/\\\/www.soaptec.biz\\\/saponificazione\\\/\",\"name\":\"Installations de saponification pour la production de savon solide | Soaptec\",\"isPartOf\":{\"@id\":\"https:\\\/\\\/www.soaptec.biz\\\/#website\"},\"datePublished\":\"2025-05-05T12:34:23+00:00\",\"dateModified\":\"2025-06-30T07:43:15+00:00\",\"description\":\"Soaptec se consacre \u00e0 la production d'installations compl\u00e8tes de production de savon solide et de leurs composants.\",\"breadcrumb\":{\"@id\":\"https:\\\/\\\/www.soaptec.biz\\\/saponificazione\\\/#breadcrumb\"},\"inLanguage\":\"fr-FR\",\"potentialAction\":[{\"@type\":\"ReadAction\",\"target\":[\"https:\\\/\\\/www.soaptec.biz\\\/saponificazione\\\/\"]}]},{\"@type\":\"BreadcrumbList\",\"@id\":\"https:\\\/\\\/www.soaptec.biz\\\/saponificazione\\\/#breadcrumb\",\"itemListElement\":[{\"@type\":\"ListItem\",\"position\":1,\"name\":\"Home\",\"item\":\"https:\\\/\\\/www.soaptec.biz\\\/\"},{\"@type\":\"ListItem\",\"position\":2,\"name\":\"saponification\"}]},{\"@type\":\"WebSite\",\"@id\":\"https:\\\/\\\/www.soaptec.biz\\\/#website\",\"url\":\"https:\\\/\\\/www.soaptec.biz\\\/\",\"name\":\"Soaptec\",\"description\":\"\",\"potentialAction\":[{\"@type\":\"SearchAction\",\"target\":{\"@type\":\"EntryPoint\",\"urlTemplate\":\"https:\\\/\\\/www.soaptec.biz\\\/?s={search_term_string}\"},\"query-input\":{\"@type\":\"PropertyValueSpecification\",\"valueRequired\":true,\"valueName\":\"search_term_string\"}}],\"inLanguage\":\"fr-FR\"}]}<\/script>\n<!-- \/ Yoast SEO plugin. -->","yoast_head_json":{"title":"Installations de saponification pour la production de savon solide | Soaptec","description":"Soaptec se consacre \u00e0 la production d'installations compl\u00e8tes de production de savon solide et de leurs composants.","robots":{"index":"index","follow":"follow","max-snippet":"max-snippet:-1","max-image-preview":"max-image-preview:large","max-video-preview":"max-video-preview:-1"},"canonical":"https:\/\/www.soaptec.biz\/saponificazione\/","og_locale":"fr_FR","og_type":"article","og_title":"Installations de saponification pour la production de savon solide | Soaptec","og_description":"Soaptec se consacre \u00e0 la production d'installations compl\u00e8tes de production de savon solide et de leurs composants.","og_url":"https:\/\/www.soaptec.biz\/saponificazione\/","og_site_name":"Soaptec","article_modified_time":"2025-06-30T07:43:15+00:00","twitter_card":"summary_large_image","twitter_misc":{"Dur\u00e9e de lecture estim\u00e9e":"8 minutes"},"schema":{"@context":"https:\/\/schema.org","@graph":[{"@type":"WebPage","@id":"https:\/\/www.soaptec.biz\/saponificazione\/","url":"https:\/\/www.soaptec.biz\/saponificazione\/","name":"Installations de saponification pour la production de savon solide | Soaptec","isPartOf":{"@id":"https:\/\/www.soaptec.biz\/#website"},"datePublished":"2025-05-05T12:34:23+00:00","dateModified":"2025-06-30T07:43:15+00:00","description":"Soaptec se consacre \u00e0 la production d'installations compl\u00e8tes de production de savon solide et de leurs composants.","breadcrumb":{"@id":"https:\/\/www.soaptec.biz\/saponificazione\/#breadcrumb"},"inLanguage":"fr-FR","potentialAction":[{"@type":"ReadAction","target":["https:\/\/www.soaptec.biz\/saponificazione\/"]}]},{"@type":"BreadcrumbList","@id":"https:\/\/www.soaptec.biz\/saponificazione\/#breadcrumb","itemListElement":[{"@type":"ListItem","position":1,"name":"Home","item":"https:\/\/www.soaptec.biz\/"},{"@type":"ListItem","position":2,"name":"saponification"}]},{"@type":"WebSite","@id":"https:\/\/www.soaptec.biz\/#website","url":"https:\/\/www.soaptec.biz\/","name":"Soaptec","description":"","potentialAction":[{"@type":"SearchAction","target":{"@type":"EntryPoint","urlTemplate":"https:\/\/www.soaptec.biz\/?s={search_term_string}"},"query-input":{"@type":"PropertyValueSpecification","valueRequired":true,"valueName":"search_term_string"}}],"inLanguage":"fr-FR"}]}},"_links":{"self":[{"href":"https:\/\/www.soaptec.biz\/fr\/wp-json\/wp\/v2\/pages\/271458","targetHints":{"allow":["GET"]}}],"collection":[{"href":"https:\/\/www.soaptec.biz\/fr\/wp-json\/wp\/v2\/pages"}],"about":[{"href":"https:\/\/www.soaptec.biz\/fr\/wp-json\/wp\/v2\/types\/page"}],"author":[{"embeddable":true,"href":"https:\/\/www.soaptec.biz\/fr\/wp-json\/wp\/v2\/users\/1"}],"replies":[{"embeddable":true,"href":"https:\/\/www.soaptec.biz\/fr\/wp-json\/wp\/v2\/comments?post=271458"}],"version-history":[{"count":2,"href":"https:\/\/www.soaptec.biz\/fr\/wp-json\/wp\/v2\/pages\/271458\/revisions"}],"predecessor-version":[{"id":271866,"href":"https:\/\/www.soaptec.biz\/fr\/wp-json\/wp\/v2\/pages\/271458\/revisions\/271866"}],"wp:attachment":[{"href":"https:\/\/www.soaptec.biz\/fr\/wp-json\/wp\/v2\/media?parent=271458"}],"curies":[{"name":"wp","href":"https:\/\/api.w.org\/{rel}","templated":true}]}}