{"id":271455,"date":"2025-05-05T14:32:41","date_gmt":"2025-05-05T12:32:41","guid":{"rendered":"https:\/\/www.soaptec.biz\/transport-pneumatique\/"},"modified":"2025-07-01T09:21:03","modified_gmt":"2025-07-01T07:21:03","slug":"transport-pneumatique","status":"publish","type":"page","link":"https:\/\/www.soaptec.biz\/fr\/transport-pneumatique\/","title":{"rendered":"TRANSPORT PNEUMATIQUE"},"content":{"rendered":"<p>[et_pb_section fb_built=\u00a0\u00bb1&Prime; custom_padding_last_edited=\u00a0\u00bbon|phone\u00a0\u00bb admin_label=\u00a0\u00bbBoxy Header Module &#8211; Image 1920 x 1117 pixels\u00a0\u00bb module_class=\u00a0\u00bbheader_8_f falkor\u00a0\u00bb _builder_version=\u00a0\u00bb4.16&Prime; background_color=\u00a0\u00bbrgba(255,255,255,0)\u00a0\u00bb background_image=\u00a0\u00bbhttps:\/\/www.soaptec.biz\/wp-content\/uploads\/2021\/02\/20190726_0938232-2.jpg\u00a0\u00bb background_position=\u00a0\u00bbbottom_center\u00a0\u00bb background_enable_video_mp4=\u00a0\u00bboff\u00a0\u00bb background_video_width=\u00a0\u00bb2000px\u00a0\u00bb custom_padding=\u00a0\u00bb14vw||14vw||true|\u00a0\u00bb custom_padding_tablet=\u00a0\u00bb100px||100px|\u00a0\u00bb custom_padding_phone=\u00a0\u00bb80px||80px|\u00a0\u00bb custom_css_before=\u00a0\u00bb  content: %22%22;|| display: block;|| position: absolute;|| top: 0;|| left: 0;|| width: 100%;|| height: 100%;|| background: #000000;|| opacity: 0.5;\u00a0\u00bb custom_css_after=\u00a0\u00bbcontent: %22%22;|| display: block;|| position: absolute;|| top: 0;|| left: 0;|| width: 100%;|| height: 100%;|| background: #000000;|| opacity: 0.2;\u00a0\u00bb collapsed=\u00a0\u00bboff\u00a0\u00bb global_colors_info=\u00a0\u00bb{}\u00a0\u00bb][et_pb_row custom_padding_last_edited=\u00a0\u00bbon|tablet\u00a0\u00bb admin_label=\u00a0\u00bbBoxy Header Module\u00a0\u00bb module_class=\u00a0\u00bblines_ba et_pb_row_fullwidth\u00a0\u00bb _builder_version=\u00a0\u00bb4.16&Prime; background_size=\u00a0\u00bbinitial\u00a0\u00bb background_position=\u00a0\u00bbtop_left\u00a0\u00bb background_repeat=\u00a0\u00bbrepeat\u00a0\u00bb width=\u00a0\u00bb89%\u00a0\u00bb width_tablet=\u00a0\u00bb80%\u00a0\u00bb width_phone=\u00a0\u00bb\u00a0\u00bb width_last_edited=\u00a0\u00bbon|desktop\u00a0\u00bb max_width=\u00a0\u00bb89%\u00a0\u00bb max_width_tablet=\u00a0\u00bb80%\u00a0\u00bb max_width_phone=\u00a0\u00bb\u00a0\u00bb max_width_last_edited=\u00a0\u00bbon|desktop\u00a0\u00bb custom_padding=\u00a0\u00bb20px|0px|20px|0px\u00a0\u00bb custom_padding_tablet=\u00a0\u00bb0px|0px|0px|0px\u00a0\u00bb custom_padding_phone=\u00a0\u00bb\u00a0\u00bb make_fullwidth=\u00a0\u00bbon\u00a0\u00bb global_colors_info=\u00a0\u00bb{}\u00a0\u00bb][et_pb_column type=\u00a0\u00bb4_4&Prime; _builder_version=\u00a0\u00bb4.16&Prime; background_position=\u00a0\u00bbtop_left\u00a0\u00bb custom_padding=\u00a0\u00bb|||\u00a0\u00bb global_colors_info=\u00a0\u00bb{}\u00a0\u00bb custom_padding__hover=\u00a0\u00bb|||\u00a0\u00bb][et_pb_cta title=\u00a0\u00bbTRANSPORT PNEUMATIQUE\u00a0\u00bb admin_label=\u00a0\u00bbMake It Awesome\u00a0\u00bb _builder_version=\u00a0\u00bb4.16&Prime; header_font=\u00a0\u00bbTeko|500||on|||||\u00a0\u00bb header_text_color=\u00a0\u00bb#ffffff\u00a0\u00bb header_font_size=\u00a0\u00bb77px\u00a0\u00bb header_line_height=\u00a0\u00bb1.7em\u00a0\u00bb body_font=\u00a0\u00bbTeko||||||||\u00a0\u00bb body_text_color=\u00a0\u00bb#ffffff\u00a0\u00bb body_font_size=\u00a0\u00bb60px\u00a0\u00bb body_line_height=\u00a0\u00bb170%\u00a0\u00bb use_background_color=\u00a0\u00bboff\u00a0\u00bb custom_button=\u00a0\u00bbon\u00a0\u00bb button_text_size=\u00a0\u00bb16px\u00a0\u00bb button_text_color=\u00a0\u00bb#ffffff\u00a0\u00bb button_bg_color=\u00a0\u00bbrgba(0,0,0,0)\u00a0\u00bb button_border_color=\u00a0\u00bb#ffffff\u00a0\u00bb button_border_radius=\u00a0\u00bb0px\u00a0\u00bb button_font=\u00a0\u00bbMontserrat|on||on|\u00a0\u00bb button_use_icon=\u00a0\u00bboff\u00a0\u00bb header_font_size_tablet=\u00a0\u00bb50&Prime; header_font_size_phone=\u00a0\u00bb36&Prime; header_font_size_last_edited=\u00a0\u00bbon|phone\u00a0\u00bb custom_css_promo_title=\u00a0\u00bbline-height: 110% !important;|| position: relative;||padding: 32px 20px;|| display: block;||margin-bottom: 24px;\u00a0\u00bb button_border_radius_hover=\u00a0\u00bb0px\u00a0\u00bb button_bg_color_hover=\u00a0\u00bbrgba(0,0,0,0.3)\u00a0\u00bb global_colors_info=\u00a0\u00bb{}\u00a0\u00bb button_text_size__hover_enabled=\u00a0\u00bboff\u00a0\u00bb button_one_text_size__hover_enabled=\u00a0\u00bboff\u00a0\u00bb button_two_text_size__hover_enabled=\u00a0\u00bboff\u00a0\u00bb button_text_color__hover_enabled=\u00a0\u00bboff\u00a0\u00bb button_one_text_color__hover_enabled=\u00a0\u00bboff\u00a0\u00bb button_two_text_color__hover_enabled=\u00a0\u00bboff\u00a0\u00bb button_border_width__hover_enabled=\u00a0\u00bboff\u00a0\u00bb button_one_border_width__hover_enabled=\u00a0\u00bboff\u00a0\u00bb button_two_border_width__hover_enabled=\u00a0\u00bboff\u00a0\u00bb button_border_color__hover_enabled=\u00a0\u00bboff\u00a0\u00bb button_one_border_color__hover_enabled=\u00a0\u00bboff\u00a0\u00bb button_two_border_color__hover_enabled=\u00a0\u00bboff\u00a0\u00bb button_border_radius__hover_enabled=\u00a0\u00bbon\u00a0\u00bb button_border_radius__hover=\u00a0\u00bb0px\u00a0\u00bb button_one_border_radius__hover_enabled=\u00a0\u00bboff\u00a0\u00bb button_two_border_radius__hover_enabled=\u00a0\u00bboff\u00a0\u00bb button_letter_spacing__hover_enabled=\u00a0\u00bboff\u00a0\u00bb button_one_letter_spacing__hover_enabled=\u00a0\u00bboff\u00a0\u00bb button_two_letter_spacing__hover_enabled=\u00a0\u00bboff\u00a0\u00bb button_bg_color__hover_enabled=\u00a0\u00bbon\u00a0\u00bb button_bg_color__hover=\u00a0\u00bbrgba(0,0,0,0.3)\u00a0\u00bb button_one_bg_color__hover_enabled=\u00a0\u00bboff\u00a0\u00bb button_two_bg_color__hover_enabled=\u00a0\u00bboff\u00a0\u00bb][\/et_pb_cta][\/et_pb_column][\/et_pb_row][\/et_pb_section][et_pb_section fb_built=\u00a0\u00bb1&Prime; _builder_version=\u00a0\u00bb4.16&Prime; _module_preset=\u00a0\u00bbdefault\u00a0\u00bb background_color=\u00a0\u00bb#e2e2e2&Prime; custom_padding=\u00a0\u00bb0px||15px|||\u00a0\u00bb global_colors_info=\u00a0\u00bb{}\u00a0\u00bb][et_pb_row column_structure=\u00a0\u00bb2_3,1_3&Prime; _builder_version=\u00a0\u00bb4.16&Prime; _module_preset=\u00a0\u00bbdefault\u00a0\u00bb max_width=\u00a0\u00bb1389px\u00a0\u00bb custom_padding=\u00a0\u00bb||0px|||\u00a0\u00bb global_colors_info=\u00a0\u00bb{}\u00a0\u00bb][et_pb_column type=\u00a0\u00bb2_3&Prime; _builder_version=\u00a0\u00bb4.16&Prime; _module_preset=\u00a0\u00bbdefault\u00a0\u00bb global_colors_info=\u00a0\u00bb{}\u00a0\u00bb][et_pb_text _builder_version=\u00a0\u00bb4.16&Prime; _module_preset=\u00a0\u00bbdefault\u00a0\u00bb text_font=\u00a0\u00bbTeko|300||on|||||\u00a0\u00bb text_text_color=\u00a0\u00bb#1E2D3C\u00a0\u00bb text_font_size=\u00a0\u00bb44px\u00a0\u00bb global_colors_info=\u00a0\u00bb{}\u00a0\u00bb]<\/p>\n<p>Fabricant de savonneries<\/p>\n<p>[\/et_pb_text][\/et_pb_column][et_pb_column type=\u00a0\u00bb1_3&Prime; _builder_version=\u00a0\u00bb4.16&Prime; _module_preset=\u00a0\u00bbdefault\u00a0\u00bb global_colors_info=\u00a0\u00bb{}\u00a0\u00bb][et_pb_button button_url=\u00a0\u00bbhttps:\/\/www.soaptec.biz\/fr\/contact\/\u00a0\u00bb button_text=\u00a0\u00bbnous contacter\u00a0\u00bb button_alignment=\u00a0\u00bbright\u00a0\u00bb button_alignment_tablet=\u00a0\u00bb\u00a0\u00bb button_alignment_phone=\u00a0\u00bbleft\u00a0\u00bb button_alignment_last_edited=\u00a0\u00bbon|phone\u00a0\u00bb admin_label=\u00a0\u00bbThe Loser Button &#8211; Freddie\u00a0\u00bb module_class=\u00a0\u00bbfreddie_button_the_loser\u00a0\u00bb _builder_version=\u00a0\u00bb4.27.4&Prime; custom_button=\u00a0\u00bbon\u00a0\u00bb button_text_size=\u00a0\u00bb26px\u00a0\u00bb button_text_color=\u00a0\u00bb#1E2D3C\u00a0\u00bb button_bg_color=\u00a0\u00bbrgba(0,0,0,0)\u00a0\u00bb button_border_width=\u00a0\u00bb2px\u00a0\u00bb button_border_color=\u00a0\u00bb#000000&Prime; button_border_radius=\u00a0\u00bb0px\u00a0\u00bb button_font=\u00a0\u00bbTeko|||on|||||\u00a0\u00bb button_icon_placement=\u00a0\u00bbleft\u00a0\u00bb button_on_hover=\u00a0\u00bboff\u00a0\u00bb custom_margin=\u00a0\u00bb-17px||0px|||\u00a0\u00bb custom_padding=\u00a0\u00bb0px|26px|0px|26px|true|false\u00a0\u00bb z_index_tablet=\u00a0\u00bb500&Prime; custom_css_before=\u00a0\u00bbcontent: %22%22 !important;||display: block !important;||position: absolute;||    z-index: -1;||    top: 0;||    left: 0;||    width: 0;||    height: 100%;||    background: #1E2D3C;||    transition: width .4s cubic-bezier(1,0,0,1);||    margin-left: 0 !important;\u00a0\u00bb custom_css_main_element=\u00a0\u00bb     letter-spacing: 0.3px;\u00a0\u00bb locked=\u00a0\u00bboff\u00a0\u00bb global_colors_info=\u00a0\u00bb{}\u00a0\u00bb button_text_color__hover_enabled=\u00a0\u00bbon\u00a0\u00bb button_text_color__hover=\u00a0\u00bb#ffffff\u00a0\u00bb][\/et_pb_button][\/et_pb_column][\/et_pb_row][\/et_pb_section][et_pb_section fb_built=\u00a0\u00bb1&Prime; _builder_version=\u00a0\u00bb4.16&Prime; _module_preset=\u00a0\u00bbdefault\u00a0\u00bb custom_padding=\u00a0\u00bb27px||35px|||\u00a0\u00bb global_colors_info=\u00a0\u00bb{}\u00a0\u00bb][et_pb_row _builder_version=\u00a0\u00bb4.16&Prime; _module_preset=\u00a0\u00bbdefault\u00a0\u00bb max_width=\u00a0\u00bb1416px\u00a0\u00bb custom_padding=\u00a0\u00bb17px|||||\u00a0\u00bb global_colors_info=\u00a0\u00bb{}\u00a0\u00bb][et_pb_column type=\u00a0\u00bb4_4&Prime; _builder_version=\u00a0\u00bb4.16&Prime; _module_preset=\u00a0\u00bbdefault\u00a0\u00bb global_colors_info=\u00a0\u00bb{}\u00a0\u00bb][et_pb_text _builder_version=\u00a0\u00bb4.16&Prime; _module_preset=\u00a0\u00bbdefault\u00a0\u00bb text_font=\u00a0\u00bbTeko|300|||||||\u00a0\u00bb text_font_size=\u00a0\u00bb47px\u00a0\u00bb header_font=\u00a0\u00bbTeko|300|||||||\u00a0\u00bb header_text_color=\u00a0\u00bb#1E2D3C\u00a0\u00bb header_font_size=\u00a0\u00bb47px\u00a0\u00bb animation_style=\u00a0\u00bbzoom\u00a0\u00bb global_colors_info=\u00a0\u00bb{}\u00a0\u00bb]<\/p>\n<p class=\"p1\" style=\"text-align: center;\"><span style=\"color: #e02b20;\">&#8212; TRANSPORT PNEUMATIQUE &#8212;<\/span><\/p>\n<h1 class=\"p1\" style=\"text-align: center;\"><strong>Convoyeurs pneumatiques de savon<\/strong><\/h1>\n<p>&nbsp;<\/p>\n<p>[\/et_pb_text][\/et_pb_column][\/et_pb_row][et_pb_row column_structure=\u00a0\u00bb1_2,1_2&Prime; _builder_version=\u00a0\u00bb4.16&Prime; _module_preset=\u00a0\u00bbdefault\u00a0\u00bb width=\u00a0\u00bb86%\u00a0\u00bb max_width=\u00a0\u00bb1256px\u00a0\u00bb global_colors_info=\u00a0\u00bb{}\u00a0\u00bb][et_pb_column type=\u00a0\u00bb1_2&Prime; _builder_version=\u00a0\u00bb4.16&Prime; _module_preset=\u00a0\u00bbdefault\u00a0\u00bb global_colors_info=\u00a0\u00bb{}\u00a0\u00bb][et_pb_text _builder_version=\u00a0\u00bb4.16&Prime; _module_preset=\u00a0\u00bbdefault\u00a0\u00bb text_font=\u00a0\u00bbMontserrat||||||||\u00a0\u00bb text_orientation=\u00a0\u00bbjustified\u00a0\u00bb animation_style=\u00a0\u00bbzoom\u00a0\u00bb global_colors_info=\u00a0\u00bb{}\u00a0\u00bb]<\/p>\n<p>Les convoyeurs pneumatiques sont des syst\u00e8mes con\u00e7us pour transporter les bondillons de savon<span class=\"Apple-converted-space\">\u00a0<\/span>produits dans l&rsquo;installation de s\u00e9chage vers les silos de stockage, qui alimentent la ligne de finition.<\/p>\n<p>Soaptec propose deux mod\u00e8les de convoyeurs pneumatiques : les convoyeurs \u00e0 pression et les convoyeurs \u00e0 aspiration, avec un ou plusieurs points de pr\u00e9l\u00e8vement et un ou plusieurs points de stockage en accord avec la capacit\u00e9 de l\u2019installation.<\/p>\n<p>Sur les convoyeurs pneumatiques \u00e0 pression, les bondillons de savon<span class=\"Apple-converted-space\"> <\/span><span style=\"font-size: 14px;\">sont pouss\u00e9es par une <\/span>soufflante<span class=\"Apple-converted-space\"> <\/span><span style=\"font-size: 14px;\">situ\u00e9e au d\u00e9but du syst\u00e8me. Le flux d&rsquo;air est g\u00e9n\u00e9r\u00e9 par un <\/span>compresseur puissant<span class=\"Apple-converted-space\"> <\/span><span style=\"font-size: 14px;\">mont\u00e9 dans une cabine insonoris\u00e9e.<\/span><\/p>\n<p>Sur les transporteurs pneumatiques par aspiration, en revanche, les bondillons de savon sont aspir\u00e9s par le g\u00e9n\u00e9rateur de flux d&rsquo;air, qui se trouve \u00e0 l&rsquo;extr\u00e9mit\u00e9 du syst\u00e8me.<\/p>\n<p>[\/et_pb_text][\/et_pb_column][et_pb_column type=\u00a0\u00bb1_2&Prime; _builder_version=\u00a0\u00bb4.16&Prime; _module_preset=\u00a0\u00bbdefault\u00a0\u00bb global_colors_info=\u00a0\u00bb{}\u00a0\u00bb][et_pb_text _builder_version=\u00a0\u00bb4.16&Prime; _module_preset=\u00a0\u00bbdefault\u00a0\u00bb text_font=\u00a0\u00bbMontserrat||||||||\u00a0\u00bb text_orientation=\u00a0\u00bbjustified\u00a0\u00bb animation_style=\u00a0\u00bbzoom\u00a0\u00bb global_colors_info=\u00a0\u00bb{}\u00a0\u00bb]Pour \u00e9viter l&rsquo;obstruction des tuyaux, le flux d&rsquo;air de transport doit \u00eatre refroidi \u00e0 l&rsquo;aide d&rsquo;un \u00e9changeur d&rsquo;eau froide.<\/p>\n<p>Notre soci\u00e9t\u00e9 est \u00e0 votre disposition pour concevoir des syst\u00e8mes pneumatiques personnalis\u00e9s, sur mesure, en fonction des exigences et des besoins du client. Outre le type de mod\u00e8le, le client peut \u00e9galement s\u00e9lectionner les accessoires \u00e0 appliquer au syst\u00e8me. <\/p>\n<p>La conception et la fabrication de convoyeurs pneumatiques font partie de notre c\u0153ur de m\u00e9tier, mais Soaptec propose \u00e9galement des services d&rsquo;installation, de mise en service et de maintenance des \u00e9quipements. Pour toutes ces activit\u00e9s apr\u00e8s-vente, nous sommes disponibles pour des d\u00e9placements dans le monde entier. [\/et_pb_text][\/et_pb_column][\/et_pb_row][\/et_pb_section][et_pb_section fb_built=\u00a0\u00bb1&Prime; specialty=\u00a0\u00bbon\u00a0\u00bb _builder_version=\u00a0\u00bb4.16&Prime; _module_preset=\u00a0\u00bbdefault\u00a0\u00bb background_color=\u00a0\u00bb#f4f4f4&Prime; inner_max_width=\u00a0\u00bb1300px\u00a0\u00bb custom_padding=\u00a0\u00bb0px|||||\u00a0\u00bb global_colors_info=\u00a0\u00bb{}\u00a0\u00bb][et_pb_column type=\u00a0\u00bb1_2&Prime; _builder_version=\u00a0\u00bb4.16&Prime; custom_padding=\u00a0\u00bb|||\u00a0\u00bb global_colors_info=\u00a0\u00bb{}\u00a0\u00bb custom_padding__hover=\u00a0\u00bb|||\u00a0\u00bb][et_pb_image src=\u00a0\u00bbhttps:\/\/www.soaptec.biz\/wp-content\/uploads\/2021\/02\/trasportopneumaticop.png\u00a0\u00bb title_text=\u00a0\u00bbtrasportopneumaticop\u00a0\u00bb _builder_version=\u00a0\u00bb4.16&Prime; _module_preset=\u00a0\u00bbdefault\u00a0\u00bb width=\u00a0\u00bb98%\u00a0\u00bb module_alignment=\u00a0\u00bbcenter\u00a0\u00bb custom_margin=\u00a0\u00bb-8px|||||\u00a0\u00bb animation_style=\u00a0\u00bbzoom\u00a0\u00bb global_colors_info=\u00a0\u00bb{}\u00a0\u00bb][\/et_pb_image][\/et_pb_column][et_pb_column type=\u00a0\u00bb1_2&Prime; specialty_columns=\u00a0\u00bb2&Prime; _builder_version=\u00a0\u00bb4.16&Prime; custom_padding=\u00a0\u00bb|||\u00a0\u00bb global_colors_info=\u00a0\u00bb{}\u00a0\u00bb custom_padding__hover=\u00a0\u00bb|||\u00a0\u00bb][et_pb_row_inner _builder_version=\u00a0\u00bb4.16&Prime; _module_preset=\u00a0\u00bbdefault\u00a0\u00bb custom_padding=\u00a0\u00bb||19px|||\u00a0\u00bb global_colors_info=\u00a0\u00bb{}\u00a0\u00bb][et_pb_column_inner saved_specialty_column_type=\u00a0\u00bb1_2&Prime; _builder_version=\u00a0\u00bb4.16&Prime; _module_preset=\u00a0\u00bbdefault\u00a0\u00bb global_colors_info=\u00a0\u00bb{}\u00a0\u00bb][et_pb_text _builder_version=\u00a0\u00bb4.16&Prime; _module_preset=\u00a0\u00bbdefault\u00a0\u00bb header_font=\u00a0\u00bbTeko|300|||||||\u00a0\u00bb header_text_color=\u00a0\u00bb#1E2D3C\u00a0\u00bb header_font_size=\u00a0\u00bb47px\u00a0\u00bb header_2_font=\u00a0\u00bbTeko|300|||||||\u00a0\u00bb header_2_font_size=\u00a0\u00bb37px\u00a0\u00bb animation_style=\u00a0\u00bbslide\u00a0\u00bb animation_direction=\u00a0\u00bbright\u00a0\u00bb global_colors_info=\u00a0\u00bb{}\u00a0\u00bb]<\/p>\n<h2 class=\"p1\" style=\"text-align: left;\"><strong>Fonctionnement et sp\u00e9cifications techniques<\/strong><\/h2>\n<p>&nbsp;<\/p>\n<p>[\/et_pb_text][et_pb_text _builder_version=\u00a0\u00bb4.16&Prime; _module_preset=\u00a0\u00bbdefault\u00a0\u00bb text_font=\u00a0\u00bbMontserrat||||||||\u00a0\u00bb text_orientation=\u00a0\u00bbjustified\u00a0\u00bb custom_margin=\u00a0\u00bb-37px||27px|||\u00a0\u00bb animation_style=\u00a0\u00bbslide\u00a0\u00bb animation_direction=\u00a0\u00bbright\u00a0\u00bb global_colors_info=\u00a0\u00bb{}\u00a0\u00bb]<\/p>\n<p>L&rsquo;alimentateur du syst\u00e8me de transport pneumatique est \u00e9quip\u00e9 d&rsquo;une tr\u00e9mie en acier inoxydable AISI 304, d&rsquo;une vanne de blocage manuelle et d&rsquo;une vanne rotative, mont\u00e9es sur un cadre unique.<\/p>\n<p>L&rsquo;air \u00e9vacu\u00e9 est filtr\u00e9 par un filtre \u00e0 manches qui le d\u00e9barrasse de le poudres de savon, puis il est rejet\u00e9 dans l&rsquo;atmosph\u00e8re. Les r\u00e9sidus sont retenus dans le syst\u00e8me.<\/p>\n<p>Au sommet de chaque r\u00e9servoir se trouve un s\u00e9parateur de poudres<span class=\"Apple-converted-space\">\u00a0<\/span>centrifuge o\u00f9 les <span>bondillons<\/span> sont s\u00e9par\u00e9s de l&rsquo;air et d\u00e9charg\u00e9s dans le silo. Le tuyau d&rsquo;alimentation du convoyeur pneumatique est \u00e9galement \u00e9quip\u00e9 d&rsquo;un indicateur de d\u00e9bit qui permet de contr\u00f4ler visuellement le mat\u00e9riau entrant.<\/p>\n<p>Les tuyaux de sortie de l&rsquo;air sont \u00e9quip\u00e9s de vannes papillon actionn\u00e9es par un actionneur pneumatique qu\u2019en regulent passage. Le tableau de commande \u00e9lectrique peut \u00eatre \u00e9quip\u00e9 d&rsquo;un tableau synoptique ou d&rsquo;un syst\u00e8me scada.<\/p>\n<p>Les vannes de d\u00e9rivation, \u00e9galement contr\u00f4l\u00e9es par des actionneurs pneumatiques, permettent de d\u00e9vier le flux de <span>bondillons<\/span> vers diff\u00e9rents r\u00e9servoirs de stockage.<\/p>\n<p>[\/et_pb_text][\/et_pb_column_inner][\/et_pb_row_inner][\/et_pb_column][\/et_pb_section]<\/p>\n","protected":false},"excerpt":{"rendered":"<p>Fabricant de savonneries&#8212; TRANSPORT PNEUMATIQUE &#8212; Convoyeurs pneumatiques de savon &nbsp;Les convoyeurs pneumatiques sont des syst\u00e8mes con\u00e7us pour transporter les bondillons de savon\u00a0produits dans l&rsquo;installation de s\u00e9chage vers les silos de stockage, qui alimentent la ligne de finition. Soaptec propose deux mod\u00e8les de convoyeurs pneumatiques : les convoyeurs \u00e0 pression et les convoyeurs \u00e0 aspiration, [&hellip;]<\/p>\n","protected":false},"author":1,"featured_media":0,"parent":0,"menu_order":0,"comment_status":"closed","ping_status":"closed","template":"","meta":{"_et_pb_use_builder":"on","_et_pb_old_content":"","_et_gb_content_width":"","footnotes":""},"class_list":["post-271455","page","type-page","status-publish","hentry"],"yoast_head":"<!-- This site is optimized with the Yoast SEO plugin v27.4 - https:\/\/yoast.com\/product\/yoast-seo-wordpress\/ -->\n<title>Convoyeurs pneumatiques pour savonneries | Soaptec<\/title>\n<meta name=\"description\" content=\"Soaptec est un fabricant de convoyeurs pneumatiques pour savonneries. Nous assurons \u00e9galement la conception, l&#039;installation et la maintenance.\" \/>\n<meta name=\"robots\" content=\"index, follow, max-snippet:-1, max-image-preview:large, max-video-preview:-1\" \/>\n<link rel=\"canonical\" href=\"https:\/\/www.soaptec.biz\/trasporto-pneumatico\/\" \/>\n<meta property=\"og:locale\" content=\"fr_FR\" \/>\n<meta property=\"og:type\" content=\"article\" \/>\n<meta property=\"og:title\" content=\"Convoyeurs pneumatiques pour savonneries | Soaptec\" \/>\n<meta property=\"og:description\" content=\"Soaptec est un fabricant de convoyeurs pneumatiques pour savonneries. Nous assurons \u00e9galement la conception, l&#039;installation et la maintenance.\" \/>\n<meta property=\"og:url\" content=\"https:\/\/www.soaptec.biz\/trasporto-pneumatico\/\" \/>\n<meta property=\"og:site_name\" content=\"Soaptec\" \/>\n<meta property=\"article:modified_time\" content=\"2025-07-01T07:21:03+00:00\" \/>\n<meta name=\"twitter:card\" content=\"summary_large_image\" \/>\n<meta name=\"twitter:label1\" content=\"Dur\u00e9e de lecture estim\u00e9e\" \/>\n\t<meta name=\"twitter:data1\" content=\"8 minutes\" \/>\n<script type=\"application\/ld+json\" class=\"yoast-schema-graph\">{\"@context\":\"https:\\\/\\\/schema.org\",\"@graph\":[{\"@type\":\"WebPage\",\"@id\":\"https:\\\/\\\/www.soaptec.biz\\\/trasporto-pneumatico\\\/\",\"url\":\"https:\\\/\\\/www.soaptec.biz\\\/trasporto-pneumatico\\\/\",\"name\":\"Convoyeurs pneumatiques pour savonneries | Soaptec\",\"isPartOf\":{\"@id\":\"https:\\\/\\\/www.soaptec.biz\\\/#website\"},\"datePublished\":\"2025-05-05T12:32:41+00:00\",\"dateModified\":\"2025-07-01T07:21:03+00:00\",\"description\":\"Soaptec est un fabricant de convoyeurs pneumatiques pour savonneries. Nous assurons \u00e9galement la conception, l'installation et la maintenance.\",\"breadcrumb\":{\"@id\":\"https:\\\/\\\/www.soaptec.biz\\\/trasporto-pneumatico\\\/#breadcrumb\"},\"inLanguage\":\"fr-FR\",\"potentialAction\":[{\"@type\":\"ReadAction\",\"target\":[\"https:\\\/\\\/www.soaptec.biz\\\/trasporto-pneumatico\\\/\"]}]},{\"@type\":\"BreadcrumbList\",\"@id\":\"https:\\\/\\\/www.soaptec.biz\\\/trasporto-pneumatico\\\/#breadcrumb\",\"itemListElement\":[{\"@type\":\"ListItem\",\"position\":1,\"name\":\"Home\",\"item\":\"https:\\\/\\\/www.soaptec.biz\\\/\"},{\"@type\":\"ListItem\",\"position\":2,\"name\":\"TRANSPORT PNEUMATIQUE\"}]},{\"@type\":\"WebSite\",\"@id\":\"https:\\\/\\\/www.soaptec.biz\\\/#website\",\"url\":\"https:\\\/\\\/www.soaptec.biz\\\/\",\"name\":\"Soaptec\",\"description\":\"\",\"potentialAction\":[{\"@type\":\"SearchAction\",\"target\":{\"@type\":\"EntryPoint\",\"urlTemplate\":\"https:\\\/\\\/www.soaptec.biz\\\/?s={search_term_string}\"},\"query-input\":{\"@type\":\"PropertyValueSpecification\",\"valueRequired\":true,\"valueName\":\"search_term_string\"}}],\"inLanguage\":\"fr-FR\"}]}<\/script>\n<!-- \/ Yoast SEO plugin. -->","yoast_head_json":{"title":"Convoyeurs pneumatiques pour savonneries | Soaptec","description":"Soaptec est un fabricant de convoyeurs pneumatiques pour savonneries. Nous assurons \u00e9galement la conception, l'installation et la maintenance.","robots":{"index":"index","follow":"follow","max-snippet":"max-snippet:-1","max-image-preview":"max-image-preview:large","max-video-preview":"max-video-preview:-1"},"canonical":"https:\/\/www.soaptec.biz\/trasporto-pneumatico\/","og_locale":"fr_FR","og_type":"article","og_title":"Convoyeurs pneumatiques pour savonneries | Soaptec","og_description":"Soaptec est un fabricant de convoyeurs pneumatiques pour savonneries. Nous assurons \u00e9galement la conception, l'installation et la maintenance.","og_url":"https:\/\/www.soaptec.biz\/trasporto-pneumatico\/","og_site_name":"Soaptec","article_modified_time":"2025-07-01T07:21:03+00:00","twitter_card":"summary_large_image","twitter_misc":{"Dur\u00e9e de lecture estim\u00e9e":"8 minutes"},"schema":{"@context":"https:\/\/schema.org","@graph":[{"@type":"WebPage","@id":"https:\/\/www.soaptec.biz\/trasporto-pneumatico\/","url":"https:\/\/www.soaptec.biz\/trasporto-pneumatico\/","name":"Convoyeurs pneumatiques pour savonneries | Soaptec","isPartOf":{"@id":"https:\/\/www.soaptec.biz\/#website"},"datePublished":"2025-05-05T12:32:41+00:00","dateModified":"2025-07-01T07:21:03+00:00","description":"Soaptec est un fabricant de convoyeurs pneumatiques pour savonneries. Nous assurons \u00e9galement la conception, l'installation et la maintenance.","breadcrumb":{"@id":"https:\/\/www.soaptec.biz\/trasporto-pneumatico\/#breadcrumb"},"inLanguage":"fr-FR","potentialAction":[{"@type":"ReadAction","target":["https:\/\/www.soaptec.biz\/trasporto-pneumatico\/"]}]},{"@type":"BreadcrumbList","@id":"https:\/\/www.soaptec.biz\/trasporto-pneumatico\/#breadcrumb","itemListElement":[{"@type":"ListItem","position":1,"name":"Home","item":"https:\/\/www.soaptec.biz\/"},{"@type":"ListItem","position":2,"name":"TRANSPORT PNEUMATIQUE"}]},{"@type":"WebSite","@id":"https:\/\/www.soaptec.biz\/#website","url":"https:\/\/www.soaptec.biz\/","name":"Soaptec","description":"","potentialAction":[{"@type":"SearchAction","target":{"@type":"EntryPoint","urlTemplate":"https:\/\/www.soaptec.biz\/?s={search_term_string}"},"query-input":{"@type":"PropertyValueSpecification","valueRequired":true,"valueName":"search_term_string"}}],"inLanguage":"fr-FR"}]}},"_links":{"self":[{"href":"https:\/\/www.soaptec.biz\/fr\/wp-json\/wp\/v2\/pages\/271455","targetHints":{"allow":["GET"]}}],"collection":[{"href":"https:\/\/www.soaptec.biz\/fr\/wp-json\/wp\/v2\/pages"}],"about":[{"href":"https:\/\/www.soaptec.biz\/fr\/wp-json\/wp\/v2\/types\/page"}],"author":[{"embeddable":true,"href":"https:\/\/www.soaptec.biz\/fr\/wp-json\/wp\/v2\/users\/1"}],"replies":[{"embeddable":true,"href":"https:\/\/www.soaptec.biz\/fr\/wp-json\/wp\/v2\/comments?post=271455"}],"version-history":[{"count":5,"href":"https:\/\/www.soaptec.biz\/fr\/wp-json\/wp\/v2\/pages\/271455\/revisions"}],"predecessor-version":[{"id":271972,"href":"https:\/\/www.soaptec.biz\/fr\/wp-json\/wp\/v2\/pages\/271455\/revisions\/271972"}],"wp:attachment":[{"href":"https:\/\/www.soaptec.biz\/fr\/wp-json\/wp\/v2\/media?parent=271455"}],"curies":[{"name":"wp","href":"https:\/\/api.w.org\/{rel}","templated":true}]}}