{"id":271411,"date":"2025-05-04T18:33:52","date_gmt":"2025-05-04T16:33:52","guid":{"rendered":"https:\/\/www.soaptec.biz\/sechoir\/echangeurs-de-chaleur\/"},"modified":"2025-06-30T10:46:47","modified_gmt":"2025-06-30T08:46:47","slug":"echangeurs-de-chaleur","status":"publish","type":"page","link":"https:\/\/www.soaptec.biz\/fr\/sechoir\/echangeurs-de-chaleur\/","title":{"rendered":"\u00c9CHANGEURS DE CHALEUR"},"content":{"rendered":"<p>[et_pb_section fb_built=\u00a0\u00bb1&Prime; custom_padding_last_edited=\u00a0\u00bbon|phone\u00a0\u00bb admin_label=\u00a0\u00bbBoxy Header Module &#8211; Image 1920 x 1117 pixels\u00a0\u00bb module_class=\u00a0\u00bbheader_8_f falkor\u00a0\u00bb _builder_version=\u00a0\u00bb4.16&Prime; background_color=\u00a0\u00bbrgba(255,255,255,0)\u00a0\u00bb background_image=\u00a0\u00bbhttps:\/\/www.soaptec.biz\/wp-content\/uploads\/2021\/02\/PAG-019-F-1024&#215;768-1.jpg\u00a0\u00bb background_enable_video_mp4=\u00a0\u00bboff\u00a0\u00bb background_video_width=\u00a0\u00bb2000px\u00a0\u00bb custom_padding=\u00a0\u00bb14vw||14vw||true|\u00a0\u00bb custom_padding_tablet=\u00a0\u00bb100px||100px|\u00a0\u00bb custom_padding_phone=\u00a0\u00bb80px||80px|\u00a0\u00bb custom_css_before=\u00a0\u00bb  content: %22%22;|| display: block;|| position: absolute;|| top: 0;|| left: 0;|| width: 100%;|| height: 100%;|| background: #000000;|| opacity: 0.3;\u00a0\u00bb custom_css_after=\u00a0\u00bbcontent: %22%22;|| display: block;|| position: absolute;|| top: 0;|| left: 0;|| width: 100%;|| height: 100%;|| background: #000000;|| opacity: 0.3;\u00a0\u00bb collapsed=\u00a0\u00bboff\u00a0\u00bb global_colors_info=\u00a0\u00bb{}\u00a0\u00bb][et_pb_row custom_padding_last_edited=\u00a0\u00bbon|tablet\u00a0\u00bb admin_label=\u00a0\u00bbBoxy Header Module\u00a0\u00bb module_class=\u00a0\u00bblines_ba et_pb_row_fullwidth\u00a0\u00bb _builder_version=\u00a0\u00bb4.16&Prime; background_size=\u00a0\u00bbinitial\u00a0\u00bb background_position=\u00a0\u00bbtop_left\u00a0\u00bb background_repeat=\u00a0\u00bbrepeat\u00a0\u00bb width=\u00a0\u00bb89%\u00a0\u00bb width_tablet=\u00a0\u00bb80%\u00a0\u00bb width_phone=\u00a0\u00bb\u00a0\u00bb width_last_edited=\u00a0\u00bbon|desktop\u00a0\u00bb max_width=\u00a0\u00bb89%\u00a0\u00bb max_width_tablet=\u00a0\u00bb80%\u00a0\u00bb max_width_phone=\u00a0\u00bb\u00a0\u00bb max_width_last_edited=\u00a0\u00bbon|desktop\u00a0\u00bb custom_padding=\u00a0\u00bb20px|0px|20px|0px\u00a0\u00bb custom_padding_tablet=\u00a0\u00bb0px|0px|0px|0px\u00a0\u00bb custom_padding_phone=\u00a0\u00bb\u00a0\u00bb make_fullwidth=\u00a0\u00bbon\u00a0\u00bb global_colors_info=\u00a0\u00bb{}\u00a0\u00bb][et_pb_column type=\u00a0\u00bb4_4&Prime; _builder_version=\u00a0\u00bb4.16&Prime; background_position=\u00a0\u00bbtop_left\u00a0\u00bb custom_padding=\u00a0\u00bb|||\u00a0\u00bb global_colors_info=\u00a0\u00bb{}\u00a0\u00bb custom_padding__hover=\u00a0\u00bb|||\u00a0\u00bb][et_pb_cta title=\u00a0\u00bb\u00e9changeurs de chaleur\u00a0\u00bb admin_label=\u00a0\u00bbMake It Awesome\u00a0\u00bb _builder_version=\u00a0\u00bb4.16&Prime; header_font=\u00a0\u00bbTeko|500||on|||||\u00a0\u00bb header_text_color=\u00a0\u00bb#ffffff\u00a0\u00bb header_font_size=\u00a0\u00bb77px\u00a0\u00bb header_line_height=\u00a0\u00bb1.7em\u00a0\u00bb body_font=\u00a0\u00bbTeko||||||||\u00a0\u00bb body_text_color=\u00a0\u00bb#ffffff\u00a0\u00bb body_font_size=\u00a0\u00bb60px\u00a0\u00bb body_line_height=\u00a0\u00bb170%\u00a0\u00bb use_background_color=\u00a0\u00bboff\u00a0\u00bb custom_button=\u00a0\u00bbon\u00a0\u00bb button_text_size=\u00a0\u00bb16px\u00a0\u00bb button_text_color=\u00a0\u00bb#ffffff\u00a0\u00bb button_bg_color=\u00a0\u00bbrgba(0,0,0,0)\u00a0\u00bb button_border_color=\u00a0\u00bb#ffffff\u00a0\u00bb button_border_radius=\u00a0\u00bb0px\u00a0\u00bb button_font=\u00a0\u00bbMontserrat|on||on|\u00a0\u00bb button_use_icon=\u00a0\u00bboff\u00a0\u00bb header_font_size_tablet=\u00a0\u00bb50&Prime; header_font_size_phone=\u00a0\u00bb36&Prime; header_font_size_last_edited=\u00a0\u00bbon|phone\u00a0\u00bb custom_css_promo_title=\u00a0\u00bbline-height: 110% !important;|| position: relative;||padding: 32px 20px;|| display: block;||margin-bottom: 24px;\u00a0\u00bb button_border_radius_hover=\u00a0\u00bb0px\u00a0\u00bb button_bg_color_hover=\u00a0\u00bbrgba(0,0,0,0.3)\u00a0\u00bb global_colors_info=\u00a0\u00bb{}\u00a0\u00bb button_text_size__hover_enabled=\u00a0\u00bboff\u00a0\u00bb button_one_text_size__hover_enabled=\u00a0\u00bboff\u00a0\u00bb button_two_text_size__hover_enabled=\u00a0\u00bboff\u00a0\u00bb button_text_color__hover_enabled=\u00a0\u00bboff\u00a0\u00bb button_one_text_color__hover_enabled=\u00a0\u00bboff\u00a0\u00bb button_two_text_color__hover_enabled=\u00a0\u00bboff\u00a0\u00bb button_border_width__hover_enabled=\u00a0\u00bboff\u00a0\u00bb button_one_border_width__hover_enabled=\u00a0\u00bboff\u00a0\u00bb button_two_border_width__hover_enabled=\u00a0\u00bboff\u00a0\u00bb button_border_color__hover_enabled=\u00a0\u00bboff\u00a0\u00bb button_one_border_color__hover_enabled=\u00a0\u00bboff\u00a0\u00bb button_two_border_color__hover_enabled=\u00a0\u00bboff\u00a0\u00bb button_border_radius__hover_enabled=\u00a0\u00bbon\u00a0\u00bb button_border_radius__hover=\u00a0\u00bb0px\u00a0\u00bb button_one_border_radius__hover_enabled=\u00a0\u00bboff\u00a0\u00bb button_two_border_radius__hover_enabled=\u00a0\u00bboff\u00a0\u00bb button_letter_spacing__hover_enabled=\u00a0\u00bboff\u00a0\u00bb button_one_letter_spacing__hover_enabled=\u00a0\u00bboff\u00a0\u00bb button_two_letter_spacing__hover_enabled=\u00a0\u00bboff\u00a0\u00bb button_bg_color__hover_enabled=\u00a0\u00bbon\u00a0\u00bb button_bg_color__hover=\u00a0\u00bbrgba(0,0,0,0.3)\u00a0\u00bb button_one_bg_color__hover_enabled=\u00a0\u00bboff\u00a0\u00bb button_two_bg_color__hover_enabled=\u00a0\u00bboff\u00a0\u00bb][\/et_pb_cta][\/et_pb_column][\/et_pb_row][\/et_pb_section][et_pb_section fb_built=\u00a0\u00bb1&Prime; _builder_version=\u00a0\u00bb4.16&Prime; _module_preset=\u00a0\u00bbdefault\u00a0\u00bb background_color=\u00a0\u00bb#e2e2e2&Prime; custom_padding=\u00a0\u00bb0px||15px|||\u00a0\u00bb global_colors_info=\u00a0\u00bb{}\u00a0\u00bb][et_pb_row column_structure=\u00a0\u00bb2_3,1_3&Prime; _builder_version=\u00a0\u00bb4.16&Prime; _module_preset=\u00a0\u00bbdefault\u00a0\u00bb max_width=\u00a0\u00bb1389px\u00a0\u00bb custom_padding=\u00a0\u00bb||0px|||\u00a0\u00bb global_colors_info=\u00a0\u00bb{}\u00a0\u00bb][et_pb_column type=\u00a0\u00bb2_3&Prime; _builder_version=\u00a0\u00bb4.16&Prime; _module_preset=\u00a0\u00bbdefault\u00a0\u00bb global_colors_info=\u00a0\u00bb{}\u00a0\u00bb][et_pb_text _builder_version=\u00a0\u00bb4.16&Prime; _module_preset=\u00a0\u00bbdefault\u00a0\u00bb text_font=\u00a0\u00bbTeko|300||on|||||\u00a0\u00bb text_text_color=\u00a0\u00bb#1E2D3C\u00a0\u00bb text_font_size=\u00a0\u00bb44px\u00a0\u00bb global_colors_info=\u00a0\u00bb{}\u00a0\u00bb]<\/p>\n<p>Fabricant de savonneries<\/p>\n<p>[\/et_pb_text][\/et_pb_column][et_pb_column type=\u00a0\u00bb1_3&Prime; _builder_version=\u00a0\u00bb4.16&Prime; _module_preset=\u00a0\u00bbdefault\u00a0\u00bb global_colors_info=\u00a0\u00bb{}\u00a0\u00bb][et_pb_button button_url=\u00a0\u00bbhttps:\/\/www.soaptec.biz\/fr\/contact\/\u00a0\u00bb button_text=\u00a0\u00bbnous contacter\u00a0\u00bb button_alignment=\u00a0\u00bbright\u00a0\u00bb button_alignment_tablet=\u00a0\u00bb\u00a0\u00bb button_alignment_phone=\u00a0\u00bbleft\u00a0\u00bb button_alignment_last_edited=\u00a0\u00bbon|phone\u00a0\u00bb admin_label=\u00a0\u00bbThe Loser Button &#8211; Freddie\u00a0\u00bb module_class=\u00a0\u00bbfreddie_button_the_loser\u00a0\u00bb _builder_version=\u00a0\u00bb4.27.4&Prime; custom_button=\u00a0\u00bbon\u00a0\u00bb button_text_size=\u00a0\u00bb26px\u00a0\u00bb button_text_color=\u00a0\u00bb#1E2D3C\u00a0\u00bb button_bg_color=\u00a0\u00bbrgba(0,0,0,0)\u00a0\u00bb button_border_width=\u00a0\u00bb2px\u00a0\u00bb button_border_color=\u00a0\u00bb#000000&Prime; button_border_radius=\u00a0\u00bb0px\u00a0\u00bb button_font=\u00a0\u00bbTeko|||on|||||\u00a0\u00bb button_icon_placement=\u00a0\u00bbleft\u00a0\u00bb button_on_hover=\u00a0\u00bboff\u00a0\u00bb custom_margin=\u00a0\u00bb-17px||0px|||\u00a0\u00bb custom_padding=\u00a0\u00bb0px|26px|0px|26px|true|false\u00a0\u00bb z_index_tablet=\u00a0\u00bb500&Prime; custom_css_before=\u00a0\u00bbcontent: %22%22 !important;||display: block !important;||position: absolute;||    z-index: -1;||    top: 0;||    left: 0;||    width: 0;||    height: 100%;||    background: #1E2D3C;||    transition: width .4s cubic-bezier(1,0,0,1);||    margin-left: 0 !important;\u00a0\u00bb custom_css_main_element=\u00a0\u00bb     letter-spacing: 0.3px;\u00a0\u00bb locked=\u00a0\u00bboff\u00a0\u00bb global_colors_info=\u00a0\u00bb{}\u00a0\u00bb button_text_color__hover_enabled=\u00a0\u00bbon\u00a0\u00bb button_text_color__hover=\u00a0\u00bb#ffffff\u00a0\u00bb][\/et_pb_button][\/et_pb_column][\/et_pb_row][\/et_pb_section][et_pb_section fb_built=\u00a0\u00bb1&Prime; _builder_version=\u00a0\u00bb4.16&Prime; _module_preset=\u00a0\u00bbdefault\u00a0\u00bb custom_padding=\u00a0\u00bb27px||35px|||\u00a0\u00bb global_colors_info=\u00a0\u00bb{}\u00a0\u00bb][et_pb_row _builder_version=\u00a0\u00bb4.16&Prime; _module_preset=\u00a0\u00bbdefault\u00a0\u00bb max_width=\u00a0\u00bb1416px\u00a0\u00bb custom_padding=\u00a0\u00bb17px|||||\u00a0\u00bb global_colors_info=\u00a0\u00bb{}\u00a0\u00bb][et_pb_column type=\u00a0\u00bb4_4&Prime; _builder_version=\u00a0\u00bb4.16&Prime; _module_preset=\u00a0\u00bbdefault\u00a0\u00bb global_colors_info=\u00a0\u00bb{}\u00a0\u00bb][et_pb_text _builder_version=\u00a0\u00bb4.16&Prime; _module_preset=\u00a0\u00bbdefault\u00a0\u00bb text_font=\u00a0\u00bbTeko|300|||||||\u00a0\u00bb text_font_size=\u00a0\u00bb47px\u00a0\u00bb header_font=\u00a0\u00bbTeko|300|||||||\u00a0\u00bb header_text_color=\u00a0\u00bb#1E2D3C\u00a0\u00bb header_font_size=\u00a0\u00bb47px\u00a0\u00bb animation_style=\u00a0\u00bbzoom\u00a0\u00bb global_colors_info=\u00a0\u00bb{}\u00a0\u00bb]<\/p>\n<p class=\"p1\" style=\"text-align: center;\"><span style=\"color: #e02b20;\">&#8212; \u00c9CHANGEURS DE CHALEUR &#8212;<\/span><\/p>\n<h1 class=\"p1\" style=\"text-align: center;\"><strong>\u00c9changeur de chaleur pour installations de s\u00e9chage de savon solide<br \/><\/strong><\/h1>\n<p>&nbsp;<\/p>\n<p>[\/et_pb_text][\/et_pb_column][\/et_pb_row][et_pb_row column_structure=\u00a0\u00bb1_2,1_2&Prime; _builder_version=\u00a0\u00bb4.16&Prime; _module_preset=\u00a0\u00bbdefault\u00a0\u00bb width=\u00a0\u00bb86%\u00a0\u00bb max_width=\u00a0\u00bb1256px\u00a0\u00bb global_colors_info=\u00a0\u00bb{}\u00a0\u00bb][et_pb_column type=\u00a0\u00bb1_2&Prime; _builder_version=\u00a0\u00bb4.16&Prime; _module_preset=\u00a0\u00bbdefault\u00a0\u00bb global_colors_info=\u00a0\u00bb{}\u00a0\u00bb][et_pb_text _builder_version=\u00a0\u00bb4.16&Prime; _module_preset=\u00a0\u00bbdefault\u00a0\u00bb text_font=\u00a0\u00bbMontserrat||||||||\u00a0\u00bb text_orientation=\u00a0\u00bbjustified\u00a0\u00bb animation_style=\u00a0\u00bbzoom\u00a0\u00bb global_colors_info=\u00a0\u00bb{}\u00a0\u00bb]<\/p>\n<p>L&rsquo;\u00e9changeur de chaleur est un \u00e9l\u00e9ment essentiel des installations de s\u00e9chage, dont le r\u00f4le est de chauffer le savon et d&rsquo;\u00e9vaporer une partie de son humidit\u00e9 avant que le produit ne passe dans l&rsquo;atomiseur.<\/p>\n<p>Soaptec con\u00e7oit et fabrique des \u00e9changeurs de chaleur \u00e0 la pointe de la technologie, qui trouvent leur place qui trouvent leur place dans nos propres installations ainsi que dans des usines d\u00e9j\u00e0 \u00e9tablies. Choisir les produits Soaptec, c&rsquo;est choisir un \u00e9quipement original de pointe, d\u00e9velopp\u00e9 par une \u00e9quipe interne d&rsquo;ing\u00e9nieurs et de techniciens apr\u00e8s de longues p\u00e9riodes de recherche sur le terrain et d&rsquo;innombrables tests.<\/p>\n<p>[\/et_pb_text][\/et_pb_column][et_pb_column type=\u00a0\u00bb1_2&Prime; _builder_version=\u00a0\u00bb4.16&Prime; _module_preset=\u00a0\u00bbdefault\u00a0\u00bb global_colors_info=\u00a0\u00bb{}\u00a0\u00bb][et_pb_text _builder_version=\u00a0\u00bb4.16&Prime; _module_preset=\u00a0\u00bbdefault\u00a0\u00bb text_font=\u00a0\u00bbMontserrat||||||||\u00a0\u00bb text_orientation=\u00a0\u00bbjustified\u00a0\u00bb animation_style=\u00a0\u00bbzoom\u00a0\u00bb global_colors_info=\u00a0\u00bb{}\u00a0\u00bb]<\/p>\n<p>Nos \u00e9changeurs de chaleur pour les syst\u00e8mes de s\u00e9chage du savon sont durables et construits et garantir des performances maximales m\u00eame apr\u00e8s de nombreuses ann\u00e9es d&rsquo;utilisation.<\/p>\n<p>Nos \u00e9changeurs de chaleur \u00e0 simple passage \u00e0 calandre et \u00e0 tube se distinguent par la simplicit\u00e9 de leur conception. \u00c0 l&rsquo;int\u00e9rieur du r\u00e9servoir se trouvent des tubes droits qui facilitent le passage de l&rsquo;\u00e9nergie. Le r\u00e9servoir est ferm\u00e9 par deux plaques perfor\u00e9es. Des membranes plac\u00e9es sur toute la longueur des \u00e9changeurs facilitent le mouvement du liquide circulant entre les tubes.<\/p>\n<p>[\/et_pb_text][\/et_pb_column][\/et_pb_row][\/et_pb_section][et_pb_section fb_built=\u00a0\u00bb1&Prime; specialty=\u00a0\u00bbon\u00a0\u00bb _builder_version=\u00a0\u00bb4.16&Prime; _module_preset=\u00a0\u00bbdefault\u00a0\u00bb background_color=\u00a0\u00bb#f4f4f4&Prime; inner_max_width=\u00a0\u00bb1300px\u00a0\u00bb custom_padding=\u00a0\u00bb0px|||||\u00a0\u00bb global_colors_info=\u00a0\u00bb{}\u00a0\u00bb][et_pb_column type=\u00a0\u00bb1_2&Prime; _builder_version=\u00a0\u00bb4.16&Prime; custom_padding=\u00a0\u00bb|||\u00a0\u00bb global_colors_info=\u00a0\u00bb{}\u00a0\u00bb custom_padding__hover=\u00a0\u00bb|||\u00a0\u00bb][et_pb_image src=\u00a0\u00bbhttps:\/\/www.soaptec.biz\/wp-content\/uploads\/2021\/01\/scambiatore.png\u00a0\u00bb title_text=\u00a0\u00bbscambiatore\u00a0\u00bb _builder_version=\u00a0\u00bb4.16&Prime; _module_preset=\u00a0\u00bbdefault\u00a0\u00bb width=\u00a0\u00bb68%\u00a0\u00bb module_alignment=\u00a0\u00bbcenter\u00a0\u00bb animation_style=\u00a0\u00bbzoom\u00a0\u00bb global_colors_info=\u00a0\u00bb{}\u00a0\u00bb][\/et_pb_image][\/et_pb_column][et_pb_column type=\u00a0\u00bb1_2&Prime; specialty_columns=\u00a0\u00bb2&Prime; _builder_version=\u00a0\u00bb4.16&Prime; custom_padding=\u00a0\u00bb|||\u00a0\u00bb global_colors_info=\u00a0\u00bb{}\u00a0\u00bb custom_padding__hover=\u00a0\u00bb|||\u00a0\u00bb][et_pb_row_inner _builder_version=\u00a0\u00bb4.16&Prime; _module_preset=\u00a0\u00bbdefault\u00a0\u00bb custom_padding=\u00a0\u00bb||19px|||\u00a0\u00bb global_colors_info=\u00a0\u00bb{}\u00a0\u00bb][et_pb_column_inner saved_specialty_column_type=\u00a0\u00bb1_2&Prime; _builder_version=\u00a0\u00bb4.16&Prime; _module_preset=\u00a0\u00bbdefault\u00a0\u00bb global_colors_info=\u00a0\u00bb{}\u00a0\u00bb][et_pb_text _builder_version=\u00a0\u00bb4.16&Prime; _module_preset=\u00a0\u00bbdefault\u00a0\u00bb text_font=\u00a0\u00bbTeko||||||||\u00a0\u00bb text_font_size=\u00a0\u00bb31px\u00a0\u00bb header_font=\u00a0\u00bbTeko|300|||||||\u00a0\u00bb header_text_color=\u00a0\u00bb#1E2D3C\u00a0\u00bb header_font_size=\u00a0\u00bb47px\u00a0\u00bb header_2_font_size=\u00a0\u00bb37px\u00a0\u00bb custom_margin=\u00a0\u00bb-22px|||||\u00a0\u00bb animation_style=\u00a0\u00bbslide\u00a0\u00bb animation_direction=\u00a0\u00bbright\u00a0\u00bb global_colors_info=\u00a0\u00bb{}\u00a0\u00bb]<\/p>\n<h2 class=\"p1\" style=\"text-align: left;\"><strong>  Qualit\u00e9 et sp\u00e9cifications  <\/strong><\/h2>\n<p><strong><\/strong><\/p>\n<p>[\/et_pb_text][et_pb_divider color=\u00a0\u00bb#e02b20&Prime; divider_weight=\u00a0\u00bb5px\u00a0\u00bb _builder_version=\u00a0\u00bb4.16&Prime; _module_preset=\u00a0\u00bbdefault\u00a0\u00bb width=\u00a0\u00bb8%\u00a0\u00bb animation_style=\u00a0\u00bbslide\u00a0\u00bb global_colors_info=\u00a0\u00bb{}\u00a0\u00bb][\/et_pb_divider][et_pb_text _builder_version=\u00a0\u00bb4.16&Prime; _module_preset=\u00a0\u00bbdefault\u00a0\u00bb text_font=\u00a0\u00bbMontserrat||||||||\u00a0\u00bb text_orientation=\u00a0\u00bbjustified\u00a0\u00bb custom_margin=\u00a0\u00bb-37px||27px|||\u00a0\u00bb animation_style=\u00a0\u00bbslide\u00a0\u00bb animation_direction=\u00a0\u00bbright\u00a0\u00bb global_colors_info=\u00a0\u00bb{}\u00a0\u00bb]<\/p>\n<p>Leader dans la fabrication d&rsquo;installations et de machines de s\u00e9chage du savon, Soaptec a fait de la qualit\u00e9 de ses \u00e9quipements l&rsquo;un de ses principaux atouts.<\/p>\n<p>Les \u00e9changeurs de chaleur fabriqu\u00e9s par notre soci\u00e9t\u00e9 sont con\u00e7us pour r\u00e9pondre aux r\u00e9glementations strictes impos\u00e9es au niveau national et international.<\/p>\n<p>Les machines sont fabriqu\u00e9es conform\u00e9ment aux normes ASME, Sect. VIII, Div. 1 et peuvent \u00eatre soumises \u00e0 un processus de certification \u00e0 la demande du client.<\/p>\n<p>Les brides d&rsquo;entr\u00e9e et de sortie de savon sont g\u00e9n\u00e9ralement construites selon les normes UNI, mais peuvent \u00eatre fabriqu\u00e9es selon les normes ANSI en fonction des besoins du client.<\/p>\n<p>Tous les \u00e9changeurs de chaleur Soaptec ont des tubes internes d&rsquo;un diam\u00e8tre ext\u00e9rieur de 14 mm et d&rsquo;une \u00e9paisseur de 1 mm. Le dimensionnement du nombre de tubes n\u00e9cessaires est effectu\u00e9 en tenant compte de la surface d&rsquo;\u00e9change requise pour l&rsquo;\u00e9change de chaleur, ainsi que des vitesses de passage tout en maintenant un mouvement turbulent afin d&rsquo;augmenter l&rsquo;efficacit\u00e9 de l&rsquo;\u00e9change de chaleur.<\/p>\n<p>Les tubes int\u00e9rieurs sont en acier inoxydable AISI 316, tandis que la coque, les c\u00f4nes, les plaques et les membranes sont en acier inoxydable AISI 304. Ces mat\u00e9riaux ont \u00e9t\u00e9 choisis en raison de leur teneur en nickel, qui emp\u00eache la formation de fissures dues \u00e0 la corrosion sous contrainte lors de l&rsquo;utilisation de savon \u00e0 forte teneur en sel.<\/p>\n<p>Pour \u00e9viter les contraintes m\u00e9caniques, les \u00e9changeurs de chaleur Soaptec sont \u00e9quip\u00e9s de joints de dilatation.<\/p>\n<p>La pression de conception de l&rsquo;\u00e9changeur de chaleur Soaptec est de 10 bars (c\u00f4t\u00e9 tube et c\u00f4t\u00e9 enveloppe). La temp\u00e9rature de conception est de 150\u00b0 du c\u00f4t\u00e9 du savon et de 185\u00b0 du c\u00f4t\u00e9 de la vapeur. Tous les tests de pression de l&rsquo;\u00e9changeur de chaleur sont effectu\u00e9s \u00e0 14 bars.<\/p>\n<p>Pour abaisser uniform\u00e9ment la temp\u00e9rature du savon, on utilise de l&rsquo;eau froide qui passe par un syst\u00e8me en spirale longeant toute la surface des cylindres. Le liquide de refroidissement sous pression est pomp\u00e9 dans le circuit par l&rsquo;interm\u00e9diaire d&rsquo;un raccord rotatif. La temp\u00e9rature peut \u00eatre contr\u00f4l\u00e9e par des vannes modulantes.<\/p>\n<p>Le savon refroidi est r\u00e9duit en copeaux par deux racleurs \u00e0 pression r\u00e9glable. Les copeaux\u00a0tombent sur un tapis roulant qui alimente la fili\u00e8re duplex sous vide.<\/p>\n<p>[\/et_pb_text][\/et_pb_column_inner][\/et_pb_row_inner][\/et_pb_column][\/et_pb_section]<\/p>\n","protected":false},"excerpt":{"rendered":"<p>Fabricant de savonneries&#8212; \u00c9CHANGEURS DE CHALEUR &#8212; \u00c9changeur de chaleur pour installations de s\u00e9chage de savon solide &nbsp;L&rsquo;\u00e9changeur de chaleur est un \u00e9l\u00e9ment essentiel des installations de s\u00e9chage, dont le r\u00f4le est de chauffer le savon et d&rsquo;\u00e9vaporer une partie de son humidit\u00e9 avant que le produit ne passe dans l&rsquo;atomiseur. Soaptec con\u00e7oit et fabrique [&hellip;]<\/p>\n","protected":false},"author":1,"featured_media":0,"parent":271406,"menu_order":0,"comment_status":"closed","ping_status":"closed","template":"","meta":{"_et_pb_use_builder":"on","_et_pb_old_content":"","_et_gb_content_width":"","footnotes":""},"class_list":["post-271411","page","type-page","status-publish","hentry"],"yoast_head":"<!-- This site is optimized with the Yoast SEO plugin v27.4 - https:\/\/yoast.com\/product\/yoast-seo-wordpress\/ -->\n<title>Echangeur de chaleur pour s\u00e9cheur de savon solide | Soaptec<\/title>\n<meta name=\"description\" content=\"Soaptec est un fabricant d&#039;\u00e9changeurs de chaleur pour les s\u00e9cheurs de savon solide. Nous produisons des syst\u00e8mes complets et des composants individuels.\" \/>\n<meta name=\"robots\" content=\"index, follow, max-snippet:-1, max-image-preview:large, max-video-preview:-1\" \/>\n<link rel=\"canonical\" href=\"https:\/\/www.soaptec.biz\/dryer\/scambiatori-di-calore\/\" \/>\n<meta property=\"og:locale\" content=\"fr_FR\" \/>\n<meta property=\"og:type\" content=\"article\" \/>\n<meta property=\"og:title\" content=\"Echangeur de chaleur pour s\u00e9cheur de savon solide | Soaptec\" \/>\n<meta property=\"og:description\" content=\"Soaptec est un fabricant d&#039;\u00e9changeurs de chaleur pour les s\u00e9cheurs de savon solide. Nous produisons des syst\u00e8mes complets et des composants individuels.\" \/>\n<meta property=\"og:url\" content=\"https:\/\/www.soaptec.biz\/dryer\/scambiatori-di-calore\/\" \/>\n<meta property=\"og:site_name\" content=\"Soaptec\" \/>\n<meta property=\"article:modified_time\" content=\"2025-06-30T08:46:47+00:00\" \/>\n<meta name=\"twitter:card\" content=\"summary_large_image\" \/>\n<meta name=\"twitter:label1\" content=\"Dur\u00e9e de lecture estim\u00e9e\" \/>\n\t<meta name=\"twitter:data1\" content=\"9 minutes\" \/>\n<script type=\"application\/ld+json\" class=\"yoast-schema-graph\">{\"@context\":\"https:\\\/\\\/schema.org\",\"@graph\":[{\"@type\":\"WebPage\",\"@id\":\"https:\\\/\\\/www.soaptec.biz\\\/dryer\\\/scambiatori-di-calore\\\/\",\"url\":\"https:\\\/\\\/www.soaptec.biz\\\/dryer\\\/scambiatori-di-calore\\\/\",\"name\":\"Echangeur de chaleur pour s\u00e9cheur de savon solide | Soaptec\",\"isPartOf\":{\"@id\":\"https:\\\/\\\/www.soaptec.biz\\\/#website\"},\"datePublished\":\"2025-05-04T16:33:52+00:00\",\"dateModified\":\"2025-06-30T08:46:47+00:00\",\"description\":\"Soaptec est un fabricant d'\u00e9changeurs de chaleur pour les s\u00e9cheurs de savon solide. Nous produisons des syst\u00e8mes complets et des composants individuels.\",\"breadcrumb\":{\"@id\":\"https:\\\/\\\/www.soaptec.biz\\\/dryer\\\/scambiatori-di-calore\\\/#breadcrumb\"},\"inLanguage\":\"fr-FR\",\"potentialAction\":[{\"@type\":\"ReadAction\",\"target\":[\"https:\\\/\\\/www.soaptec.biz\\\/dryer\\\/scambiatori-di-calore\\\/\"]}]},{\"@type\":\"BreadcrumbList\",\"@id\":\"https:\\\/\\\/www.soaptec.biz\\\/dryer\\\/scambiatori-di-calore\\\/#breadcrumb\",\"itemListElement\":[{\"@type\":\"ListItem\",\"position\":1,\"name\":\"Home\",\"item\":\"https:\\\/\\\/www.soaptec.biz\\\/\"},{\"@type\":\"ListItem\",\"position\":2,\"name\":\"SECHOIR\",\"item\":\"https:\\\/\\\/www.soaptec.biz\\\/dryer\\\/\"},{\"@type\":\"ListItem\",\"position\":3,\"name\":\"\u00c9CHANGEURS DE CHALEUR\"}]},{\"@type\":\"WebSite\",\"@id\":\"https:\\\/\\\/www.soaptec.biz\\\/#website\",\"url\":\"https:\\\/\\\/www.soaptec.biz\\\/\",\"name\":\"Soaptec\",\"description\":\"\",\"potentialAction\":[{\"@type\":\"SearchAction\",\"target\":{\"@type\":\"EntryPoint\",\"urlTemplate\":\"https:\\\/\\\/www.soaptec.biz\\\/?s={search_term_string}\"},\"query-input\":{\"@type\":\"PropertyValueSpecification\",\"valueRequired\":true,\"valueName\":\"search_term_string\"}}],\"inLanguage\":\"fr-FR\"}]}<\/script>\n<!-- \/ Yoast SEO plugin. -->","yoast_head_json":{"title":"Echangeur de chaleur pour s\u00e9cheur de savon solide | Soaptec","description":"Soaptec est un fabricant d'\u00e9changeurs de chaleur pour les s\u00e9cheurs de savon solide. Nous produisons des syst\u00e8mes complets et des composants individuels.","robots":{"index":"index","follow":"follow","max-snippet":"max-snippet:-1","max-image-preview":"max-image-preview:large","max-video-preview":"max-video-preview:-1"},"canonical":"https:\/\/www.soaptec.biz\/dryer\/scambiatori-di-calore\/","og_locale":"fr_FR","og_type":"article","og_title":"Echangeur de chaleur pour s\u00e9cheur de savon solide | Soaptec","og_description":"Soaptec est un fabricant d'\u00e9changeurs de chaleur pour les s\u00e9cheurs de savon solide. Nous produisons des syst\u00e8mes complets et des composants individuels.","og_url":"https:\/\/www.soaptec.biz\/dryer\/scambiatori-di-calore\/","og_site_name":"Soaptec","article_modified_time":"2025-06-30T08:46:47+00:00","twitter_card":"summary_large_image","twitter_misc":{"Dur\u00e9e de lecture estim\u00e9e":"9 minutes"},"schema":{"@context":"https:\/\/schema.org","@graph":[{"@type":"WebPage","@id":"https:\/\/www.soaptec.biz\/dryer\/scambiatori-di-calore\/","url":"https:\/\/www.soaptec.biz\/dryer\/scambiatori-di-calore\/","name":"Echangeur de chaleur pour s\u00e9cheur de savon solide | Soaptec","isPartOf":{"@id":"https:\/\/www.soaptec.biz\/#website"},"datePublished":"2025-05-04T16:33:52+00:00","dateModified":"2025-06-30T08:46:47+00:00","description":"Soaptec est un fabricant d'\u00e9changeurs de chaleur pour les s\u00e9cheurs de savon solide. Nous produisons des syst\u00e8mes complets et des composants individuels.","breadcrumb":{"@id":"https:\/\/www.soaptec.biz\/dryer\/scambiatori-di-calore\/#breadcrumb"},"inLanguage":"fr-FR","potentialAction":[{"@type":"ReadAction","target":["https:\/\/www.soaptec.biz\/dryer\/scambiatori-di-calore\/"]}]},{"@type":"BreadcrumbList","@id":"https:\/\/www.soaptec.biz\/dryer\/scambiatori-di-calore\/#breadcrumb","itemListElement":[{"@type":"ListItem","position":1,"name":"Home","item":"https:\/\/www.soaptec.biz\/"},{"@type":"ListItem","position":2,"name":"SECHOIR","item":"https:\/\/www.soaptec.biz\/dryer\/"},{"@type":"ListItem","position":3,"name":"\u00c9CHANGEURS DE CHALEUR"}]},{"@type":"WebSite","@id":"https:\/\/www.soaptec.biz\/#website","url":"https:\/\/www.soaptec.biz\/","name":"Soaptec","description":"","potentialAction":[{"@type":"SearchAction","target":{"@type":"EntryPoint","urlTemplate":"https:\/\/www.soaptec.biz\/?s={search_term_string}"},"query-input":{"@type":"PropertyValueSpecification","valueRequired":true,"valueName":"search_term_string"}}],"inLanguage":"fr-FR"}]}},"_links":{"self":[{"href":"https:\/\/www.soaptec.biz\/fr\/wp-json\/wp\/v2\/pages\/271411","targetHints":{"allow":["GET"]}}],"collection":[{"href":"https:\/\/www.soaptec.biz\/fr\/wp-json\/wp\/v2\/pages"}],"about":[{"href":"https:\/\/www.soaptec.biz\/fr\/wp-json\/wp\/v2\/types\/page"}],"author":[{"embeddable":true,"href":"https:\/\/www.soaptec.biz\/fr\/wp-json\/wp\/v2\/users\/1"}],"replies":[{"embeddable":true,"href":"https:\/\/www.soaptec.biz\/fr\/wp-json\/wp\/v2\/comments?post=271411"}],"version-history":[{"count":2,"href":"https:\/\/www.soaptec.biz\/fr\/wp-json\/wp\/v2\/pages\/271411\/revisions"}],"predecessor-version":[{"id":271886,"href":"https:\/\/www.soaptec.biz\/fr\/wp-json\/wp\/v2\/pages\/271411\/revisions\/271886"}],"up":[{"embeddable":true,"href":"https:\/\/www.soaptec.biz\/fr\/wp-json\/wp\/v2\/pages\/271406"}],"wp:attachment":[{"href":"https:\/\/www.soaptec.biz\/fr\/wp-json\/wp\/v2\/media?parent=271411"}],"curies":[{"name":"wp","href":"https:\/\/api.w.org\/{rel}","templated":true}]}}