{"id":272050,"date":"2025-07-02T10:54:26","date_gmt":"2025-07-02T08:54:26","guid":{"rendered":"https:\/\/www.soaptec.biz\/?page_id=272050"},"modified":"2025-07-02T10:56:34","modified_gmt":"2025-07-02T08:56:34","slug":"blog","status":"publish","type":"page","link":"https:\/\/www.soaptec.biz\/es\/blog\/","title":{"rendered":"blog"},"content":{"rendered":"<p>[et_pb_section fb_built=\u00bb1&#8243; custom_padding_last_edited=\u00bbon|phone\u00bb admin_label=\u00bbBoxy Header Module &#8211; Image 1920 x 1117 pixels\u00bb module_class=\u00bbheader_8_f falkor\u00bb _builder_version=\u00bb4.16&#8243; background_color=\u00bbrgba(255,255,255,0)\u00bb background_image=\u00bbhttps:\/\/www.soaptec.biz\/wp-content\/uploads\/2020\/11\/Schermata-2020-11-17-alle-22.39.31.png\u00bb background_enable_video_mp4=\u00bboff\u00bb background_video_width=\u00bb2000px\u00bb custom_padding=\u00bb15vw||7vw||false|\u00bb custom_padding_tablet=\u00bb100px||100px|\u00bb custom_padding_phone=\u00bb80px||80px|\u00bb custom_css_before=\u00bb content: %22%22;|| display: block;|| position: absolute;|| top: 0;|| left: 0;|| width: 100%;|| height: 100%;|| background: #000000;|| opacity: 0.6;\u00bb custom_css_after=\u00bbcontent: %22%22;|| display: block;|| position: absolute;|| top: 0;|| left: 0;|| width: 100%;|| height: 100%;|| background: #000000;|| opacity: 0.2;\u00bb collapsed=\u00bboff\u00bb global_colors_info=\u00bb{}\u00bb][et_pb_row custom_padding_last_edited=\u00bbon|tablet\u00bb admin_label=\u00bbBoxy Header Module\u00bb module_class=\u00bblines_ba et_pb_row_fullwidth\u00bb _builder_version=\u00bb4.16&#8243; background_size=\u00bbinitial\u00bb background_position=\u00bbtop_left\u00bb background_repeat=\u00bbrepeat\u00bb width=\u00bb89%\u00bb width_tablet=\u00bb80%\u00bb width_phone=\u00bb\u00bb width_last_edited=\u00bbon|desktop\u00bb max_width=\u00bb89%\u00bb max_width_tablet=\u00bb80%\u00bb max_width_phone=\u00bb\u00bb max_width_last_edited=\u00bbon|desktop\u00bb custom_padding=\u00bb20px|0px|20px|0px\u00bb custom_padding_tablet=\u00bb0px|0px|0px|0px\u00bb custom_padding_phone=\u00bb\u00bb make_fullwidth=\u00bbon\u00bb global_colors_info=\u00bb{}\u00bb][et_pb_column type=\u00bb4_4&#8243; _builder_version=\u00bb4.16&#8243; background_position=\u00bbtop_left\u00bb custom_padding=\u00bb|||\u00bb global_colors_info=\u00bb{}\u00bb custom_padding__hover=\u00bb|||\u00bb][et_pb_cta title=\u00bbblog\u00bb admin_label=\u00bbMake It Awesome\u00bb _builder_version=\u00bb4.27.4&#8243; header_font=\u00bbTeko|500||on|||||\u00bb header_text_color=\u00bb#ffffff\u00bb header_font_size=\u00bb77px\u00bb header_line_height=\u00bb1.7em\u00bb body_font=\u00bbTeko|||on|||||\u00bb body_text_color=\u00bb#ffffff\u00bb body_font_size=\u00bb60px\u00bb body_line_height=\u00bb170%\u00bb use_background_color=\u00bboff\u00bb custom_button=\u00bbon\u00bb button_text_size=\u00bb16px\u00bb button_text_color=\u00bb#ffffff\u00bb button_bg_color=\u00bbrgba(0,0,0,0)\u00bb button_border_color=\u00bb#ffffff\u00bb button_border_radius=\u00bb0px\u00bb button_font=\u00bbMontserrat|on||on|\u00bb button_use_icon=\u00bboff\u00bb hover_enabled=\u00bb0&#8243; header_font_size_tablet=\u00bb50&#8243; header_font_size_phone=\u00bb36&#8243; header_font_size_last_edited=\u00bbon|phone\u00bb custom_css_promo_title=\u00bbline-height: 110% !important;|| position: relative;||padding: 32px 20px;|| display: block;||margin-bottom: 24px;\u00bb button_border_radius_hover=\u00bb0px\u00bb button_bg_color_hover=\u00bbrgba(0,0,0,0.3)\u00bb global_colors_info=\u00bb{}\u00bb button_text_size__hover_enabled=\u00bboff\u00bb button_one_text_size__hover_enabled=\u00bboff\u00bb button_two_text_size__hover_enabled=\u00bboff\u00bb button_text_color__hover_enabled=\u00bboff\u00bb button_one_text_color__hover_enabled=\u00bboff\u00bb button_two_text_color__hover_enabled=\u00bboff\u00bb button_border_width__hover_enabled=\u00bboff\u00bb button_one_border_width__hover_enabled=\u00bboff\u00bb button_two_border_width__hover_enabled=\u00bboff\u00bb button_border_color__hover_enabled=\u00bboff\u00bb button_one_border_color__hover_enabled=\u00bboff\u00bb button_two_border_color__hover_enabled=\u00bboff\u00bb button_border_radius__hover_enabled=\u00bbon\u00bb button_border_radius__hover=\u00bb0px\u00bb button_one_border_radius__hover_enabled=\u00bboff\u00bb button_two_border_radius__hover_enabled=\u00bboff\u00bb button_letter_spacing__hover_enabled=\u00bboff\u00bb button_one_letter_spacing__hover_enabled=\u00bboff\u00bb button_two_letter_spacing__hover_enabled=\u00bboff\u00bb button_bg_color__hover_enabled=\u00bbon\u00bb button_bg_color__hover=\u00bbrgba(0,0,0,0.3)\u00bb button_one_bg_color__hover_enabled=\u00bboff\u00bb button_two_bg_color__hover_enabled=\u00bboff\u00bb sticky_enabled=\u00bb0&#8243;][\/et_pb_cta][\/et_pb_column][\/et_pb_row][\/et_pb_section][et_pb_section fb_built=\u00bb1&#8243; _builder_version=\u00bb4.16&#8243; _module_preset=\u00bbdefault\u00bb custom_padding=\u00bb||37px|||\u00bb global_colors_info=\u00bb{}\u00bb][et_pb_row module_id=\u00bbblogen\u00bb _builder_version=\u00bb4.22.0&#8243; _module_preset=\u00bbdefault\u00bb global_colors_info=\u00bb{}\u00bb][et_pb_column type=\u00bb4_4&#8243; _builder_version=\u00bb4.16&#8243; _module_preset=\u00bbdefault\u00bb global_colors_info=\u00bb{}\u00bb][et_pb_text _builder_version=\u00bb4.27.4&#8243; _module_preset=\u00bbdefault\u00bb header_font=\u00bbTeko|300||on|||||\u00bb header_text_color=\u00bb#E02B20&#8243; header_font_size=\u00bb47px\u00bb header_2_font=\u00bbTeko|300||on|||||\u00bb header_2_text_color=\u00bb#E02B20&#8243; header_2_font_size=\u00bb47px\u00bb locked=\u00bboff\u00bb global_colors_info=\u00bb{}\u00bb]<\/p>\n<h2 style=\"text-align: center;\">blog<\/h2>\n<p>[\/et_pb_text][et_pb_blog fullwidth=\u00bboff\u00bb include_categories=\u00bball\u00bb show_author=\u00bboff\u00bb show_date=\u00bboff\u00bb show_categories=\u00bboff\u00bb _builder_version=\u00bb4.27.4&#8243; _module_preset=\u00bbdefault\u00bb header_font=\u00bbTeko||||||||\u00bb header_text_color=\u00bb#E02B20&#8243; header_font_size=\u00bb28px\u00bb global_colors_info=\u00bb{}\u00bb][\/et_pb_blog][\/et_pb_column][\/et_pb_row][\/et_pb_section][et_pb_section fb_built=\u00bb1&#8243; fullwidth=\u00bbon\u00bb _builder_version=\u00bb4.16&#8243; _module_preset=\u00bbdefault\u00bb global_colors_info=\u00bb{}\u00bb][et_pb_fullwidth_code _builder_version=\u00bb4.16&#8243; _module_preset=\u00bbdefault\u00bb global_colors_info=\u00bb{}\u00bb]<iframe loading=\"lazy\" style=\"border: 0;\" src=\"https:\/\/www.google.com\/maps\/embed?pb=!1m14!1m8!1m3!1d11143.04515936962!2d8.8826524!3d45.7158255!3m2!1i1024!2i768!4f13.1!3m3!1m2!1s0x0%3A0xf87c4df3df911c5e!2sSOAPTEC%20SRL!5e0!3m2!1sit!2sit!4v1613943588724!5m2!1sit!2sit\" width=\"1920\" height=\"450\" allowfullscreen=\"allowfullscreen\" data-mce-fragment=\"1\"><\/iframe>[\/et_pb_fullwidth_code][\/et_pb_section]<\/p>\n","protected":false},"excerpt":{"rendered":"<p>blog<\/p>\n","protected":false},"author":1,"featured_media":0,"parent":0,"menu_order":0,"comment_status":"closed","ping_status":"closed","template":"","meta":{"_et_pb_use_builder":"on","_et_pb_old_content":"<p>[et_pb_section fb_built=\"1\" custom_padding_last_edited=\"on|phone\" admin_label=\"Boxy Header Module - Image 1920 x 1117 pixels\" module_class=\"header_8_f falkor\" _builder_version=\"4.16\" background_color=\"rgba(255,255,255,0)\" background_image=\"https:\/\/www.soaptec.biz\/wp-content\/uploads\/2020\/11\/Schermata-2020-11-17-alle-22.39.31.png\" background_enable_video_mp4=\"off\" background_video_width=\"2000px\" custom_padding=\"15vw||7vw||false|\" custom_padding_tablet=\"100px||100px|\" custom_padding_phone=\"80px||80px|\" custom_css_before=\" content: %22%22;|| display: block;|| position: absolute;|| top: 0;|| left: 0;|| width: 100%;|| height: 100%;|| background: #000000;|| opacity: 0.6;\" custom_css_after=\"content: %22%22;|| display: block;|| position: absolute;|| top: 0;|| left: 0;|| width: 100%;|| height: 100%;|| background: #000000;|| opacity: 0.2;\" collapsed=\"off\" global_colors_info=\"{}\"][et_pb_row custom_padding_last_edited=\"on|tablet\" admin_label=\"Boxy Header Module\" module_class=\"lines_ba et_pb_row_fullwidth\" _builder_version=\"4.16\" background_size=\"initial\" background_position=\"top_left\" background_repeat=\"repeat\" width=\"89%\" width_tablet=\"80%\" width_phone=\"\" width_last_edited=\"on|desktop\" max_width=\"89%\" max_width_tablet=\"80%\" max_width_phone=\"\" max_width_last_edited=\"on|desktop\" custom_padding=\"20px|0px|20px|0px\" custom_padding_tablet=\"0px|0px|0px|0px\" custom_padding_phone=\"\" make_fullwidth=\"on\" global_colors_info=\"{}\"][et_pb_column type=\"4_4\" _builder_version=\"4.16\" background_position=\"top_left\" custom_padding=\"|||\" global_colors_info=\"{}\" custom_padding__hover=\"|||\"][et_pb_cta title=\"news\" admin_label=\"Make It Awesome\" _builder_version=\"4.16\" header_font=\"Teko|500||on|||||\" header_text_color=\"#ffffff\" header_font_size=\"77px\" header_line_height=\"1.7em\" body_font=\"Teko|||on|||||\" body_text_color=\"#ffffff\" body_font_size=\"60px\" body_line_height=\"170%\" use_background_color=\"off\" custom_button=\"on\" button_text_size=\"16px\" button_text_color=\"#ffffff\" button_bg_color=\"rgba(0,0,0,0)\" button_border_color=\"#ffffff\" button_border_radius=\"0px\" button_font=\"Montserrat|on||on|\" button_use_icon=\"off\" header_font_size_tablet=\"50\" header_font_size_phone=\"36\" header_font_size_last_edited=\"on|phone\" custom_css_promo_title=\"line-height: 110% !important;|| position: relative;||padding: 32px 20px;|| display: block;||margin-bottom: 24px;\" button_border_radius_hover=\"0px\" button_bg_color_hover=\"rgba(0,0,0,0.3)\" global_colors_info=\"{}\" button_text_size__hover_enabled=\"off\" button_one_text_size__hover_enabled=\"off\" button_two_text_size__hover_enabled=\"off\" button_text_color__hover_enabled=\"off\" button_one_text_color__hover_enabled=\"off\" button_two_text_color__hover_enabled=\"off\" button_border_width__hover_enabled=\"off\" button_one_border_width__hover_enabled=\"off\" button_two_border_width__hover_enabled=\"off\" button_border_color__hover_enabled=\"off\" button_one_border_color__hover_enabled=\"off\" button_two_border_color__hover_enabled=\"off\" button_border_radius__hover_enabled=\"on\" button_border_radius__hover=\"0px\" button_one_border_radius__hover_enabled=\"off\" button_two_border_radius__hover_enabled=\"off\" button_letter_spacing__hover_enabled=\"off\" button_one_letter_spacing__hover_enabled=\"off\" button_two_letter_spacing__hover_enabled=\"off\" button_bg_color__hover_enabled=\"on\" button_bg_color__hover=\"rgba(0,0,0,0.3)\" button_one_bg_color__hover_enabled=\"off\" button_two_bg_color__hover_enabled=\"off\"][\/et_pb_cta][\/et_pb_column][\/et_pb_row][\/et_pb_section][et_pb_section fb_built=\"1\" _builder_version=\"4.16\" _module_preset=\"default\" custom_padding=\"||37px|||\" global_colors_info=\"{}\"][et_pb_row module_id=\"blogen\" _builder_version=\"4.22.0\" _module_preset=\"default\" global_colors_info=\"{}\"][et_pb_column type=\"4_4\" _builder_version=\"4.16\" _module_preset=\"default\" global_colors_info=\"{}\"][et_pb_text _builder_version=\"4.22.0\" _module_preset=\"default\" header_font=\"Teko|300||on|||||\" header_text_color=\"#E02B20\" header_font_size=\"47px\" header_2_font=\"Teko|300||on|||||\" header_2_text_color=\"#E02B20\" header_2_font_size=\"47px\" locked=\"off\" global_colors_info=\"{}\"]<\/p><h2 style=\"text-align: center;\">news<\/h2><p>[\/et_pb_text][et_pb_blog fullwidth=\"off\" show_author=\"off\" show_date=\"off\" show_categories=\"off\" _builder_version=\"4.16\" _module_preset=\"default\" header_font=\"Teko||||||||\" header_text_color=\"#E02B20\" header_font_size=\"28px\" global_colors_info=\"{}\"][\/et_pb_blog][\/et_pb_column][\/et_pb_row][\/et_pb_section][et_pb_section fb_built=\"1\" fullwidth=\"on\" _builder_version=\"4.16\" _module_preset=\"default\" global_colors_info=\"{}\"][et_pb_fullwidth_code _builder_version=\"4.16\" _module_preset=\"default\" global_colors_info=\"{}\"]<iframe style=\"border: 0;\" src=\"https:\/\/www.google.com\/maps\/embed?pb=!1m14!1m8!1m3!1d11143.04515936962!2d8.8826524!3d45.7158255!3m2!1i1024!2i768!4f13.1!3m3!1m2!1s0x0%3A0xf87c4df3df911c5e!2sSOAPTEC%20SRL!5e0!3m2!1sit!2sit!4v1613943588724!5m2!1sit!2sit\" width=\"1920\" height=\"450\" allowfullscreen=\"allowfullscreen\" data-mce-fragment=\"1\"><\/iframe>[\/et_pb_fullwidth_code][\/et_pb_section]<\/p>","_et_gb_content_width":"","footnotes":""},"class_list":["post-272050","page","type-page","status-publish","hentry"],"yoast_head":"<!-- This site is optimized with the Yoast SEO plugin v26.0 - https:\/\/yoast.com\/wordpress\/plugins\/seo\/ -->\n<title>Soaptec: noticias e informaci\u00f3n<\/title>\n<meta name=\"description\" content=\"En esta secci\u00f3n encontrar\u00e1 todas las noticias del mundo de Soaptec e interesantes perspectivas del sector.\" \/>\n<meta name=\"robots\" content=\"index, follow, max-snippet:-1, max-image-preview:large, max-video-preview:-1\" \/>\n<link rel=\"canonical\" href=\"https:\/\/www.soaptec.biz\/news\/\" \/>\n<meta property=\"og:locale\" content=\"es_ES\" \/>\n<meta property=\"og:type\" content=\"article\" \/>\n<meta property=\"og:title\" content=\"Soaptec: noticias e informaci\u00f3n\" \/>\n<meta property=\"og:description\" content=\"En esta secci\u00f3n encontrar\u00e1 todas las noticias del mundo de Soaptec e interesantes perspectivas del sector.\" \/>\n<meta property=\"og:url\" content=\"https:\/\/www.soaptec.biz\/news\/\" \/>\n<meta property=\"og:site_name\" content=\"Soaptec\" \/>\n<meta property=\"article:modified_time\" content=\"2025-07-02T08:56:34+00:00\" \/>\n<meta name=\"twitter:card\" content=\"summary_large_image\" \/>\n<meta name=\"twitter:label1\" content=\"Tiempo de lectura\" \/>\n\t<meta name=\"twitter:data1\" content=\"5 minutos\" \/>\n<script type=\"application\/ld+json\" class=\"yoast-schema-graph\">{\"@context\":\"https:\/\/schema.org\",\"@graph\":[{\"@type\":\"WebPage\",\"@id\":\"https:\/\/www.soaptec.biz\/news\/\",\"url\":\"https:\/\/www.soaptec.biz\/news\/\",\"name\":\"Soaptec: noticias e informaci\u00f3n\",\"isPartOf\":{\"@id\":\"https:\/\/www.soaptec.biz\/#website\"},\"datePublished\":\"2025-07-02T08:54:26+00:00\",\"dateModified\":\"2025-07-02T08:56:34+00:00\",\"description\":\"En esta secci\u00f3n encontrar\u00e1 todas las noticias del mundo de Soaptec e interesantes perspectivas del sector.\",\"breadcrumb\":{\"@id\":\"https:\/\/www.soaptec.biz\/news\/#breadcrumb\"},\"inLanguage\":\"es\",\"potentialAction\":[{\"@type\":\"ReadAction\",\"target\":[\"https:\/\/www.soaptec.biz\/news\/\"]}]},{\"@type\":\"BreadcrumbList\",\"@id\":\"https:\/\/www.soaptec.biz\/news\/#breadcrumb\",\"itemListElement\":[{\"@type\":\"ListItem\",\"position\":1,\"name\":\"Home\",\"item\":\"https:\/\/www.soaptec.biz\/\"},{\"@type\":\"ListItem\",\"position\":2,\"name\":\"blog\"}]},{\"@type\":\"WebSite\",\"@id\":\"https:\/\/www.soaptec.biz\/#website\",\"url\":\"https:\/\/www.soaptec.biz\/\",\"name\":\"Soaptec\",\"description\":\"\",\"potentialAction\":[{\"@type\":\"SearchAction\",\"target\":{\"@type\":\"EntryPoint\",\"urlTemplate\":\"https:\/\/www.soaptec.biz\/?s={search_term_string}\"},\"query-input\":{\"@type\":\"PropertyValueSpecification\",\"valueRequired\":true,\"valueName\":\"search_term_string\"}}],\"inLanguage\":\"es\"}]}<\/script>\n<!-- \/ Yoast SEO plugin. -->","yoast_head_json":{"title":"Soaptec: noticias e informaci\u00f3n","description":"En esta secci\u00f3n encontrar\u00e1 todas las noticias del mundo de Soaptec e interesantes perspectivas del sector.","robots":{"index":"index","follow":"follow","max-snippet":"max-snippet:-1","max-image-preview":"max-image-preview:large","max-video-preview":"max-video-preview:-1"},"canonical":"https:\/\/www.soaptec.biz\/news\/","og_locale":"es_ES","og_type":"article","og_title":"Soaptec: noticias e informaci\u00f3n","og_description":"En esta secci\u00f3n encontrar\u00e1 todas las noticias del mundo de Soaptec e interesantes perspectivas del sector.","og_url":"https:\/\/www.soaptec.biz\/news\/","og_site_name":"Soaptec","article_modified_time":"2025-07-02T08:56:34+00:00","twitter_card":"summary_large_image","twitter_misc":{"Tiempo de lectura":"5 minutos"},"schema":{"@context":"https:\/\/schema.org","@graph":[{"@type":"WebPage","@id":"https:\/\/www.soaptec.biz\/news\/","url":"https:\/\/www.soaptec.biz\/news\/","name":"Soaptec: noticias e informaci\u00f3n","isPartOf":{"@id":"https:\/\/www.soaptec.biz\/#website"},"datePublished":"2025-07-02T08:54:26+00:00","dateModified":"2025-07-02T08:56:34+00:00","description":"En esta secci\u00f3n encontrar\u00e1 todas las noticias del mundo de Soaptec e interesantes perspectivas del sector.","breadcrumb":{"@id":"https:\/\/www.soaptec.biz\/news\/#breadcrumb"},"inLanguage":"es","potentialAction":[{"@type":"ReadAction","target":["https:\/\/www.soaptec.biz\/news\/"]}]},{"@type":"BreadcrumbList","@id":"https:\/\/www.soaptec.biz\/news\/#breadcrumb","itemListElement":[{"@type":"ListItem","position":1,"name":"Home","item":"https:\/\/www.soaptec.biz\/"},{"@type":"ListItem","position":2,"name":"blog"}]},{"@type":"WebSite","@id":"https:\/\/www.soaptec.biz\/#website","url":"https:\/\/www.soaptec.biz\/","name":"Soaptec","description":"","potentialAction":[{"@type":"SearchAction","target":{"@type":"EntryPoint","urlTemplate":"https:\/\/www.soaptec.biz\/?s={search_term_string}"},"query-input":{"@type":"PropertyValueSpecification","valueRequired":true,"valueName":"search_term_string"}}],"inLanguage":"es"}]}},"_links":{"self":[{"href":"https:\/\/www.soaptec.biz\/es\/wp-json\/wp\/v2\/pages\/272050","targetHints":{"allow":["GET"]}}],"collection":[{"href":"https:\/\/www.soaptec.biz\/es\/wp-json\/wp\/v2\/pages"}],"about":[{"href":"https:\/\/www.soaptec.biz\/es\/wp-json\/wp\/v2\/types\/page"}],"author":[{"embeddable":true,"href":"https:\/\/www.soaptec.biz\/es\/wp-json\/wp\/v2\/users\/1"}],"replies":[{"embeddable":true,"href":"https:\/\/www.soaptec.biz\/es\/wp-json\/wp\/v2\/comments?post=272050"}],"version-history":[{"count":4,"href":"https:\/\/www.soaptec.biz\/es\/wp-json\/wp\/v2\/pages\/272050\/revisions"}],"predecessor-version":[{"id":272055,"href":"https:\/\/www.soaptec.biz\/es\/wp-json\/wp\/v2\/pages\/272050\/revisions\/272055"}],"wp:attachment":[{"href":"https:\/\/www.soaptec.biz\/es\/wp-json\/wp\/v2\/media?parent=272050"}],"curies":[{"name":"wp","href":"https:\/\/api.w.org\/{rel}","templated":true}]}}