{"id":271600,"date":"2025-05-05T15:38:45","date_gmt":"2025-05-05T13:38:45","guid":{"rendered":"https:\/\/www.soaptec.biz\/saponificacion\/columna-de-reaccion\/"},"modified":"2025-05-05T15:45:58","modified_gmt":"2025-05-05T13:45:58","slug":"columna-de-reaccion","status":"publish","type":"page","link":"https:\/\/www.soaptec.biz\/es\/saponificacion\/columna-de-reaccion\/","title":{"rendered":"COLUMNA DE REACCI\u00d3N"},"content":{"rendered":"<p>[et_pb_section fb_built=\u00bb1&#8243; custom_padding_last_edited=\u00bbon|phone\u00bb admin_label=\u00bbBoxy Header Module &#8211; Image 1920 x 1117 pixels\u00bb module_class=\u00bbheader_8_f falkor\u00bb _builder_version=\u00bb4.16&#8243; background_color=\u00bbrgba(255,255,255,0)\u00bb background_image=\u00bbhttps:\/\/www.soaptec.biz\/wp-content\/uploads\/2021\/02\/PAG-011-E.jpg\u00bb background_position=\u00bbtop_center\u00bb background_enable_video_mp4=\u00bboff\u00bb background_video_width=\u00bb2000px\u00bb custom_padding=\u00bb14vw||14vw||true|\u00bb custom_padding_tablet=\u00bb100px||100px|\u00bb custom_padding_phone=\u00bb80px||80px|\u00bb custom_css_before=\u00bb  content: %22%22;|| display: block;|| position: absolute;|| top: 0;|| left: 0;|| width: 100%;|| height: 100%;|| background: #000000;|| opacity: 0.2;\u00bb custom_css_after=\u00bbcontent: %22%22;|| display: block;|| position: absolute;|| top: 0;|| left: 0;|| width: 100%;|| height: 100%;|| background: #000000;|| opacity: 0.2;\u00bb collapsed=\u00bboff\u00bb global_colors_info=\u00bb{}\u00bb][et_pb_row custom_padding_last_edited=\u00bbon|tablet\u00bb admin_label=\u00bbBoxy Header Module\u00bb module_class=\u00bblines_ba et_pb_row_fullwidth\u00bb _builder_version=\u00bb4.16&#8243; background_size=\u00bbinitial\u00bb background_position=\u00bbtop_left\u00bb background_repeat=\u00bbrepeat\u00bb width=\u00bb89%\u00bb width_tablet=\u00bb80%\u00bb width_phone=\u00bb\u00bb width_last_edited=\u00bbon|desktop\u00bb max_width=\u00bb89%\u00bb max_width_tablet=\u00bb80%\u00bb max_width_phone=\u00bb\u00bb max_width_last_edited=\u00bbon|desktop\u00bb custom_padding=\u00bb20px|0px|20px|0px\u00bb custom_padding_tablet=\u00bb0px|0px|0px|0px\u00bb custom_padding_phone=\u00bb\u00bb make_fullwidth=\u00bbon\u00bb global_colors_info=\u00bb{}\u00bb][et_pb_column type=\u00bb4_4&#8243; _builder_version=\u00bb4.16&#8243; background_position=\u00bbtop_left\u00bb custom_padding=\u00bb|||\u00bb global_colors_info=\u00bb{}\u00bb custom_padding__hover=\u00bb|||\u00bb][et_pb_cta title=\u00bbCOLUMNA DE REACCI\u00d3N\u00bb admin_label=\u00bbMake It Awesome\u00bb _builder_version=\u00bb4.16&#8243; header_font=\u00bbTeko|500||on|||||\u00bb header_text_color=\u00bb#ffffff\u00bb header_font_size=\u00bb77px\u00bb header_line_height=\u00bb1.7em\u00bb body_font=\u00bbTeko||||||||\u00bb body_text_color=\u00bb#ffffff\u00bb body_font_size=\u00bb60px\u00bb body_line_height=\u00bb170%\u00bb use_background_color=\u00bboff\u00bb custom_button=\u00bbon\u00bb button_text_size=\u00bb16px\u00bb button_text_color=\u00bb#ffffff\u00bb button_bg_color=\u00bbrgba(0,0,0,0)\u00bb button_border_color=\u00bb#ffffff\u00bb button_border_radius=\u00bb0px\u00bb button_font=\u00bbMontserrat|on||on|\u00bb button_use_icon=\u00bboff\u00bb header_font_size_tablet=\u00bb50&#8243; header_font_size_phone=\u00bb36&#8243; header_font_size_last_edited=\u00bbon|phone\u00bb custom_css_promo_title=\u00bbline-height: 110% !important;|| position: relative;||padding: 32px 20px;|| display: block;||margin-bottom: 24px;\u00bb button_border_radius_hover=\u00bb0px\u00bb button_bg_color_hover=\u00bbrgba(0,0,0,0.3)\u00bb global_colors_info=\u00bb{}\u00bb button_text_size__hover_enabled=\u00bboff\u00bb button_one_text_size__hover_enabled=\u00bboff\u00bb button_two_text_size__hover_enabled=\u00bboff\u00bb button_text_color__hover_enabled=\u00bboff\u00bb button_one_text_color__hover_enabled=\u00bboff\u00bb button_two_text_color__hover_enabled=\u00bboff\u00bb button_border_width__hover_enabled=\u00bboff\u00bb button_one_border_width__hover_enabled=\u00bboff\u00bb button_two_border_width__hover_enabled=\u00bboff\u00bb button_border_color__hover_enabled=\u00bboff\u00bb button_one_border_color__hover_enabled=\u00bboff\u00bb button_two_border_color__hover_enabled=\u00bboff\u00bb button_border_radius__hover_enabled=\u00bbon\u00bb button_border_radius__hover=\u00bb0px\u00bb button_one_border_radius__hover_enabled=\u00bboff\u00bb button_two_border_radius__hover_enabled=\u00bboff\u00bb button_letter_spacing__hover_enabled=\u00bboff\u00bb button_one_letter_spacing__hover_enabled=\u00bboff\u00bb button_two_letter_spacing__hover_enabled=\u00bboff\u00bb button_bg_color__hover_enabled=\u00bbon\u00bb button_bg_color__hover=\u00bbrgba(0,0,0,0.3)\u00bb button_one_bg_color__hover_enabled=\u00bboff\u00bb button_two_bg_color__hover_enabled=\u00bboff\u00bb][\/et_pb_cta][\/et_pb_column][\/et_pb_row][\/et_pb_section][et_pb_section fb_built=\u00bb1&#8243; _builder_version=\u00bb4.16&#8243; _module_preset=\u00bbdefault\u00bb background_color=\u00bb#e2e2e2&#8243; custom_padding=\u00bb0px||15px|||\u00bb global_colors_info=\u00bb{}\u00bb][et_pb_row column_structure=\u00bb2_3,1_3&#8243; _builder_version=\u00bb4.16&#8243; _module_preset=\u00bbdefault\u00bb max_width=\u00bb1389px\u00bb custom_padding=\u00bb||0px|||\u00bb global_colors_info=\u00bb{}\u00bb][et_pb_column type=\u00bb2_3&#8243; _builder_version=\u00bb4.16&#8243; _module_preset=\u00bbdefault\u00bb global_colors_info=\u00bb{}\u00bb][et_pb_text _builder_version=\u00bb4.16&#8243; _module_preset=\u00bbdefault\u00bb text_font=\u00bbTeko|300||on|||||\u00bb text_text_color=\u00bb#1E2D3C\u00bb text_font_size=\u00bb44px\u00bb global_colors_info=\u00bb{}\u00bb]<\/p>\n<p>Fabricante de plantas de jab\u00f3n<\/p>\n<p>[\/et_pb_text][\/et_pb_column][et_pb_column type=\u00bb1_3&#8243; _builder_version=\u00bb4.16&#8243; _module_preset=\u00bbdefault\u00bb global_colors_info=\u00bb{}\u00bb][et_pb_button button_url=\u00bbhttps:\/\/www.soaptec.biz\/es\/ponte-en-contacto-con\/\u00bb button_text=\u00bbContacto\u00bb button_alignment=\u00bbright\u00bb button_alignment_tablet=\u00bb\u00bb button_alignment_phone=\u00bbleft\u00bb button_alignment_last_edited=\u00bbon|phone\u00bb admin_label=\u00bbThe Loser Button &#8211; Freddie\u00bb module_class=\u00bbfreddie_button_the_loser\u00bb _builder_version=\u00bb4.27.4&#8243; custom_button=\u00bbon\u00bb button_text_size=\u00bb26px\u00bb button_text_color=\u00bb#1E2D3C\u00bb button_bg_color=\u00bbrgba(0,0,0,0)\u00bb button_border_width=\u00bb2px\u00bb button_border_color=\u00bb#000000&#8243; button_border_radius=\u00bb0px\u00bb button_font=\u00bbTeko|||on|||||\u00bb button_icon_placement=\u00bbleft\u00bb button_on_hover=\u00bboff\u00bb custom_margin=\u00bb-17px||0px|||\u00bb custom_padding=\u00bb0px|26px|0px|26px|true|false\u00bb hover_enabled=\u00bb0&#8243; z_index_tablet=\u00bb500&#8243; custom_css_before=\u00bbcontent: %22%22 !important;||display: block !important;||position: absolute;||    z-index: -1;||    top: 0;||    left: 0;||    width: 0;||    height: 100%;||    background: #1E2D3C;||    transition: width .4s cubic-bezier(1,0,0,1);||    margin-left: 0 !important;\u00bb custom_css_main_element=\u00bb     letter-spacing: 0.3px;\u00bb global_colors_info=\u00bb{}\u00bb button_text_color__hover_enabled=\u00bbon\u00bb button_text_color__hover=\u00bb#ffffff\u00bb sticky_enabled=\u00bb0&#8243; locked=\u00bboff\u00bb][\/et_pb_button][\/et_pb_column][\/et_pb_row][\/et_pb_section][et_pb_section fb_built=\u00bb1&#8243; _builder_version=\u00bb4.16&#8243; _module_preset=\u00bbdefault\u00bb custom_padding=\u00bb27px||35px|||\u00bb global_colors_info=\u00bb{}\u00bb][et_pb_row _builder_version=\u00bb4.16&#8243; _module_preset=\u00bbdefault\u00bb max_width=\u00bb1416px\u00bb custom_padding=\u00bb17px|||||\u00bb global_colors_info=\u00bb{}\u00bb][et_pb_column type=\u00bb4_4&#8243; _builder_version=\u00bb4.16&#8243; _module_preset=\u00bbdefault\u00bb global_colors_info=\u00bb{}\u00bb][et_pb_text _builder_version=\u00bb4.16&#8243; _module_preset=\u00bbdefault\u00bb text_font=\u00bbTeko|300|||||||\u00bb text_font_size=\u00bb47px\u00bb header_font=\u00bbTeko|300|||||||\u00bb header_text_color=\u00bb#1E2D3C\u00bb header_font_size=\u00bb47px\u00bb animation_style=\u00bbzoom\u00bb global_colors_info=\u00bb{}\u00bb]<\/p>\n<p class=\"p1\" style=\"text-align: center;\"><span style=\"color: #e02b20;\">&#8212; COLUMNA DE REACCI\u00d3N &#8212;<\/span><\/p>\n<h1 class=\"p1\" style=\"text-align: center;\"><strong>Columna de reacci\u00f3n para plantas de jab\u00f3n s\u00f3lido<\/strong><\/h1>\n<p>&nbsp;<\/p>\n<p>[\/et_pb_text][\/et_pb_column][\/et_pb_row][et_pb_row column_structure=\u00bb1_2,1_2&#8243; _builder_version=\u00bb4.16&#8243; _module_preset=\u00bbdefault\u00bb width=\u00bb86%\u00bb max_width=\u00bb1256px\u00bb global_colors_info=\u00bb{}\u00bb][et_pb_column type=\u00bb1_2&#8243; _builder_version=\u00bb4.16&#8243; _module_preset=\u00bbdefault\u00bb global_colors_info=\u00bb{}\u00bb][et_pb_text _builder_version=\u00bb4.16&#8243; _module_preset=\u00bbdefault\u00bb text_font=\u00bbMontserrat||||||||\u00bb text_orientation=\u00bbjustified\u00bb animation_style=\u00bbzoom\u00bb global_colors_info=\u00bb{}\u00bb]La columna de reacci\u00f3n de las f\u00e1bricas de jab\u00f3n s\u00f3lido es un reactor presurizado que se utiliza para la neutralizaci\u00f3n de los \u00e1cidos grasos y la saponificaci\u00f3n continua de las grasas neutras.<\/p>\n<p>Estos dos procesos son esenciales para obtener un jab\u00f3n de calidad, y por eso es primordial disponer de una columna de reacci\u00f3n construida seg\u00fan un dise\u00f1o bien elaborado. Soaptec, empresa especializada en el dise\u00f1o, construcci\u00f3n y venta de maquinaria para la fabricaci\u00f3n de jab\u00f3n, suministra tanto plantas personalizadas, completas con columna de reacci\u00f3n, como columnas de reacci\u00f3n de repuesto para las instalaciones existentes. [\/et_pb_text][\/et_pb_column][et_pb_column type=\u00bb1_2&#8243; _builder_version=\u00bb4.16&#8243; _module_preset=\u00bbdefault\u00bb global_colors_info=\u00bb{}\u00bb][et_pb_text _builder_version=\u00bb4.16&#8243; _module_preset=\u00bbdefault\u00bb text_font=\u00bbMontserrat||||||||\u00bb text_orientation=\u00bbjustified\u00bb animation_style=\u00bbzoom\u00bb global_colors_info=\u00bb{}\u00bb]Una de las caracter\u00edsticas m\u00e1s distintivas de la columna de reacci\u00f3n Soaptec es su volumen interno muy reducido. Gracias a esta caracter\u00edstica, que hace que el componente sea muy vers\u00e1til, los operadores pueden cambiar con frecuencia la formulaci\u00f3n del jab\u00f3n, lo que permite a las empresas ser flexibles con respecto a las demandas del mercado y satisfacer mejor a los clientes. [\/et_pb_text][\/et_pb_column][\/et_pb_row][\/et_pb_section][et_pb_section fb_built=\u00bb1&#8243; specialty=\u00bbon\u00bb _builder_version=\u00bb4.16&#8243; _module_preset=\u00bbdefault\u00bb background_color=\u00bb#f4f4f4&#8243; inner_max_width=\u00bb1300px\u00bb custom_padding=\u00bb0px|||||\u00bb global_colors_info=\u00bb{}\u00bb][et_pb_column type=\u00bb1_2&#8243; _builder_version=\u00bb4.16&#8243; custom_padding=\u00bb|||\u00bb global_colors_info=\u00bb{}\u00bb custom_padding__hover=\u00bb|||\u00bb][et_pb_image src=\u00bbhttps:\/\/www.soaptec.biz\/wp-content\/uploads\/2021\/01\/colonna.png\u00bb title_text=\u00bbcolonna\u00bb _builder_version=\u00bb4.16&#8243; _module_preset=\u00bbdefault\u00bb width=\u00bb68%\u00bb module_alignment=\u00bbcenter\u00bb custom_margin=\u00bb140px|||||\u00bb animation_style=\u00bbzoom\u00bb global_colors_info=\u00bb{}\u00bb][\/et_pb_image][\/et_pb_column][et_pb_column type=\u00bb1_2&#8243; specialty_columns=\u00bb2&#8243; _builder_version=\u00bb4.16&#8243; custom_padding=\u00bb|||\u00bb global_colors_info=\u00bb{}\u00bb custom_padding__hover=\u00bb|||\u00bb][et_pb_row_inner _builder_version=\u00bb4.16&#8243; _module_preset=\u00bbdefault\u00bb custom_padding=\u00bb||19px|||\u00bb global_colors_info=\u00bb{}\u00bb][et_pb_column_inner saved_specialty_column_type=\u00bb1_2&#8243; _builder_version=\u00bb4.16&#8243; _module_preset=\u00bbdefault\u00bb global_colors_info=\u00bb{}\u00bb][et_pb_text _builder_version=\u00bb4.16&#8243; _module_preset=\u00bbdefault\u00bb header_font=\u00bbTeko|300|||||||\u00bb header_text_color=\u00bb#1E2D3C\u00bb header_font_size=\u00bb47px\u00bb header_2_font=\u00bbTeko|300|||||||\u00bb header_2_font_size=\u00bb37px\u00bb animation_style=\u00bbslide\u00bb animation_direction=\u00bbright\u00bb global_colors_info=\u00bb{}\u00bb]<\/p>\n<h2 class=\"p1\" style=\"text-align: left;\"><span style=\"color: #e02b20;\">COLUMNA DE REACCI\u00d3N&#8212;<\/span><\/h2>\n<h2 class=\"p1\" style=\"text-align: left;\"><strong>Calidad y especificaciones<br \/><\/strong><\/h2>\n<p>[\/et_pb_text][et_pb_text _builder_version=\u00bb4.16&#8243; _module_preset=\u00bbdefault\u00bb text_font=\u00bbMontserrat||||||||\u00bb text_orientation=\u00bbjustified\u00bb custom_margin=\u00bb-37px||27px|||\u00bb animation_style=\u00bbslide\u00bb animation_direction=\u00bbright\u00bb global_colors_info=\u00bb{}\u00bb]Como todos los componentes de las plantas de jab\u00f3n Soaptec, las columnas de reacci\u00f3n tambi\u00e9n se construyen seg\u00fan los dise\u00f1os m\u00e1s avanzados y con materiales de primera calidad, lo que garantiza la satisfacci\u00f3n total del cliente.<\/p>\n<p>Para que las empresas de todo el mundo puedan utilizar nuestras columnas de reacci\u00f3n, Soaptec se compromete a cumplir las directrices europeas e internacionales. Nuestros productos est\u00e1n certificados, a petici\u00f3n del cliente, seg\u00fan ASME, Secc. VIII, Div.   1. Adem\u00e1s, la capacidad de carga tiene en cuenta las normas UNI, DIN, AFNOR, AGMA e ISO.<\/p>\n<p>Los constantes esfuerzos en I+D han permitido a nuestros ingenieros identificar el acero inoxidable AISI 316 como el material m\u00e1s adecuado para la construcci\u00f3n de las piezas en contacto con el jab\u00f3n. En cambio, la camisa y el resto de componentes que no est\u00e1n en contacto con el producto son de acero inoxidable AISI 304. [\/et_pb_text][et_pb_divider color=\u00bb#e02b20&#8243; divider_weight=\u00bb5px\u00bb _builder_version=\u00bb4.16&#8243; _module_preset=\u00bbdefault\u00bb width=\u00bb8%\u00bb animation_style=\u00bbslide\u00bb global_colors_info=\u00bb{}\u00bb][\/et_pb_divider][et_pb_text _builder_version=\u00bb4.16&#8243; _module_preset=\u00bbdefault\u00bb text_font=\u00bbTeko||||||||\u00bb text_font_size=\u00bb31px\u00bb header_font=\u00bbTeko|300|||||||\u00bb header_text_color=\u00bb#1E2D3C\u00bb header_font_size=\u00bb47px\u00bb header_2_font_size=\u00bb37px\u00bb custom_margin=\u00bb-22px|||||\u00bb animation_style=\u00bbslide\u00bb animation_direction=\u00bbright\u00bb global_colors_info=\u00bb{}\u00bb]<\/p>\n<h2 class=\"p1\" style=\"text-align: left;\"><strong>Funcionamiento de la columna de reacci\u00f3n para plantas de jab\u00f3n s\u00f3lido<br \/>\n<\/strong><\/h2>\n<p>[\/et_pb_text][et_pb_text _builder_version=\u00bb4.16&#8243; _module_preset=\u00bbdefault\u00bb text_font=\u00bbMontserrat||||||||\u00bb text_orientation=\u00bbjustified\u00bb custom_margin=\u00bb-37px||27px|||\u00bb animation_style=\u00bbslide\u00bb animation_direction=\u00bbright\u00bb global_colors_info=\u00bb{}\u00bb]La columna de reacci\u00f3n es un componente clave de cualquier planta de producci\u00f3n de jab\u00f3n s\u00f3lido. Equipada con un agitador interno que permite mezclar en\u00e9rgicamente la mezcla de materias primas imponi\u00e9ndole un movimiento ascendente, la columna de reacci\u00f3n es la maquinaria en la que tiene lugar el proceso de saponificaci\u00f3n. Como su nombre indica, las materias primas, mezcladas en\u00e9rgicamente por el agitador, se ponen en contacto entre s\u00ed, permitiendo que se produzca la reacci\u00f3n bajo presi\u00f3n y temperatura controladas.<br \/>\nLa velocidad de giro del agitador puede regularse mediante un inversor conectado al motor e instalado en el panel de control.<\/p>\n<p>Un elemento esencial de la columna de reacci\u00f3n es la bomba de recirculaci\u00f3n, una bomba lobular de gran capacidad volum\u00e9trica, cuya funci\u00f3n principal es ayudar a mover la mezcla, a contracorriente del flujo impuesto por el agitador del reactor. El ciclo de recirculaci\u00f3n garantiza una mezcla intensiva, que favorece la neutralizaci\u00f3n o saponificaci\u00f3n de los \u00e1cidos grasos o grasas neutras. <\/p>\n<p>La composici\u00f3n del jab\u00f3n puede controlarse y, por tanto, corregirse, gracias a un sensor que controla el pH de la mezcla y mediante el regulador de presi\u00f3n diferencial. Ambos componentes est\u00e1n instalados en el bucle de la bomba de reciclaje. <\/p>\n<p>Soaptec presta atenci\u00f3n hasta a los detalles m\u00e1s peque\u00f1os para garantizar columnas de reacci\u00f3n de excelente rendimiento. Estos productos est\u00e1n equipados con instrumentaci\u00f3n y v\u00e1lvulas actuadas seleccionadas entre los fabricantes m\u00e1s fiables del mercado internacional.   <\/p>\n<p>El equipo de t\u00e9cnicos de Soaptec est\u00e1 disponible para realizar trabajos de puesta en marcha, arranque y mantenimiento en plantas equipadas con columna de reacci\u00f3n o para instalar o reparar componentes en plantas ya establecidas.[\/et_pb_text][\/et_pb_column_inner][\/et_pb_row_inner][\/et_pb_column][\/et_pb_section]<\/p>\n","protected":false},"excerpt":{"rendered":"<p>Fabricante de plantas de jab\u00f3n&#8212; COLUMNA DE REACCI\u00d3N &#8212; Columna de reacci\u00f3n para plantas de jab\u00f3n s\u00f3lido &nbsp;La columna de reacci\u00f3n de las f\u00e1bricas de jab\u00f3n s\u00f3lido es un reactor presurizado que se utiliza para la neutralizaci\u00f3n de los \u00e1cidos grasos y la saponificaci\u00f3n continua de las grasas neutras. Estos dos procesos son esenciales para [&hellip;]<\/p>\n","protected":false},"author":1,"featured_media":0,"parent":271594,"menu_order":0,"comment_status":"closed","ping_status":"closed","template":"","meta":{"_et_pb_use_builder":"on","_et_pb_old_content":"","_et_gb_content_width":"","footnotes":""},"class_list":["post-271600","page","type-page","status-publish","hentry"],"yoast_head":"<!-- This site is optimized with the Yoast SEO plugin v26.0 - https:\/\/yoast.com\/wordpress\/plugins\/seo\/ -->\n<title>Columna de reacci\u00f3n para jaboner\u00edas | Soaptec<\/title>\n<meta name=\"description\" content=\"Soaptec es fabricante de columnas de reacci\u00f3n para plantas de jab\u00f3n s\u00f3lido. Fabricamos plantas completas y componentes individuales.\" \/>\n<meta name=\"robots\" content=\"index, follow, max-snippet:-1, max-image-preview:large, max-video-preview:-1\" \/>\n<link rel=\"canonical\" href=\"https:\/\/www.soaptec.biz\/saponificazione\/colonna-reazione\/\" \/>\n<meta property=\"og:locale\" content=\"es_ES\" \/>\n<meta property=\"og:type\" content=\"article\" \/>\n<meta property=\"og:title\" content=\"Columna de reacci\u00f3n para jaboner\u00edas | Soaptec\" \/>\n<meta property=\"og:description\" content=\"Soaptec es fabricante de columnas de reacci\u00f3n para plantas de jab\u00f3n s\u00f3lido. Fabricamos plantas completas y componentes individuales.\" \/>\n<meta property=\"og:url\" content=\"https:\/\/www.soaptec.biz\/saponificazione\/colonna-reazione\/\" \/>\n<meta property=\"og:site_name\" content=\"Soaptec\" \/>\n<meta property=\"article:modified_time\" content=\"2025-05-05T13:45:58+00:00\" \/>\n<meta name=\"twitter:card\" content=\"summary_large_image\" \/>\n<meta name=\"twitter:label1\" content=\"Tiempo de lectura\" \/>\n\t<meta name=\"twitter:data1\" content=\"10 minutos\" \/>\n<script type=\"application\/ld+json\" class=\"yoast-schema-graph\">{\"@context\":\"https:\/\/schema.org\",\"@graph\":[{\"@type\":\"WebPage\",\"@id\":\"https:\/\/www.soaptec.biz\/saponificazione\/colonna-reazione\/\",\"url\":\"https:\/\/www.soaptec.biz\/saponificazione\/colonna-reazione\/\",\"name\":\"Columna de reacci\u00f3n para jaboner\u00edas | Soaptec\",\"isPartOf\":{\"@id\":\"https:\/\/www.soaptec.biz\/#website\"},\"datePublished\":\"2025-05-05T13:38:45+00:00\",\"dateModified\":\"2025-05-05T13:45:58+00:00\",\"description\":\"Soaptec es fabricante de columnas de reacci\u00f3n para plantas de jab\u00f3n s\u00f3lido. Fabricamos plantas completas y componentes individuales.\",\"breadcrumb\":{\"@id\":\"https:\/\/www.soaptec.biz\/saponificazione\/colonna-reazione\/#breadcrumb\"},\"inLanguage\":\"es\",\"potentialAction\":[{\"@type\":\"ReadAction\",\"target\":[\"https:\/\/www.soaptec.biz\/saponificazione\/colonna-reazione\/\"]}]},{\"@type\":\"BreadcrumbList\",\"@id\":\"https:\/\/www.soaptec.biz\/saponificazione\/colonna-reazione\/#breadcrumb\",\"itemListElement\":[{\"@type\":\"ListItem\",\"position\":1,\"name\":\"Home\",\"item\":\"https:\/\/www.soaptec.biz\/\"},{\"@type\":\"ListItem\",\"position\":2,\"name\":\"saponificaci\u00f3n\",\"item\":\"https:\/\/www.soaptec.biz\/saponificazione\/\"},{\"@type\":\"ListItem\",\"position\":3,\"name\":\"COLUMNA DE REACCI\u00d3N\"}]},{\"@type\":\"WebSite\",\"@id\":\"https:\/\/www.soaptec.biz\/#website\",\"url\":\"https:\/\/www.soaptec.biz\/\",\"name\":\"Soaptec\",\"description\":\"\",\"potentialAction\":[{\"@type\":\"SearchAction\",\"target\":{\"@type\":\"EntryPoint\",\"urlTemplate\":\"https:\/\/www.soaptec.biz\/?s={search_term_string}\"},\"query-input\":{\"@type\":\"PropertyValueSpecification\",\"valueRequired\":true,\"valueName\":\"search_term_string\"}}],\"inLanguage\":\"es\"}]}<\/script>\n<!-- \/ Yoast SEO plugin. -->","yoast_head_json":{"title":"Columna de reacci\u00f3n para jaboner\u00edas | Soaptec","description":"Soaptec es fabricante de columnas de reacci\u00f3n para plantas de jab\u00f3n s\u00f3lido. Fabricamos plantas completas y componentes individuales.","robots":{"index":"index","follow":"follow","max-snippet":"max-snippet:-1","max-image-preview":"max-image-preview:large","max-video-preview":"max-video-preview:-1"},"canonical":"https:\/\/www.soaptec.biz\/saponificazione\/colonna-reazione\/","og_locale":"es_ES","og_type":"article","og_title":"Columna de reacci\u00f3n para jaboner\u00edas | Soaptec","og_description":"Soaptec es fabricante de columnas de reacci\u00f3n para plantas de jab\u00f3n s\u00f3lido. Fabricamos plantas completas y componentes individuales.","og_url":"https:\/\/www.soaptec.biz\/saponificazione\/colonna-reazione\/","og_site_name":"Soaptec","article_modified_time":"2025-05-05T13:45:58+00:00","twitter_card":"summary_large_image","twitter_misc":{"Tiempo de lectura":"10 minutos"},"schema":{"@context":"https:\/\/schema.org","@graph":[{"@type":"WebPage","@id":"https:\/\/www.soaptec.biz\/saponificazione\/colonna-reazione\/","url":"https:\/\/www.soaptec.biz\/saponificazione\/colonna-reazione\/","name":"Columna de reacci\u00f3n para jaboner\u00edas | Soaptec","isPartOf":{"@id":"https:\/\/www.soaptec.biz\/#website"},"datePublished":"2025-05-05T13:38:45+00:00","dateModified":"2025-05-05T13:45:58+00:00","description":"Soaptec es fabricante de columnas de reacci\u00f3n para plantas de jab\u00f3n s\u00f3lido. Fabricamos plantas completas y componentes individuales.","breadcrumb":{"@id":"https:\/\/www.soaptec.biz\/saponificazione\/colonna-reazione\/#breadcrumb"},"inLanguage":"es","potentialAction":[{"@type":"ReadAction","target":["https:\/\/www.soaptec.biz\/saponificazione\/colonna-reazione\/"]}]},{"@type":"BreadcrumbList","@id":"https:\/\/www.soaptec.biz\/saponificazione\/colonna-reazione\/#breadcrumb","itemListElement":[{"@type":"ListItem","position":1,"name":"Home","item":"https:\/\/www.soaptec.biz\/"},{"@type":"ListItem","position":2,"name":"saponificaci\u00f3n","item":"https:\/\/www.soaptec.biz\/saponificazione\/"},{"@type":"ListItem","position":3,"name":"COLUMNA DE REACCI\u00d3N"}]},{"@type":"WebSite","@id":"https:\/\/www.soaptec.biz\/#website","url":"https:\/\/www.soaptec.biz\/","name":"Soaptec","description":"","potentialAction":[{"@type":"SearchAction","target":{"@type":"EntryPoint","urlTemplate":"https:\/\/www.soaptec.biz\/?s={search_term_string}"},"query-input":{"@type":"PropertyValueSpecification","valueRequired":true,"valueName":"search_term_string"}}],"inLanguage":"es"}]}},"_links":{"self":[{"href":"https:\/\/www.soaptec.biz\/es\/wp-json\/wp\/v2\/pages\/271600","targetHints":{"allow":["GET"]}}],"collection":[{"href":"https:\/\/www.soaptec.biz\/es\/wp-json\/wp\/v2\/pages"}],"about":[{"href":"https:\/\/www.soaptec.biz\/es\/wp-json\/wp\/v2\/types\/page"}],"author":[{"embeddable":true,"href":"https:\/\/www.soaptec.biz\/es\/wp-json\/wp\/v2\/users\/1"}],"replies":[{"embeddable":true,"href":"https:\/\/www.soaptec.biz\/es\/wp-json\/wp\/v2\/comments?post=271600"}],"version-history":[{"count":1,"href":"https:\/\/www.soaptec.biz\/es\/wp-json\/wp\/v2\/pages\/271600\/revisions"}],"predecessor-version":[{"id":271618,"href":"https:\/\/www.soaptec.biz\/es\/wp-json\/wp\/v2\/pages\/271600\/revisions\/271618"}],"up":[{"embeddable":true,"href":"https:\/\/www.soaptec.biz\/es\/wp-json\/wp\/v2\/pages\/271594"}],"wp:attachment":[{"href":"https:\/\/www.soaptec.biz\/es\/wp-json\/wp\/v2\/media?parent=271600"}],"curies":[{"name":"wp","href":"https:\/\/api.w.org\/{rel}","templated":true}]}}