{"id":271560,"date":"2025-05-05T15:21:36","date_gmt":"2025-05-05T13:21:36","guid":{"rendered":"https:\/\/www.soaptec.biz\/incarators\/"},"modified":"2025-05-05T15:50:27","modified_gmt":"2025-05-05T13:50:27","slug":"incarators","status":"publish","type":"page","link":"https:\/\/www.soaptec.biz\/es\/linea-de-acabado\/incarators\/","title":{"rendered":"INCARATORS"},"content":{"rendered":"<p>[et_pb_section fb_built=\u00bb1&#8243; custom_padding_last_edited=\u00bbon|phone\u00bb admin_label=\u00bbBoxy Header Module &#8211; Image 1920 x 1117 pixels\u00bb module_class=\u00bbheader_8_f falkor\u00bb _builder_version=\u00bb4.16&#8243; background_color=\u00bbrgba(255,255,255,0)\u00bb background_image=\u00bbhttps:\/\/www.soaptec.biz\/wp-content\/uploads\/2021\/02\/flow-pack-1.png\u00bb background_enable_video_mp4=\u00bboff\u00bb background_video_width=\u00bb2000px\u00bb custom_padding=\u00bb14vw||14vw||true|\u00bb custom_padding_tablet=\u00bb100px||100px|\u00bb custom_padding_phone=\u00bb80px||80px|\u00bb custom_css_before=\u00bb  content: %22%22;|| display: block;|| position: absolute;|| top: 0;|| left: 0;|| width: 100%;|| height: 100%;|| background: #000000;|| opacity: 0.2;\u00bb custom_css_after=\u00bbcontent: %22%22;|| display: block;|| position: absolute;|| top: 0;|| left: 0;|| width: 100%;|| height: 100%;|| background: #000000;|| opacity: 0.2;\u00bb collapsed=\u00bboff\u00bb global_colors_info=\u00bb{}\u00bb][et_pb_row custom_padding_last_edited=\u00bbon|tablet\u00bb admin_label=\u00bbBoxy Header Module\u00bb module_class=\u00bblines_ba et_pb_row_fullwidth\u00bb _builder_version=\u00bb4.16&#8243; background_size=\u00bbinitial\u00bb background_position=\u00bbtop_left\u00bb background_repeat=\u00bbrepeat\u00bb width=\u00bb89%\u00bb width_tablet=\u00bb80%\u00bb width_phone=\u00bb\u00bb width_last_edited=\u00bbon|desktop\u00bb max_width=\u00bb89%\u00bb max_width_tablet=\u00bb80%\u00bb max_width_phone=\u00bb\u00bb max_width_last_edited=\u00bbon|desktop\u00bb custom_padding=\u00bb20px|0px|20px|0px\u00bb custom_padding_tablet=\u00bb0px|0px|0px|0px\u00bb custom_padding_phone=\u00bb\u00bb make_fullwidth=\u00bbon\u00bb global_colors_info=\u00bb{}\u00bb][et_pb_column type=\u00bb4_4&#8243; _builder_version=\u00bb4.16&#8243; background_position=\u00bbtop_left\u00bb custom_padding=\u00bb|||\u00bb global_colors_info=\u00bb{}\u00bb custom_padding__hover=\u00bb|||\u00bb][et_pb_cta title=\u00bbINCARATORS\u00bb admin_label=\u00bbMake It Awesome\u00bb _builder_version=\u00bb4.16&#8243; header_font=\u00bbTeko|500||on|||||\u00bb header_text_color=\u00bb#ffffff\u00bb header_font_size=\u00bb77px\u00bb header_line_height=\u00bb1.7em\u00bb body_font=\u00bbTeko||||||||\u00bb body_text_color=\u00bb#ffffff\u00bb body_font_size=\u00bb60px\u00bb body_line_height=\u00bb170%\u00bb use_background_color=\u00bboff\u00bb custom_button=\u00bbon\u00bb button_text_size=\u00bb16px\u00bb button_text_color=\u00bb#ffffff\u00bb button_bg_color=\u00bbrgba(0,0,0,0)\u00bb button_border_color=\u00bb#ffffff\u00bb button_border_radius=\u00bb0px\u00bb button_font=\u00bbMontserrat|on||on|\u00bb button_use_icon=\u00bboff\u00bb header_font_size_tablet=\u00bb50&#8243; header_font_size_phone=\u00bb36&#8243; header_font_size_last_edited=\u00bbon|phone\u00bb custom_css_promo_title=\u00bbline-height: 110% !important;|| position: relative;||padding: 32px 20px;|| display: block;||margin-bottom: 24px;\u00bb button_border_radius_hover=\u00bb0px\u00bb button_bg_color_hover=\u00bbrgba(0,0,0,0.3)\u00bb global_colors_info=\u00bb{}\u00bb button_text_size__hover_enabled=\u00bboff\u00bb button_one_text_size__hover_enabled=\u00bboff\u00bb button_two_text_size__hover_enabled=\u00bboff\u00bb button_text_color__hover_enabled=\u00bboff\u00bb button_one_text_color__hover_enabled=\u00bboff\u00bb button_two_text_color__hover_enabled=\u00bboff\u00bb button_border_width__hover_enabled=\u00bboff\u00bb button_one_border_width__hover_enabled=\u00bboff\u00bb button_two_border_width__hover_enabled=\u00bboff\u00bb button_border_color__hover_enabled=\u00bboff\u00bb button_one_border_color__hover_enabled=\u00bboff\u00bb button_two_border_color__hover_enabled=\u00bboff\u00bb button_border_radius__hover_enabled=\u00bbon\u00bb button_border_radius__hover=\u00bb0px\u00bb button_one_border_radius__hover_enabled=\u00bboff\u00bb button_two_border_radius__hover_enabled=\u00bboff\u00bb button_letter_spacing__hover_enabled=\u00bboff\u00bb button_one_letter_spacing__hover_enabled=\u00bboff\u00bb button_two_letter_spacing__hover_enabled=\u00bboff\u00bb button_bg_color__hover_enabled=\u00bbon\u00bb button_bg_color__hover=\u00bbrgba(0,0,0,0.3)\u00bb button_one_bg_color__hover_enabled=\u00bboff\u00bb button_two_bg_color__hover_enabled=\u00bboff\u00bb][\/et_pb_cta][\/et_pb_column][\/et_pb_row][\/et_pb_section][et_pb_section fb_built=\u00bb1&#8243; _builder_version=\u00bb4.16&#8243; _module_preset=\u00bbdefault\u00bb background_color=\u00bb#e2e2e2&#8243; custom_padding=\u00bb0px||15px|||\u00bb global_colors_info=\u00bb{}\u00bb][et_pb_row column_structure=\u00bb2_3,1_3&#8243; _builder_version=\u00bb4.16&#8243; _module_preset=\u00bbdefault\u00bb max_width=\u00bb1389px\u00bb custom_padding=\u00bb||0px|||\u00bb global_colors_info=\u00bb{}\u00bb][et_pb_column type=\u00bb2_3&#8243; _builder_version=\u00bb4.16&#8243; _module_preset=\u00bbdefault\u00bb global_colors_info=\u00bb{}\u00bb][et_pb_text _builder_version=\u00bb4.22.0&#8243; _module_preset=\u00bbdefault\u00bb text_font=\u00bbTeko|300||on|||||\u00bb text_text_color=\u00bb#1E2D3C\u00bb text_font_size=\u00bb44px\u00bb global_colors_info=\u00bb{}\u00bb]<\/p>\n<p>Fabricante de plantas de jab\u00f3n<\/p>\n<p>[\/et_pb_text][\/et_pb_column][et_pb_column type=\u00bb1_3&#8243; _builder_version=\u00bb4.16&#8243; _module_preset=\u00bbdefault\u00bb global_colors_info=\u00bb{}\u00bb][et_pb_button button_url=\u00bbhttps:\/\/www.soaptec.biz\/es\/ponte-en-contacto-con\/\u00bb button_text=\u00bbContacto\u00bb button_alignment=\u00bbright\u00bb button_alignment_tablet=\u00bb\u00bb button_alignment_phone=\u00bbleft\u00bb button_alignment_last_edited=\u00bbon|phone\u00bb admin_label=\u00bbThe Loser Button &#8211; Freddie\u00bb module_class=\u00bbfreddie_button_the_loser\u00bb _builder_version=\u00bb4.27.4&#8243; custom_button=\u00bbon\u00bb button_text_size=\u00bb26px\u00bb button_text_color=\u00bb#1E2D3C\u00bb button_bg_color=\u00bbrgba(0,0,0,0)\u00bb button_border_width=\u00bb2px\u00bb button_border_color=\u00bb#000000&#8243; button_border_radius=\u00bb0px\u00bb button_font=\u00bbTeko|||on|||||\u00bb button_icon_placement=\u00bbleft\u00bb button_on_hover=\u00bboff\u00bb custom_margin=\u00bb-17px||0px|||\u00bb custom_padding=\u00bb0px|26px|0px|26px|true|false\u00bb hover_enabled=\u00bb0&#8243; z_index_tablet=\u00bb500&#8243; custom_css_before=\u00bbcontent: %22%22 !important;||display: block !important;||position: absolute;||    z-index: -1;||    top: 0;||    left: 0;||    width: 0;||    height: 100%;||    background: #1E2D3C;||    transition: width .4s cubic-bezier(1,0,0,1);||    margin-left: 0 !important;\u00bb custom_css_main_element=\u00bb     letter-spacing: 0.3px;\u00bb global_colors_info=\u00bb{}\u00bb button_text_color__hover_enabled=\u00bbon\u00bb button_text_color__hover=\u00bb#ffffff\u00bb sticky_enabled=\u00bb0&#8243; locked=\u00bboff\u00bb][\/et_pb_button][\/et_pb_column][\/et_pb_row][\/et_pb_section][et_pb_section fb_built=\u00bb1&#8243; _builder_version=\u00bb4.16&#8243; _module_preset=\u00bbdefault\u00bb custom_padding=\u00bb27px||35px|||\u00bb global_colors_info=\u00bb{}\u00bb][et_pb_row _builder_version=\u00bb4.16&#8243; _module_preset=\u00bbdefault\u00bb width=\u00bb90%\u00bb max_width=\u00bb1340px\u00bb custom_padding=\u00bb17px|||||\u00bb global_colors_info=\u00bb{}\u00bb][et_pb_column type=\u00bb4_4&#8243; _builder_version=\u00bb4.16&#8243; _module_preset=\u00bbdefault\u00bb global_colors_info=\u00bb{}\u00bb][et_pb_text _builder_version=\u00bb4.16&#8243; _module_preset=\u00bbdefault\u00bb text_font=\u00bbTeko|300|||||||\u00bb text_font_size=\u00bb47px\u00bb header_font=\u00bbTeko|300|||||||\u00bb header_text_color=\u00bb#1E2D3C\u00bb header_font_size=\u00bb47px\u00bb animation_style=\u00bbzoom\u00bb global_colors_info=\u00bb{}\u00bb]<\/p>\n<p class=\"p1\" style=\"text-align: center;\"><span style=\"color: #e02b20;\">&#8212; ENVOLVEDORAS &#8212;<\/span><\/p>\n<h1 class=\"p1\" style=\"text-align: center;\"><strong>  Envolvedoras para l\u00edneas de acabado de jab\u00f3n s\u00f3lido<br \/><\/strong><\/h1>\n<p>&nbsp;<\/p>\n<p>[\/et_pb_text][\/et_pb_column][\/et_pb_row][et_pb_row column_structure=\u00bb1_2,1_2&#8243; _builder_version=\u00bb4.16&#8243; _module_preset=\u00bbdefault\u00bb width=\u00bb86%\u00bb max_width=\u00bb1256px\u00bb custom_padding=\u00bb3px|||||\u00bb global_colors_info=\u00bb{}\u00bb][et_pb_column type=\u00bb1_2&#8243; _builder_version=\u00bb4.16&#8243; _module_preset=\u00bbdefault\u00bb global_colors_info=\u00bb{}\u00bb][et_pb_text _builder_version=\u00bb4.22.0&#8243; _module_preset=\u00bbdefault\u00bb text_font=\u00bbMontserrat||||||||\u00bb text_orientation=\u00bbjustified\u00bb animation_style=\u00bbzoom\u00bb global_colors_info=\u00bb{}\u00bb]<\/p>\n<p>La etapa final del procesamiento del jab\u00f3n semiacabado es el envasado del producto. Soaptec ha dise\u00f1ado una m\u00e1quina que permite envasar el jab\u00f3n de forma impecable: la Flow Pack FP-150.   <span style=\"font-size: 14px;\">Este tipo de m\u00e1quina es una envolvedora horizontal que puede utilizarse para envolver jab\u00f3n de cualquier tama\u00f1o y peso. Para envolver se utilizan l\u00e1minas de termosellado. <\/span><\/p>\n<p>[\/et_pb_text][\/et_pb_column][et_pb_column type=\u00bb1_2&#8243; _builder_version=\u00bb4.16&#8243; _module_preset=\u00bbdefault\u00bb global_colors_info=\u00bb{}\u00bb][et_pb_text _builder_version=\u00bb4.16&#8243; _module_preset=\u00bbdefault\u00bb text_font=\u00bbMontserrat||||||||\u00bb text_orientation=\u00bbjustified\u00bb animation_style=\u00bbzoom\u00bb global_colors_info=\u00bb{}\u00bb]<\/p>\n<p>La envasadora Flow Pack FP-150 de Soaptec es una m\u00e1quina de control autom\u00e1tico, en la que todos los movimientos mec\u00e1nicos son accionados por motores sin escobillas (ejes el\u00e9ctricos) Esta potente m\u00e1quina permite un trabajo r\u00e1pido y eficaz: la envasadora puede envasar 300 pastillas de jab\u00f3n por minuto.<\/p>\n<p>En cambio, cuando se alimenta manualmente, la capacidad de producci\u00f3n es de unas cien piezas por minuto.<\/p>\n<p>[\/et_pb_text][\/et_pb_column][\/et_pb_row][\/et_pb_section][et_pb_section fb_built=\u00bb1&#8243; specialty=\u00bbon\u00bb _builder_version=\u00bb4.16&#8243; _module_preset=\u00bbdefault\u00bb background_color=\u00bb#efefef\u00bb inner_max_width=\u00bb1300px\u00bb custom_padding=\u00bb0px|||||\u00bb global_colors_info=\u00bb{}\u00bb][et_pb_column type=\u00bb1_2&#8243; _builder_version=\u00bb4.16&#8243; custom_padding=\u00bb|||\u00bb global_colors_info=\u00bb{}\u00bb custom_padding__hover=\u00bb|||\u00bb][et_pb_image src=\u00bbhttps:\/\/www.soaptec.biz\/wp-content\/uploads\/2021\/02\/incartatrice.png\u00bb title_text=\u00bbincartatrice\u00bb _builder_version=\u00bb4.16&#8243; _module_preset=\u00bbdefault\u00bb custom_padding=\u00bb26px|||||\u00bb animation_style=\u00bbzoom\u00bb global_colors_info=\u00bb{}\u00bb][\/et_pb_image][\/et_pb_column][et_pb_column type=\u00bb1_2&#8243; specialty_columns=\u00bb2&#8243; _builder_version=\u00bb4.16&#8243; custom_padding=\u00bb|||\u00bb global_colors_info=\u00bb{}\u00bb custom_padding__hover=\u00bb|||\u00bb][et_pb_row_inner _builder_version=\u00bb4.16&#8243; _module_preset=\u00bbdefault\u00bb custom_padding=\u00bb||19px|||\u00bb global_colors_info=\u00bb{}\u00bb][et_pb_column_inner saved_specialty_column_type=\u00bb1_2&#8243; _builder_version=\u00bb4.16&#8243; _module_preset=\u00bbdefault\u00bb global_colors_info=\u00bb{}\u00bb][et_pb_text _builder_version=\u00bb4.16&#8243; _module_preset=\u00bbdefault\u00bb header_font=\u00bbTeko|300|||||||\u00bb header_text_color=\u00bb#1E2D3C\u00bb header_font_size=\u00bb47px\u00bb header_2_font=\u00bbTeko|300|||||||\u00bb header_2_font_size=\u00bb47px\u00bb animation_style=\u00bbslide\u00bb animation_direction=\u00bbright\u00bb global_colors_info=\u00bb{}\u00bb]<\/p>\n<h2 class=\"p1\" style=\"text-align: left;\"><span style=\"color: #e02b20;\">ENVOLVEDORA &#8212;<\/span><\/h2>\n<h2 class=\"p1\" style=\"text-align: left;\"><strong>Paquete de flujo<\/strong><\/h2>\n<p>&nbsp;<\/p>\n<p>[\/et_pb_text][et_pb_text _builder_version=\u00bb4.16&#8243; _module_preset=\u00bbdefault\u00bb text_font=\u00bbMontserrat||||||||\u00bb text_orientation=\u00bbjustified\u00bb custom_margin=\u00bb-37px||27px|||\u00bb animation_style=\u00bbslide\u00bb animation_direction=\u00bbright\u00bb global_colors_info=\u00bb{}\u00bb]<\/p>\n<p>La tensi\u00f3n de la pel\u00edcula de envoltura es programable y la m\u00e1quina se suministra preparada para la conexi\u00f3n de una impresora de tinta o l\u00e1ser y una fotoc\u00e9lula de centrado.<\/p>\n<p>La soldadura longitudinal se realiza mediante 3 pares de rodillos: par caliente, par fr\u00edo y par doblador fr\u00edo. Los rodillos calientes se abren autom\u00e1ticamente cuando la m\u00e1quina se detiene. <\/p>\n<p>La presi\u00f3n de los rodillos es regulable. Adem\u00e1s, se abren neum\u00e1ticamente y pueden inclinarse. <\/p>\n<p>El sellado transversal, en cambio, se realiza mediante un movimiento giratorio, con un par de resistencias de sellado, y cortando el envase con una cuchilla ajustable.<\/p>\n<p>Todas las piezas h\u00famedas son de acero inoxidable, mientras que la estructura de soporte es de acero al carbono.<\/p>\n<p>Para garantizar los m\u00e1ximos niveles de seguridad, la m\u00e1quina no s\u00f3lo est\u00e1 fabricada con materiales de primera calidad, sino que tambi\u00e9n se construye conforme a las normas internacionales y cumpliendo plenamente la normativa.<\/p>\n<p>La m\u00e1quina est\u00e1 dise\u00f1ada para permitir que las operaciones de mantenimiento y limpieza se realicen con rapidez y seguridad. El eje superior se controla mediante un muelle doble. Las temperaturas se fijan mediante un panel de control y se regulan mediante PID.  <\/p>\n<p>El equipo de Soaptec est\u00e1 disponible para consultas espec\u00edficas a fin de recomendar las mejores soluciones posibles para cada empresa, en funci\u00f3n de la capacidad de producci\u00f3n de la planta, su tama\u00f1o y el presupuesto disponible. Todas las envolvedoras son el resultado de la colaboraci\u00f3n de ingenieros, t\u00e9cnicos y trabajadores cualificados, y se fabrican internamente. Los mismos profesionales que crean los productos tambi\u00e9n se encargan de la instalaci\u00f3n y puesta en marcha de estas m\u00e1quinas y de las l\u00edneas completas de acabado.  <\/p>\n<p>[\/et_pb_text][\/et_pb_column_inner][\/et_pb_row_inner][\/et_pb_column][\/et_pb_section]<\/p>\n","protected":false},"excerpt":{"rendered":"<p>Fabricante de plantas de jab\u00f3n&#8212; ENVOLVEDORAS &#8212; Envolvedoras para l\u00edneas de acabado de jab\u00f3n s\u00f3lido &nbsp;La etapa final del procesamiento del jab\u00f3n semiacabado es el envasado del producto. Soaptec ha dise\u00f1ado una m\u00e1quina que permite envasar el jab\u00f3n de forma impecable: la Flow Pack FP-150. Este tipo de m\u00e1quina es una envolvedora horizontal que puede [&hellip;]<\/p>\n","protected":false},"author":1,"featured_media":0,"parent":271566,"menu_order":0,"comment_status":"closed","ping_status":"closed","template":"","meta":{"_et_pb_use_builder":"on","_et_pb_old_content":"","_et_gb_content_width":"","footnotes":""},"class_list":["post-271560","page","type-page","status-publish","hentry"],"yoast_head":"<!-- This site is optimized with the Yoast SEO plugin v27.4 - https:\/\/yoast.com\/product\/yoast-seo-wordpress\/ -->\n<title>Envolvedoras para l\u00edneas de acabado de envases de jab\u00f3n s\u00f3lido | Soaptec<\/title>\n<meta name=\"description\" content=\"Soaptec es un fabricante de m\u00e1quinas envolvedoras para l\u00edneas de acabado de jab\u00f3n s\u00f3lido. Creamos sistemas y componentes para proyectos de todo tipo.\" \/>\n<meta name=\"robots\" content=\"index, follow, max-snippet:-1, max-image-preview:large, max-video-preview:-1\" \/>\n<link rel=\"canonical\" href=\"https:\/\/www.soaptec.biz\/linea-di-finitura\/incartatrici\/\" \/>\n<meta property=\"og:locale\" content=\"es_ES\" \/>\n<meta property=\"og:type\" content=\"article\" \/>\n<meta property=\"og:title\" content=\"Envolvedoras para l\u00edneas de acabado de envases de jab\u00f3n s\u00f3lido | Soaptec\" \/>\n<meta property=\"og:description\" content=\"Soaptec es un fabricante de m\u00e1quinas envolvedoras para l\u00edneas de acabado de jab\u00f3n s\u00f3lido. Creamos sistemas y componentes para proyectos de todo tipo.\" \/>\n<meta property=\"og:url\" content=\"https:\/\/www.soaptec.biz\/linea-di-finitura\/incartatrici\/\" \/>\n<meta property=\"og:site_name\" content=\"Soaptec\" \/>\n<meta property=\"article:modified_time\" content=\"2025-05-05T13:50:27+00:00\" \/>\n<meta name=\"twitter:card\" content=\"summary_large_image\" \/>\n<meta name=\"twitter:label1\" content=\"Tiempo de lectura\" \/>\n\t<meta name=\"twitter:data1\" content=\"8 minutos\" \/>\n<script type=\"application\/ld+json\" class=\"yoast-schema-graph\">{\"@context\":\"https:\\\/\\\/schema.org\",\"@graph\":[{\"@type\":\"WebPage\",\"@id\":\"https:\\\/\\\/www.soaptec.biz\\\/linea-di-finitura\\\/incartatrici\\\/\",\"url\":\"https:\\\/\\\/www.soaptec.biz\\\/linea-di-finitura\\\/incartatrici\\\/\",\"name\":\"Envolvedoras para l\u00edneas de acabado de envases de jab\u00f3n s\u00f3lido | Soaptec\",\"isPartOf\":{\"@id\":\"https:\\\/\\\/www.soaptec.biz\\\/#website\"},\"datePublished\":\"2025-05-05T13:21:36+00:00\",\"dateModified\":\"2025-05-05T13:50:27+00:00\",\"description\":\"Soaptec es un fabricante de m\u00e1quinas envolvedoras para l\u00edneas de acabado de jab\u00f3n s\u00f3lido. Creamos sistemas y componentes para proyectos de todo tipo.\",\"breadcrumb\":{\"@id\":\"https:\\\/\\\/www.soaptec.biz\\\/linea-di-finitura\\\/incartatrici\\\/#breadcrumb\"},\"inLanguage\":\"es\",\"potentialAction\":[{\"@type\":\"ReadAction\",\"target\":[\"https:\\\/\\\/www.soaptec.biz\\\/linea-di-finitura\\\/incartatrici\\\/\"]}]},{\"@type\":\"BreadcrumbList\",\"@id\":\"https:\\\/\\\/www.soaptec.biz\\\/linea-di-finitura\\\/incartatrici\\\/#breadcrumb\",\"itemListElement\":[{\"@type\":\"ListItem\",\"position\":1,\"name\":\"Home\",\"item\":\"https:\\\/\\\/www.soaptec.biz\\\/\"},{\"@type\":\"ListItem\",\"position\":2,\"name\":\"L\u00ednea de acabado\",\"item\":\"https:\\\/\\\/www.soaptec.biz\\\/es\\\/linea-de-acabado\\\/\"},{\"@type\":\"ListItem\",\"position\":3,\"name\":\"INCARATORS\"}]},{\"@type\":\"WebSite\",\"@id\":\"https:\\\/\\\/www.soaptec.biz\\\/#website\",\"url\":\"https:\\\/\\\/www.soaptec.biz\\\/\",\"name\":\"Soaptec\",\"description\":\"\",\"potentialAction\":[{\"@type\":\"SearchAction\",\"target\":{\"@type\":\"EntryPoint\",\"urlTemplate\":\"https:\\\/\\\/www.soaptec.biz\\\/?s={search_term_string}\"},\"query-input\":{\"@type\":\"PropertyValueSpecification\",\"valueRequired\":true,\"valueName\":\"search_term_string\"}}],\"inLanguage\":\"es\"}]}<\/script>\n<!-- \/ Yoast SEO plugin. -->","yoast_head_json":{"title":"Envolvedoras para l\u00edneas de acabado de envases de jab\u00f3n s\u00f3lido | Soaptec","description":"Soaptec es un fabricante de m\u00e1quinas envolvedoras para l\u00edneas de acabado de jab\u00f3n s\u00f3lido. Creamos sistemas y componentes para proyectos de todo tipo.","robots":{"index":"index","follow":"follow","max-snippet":"max-snippet:-1","max-image-preview":"max-image-preview:large","max-video-preview":"max-video-preview:-1"},"canonical":"https:\/\/www.soaptec.biz\/linea-di-finitura\/incartatrici\/","og_locale":"es_ES","og_type":"article","og_title":"Envolvedoras para l\u00edneas de acabado de envases de jab\u00f3n s\u00f3lido | Soaptec","og_description":"Soaptec es un fabricante de m\u00e1quinas envolvedoras para l\u00edneas de acabado de jab\u00f3n s\u00f3lido. Creamos sistemas y componentes para proyectos de todo tipo.","og_url":"https:\/\/www.soaptec.biz\/linea-di-finitura\/incartatrici\/","og_site_name":"Soaptec","article_modified_time":"2025-05-05T13:50:27+00:00","twitter_card":"summary_large_image","twitter_misc":{"Tiempo de lectura":"8 minutos"},"schema":{"@context":"https:\/\/schema.org","@graph":[{"@type":"WebPage","@id":"https:\/\/www.soaptec.biz\/linea-di-finitura\/incartatrici\/","url":"https:\/\/www.soaptec.biz\/linea-di-finitura\/incartatrici\/","name":"Envolvedoras para l\u00edneas de acabado de envases de jab\u00f3n s\u00f3lido | Soaptec","isPartOf":{"@id":"https:\/\/www.soaptec.biz\/#website"},"datePublished":"2025-05-05T13:21:36+00:00","dateModified":"2025-05-05T13:50:27+00:00","description":"Soaptec es un fabricante de m\u00e1quinas envolvedoras para l\u00edneas de acabado de jab\u00f3n s\u00f3lido. Creamos sistemas y componentes para proyectos de todo tipo.","breadcrumb":{"@id":"https:\/\/www.soaptec.biz\/linea-di-finitura\/incartatrici\/#breadcrumb"},"inLanguage":"es","potentialAction":[{"@type":"ReadAction","target":["https:\/\/www.soaptec.biz\/linea-di-finitura\/incartatrici\/"]}]},{"@type":"BreadcrumbList","@id":"https:\/\/www.soaptec.biz\/linea-di-finitura\/incartatrici\/#breadcrumb","itemListElement":[{"@type":"ListItem","position":1,"name":"Home","item":"https:\/\/www.soaptec.biz\/"},{"@type":"ListItem","position":2,"name":"L\u00ednea de acabado","item":"https:\/\/www.soaptec.biz\/es\/linea-de-acabado\/"},{"@type":"ListItem","position":3,"name":"INCARATORS"}]},{"@type":"WebSite","@id":"https:\/\/www.soaptec.biz\/#website","url":"https:\/\/www.soaptec.biz\/","name":"Soaptec","description":"","potentialAction":[{"@type":"SearchAction","target":{"@type":"EntryPoint","urlTemplate":"https:\/\/www.soaptec.biz\/?s={search_term_string}"},"query-input":{"@type":"PropertyValueSpecification","valueRequired":true,"valueName":"search_term_string"}}],"inLanguage":"es"}]}},"_links":{"self":[{"href":"https:\/\/www.soaptec.biz\/es\/wp-json\/wp\/v2\/pages\/271560","targetHints":{"allow":["GET"]}}],"collection":[{"href":"https:\/\/www.soaptec.biz\/es\/wp-json\/wp\/v2\/pages"}],"about":[{"href":"https:\/\/www.soaptec.biz\/es\/wp-json\/wp\/v2\/types\/page"}],"author":[{"embeddable":true,"href":"https:\/\/www.soaptec.biz\/es\/wp-json\/wp\/v2\/users\/1"}],"replies":[{"embeddable":true,"href":"https:\/\/www.soaptec.biz\/es\/wp-json\/wp\/v2\/comments?post=271560"}],"version-history":[{"count":3,"href":"https:\/\/www.soaptec.biz\/es\/wp-json\/wp\/v2\/pages\/271560\/revisions"}],"predecessor-version":[{"id":271666,"href":"https:\/\/www.soaptec.biz\/es\/wp-json\/wp\/v2\/pages\/271560\/revisions\/271666"}],"up":[{"embeddable":true,"href":"https:\/\/www.soaptec.biz\/es\/wp-json\/wp\/v2\/pages\/271566"}],"wp:attachment":[{"href":"https:\/\/www.soaptec.biz\/es\/wp-json\/wp\/v2\/media?parent=271560"}],"curies":[{"name":"wp","href":"https:\/\/api.w.org\/{rel}","templated":true}]}}