{"id":271557,"date":"2025-05-05T15:19:54","date_gmt":"2025-05-05T13:19:54","guid":{"rendered":"https:\/\/www.soaptec.biz\/secadora\/grupo-vacio\/"},"modified":"2025-05-05T15:48:29","modified_gmt":"2025-05-05T13:48:29","slug":"grupo-vacio","status":"publish","type":"page","link":"https:\/\/www.soaptec.biz\/es\/secadora\/grupo-vacio\/","title":{"rendered":"GRUPO VAC\u00cdO"},"content":{"rendered":"<p>[et_pb_section fb_built=\u00bb1&#8243; custom_padding_last_edited=\u00bbon|phone\u00bb admin_label=\u00bbBoxy Header Module &#8211; Image 1920 x 1117 pixels\u00bb module_class=\u00bbheader_8_f falkor\u00bb _builder_version=\u00bb4.16&#8243; background_color=\u00bbrgba(255,255,255,0)\u00bb background_image=\u00bbhttps:\/\/www.soaptec.biz\/wp-content\/uploads\/2021\/02\/Vaccum-System.jpg\u00bb background_enable_video_mp4=\u00bboff\u00bb background_video_width=\u00bb2000px\u00bb custom_padding=\u00bb14vw||14vw||true|\u00bb custom_padding_tablet=\u00bb100px||100px|\u00bb custom_padding_phone=\u00bb80px||80px|\u00bb custom_css_before=\u00bb  content: %22%22;|| display: block;|| position: absolute;|| top: 0;|| left: 0;|| width: 100%;|| height: 100%;|| background: #000000;|| opacity: 0.6;\u00bb custom_css_after=\u00bbcontent: %22%22;|| display: block;|| position: absolute;|| top: 0;|| left: 0;|| width: 100%;|| height: 100%;|| background: #000000;|| opacity: 0.2;\u00bb collapsed=\u00bboff\u00bb global_colors_info=\u00bb{}\u00bb][et_pb_row custom_padding_last_edited=\u00bbon|tablet\u00bb admin_label=\u00bbBoxy Header Module\u00bb module_class=\u00bblines_ba et_pb_row_fullwidth\u00bb _builder_version=\u00bb4.16&#8243; background_size=\u00bbinitial\u00bb background_position=\u00bbtop_left\u00bb background_repeat=\u00bbrepeat\u00bb width=\u00bb89%\u00bb width_tablet=\u00bb80%\u00bb width_phone=\u00bb\u00bb width_last_edited=\u00bbon|desktop\u00bb max_width=\u00bb89%\u00bb max_width_tablet=\u00bb80%\u00bb max_width_phone=\u00bb\u00bb max_width_last_edited=\u00bbon|desktop\u00bb custom_padding=\u00bb20px|0px|20px|0px\u00bb custom_padding_tablet=\u00bb0px|0px|0px|0px\u00bb custom_padding_phone=\u00bb\u00bb make_fullwidth=\u00bbon\u00bb global_colors_info=\u00bb{}\u00bb][et_pb_column type=\u00bb4_4&#8243; _builder_version=\u00bb4.16&#8243; background_position=\u00bbtop_left\u00bb custom_padding=\u00bb|||\u00bb global_colors_info=\u00bb{}\u00bb custom_padding__hover=\u00bb|||\u00bb][et_pb_cta title=\u00bbGRUPO VAC\u00cdO\u00bb admin_label=\u00bbMake It Awesome\u00bb _builder_version=\u00bb4.16&#8243; header_font=\u00bbTeko|500||on|||||\u00bb header_text_color=\u00bb#ffffff\u00bb header_font_size=\u00bb77px\u00bb header_line_height=\u00bb1.7em\u00bb body_font=\u00bbTeko||||||||\u00bb body_text_color=\u00bb#ffffff\u00bb body_font_size=\u00bb60px\u00bb body_line_height=\u00bb170%\u00bb use_background_color=\u00bboff\u00bb custom_button=\u00bbon\u00bb button_text_size=\u00bb16px\u00bb button_text_color=\u00bb#ffffff\u00bb button_bg_color=\u00bbrgba(0,0,0,0)\u00bb button_border_color=\u00bb#ffffff\u00bb button_border_radius=\u00bb0px\u00bb button_font=\u00bbMontserrat|on||on|\u00bb button_use_icon=\u00bboff\u00bb header_font_size_tablet=\u00bb50&#8243; header_font_size_phone=\u00bb36&#8243; header_font_size_last_edited=\u00bbon|phone\u00bb custom_css_promo_title=\u00bbline-height: 110% !important;|| position: relative;||padding: 32px 20px;|| display: block;||margin-bottom: 24px;\u00bb button_border_radius_hover=\u00bb0px\u00bb button_bg_color_hover=\u00bbrgba(0,0,0,0.3)\u00bb global_colors_info=\u00bb{}\u00bb button_text_size__hover_enabled=\u00bboff\u00bb button_one_text_size__hover_enabled=\u00bboff\u00bb button_two_text_size__hover_enabled=\u00bboff\u00bb button_text_color__hover_enabled=\u00bboff\u00bb button_one_text_color__hover_enabled=\u00bboff\u00bb button_two_text_color__hover_enabled=\u00bboff\u00bb button_border_width__hover_enabled=\u00bboff\u00bb button_one_border_width__hover_enabled=\u00bboff\u00bb button_two_border_width__hover_enabled=\u00bboff\u00bb button_border_color__hover_enabled=\u00bboff\u00bb button_one_border_color__hover_enabled=\u00bboff\u00bb button_two_border_color__hover_enabled=\u00bboff\u00bb button_border_radius__hover_enabled=\u00bbon\u00bb button_border_radius__hover=\u00bb0px\u00bb button_one_border_radius__hover_enabled=\u00bboff\u00bb button_two_border_radius__hover_enabled=\u00bboff\u00bb button_letter_spacing__hover_enabled=\u00bboff\u00bb button_one_letter_spacing__hover_enabled=\u00bboff\u00bb button_two_letter_spacing__hover_enabled=\u00bboff\u00bb button_bg_color__hover_enabled=\u00bbon\u00bb button_bg_color__hover=\u00bbrgba(0,0,0,0.3)\u00bb button_one_bg_color__hover_enabled=\u00bboff\u00bb button_two_bg_color__hover_enabled=\u00bboff\u00bb][\/et_pb_cta][\/et_pb_column][\/et_pb_row][\/et_pb_section][et_pb_section fb_built=\u00bb1&#8243; _builder_version=\u00bb4.16&#8243; _module_preset=\u00bbdefault\u00bb background_color=\u00bb#e2e2e2&#8243; custom_padding=\u00bb0px||15px|||\u00bb global_colors_info=\u00bb{}\u00bb][et_pb_row column_structure=\u00bb2_3,1_3&#8243; _builder_version=\u00bb4.16&#8243; _module_preset=\u00bbdefault\u00bb max_width=\u00bb1389px\u00bb custom_padding=\u00bb||0px|||\u00bb global_colors_info=\u00bb{}\u00bb][et_pb_column type=\u00bb2_3&#8243; _builder_version=\u00bb4.16&#8243; _module_preset=\u00bbdefault\u00bb global_colors_info=\u00bb{}\u00bb][et_pb_text _builder_version=\u00bb4.16&#8243; _module_preset=\u00bbdefault\u00bb text_font=\u00bbTeko|300||on|||||\u00bb text_text_color=\u00bb#1E2D3C\u00bb text_font_size=\u00bb44px\u00bb global_colors_info=\u00bb{}\u00bb]<\/p>\n<p>Fabricante de plantas de jab\u00f3n<\/p>\n<p>[\/et_pb_text][\/et_pb_column][et_pb_column type=\u00bb1_3&#8243; _builder_version=\u00bb4.16&#8243; _module_preset=\u00bbdefault\u00bb global_colors_info=\u00bb{}\u00bb][et_pb_button button_url=\u00bbhttps:\/\/www.soaptec.biz\/es\/ponte-en-contacto-con\/\u00bb button_text=\u00bbContacto\u00bb button_alignment=\u00bbright\u00bb button_alignment_tablet=\u00bb\u00bb button_alignment_phone=\u00bbleft\u00bb button_alignment_last_edited=\u00bbon|phone\u00bb admin_label=\u00bbThe Loser Button &#8211; Freddie\u00bb module_class=\u00bbfreddie_button_the_loser\u00bb _builder_version=\u00bb4.27.4&#8243; custom_button=\u00bbon\u00bb button_text_size=\u00bb26px\u00bb button_text_color=\u00bb#1E2D3C\u00bb button_bg_color=\u00bbrgba(0,0,0,0)\u00bb button_border_width=\u00bb2px\u00bb button_border_color=\u00bb#000000&#8243; button_border_radius=\u00bb0px\u00bb button_font=\u00bbTeko|||on|||||\u00bb button_icon_placement=\u00bbleft\u00bb button_on_hover=\u00bboff\u00bb custom_margin=\u00bb-17px||0px|||\u00bb custom_padding=\u00bb0px|26px|0px|26px|true|false\u00bb hover_enabled=\u00bb0&#8243; z_index_tablet=\u00bb500&#8243; custom_css_before=\u00bbcontent: %22%22 !important;||display: block !important;||position: absolute;||    z-index: -1;||    top: 0;||    left: 0;||    width: 0;||    height: 100%;||    background: #1E2D3C;||    transition: width .4s cubic-bezier(1,0,0,1);||    margin-left: 0 !important;\u00bb custom_css_main_element=\u00bb     letter-spacing: 0.3px;\u00bb global_colors_info=\u00bb{}\u00bb button_text_color__hover_enabled=\u00bbon\u00bb button_text_color__hover=\u00bb#ffffff\u00bb sticky_enabled=\u00bb0&#8243; locked=\u00bboff\u00bb][\/et_pb_button][\/et_pb_column][\/et_pb_row][\/et_pb_section][et_pb_section fb_built=\u00bb1&#8243; _builder_version=\u00bb4.16&#8243; _module_preset=\u00bbdefault\u00bb custom_padding=\u00bb27px||35px|||\u00bb global_colors_info=\u00bb{}\u00bb][et_pb_row _builder_version=\u00bb4.16&#8243; _module_preset=\u00bbdefault\u00bb width=\u00bb90%\u00bb max_width=\u00bb1340px\u00bb custom_padding=\u00bb17px|||||\u00bb global_colors_info=\u00bb{}\u00bb][et_pb_column type=\u00bb4_4&#8243; _builder_version=\u00bb4.16&#8243; _module_preset=\u00bbdefault\u00bb global_colors_info=\u00bb{}\u00bb][et_pb_text _builder_version=\u00bb4.16&#8243; _module_preset=\u00bbdefault\u00bb text_font=\u00bbTeko|300|||||||\u00bb text_font_size=\u00bb47px\u00bb header_font=\u00bbTeko|300|||||||\u00bb header_text_color=\u00bb#1E2D3C\u00bb header_font_size=\u00bb47px\u00bb animation_style=\u00bbzoom\u00bb global_colors_info=\u00bb{}\u00bb]<\/p>\n<p class=\"p1\" style=\"text-align: center;\"><span style=\"color: #e02b20;\">&#8212; GRUPO VAC\u00cdO &#8212;<\/span><\/p>\n<h1 class=\"p1\" style=\"text-align: center;\"><strong>Unidad de vac\u00edo para plantas de secado de jab\u00f3n s\u00f3lido<\/strong><\/h1>\n<p>&nbsp;<\/p>\n<p>[\/et_pb_text][\/et_pb_column][\/et_pb_row][et_pb_row column_structure=\u00bb1_2,1_2&#8243; _builder_version=\u00bb4.16&#8243; _module_preset=\u00bbdefault\u00bb width=\u00bb86%\u00bb max_width=\u00bb1256px\u00bb custom_padding=\u00bb3px|||||\u00bb global_colors_info=\u00bb{}\u00bb][et_pb_column type=\u00bb1_2&#8243; _builder_version=\u00bb4.16&#8243; _module_preset=\u00bbdefault\u00bb global_colors_info=\u00bb{}\u00bb][et_pb_text _builder_version=\u00bb4.16&#8243; _module_preset=\u00bbdefault\u00bb text_font=\u00bbMontserrat||||||||\u00bb text_orientation=\u00bbjustified\u00bb custom_margin=\u00bb||10px|||\u00bb animation_style=\u00bbzoom\u00bb global_colors_info=\u00bb{}\u00bb]En los sistemas de secado, la presi\u00f3n residual debe ser inferior a la presi\u00f3n atmosf\u00e9rica. Por esta caracter\u00edstica se definen como vac\u00edo. <\/p>\n<p>La parte del sistema encargada de mantener la presi\u00f3n residual en los niveles deseados se llama unidad de vac\u00edo.<\/p>\n<p>La evacuaci\u00f3n inicial del aire de la instalaci\u00f3n se realiza mediante una bomba de vac\u00edo de anillo l\u00edquido. Durante el funcionamiento normal, la misma bomba sigue eliminando los materiales no condensables que se introducen en la instalaci\u00f3n. <\/p>\n<p>Los vapores que se desprenden del jab\u00f3n deben condensarse para mantener unos niveles de presi\u00f3n residual predeterminados. La temperatura de condensaci\u00f3n determina la presi\u00f3n residual del sistema, que a su vez determina la temperatura del jab\u00f3n seco. <\/p>\n<p>La unidad de vac\u00edo tradicional consta de una bomba de vac\u00edo, que aspira aire y otros no condensables, y un condensador barom\u00e9trico, que condensa los vapores utilizando agua de la torre de refrigeraci\u00f3n.  <\/p>\n<p>La temperatura del agua de la torre est\u00e1 limitada por las condiciones clim\u00e1ticas locales (temperatura de bulbo h\u00famedo) y esto afecta al rendimiento del sistema.[\/et_pb_text][\/et_pb_column][et_pb_column type=\u00bb1_2&#8243; _builder_version=\u00bb4.16&#8243; _module_preset=\u00bbdefault\u00bb global_colors_info=\u00bb{}\u00bb][et_pb_text _builder_version=\u00bb4.16&#8243; _module_preset=\u00bbdefault\u00bb text_font=\u00bbMontserrat||||||||\u00bb text_orientation=\u00bbjustified\u00bb animation_style=\u00bbzoom\u00bb global_colors_info=\u00bb{}\u00bb]<\/p>\n<p>Para compensarlo, se utilizan eyectores de vapor (tubo de Venturi), que utilizan el vapor del motor para producir un vac\u00edo aguas arriba. El vapor del motor debe condensarse en el condensador barom\u00e9trico junto con los vapores liberados por el jab\u00f3n. <\/p>\n<p>Los eyectores son los principales consumidores de vapor en las plantas de secado que los necesitan.<br \/>  El agua de la torre est\u00e1 en contacto con el jab\u00f3n que transportan los vapores y, por ello, se contamina cada vez m\u00e1s, hasta el punto de que hay que sustituir el agua y limpiar la torre.  <span style=\"font-size: 14px;\">La unidad Soaptec utiliza un condensador barom\u00e9trico que utiliza el agua del circuito sucio en recirculaci\u00f3n. Esta agua intercambia calor con el agua limpia a trav\u00e9s de un intercambiador de calor de placas. El agua limpia procede del enfriador, que elimina el calor tomado del agua sucia.    <\/span><span style=\"font-size: 14px;\">Adem\u00e1s, la presencia del enfriador permite un control preciso de la temperatura de condensaci\u00f3n y, en consecuencia, de la temperatura del jab\u00f3n. Para el funcionamiento de estas m\u00e1quinas no son necesarios ni los eyectores, y por consiguiente el vapor del motor, ni la torre de refrigeraci\u00f3n y su consumo de agua asociado. <\/span><\/p>\n<p>La unidad de vac\u00edo no produce agua contaminada, ya que el condensado se recicla en el proceso de saponificaci\u00f3n. Adem\u00e1s, el hecho de no utilizar vapor reduce significativamente la huella ecol\u00f3gica de la planta al pasar todas las necesidades energ\u00e9ticas a electricidad, un recurso renovable. <\/p>\n<p>[\/et_pb_text][\/et_pb_column][\/et_pb_row][\/et_pb_section]<\/p>\n","protected":false},"excerpt":{"rendered":"<p>Fabricante de plantas de jab\u00f3n&#8212; GRUPO VAC\u00cdO &#8212; Unidad de vac\u00edo para plantas de secado de jab\u00f3n s\u00f3lido &nbsp;En los sistemas de secado, la presi\u00f3n residual debe ser inferior a la presi\u00f3n atmosf\u00e9rica. Por esta caracter\u00edstica se definen como vac\u00edo. La parte del sistema encargada de mantener la presi\u00f3n residual en los niveles deseados se [&hellip;]<\/p>\n","protected":false},"author":1,"featured_media":0,"parent":271552,"menu_order":0,"comment_status":"closed","ping_status":"closed","template":"","meta":{"_et_pb_use_builder":"on","_et_pb_old_content":"","_et_gb_content_width":"","footnotes":""},"class_list":["post-271557","page","type-page","status-publish","hentry"],"yoast_head":"<!-- This site is optimized with the Yoast SEO plugin v26.0 - https:\/\/yoast.com\/wordpress\/plugins\/seo\/ -->\n<title>Unidad de vac\u00edo para secadora de jab\u00f3n s\u00f3lido | Soaptec<\/title>\n<meta name=\"description\" content=\"Soaptec es fabricante de unidades de vac\u00edo para plantas de secado de jab\u00f3n s\u00f3lido. Creamos plantas y componentes para proyectos de todos los tama\u00f1os.\" \/>\n<meta name=\"robots\" content=\"index, follow, max-snippet:-1, max-image-preview:large, max-video-preview:-1\" \/>\n<link rel=\"canonical\" href=\"https:\/\/www.soaptec.biz\/dryer\/gruppo-vuoto\/\" \/>\n<meta property=\"og:locale\" content=\"es_ES\" \/>\n<meta property=\"og:type\" content=\"article\" \/>\n<meta property=\"og:title\" content=\"Unidad de vac\u00edo para secadora de jab\u00f3n s\u00f3lido | Soaptec\" \/>\n<meta property=\"og:description\" content=\"Soaptec es fabricante de unidades de vac\u00edo para plantas de secado de jab\u00f3n s\u00f3lido. Creamos plantas y componentes para proyectos de todos los tama\u00f1os.\" \/>\n<meta property=\"og:url\" content=\"https:\/\/www.soaptec.biz\/dryer\/gruppo-vuoto\/\" \/>\n<meta property=\"og:site_name\" content=\"Soaptec\" \/>\n<meta property=\"article:modified_time\" content=\"2025-05-05T13:48:29+00:00\" \/>\n<meta name=\"twitter:card\" content=\"summary_large_image\" \/>\n<meta name=\"twitter:label1\" content=\"Tiempo de lectura\" \/>\n\t<meta name=\"twitter:data1\" content=\"7 minutos\" \/>\n<script type=\"application\/ld+json\" class=\"yoast-schema-graph\">{\"@context\":\"https:\/\/schema.org\",\"@graph\":[{\"@type\":\"WebPage\",\"@id\":\"https:\/\/www.soaptec.biz\/dryer\/gruppo-vuoto\/\",\"url\":\"https:\/\/www.soaptec.biz\/dryer\/gruppo-vuoto\/\",\"name\":\"Unidad de vac\u00edo para secadora de jab\u00f3n s\u00f3lido | Soaptec\",\"isPartOf\":{\"@id\":\"https:\/\/www.soaptec.biz\/#website\"},\"datePublished\":\"2025-05-05T13:19:54+00:00\",\"dateModified\":\"2025-05-05T13:48:29+00:00\",\"description\":\"Soaptec es fabricante de unidades de vac\u00edo para plantas de secado de jab\u00f3n s\u00f3lido. Creamos plantas y componentes para proyectos de todos los tama\u00f1os.\",\"breadcrumb\":{\"@id\":\"https:\/\/www.soaptec.biz\/dryer\/gruppo-vuoto\/#breadcrumb\"},\"inLanguage\":\"es\",\"potentialAction\":[{\"@type\":\"ReadAction\",\"target\":[\"https:\/\/www.soaptec.biz\/dryer\/gruppo-vuoto\/\"]}]},{\"@type\":\"BreadcrumbList\",\"@id\":\"https:\/\/www.soaptec.biz\/dryer\/gruppo-vuoto\/#breadcrumb\",\"itemListElement\":[{\"@type\":\"ListItem\",\"position\":1,\"name\":\"Home\",\"item\":\"https:\/\/www.soaptec.biz\/\"},{\"@type\":\"ListItem\",\"position\":2,\"name\":\"SECADORA\",\"item\":\"https:\/\/www.soaptec.biz\/es\/secadora\/\"},{\"@type\":\"ListItem\",\"position\":3,\"name\":\"GRUPO VAC\u00cdO\"}]},{\"@type\":\"WebSite\",\"@id\":\"https:\/\/www.soaptec.biz\/#website\",\"url\":\"https:\/\/www.soaptec.biz\/\",\"name\":\"Soaptec\",\"description\":\"\",\"potentialAction\":[{\"@type\":\"SearchAction\",\"target\":{\"@type\":\"EntryPoint\",\"urlTemplate\":\"https:\/\/www.soaptec.biz\/?s={search_term_string}\"},\"query-input\":{\"@type\":\"PropertyValueSpecification\",\"valueRequired\":true,\"valueName\":\"search_term_string\"}}],\"inLanguage\":\"es\"}]}<\/script>\n<!-- \/ Yoast SEO plugin. -->","yoast_head_json":{"title":"Unidad de vac\u00edo para secadora de jab\u00f3n s\u00f3lido | Soaptec","description":"Soaptec es fabricante de unidades de vac\u00edo para plantas de secado de jab\u00f3n s\u00f3lido. Creamos plantas y componentes para proyectos de todos los tama\u00f1os.","robots":{"index":"index","follow":"follow","max-snippet":"max-snippet:-1","max-image-preview":"max-image-preview:large","max-video-preview":"max-video-preview:-1"},"canonical":"https:\/\/www.soaptec.biz\/dryer\/gruppo-vuoto\/","og_locale":"es_ES","og_type":"article","og_title":"Unidad de vac\u00edo para secadora de jab\u00f3n s\u00f3lido | Soaptec","og_description":"Soaptec es fabricante de unidades de vac\u00edo para plantas de secado de jab\u00f3n s\u00f3lido. Creamos plantas y componentes para proyectos de todos los tama\u00f1os.","og_url":"https:\/\/www.soaptec.biz\/dryer\/gruppo-vuoto\/","og_site_name":"Soaptec","article_modified_time":"2025-05-05T13:48:29+00:00","twitter_card":"summary_large_image","twitter_misc":{"Tiempo de lectura":"7 minutos"},"schema":{"@context":"https:\/\/schema.org","@graph":[{"@type":"WebPage","@id":"https:\/\/www.soaptec.biz\/dryer\/gruppo-vuoto\/","url":"https:\/\/www.soaptec.biz\/dryer\/gruppo-vuoto\/","name":"Unidad de vac\u00edo para secadora de jab\u00f3n s\u00f3lido | Soaptec","isPartOf":{"@id":"https:\/\/www.soaptec.biz\/#website"},"datePublished":"2025-05-05T13:19:54+00:00","dateModified":"2025-05-05T13:48:29+00:00","description":"Soaptec es fabricante de unidades de vac\u00edo para plantas de secado de jab\u00f3n s\u00f3lido. Creamos plantas y componentes para proyectos de todos los tama\u00f1os.","breadcrumb":{"@id":"https:\/\/www.soaptec.biz\/dryer\/gruppo-vuoto\/#breadcrumb"},"inLanguage":"es","potentialAction":[{"@type":"ReadAction","target":["https:\/\/www.soaptec.biz\/dryer\/gruppo-vuoto\/"]}]},{"@type":"BreadcrumbList","@id":"https:\/\/www.soaptec.biz\/dryer\/gruppo-vuoto\/#breadcrumb","itemListElement":[{"@type":"ListItem","position":1,"name":"Home","item":"https:\/\/www.soaptec.biz\/"},{"@type":"ListItem","position":2,"name":"SECADORA","item":"https:\/\/www.soaptec.biz\/es\/secadora\/"},{"@type":"ListItem","position":3,"name":"GRUPO VAC\u00cdO"}]},{"@type":"WebSite","@id":"https:\/\/www.soaptec.biz\/#website","url":"https:\/\/www.soaptec.biz\/","name":"Soaptec","description":"","potentialAction":[{"@type":"SearchAction","target":{"@type":"EntryPoint","urlTemplate":"https:\/\/www.soaptec.biz\/?s={search_term_string}"},"query-input":{"@type":"PropertyValueSpecification","valueRequired":true,"valueName":"search_term_string"}}],"inLanguage":"es"}]}},"_links":{"self":[{"href":"https:\/\/www.soaptec.biz\/es\/wp-json\/wp\/v2\/pages\/271557","targetHints":{"allow":["GET"]}}],"collection":[{"href":"https:\/\/www.soaptec.biz\/es\/wp-json\/wp\/v2\/pages"}],"about":[{"href":"https:\/\/www.soaptec.biz\/es\/wp-json\/wp\/v2\/types\/page"}],"author":[{"embeddable":true,"href":"https:\/\/www.soaptec.biz\/es\/wp-json\/wp\/v2\/users\/1"}],"replies":[{"embeddable":true,"href":"https:\/\/www.soaptec.biz\/es\/wp-json\/wp\/v2\/comments?post=271557"}],"version-history":[{"count":1,"href":"https:\/\/www.soaptec.biz\/es\/wp-json\/wp\/v2\/pages\/271557\/revisions"}],"predecessor-version":[{"id":271643,"href":"https:\/\/www.soaptec.biz\/es\/wp-json\/wp\/v2\/pages\/271557\/revisions\/271643"}],"up":[{"embeddable":true,"href":"https:\/\/www.soaptec.biz\/es\/wp-json\/wp\/v2\/pages\/271552"}],"wp:attachment":[{"href":"https:\/\/www.soaptec.biz\/es\/wp-json\/wp\/v2\/media?parent=271557"}],"curies":[{"name":"wp","href":"https:\/\/api.w.org\/{rel}","templated":true}]}}