{"id":271554,"date":"2025-05-05T15:19:52","date_gmt":"2025-05-05T13:19:52","guid":{"rendered":"https:\/\/www.soaptec.biz\/secadora\/intercambiadores-de-calor\/"},"modified":"2025-05-05T15:47:51","modified_gmt":"2025-05-05T13:47:51","slug":"intercambiadores-de-calor","status":"publish","type":"page","link":"https:\/\/www.soaptec.biz\/es\/secadora\/intercambiadores-de-calor\/","title":{"rendered":"INTERCAMBIADORES DE CALOR"},"content":{"rendered":"<p>[et_pb_section fb_built=\u00bb1&#8243; custom_padding_last_edited=\u00bbon|phone\u00bb admin_label=\u00bbBoxy Header Module &#8211; Image 1920 x 1117 pixels\u00bb module_class=\u00bbheader_8_f falkor\u00bb _builder_version=\u00bb4.16&#8243; background_color=\u00bbrgba(255,255,255,0)\u00bb background_image=\u00bbhttps:\/\/www.soaptec.biz\/wp-content\/uploads\/2021\/02\/PAG-019-F-1024&#215;768-1.jpg\u00bb background_enable_video_mp4=\u00bboff\u00bb background_video_width=\u00bb2000px\u00bb custom_padding=\u00bb14vw||14vw||true|\u00bb custom_padding_tablet=\u00bb100px||100px|\u00bb custom_padding_phone=\u00bb80px||80px|\u00bb custom_css_before=\u00bb  content: %22%22;|| display: block;|| position: absolute;|| top: 0;|| left: 0;|| width: 100%;|| height: 100%;|| background: #000000;|| opacity: 0.3;\u00bb custom_css_after=\u00bbcontent: %22%22;|| display: block;|| position: absolute;|| top: 0;|| left: 0;|| width: 100%;|| height: 100%;|| background: #000000;|| opacity: 0.3;\u00bb collapsed=\u00bboff\u00bb global_colors_info=\u00bb{}\u00bb][et_pb_row custom_padding_last_edited=\u00bbon|tablet\u00bb admin_label=\u00bbBoxy Header Module\u00bb module_class=\u00bblines_ba et_pb_row_fullwidth\u00bb _builder_version=\u00bb4.16&#8243; background_size=\u00bbinitial\u00bb background_position=\u00bbtop_left\u00bb background_repeat=\u00bbrepeat\u00bb width=\u00bb89%\u00bb width_tablet=\u00bb80%\u00bb width_phone=\u00bb\u00bb width_last_edited=\u00bbon|desktop\u00bb max_width=\u00bb89%\u00bb max_width_tablet=\u00bb80%\u00bb max_width_phone=\u00bb\u00bb max_width_last_edited=\u00bbon|desktop\u00bb custom_padding=\u00bb20px|0px|20px|0px\u00bb custom_padding_tablet=\u00bb0px|0px|0px|0px\u00bb custom_padding_phone=\u00bb\u00bb make_fullwidth=\u00bbon\u00bb global_colors_info=\u00bb{}\u00bb][et_pb_column type=\u00bb4_4&#8243; _builder_version=\u00bb4.16&#8243; background_position=\u00bbtop_left\u00bb custom_padding=\u00bb|||\u00bb global_colors_info=\u00bb{}\u00bb custom_padding__hover=\u00bb|||\u00bb][et_pb_cta title=\u00bbintercambiadores de calor\u00bb admin_label=\u00bbMake It Awesome\u00bb _builder_version=\u00bb4.16&#8243; header_font=\u00bbTeko|500||on|||||\u00bb header_text_color=\u00bb#ffffff\u00bb header_font_size=\u00bb77px\u00bb header_line_height=\u00bb1.7em\u00bb body_font=\u00bbTeko||||||||\u00bb body_text_color=\u00bb#ffffff\u00bb body_font_size=\u00bb60px\u00bb body_line_height=\u00bb170%\u00bb use_background_color=\u00bboff\u00bb custom_button=\u00bbon\u00bb button_text_size=\u00bb16px\u00bb button_text_color=\u00bb#ffffff\u00bb button_bg_color=\u00bbrgba(0,0,0,0)\u00bb button_border_color=\u00bb#ffffff\u00bb button_border_radius=\u00bb0px\u00bb button_font=\u00bbMontserrat|on||on|\u00bb button_use_icon=\u00bboff\u00bb header_font_size_tablet=\u00bb50&#8243; header_font_size_phone=\u00bb36&#8243; header_font_size_last_edited=\u00bbon|phone\u00bb custom_css_promo_title=\u00bbline-height: 110% !important;|| position: relative;||padding: 32px 20px;|| display: block;||margin-bottom: 24px;\u00bb button_border_radius_hover=\u00bb0px\u00bb button_bg_color_hover=\u00bbrgba(0,0,0,0.3)\u00bb global_colors_info=\u00bb{}\u00bb button_text_size__hover_enabled=\u00bboff\u00bb button_one_text_size__hover_enabled=\u00bboff\u00bb button_two_text_size__hover_enabled=\u00bboff\u00bb button_text_color__hover_enabled=\u00bboff\u00bb button_one_text_color__hover_enabled=\u00bboff\u00bb button_two_text_color__hover_enabled=\u00bboff\u00bb button_border_width__hover_enabled=\u00bboff\u00bb button_one_border_width__hover_enabled=\u00bboff\u00bb button_two_border_width__hover_enabled=\u00bboff\u00bb button_border_color__hover_enabled=\u00bboff\u00bb button_one_border_color__hover_enabled=\u00bboff\u00bb button_two_border_color__hover_enabled=\u00bboff\u00bb button_border_radius__hover_enabled=\u00bbon\u00bb button_border_radius__hover=\u00bb0px\u00bb button_one_border_radius__hover_enabled=\u00bboff\u00bb button_two_border_radius__hover_enabled=\u00bboff\u00bb button_letter_spacing__hover_enabled=\u00bboff\u00bb button_one_letter_spacing__hover_enabled=\u00bboff\u00bb button_two_letter_spacing__hover_enabled=\u00bboff\u00bb button_bg_color__hover_enabled=\u00bbon\u00bb button_bg_color__hover=\u00bbrgba(0,0,0,0.3)\u00bb button_one_bg_color__hover_enabled=\u00bboff\u00bb button_two_bg_color__hover_enabled=\u00bboff\u00bb][\/et_pb_cta][\/et_pb_column][\/et_pb_row][\/et_pb_section][et_pb_section fb_built=\u00bb1&#8243; _builder_version=\u00bb4.16&#8243; _module_preset=\u00bbdefault\u00bb background_color=\u00bb#e2e2e2&#8243; custom_padding=\u00bb0px||15px|||\u00bb global_colors_info=\u00bb{}\u00bb][et_pb_row column_structure=\u00bb2_3,1_3&#8243; _builder_version=\u00bb4.16&#8243; _module_preset=\u00bbdefault\u00bb max_width=\u00bb1389px\u00bb custom_padding=\u00bb||0px|||\u00bb global_colors_info=\u00bb{}\u00bb][et_pb_column type=\u00bb2_3&#8243; _builder_version=\u00bb4.16&#8243; _module_preset=\u00bbdefault\u00bb global_colors_info=\u00bb{}\u00bb][et_pb_text _builder_version=\u00bb4.16&#8243; _module_preset=\u00bbdefault\u00bb text_font=\u00bbTeko|300||on|||||\u00bb text_text_color=\u00bb#1E2D3C\u00bb text_font_size=\u00bb44px\u00bb global_colors_info=\u00bb{}\u00bb]<\/p>\n<p>Fabricante de plantas de jab\u00f3n<\/p>\n<p>[\/et_pb_text][\/et_pb_column][et_pb_column type=\u00bb1_3&#8243; _builder_version=\u00bb4.16&#8243; _module_preset=\u00bbdefault\u00bb global_colors_info=\u00bb{}\u00bb][et_pb_button button_url=\u00bbhttps:\/\/www.soaptec.biz\/es\/ponte-en-contacto-con\/\u00bb button_text=\u00bbContacto\u00bb button_alignment=\u00bbright\u00bb button_alignment_tablet=\u00bb\u00bb button_alignment_phone=\u00bbleft\u00bb button_alignment_last_edited=\u00bbon|phone\u00bb admin_label=\u00bbThe Loser Button &#8211; Freddie\u00bb module_class=\u00bbfreddie_button_the_loser\u00bb _builder_version=\u00bb4.27.4&#8243; custom_button=\u00bbon\u00bb button_text_size=\u00bb26px\u00bb button_text_color=\u00bb#1E2D3C\u00bb button_bg_color=\u00bbrgba(0,0,0,0)\u00bb button_border_width=\u00bb2px\u00bb button_border_color=\u00bb#000000&#8243; button_border_radius=\u00bb0px\u00bb button_font=\u00bbTeko|||on|||||\u00bb button_icon_placement=\u00bbleft\u00bb button_on_hover=\u00bboff\u00bb custom_margin=\u00bb-17px||0px|||\u00bb custom_padding=\u00bb0px|26px|0px|26px|true|false\u00bb hover_enabled=\u00bb0&#8243; z_index_tablet=\u00bb500&#8243; custom_css_before=\u00bbcontent: %22%22 !important;||display: block !important;||position: absolute;||    z-index: -1;||    top: 0;||    left: 0;||    width: 0;||    height: 100%;||    background: #1E2D3C;||    transition: width .4s cubic-bezier(1,0,0,1);||    margin-left: 0 !important;\u00bb custom_css_main_element=\u00bb     letter-spacing: 0.3px;\u00bb global_colors_info=\u00bb{}\u00bb button_text_color__hover_enabled=\u00bbon\u00bb button_text_color__hover=\u00bb#ffffff\u00bb sticky_enabled=\u00bb0&#8243; locked=\u00bboff\u00bb][\/et_pb_button][\/et_pb_column][\/et_pb_row][\/et_pb_section][et_pb_section fb_built=\u00bb1&#8243; _builder_version=\u00bb4.16&#8243; _module_preset=\u00bbdefault\u00bb custom_padding=\u00bb27px||35px|||\u00bb global_colors_info=\u00bb{}\u00bb][et_pb_row _builder_version=\u00bb4.16&#8243; _module_preset=\u00bbdefault\u00bb max_width=\u00bb1416px\u00bb custom_padding=\u00bb17px|||||\u00bb global_colors_info=\u00bb{}\u00bb][et_pb_column type=\u00bb4_4&#8243; _builder_version=\u00bb4.16&#8243; _module_preset=\u00bbdefault\u00bb global_colors_info=\u00bb{}\u00bb][et_pb_text _builder_version=\u00bb4.16&#8243; _module_preset=\u00bbdefault\u00bb text_font=\u00bbTeko|300|||||||\u00bb text_font_size=\u00bb47px\u00bb header_font=\u00bbTeko|300|||||||\u00bb header_text_color=\u00bb#1E2D3C\u00bb header_font_size=\u00bb47px\u00bb animation_style=\u00bbzoom\u00bb global_colors_info=\u00bb{}\u00bb]<\/p>\n<p class=\"p1\" style=\"text-align: center;\"><span style=\"color: #e02b20;\">&#8212; INTERCAMBIADORES DE CALOR &#8212;<\/span><\/p>\n<h1 class=\"p1\" style=\"text-align: center;\"><strong>Intercambiador de calor para plantas de secado de jab\u00f3n s\u00f3lido<br \/><\/strong><\/h1>\n<p>&nbsp;<\/p>\n<p>[\/et_pb_text][\/et_pb_column][\/et_pb_row][et_pb_row column_structure=\u00bb1_2,1_2&#8243; _builder_version=\u00bb4.16&#8243; _module_preset=\u00bbdefault\u00bb width=\u00bb86%\u00bb max_width=\u00bb1256px\u00bb global_colors_info=\u00bb{}\u00bb][et_pb_column type=\u00bb1_2&#8243; _builder_version=\u00bb4.16&#8243; _module_preset=\u00bbdefault\u00bb global_colors_info=\u00bb{}\u00bb][et_pb_text _builder_version=\u00bb4.16&#8243; _module_preset=\u00bbdefault\u00bb text_font=\u00bbMontserrat||||||||\u00bb text_orientation=\u00bbjustified\u00bb animation_style=\u00bbzoom\u00bb global_colors_info=\u00bb{}\u00bb]El intercambiador de calor es un componente esencial de las plantas de secado, cuya funci\u00f3n es calentar el jab\u00f3n y evaporar parte de su humedad antes de que el producto pase por el atomizador.<\/p>\n<p>Soaptec dise\u00f1a y fabrica intercambiadores de calor de \u00faltima generaci\u00f3n, que encuentran su lugar tanto en nuestras propias instalaciones de producci\u00f3n como en plantas establecidas. Elegir productos Soaptec significa elegir equipos originales de \u00faltima generaci\u00f3n, desarrollados por un equipo interno de ingenieros y t\u00e9cnicos tras largos periodos de investigaci\u00f3n sobre el terreno e innumerables pruebas. [\/et_pb_text][\/et_pb_column][et_pb_column type=\u00bb1_2&#8243; _builder_version=\u00bb4.16&#8243; _module_preset=\u00bbdefault\u00bb global_colors_info=\u00bb{}\u00bb][et_pb_text _builder_version=\u00bb4.16&#8243; _module_preset=\u00bbdefault\u00bb text_font=\u00bbMontserrat||||||||\u00bb text_orientation=\u00bbjustified\u00bb animation_style=\u00bbzoom\u00bb global_colors_info=\u00bb{}\u00bb]Nuestros intercambiadores de calor para sistemas de secado de jab\u00f3n son duraderos y est\u00e1n fabricados para durar y garantizar el m\u00e1ximo rendimiento incluso despu\u00e9s de muchos a\u00f1os de uso.<\/p>\n<p>Lo que diferencia a nuestros intercambiadores de calor de carcasa y tubos de paso \u00fanico es su dise\u00f1o sencillo. Dentro del dep\u00f3sito hay tubos rectos que facilitan el paso de la energ\u00eda. El dep\u00f3sito est\u00e1 sellado por dos placas perforadas. Los diafragmas colocados a lo largo de los intercambiadores facilitan el movimiento del l\u00edquido que fluye entre los tubos.   [\/et_pb_text][\/et_pb_column][\/et_pb_row][\/et_pb_section][et_pb_section fb_built=\u00bb1&#8243; specialty=\u00bbon\u00bb _builder_version=\u00bb4.16&#8243; _module_preset=\u00bbdefault\u00bb background_color=\u00bb#f4f4f4&#8243; inner_max_width=\u00bb1300px\u00bb custom_padding=\u00bb0px|||||\u00bb global_colors_info=\u00bb{}\u00bb][et_pb_column type=\u00bb1_2&#8243; _builder_version=\u00bb4.16&#8243; custom_padding=\u00bb|||\u00bb global_colors_info=\u00bb{}\u00bb custom_padding__hover=\u00bb|||\u00bb][et_pb_image src=\u00bbhttps:\/\/www.soaptec.biz\/wp-content\/uploads\/2021\/01\/scambiatore.png\u00bb title_text=\u00bbscambiatore\u00bb _builder_version=\u00bb4.16&#8243; _module_preset=\u00bbdefault\u00bb width=\u00bb68%\u00bb module_alignment=\u00bbcenter\u00bb animation_style=\u00bbzoom\u00bb global_colors_info=\u00bb{}\u00bb][\/et_pb_image][\/et_pb_column][et_pb_column type=\u00bb1_2&#8243; specialty_columns=\u00bb2&#8243; _builder_version=\u00bb4.16&#8243; custom_padding=\u00bb|||\u00bb global_colors_info=\u00bb{}\u00bb custom_padding__hover=\u00bb|||\u00bb][et_pb_row_inner _builder_version=\u00bb4.16&#8243; _module_preset=\u00bbdefault\u00bb custom_padding=\u00bb||19px|||\u00bb global_colors_info=\u00bb{}\u00bb][et_pb_column_inner saved_specialty_column_type=\u00bb1_2&#8243; _builder_version=\u00bb4.16&#8243; _module_preset=\u00bbdefault\u00bb global_colors_info=\u00bb{}\u00bb][et_pb_text _builder_version=\u00bb4.16&#8243; _module_preset=\u00bbdefault\u00bb text_font=\u00bbTeko||||||||\u00bb text_font_size=\u00bb31px\u00bb header_font=\u00bbTeko|300|||||||\u00bb header_text_color=\u00bb#1E2D3C\u00bb header_font_size=\u00bb47px\u00bb header_2_font_size=\u00bb37px\u00bb custom_margin=\u00bb-22px|||||\u00bb animation_style=\u00bbslide\u00bb animation_direction=\u00bbright\u00bb global_colors_info=\u00bb{}\u00bb]<\/p>\n<h2 class=\"p1\" style=\"text-align: left;\"><strong>  Calidad y especificaciones  <\/strong><\/h2>\n<p><strong><\/strong><\/p>\n<p>[\/et_pb_text][et_pb_divider color=\u00bb#e02b20&#8243; divider_weight=\u00bb5px\u00bb _builder_version=\u00bb4.16&#8243; _module_preset=\u00bbdefault\u00bb width=\u00bb8%\u00bb animation_style=\u00bbslide\u00bb global_colors_info=\u00bb{}\u00bb][\/et_pb_divider][et_pb_text _builder_version=\u00bb4.16&#8243; _module_preset=\u00bbdefault\u00bb text_font=\u00bbMontserrat||||||||\u00bb text_orientation=\u00bbjustified\u00bb custom_margin=\u00bb-37px||27px|||\u00bb animation_style=\u00bbslide\u00bb animation_direction=\u00bbright\u00bb global_colors_info=\u00bb{}\u00bb]Soaptec, fabricante l\u00edder de instalaciones y maquinaria para el secado de jab\u00f3n, ha hecho de la calidad de sus equipos uno de sus principales puntos fuertes.<\/p>\n<p>Los intercambiadores de calor fabricados por nuestra empresa est\u00e1n dise\u00f1ados para cumplir las estrictas normativas impuestas a nivel nacional e internacional.  <\/p>\n<p>Las m\u00e1quinas se fabrican conforme a las normas ASME, Secc. VIII, Div. 1 y pueden someterse a un proceso de certificaci\u00f3n a petici\u00f3n del cliente.    <\/p>\n<p>Las bridas de entrada y salida del jab\u00f3n suelen construirse seg\u00fan las normas UNI, pero pueden fabricarse seg\u00fan las normas ANSI en funci\u00f3n de las necesidades del cliente.<\/p>\n<p>Todos los intercambiadores de calor de carcasa y tubos Soaptec tienen tubos internos con un di\u00e1metro exterior de 14 mm y un grosor de 1 mm. El dimensionamiento del n\u00famero de tubos necesarios se hace teniendo en cuenta la superficie necesaria para el intercambio de calor, y tambi\u00e9n las velocidades de cruce manteniendo el movimiento turbulento para aumentar la eficacia del intercambio de calor. <\/p>\n<p>Los tubos interiores son de acero inoxidable AISI 316, mientras que la carcasa, los conos, las placas y los diafragmas son de acero inoxidable AISI 304. Se eligieron estos materiales por su contenido en n\u00edquel, que evita las grietas por corrosi\u00f3n bajo tensi\u00f3n cuando se trabaja con jab\u00f3n con alto contenido en sal. <\/p>\n<p>Para evitar tensiones mec\u00e1nicas, los intercambiadores de calor Soaptec est\u00e1n equipados con juntas de dilataci\u00f3n.<\/p>\n<p>La presi\u00f3n de dise\u00f1o del intercambiador de calor Soaptec es de 10 bares (tanto en el lado de los tubos como en el de la carcasa). La temperatura de dise\u00f1o es de 150\u00b0 en el lado del jab\u00f3n y de 185\u00b0 en el lado del vapor. Todas las pruebas de presi\u00f3n del intercambiador de calor se realizan a 14 bares.  <\/p>\n<p>Para que la temperatura del jab\u00f3n descienda uniformemente, se utiliza agua fr\u00eda, que pasa a trav\u00e9s de un sistema en espiral que recorre toda la superficie de los cilindros. El refrigerante presurizado se bombea al circuito a trav\u00e9s de un acoplamiento giratorio. La temperatura puede controlarse mediante v\u00e1lvulas modulantes.    <\/p>\n<p>El jab\u00f3n enfriado se reduce a copos mediante dos cuchillas rascadoras con presi\u00f3n regulable. Los copos caen sobre una cinta transportadora que alimenta la matriz d\u00faplex en vac\u00edo. [\/et_pb_text][\/et_pb_column_inner][\/et_pb_row_inner][\/et_pb_column][\/et_pb_section]<\/p>\n","protected":false},"excerpt":{"rendered":"<p>Fabricante de plantas de jab\u00f3n&#8212; INTERCAMBIADORES DE CALOR &#8212; Intercambiador de calor para plantas de secado de jab\u00f3n s\u00f3lido &nbsp;El intercambiador de calor es un componente esencial de las plantas de secado, cuya funci\u00f3n es calentar el jab\u00f3n y evaporar parte de su humedad antes de que el producto pase por el atomizador. Soaptec dise\u00f1a [&hellip;]<\/p>\n","protected":false},"author":1,"featured_media":0,"parent":271552,"menu_order":0,"comment_status":"closed","ping_status":"closed","template":"","meta":{"_et_pb_use_builder":"on","_et_pb_old_content":"","_et_gb_content_width":"","footnotes":""},"class_list":["post-271554","page","type-page","status-publish","hentry"],"yoast_head":"<!-- This site is optimized with the Yoast SEO plugin v27.4 - https:\/\/yoast.com\/product\/yoast-seo-wordpress\/ -->\n<title>Intercambiador de calor para secadora de jab\u00f3n s\u00f3lido | Soaptec<\/title>\n<meta name=\"description\" content=\"Soaptec es fabricante de intercambiadores de calor para secadoras de jab\u00f3n s\u00f3lido. Fabricamos sistemas completos y componentes individuales.\" \/>\n<meta name=\"robots\" content=\"index, follow, max-snippet:-1, max-image-preview:large, max-video-preview:-1\" \/>\n<link rel=\"canonical\" href=\"https:\/\/www.soaptec.biz\/dryer\/scambiatori-di-calore\/\" \/>\n<meta property=\"og:locale\" content=\"es_ES\" \/>\n<meta property=\"og:type\" content=\"article\" \/>\n<meta property=\"og:title\" content=\"Intercambiador de calor para secadora de jab\u00f3n s\u00f3lido | Soaptec\" \/>\n<meta property=\"og:description\" content=\"Soaptec es fabricante de intercambiadores de calor para secadoras de jab\u00f3n s\u00f3lido. Fabricamos sistemas completos y componentes individuales.\" \/>\n<meta property=\"og:url\" content=\"https:\/\/www.soaptec.biz\/dryer\/scambiatori-di-calore\/\" \/>\n<meta property=\"og:site_name\" content=\"Soaptec\" \/>\n<meta property=\"article:modified_time\" content=\"2025-05-05T13:47:51+00:00\" \/>\n<meta name=\"twitter:card\" content=\"summary_large_image\" \/>\n<meta name=\"twitter:label1\" content=\"Tiempo de lectura\" \/>\n\t<meta name=\"twitter:data1\" content=\"9 minutos\" \/>\n<script type=\"application\/ld+json\" class=\"yoast-schema-graph\">{\"@context\":\"https:\\\/\\\/schema.org\",\"@graph\":[{\"@type\":\"WebPage\",\"@id\":\"https:\\\/\\\/www.soaptec.biz\\\/dryer\\\/scambiatori-di-calore\\\/\",\"url\":\"https:\\\/\\\/www.soaptec.biz\\\/dryer\\\/scambiatori-di-calore\\\/\",\"name\":\"Intercambiador de calor para secadora de jab\u00f3n s\u00f3lido | Soaptec\",\"isPartOf\":{\"@id\":\"https:\\\/\\\/www.soaptec.biz\\\/#website\"},\"datePublished\":\"2025-05-05T13:19:52+00:00\",\"dateModified\":\"2025-05-05T13:47:51+00:00\",\"description\":\"Soaptec es fabricante de intercambiadores de calor para secadoras de jab\u00f3n s\u00f3lido. Fabricamos sistemas completos y componentes individuales.\",\"breadcrumb\":{\"@id\":\"https:\\\/\\\/www.soaptec.biz\\\/dryer\\\/scambiatori-di-calore\\\/#breadcrumb\"},\"inLanguage\":\"es\",\"potentialAction\":[{\"@type\":\"ReadAction\",\"target\":[\"https:\\\/\\\/www.soaptec.biz\\\/dryer\\\/scambiatori-di-calore\\\/\"]}]},{\"@type\":\"BreadcrumbList\",\"@id\":\"https:\\\/\\\/www.soaptec.biz\\\/dryer\\\/scambiatori-di-calore\\\/#breadcrumb\",\"itemListElement\":[{\"@type\":\"ListItem\",\"position\":1,\"name\":\"Home\",\"item\":\"https:\\\/\\\/www.soaptec.biz\\\/\"},{\"@type\":\"ListItem\",\"position\":2,\"name\":\"SECADORA\",\"item\":\"https:\\\/\\\/www.soaptec.biz\\\/es\\\/secadora\\\/\"},{\"@type\":\"ListItem\",\"position\":3,\"name\":\"INTERCAMBIADORES DE CALOR\"}]},{\"@type\":\"WebSite\",\"@id\":\"https:\\\/\\\/www.soaptec.biz\\\/#website\",\"url\":\"https:\\\/\\\/www.soaptec.biz\\\/\",\"name\":\"Soaptec\",\"description\":\"\",\"potentialAction\":[{\"@type\":\"SearchAction\",\"target\":{\"@type\":\"EntryPoint\",\"urlTemplate\":\"https:\\\/\\\/www.soaptec.biz\\\/?s={search_term_string}\"},\"query-input\":{\"@type\":\"PropertyValueSpecification\",\"valueRequired\":true,\"valueName\":\"search_term_string\"}}],\"inLanguage\":\"es\"}]}<\/script>\n<!-- \/ Yoast SEO plugin. -->","yoast_head_json":{"title":"Intercambiador de calor para secadora de jab\u00f3n s\u00f3lido | Soaptec","description":"Soaptec es fabricante de intercambiadores de calor para secadoras de jab\u00f3n s\u00f3lido. Fabricamos sistemas completos y componentes individuales.","robots":{"index":"index","follow":"follow","max-snippet":"max-snippet:-1","max-image-preview":"max-image-preview:large","max-video-preview":"max-video-preview:-1"},"canonical":"https:\/\/www.soaptec.biz\/dryer\/scambiatori-di-calore\/","og_locale":"es_ES","og_type":"article","og_title":"Intercambiador de calor para secadora de jab\u00f3n s\u00f3lido | Soaptec","og_description":"Soaptec es fabricante de intercambiadores de calor para secadoras de jab\u00f3n s\u00f3lido. Fabricamos sistemas completos y componentes individuales.","og_url":"https:\/\/www.soaptec.biz\/dryer\/scambiatori-di-calore\/","og_site_name":"Soaptec","article_modified_time":"2025-05-05T13:47:51+00:00","twitter_card":"summary_large_image","twitter_misc":{"Tiempo de lectura":"9 minutos"},"schema":{"@context":"https:\/\/schema.org","@graph":[{"@type":"WebPage","@id":"https:\/\/www.soaptec.biz\/dryer\/scambiatori-di-calore\/","url":"https:\/\/www.soaptec.biz\/dryer\/scambiatori-di-calore\/","name":"Intercambiador de calor para secadora de jab\u00f3n s\u00f3lido | Soaptec","isPartOf":{"@id":"https:\/\/www.soaptec.biz\/#website"},"datePublished":"2025-05-05T13:19:52+00:00","dateModified":"2025-05-05T13:47:51+00:00","description":"Soaptec es fabricante de intercambiadores de calor para secadoras de jab\u00f3n s\u00f3lido. Fabricamos sistemas completos y componentes individuales.","breadcrumb":{"@id":"https:\/\/www.soaptec.biz\/dryer\/scambiatori-di-calore\/#breadcrumb"},"inLanguage":"es","potentialAction":[{"@type":"ReadAction","target":["https:\/\/www.soaptec.biz\/dryer\/scambiatori-di-calore\/"]}]},{"@type":"BreadcrumbList","@id":"https:\/\/www.soaptec.biz\/dryer\/scambiatori-di-calore\/#breadcrumb","itemListElement":[{"@type":"ListItem","position":1,"name":"Home","item":"https:\/\/www.soaptec.biz\/"},{"@type":"ListItem","position":2,"name":"SECADORA","item":"https:\/\/www.soaptec.biz\/es\/secadora\/"},{"@type":"ListItem","position":3,"name":"INTERCAMBIADORES DE CALOR"}]},{"@type":"WebSite","@id":"https:\/\/www.soaptec.biz\/#website","url":"https:\/\/www.soaptec.biz\/","name":"Soaptec","description":"","potentialAction":[{"@type":"SearchAction","target":{"@type":"EntryPoint","urlTemplate":"https:\/\/www.soaptec.biz\/?s={search_term_string}"},"query-input":{"@type":"PropertyValueSpecification","valueRequired":true,"valueName":"search_term_string"}}],"inLanguage":"es"}]}},"_links":{"self":[{"href":"https:\/\/www.soaptec.biz\/es\/wp-json\/wp\/v2\/pages\/271554","targetHints":{"allow":["GET"]}}],"collection":[{"href":"https:\/\/www.soaptec.biz\/es\/wp-json\/wp\/v2\/pages"}],"about":[{"href":"https:\/\/www.soaptec.biz\/es\/wp-json\/wp\/v2\/types\/page"}],"author":[{"embeddable":true,"href":"https:\/\/www.soaptec.biz\/es\/wp-json\/wp\/v2\/users\/1"}],"replies":[{"embeddable":true,"href":"https:\/\/www.soaptec.biz\/es\/wp-json\/wp\/v2\/comments?post=271554"}],"version-history":[{"count":1,"href":"https:\/\/www.soaptec.biz\/es\/wp-json\/wp\/v2\/pages\/271554\/revisions"}],"predecessor-version":[{"id":271627,"href":"https:\/\/www.soaptec.biz\/es\/wp-json\/wp\/v2\/pages\/271554\/revisions\/271627"}],"up":[{"embeddable":true,"href":"https:\/\/www.soaptec.biz\/es\/wp-json\/wp\/v2\/pages\/271552"}],"wp:attachment":[{"href":"https:\/\/www.soaptec.biz\/es\/wp-json\/wp\/v2\/media?parent=271554"}],"curies":[{"name":"wp","href":"https:\/\/api.w.org\/{rel}","templated":true}]}}