{"id":271548,"date":"2025-05-05T15:18:15","date_gmt":"2025-05-05T13:18:15","guid":{"rendered":"https:\/\/www.soaptec.biz\/detergente-liquido\/"},"modified":"2025-05-05T15:18:15","modified_gmt":"2025-05-05T13:18:15","slug":"detergente-liquido","status":"publish","type":"page","link":"https:\/\/www.soaptec.biz\/es\/detergente-liquido\/","title":{"rendered":"DETERGENTE L\u00cdQUIDO"},"content":{"rendered":"<p>[et_pb_section fb_built=\u00bb1&#8243; custom_padding_last_edited=\u00bbon|phone\u00bb admin_label=\u00bbBoxy Header Module &#8211; Image 1920 x 1117 pixels\u00bb module_class=\u00bbheader_8_f falkor\u00bb _builder_version=\u00bb4.9.6&#8243; background_color=\u00bbrgba(255,255,255,0)\u00bb background_image=\u00bbhttps:\/\/www.soaptec.biz\/wp-content\/uploads\/2021\/05\/liquid-detergent.jpg\u00bb background_enable_video_mp4=\u00bboff\u00bb background_video_width=\u00bb2000px\u00bb custom_padding=\u00bb14vw||14vw||true|\u00bb custom_padding_tablet=\u00bb100px||100px|\u00bb custom_padding_phone=\u00bb80px||80px|\u00bb hover_enabled=\u00bb0&#8243; custom_css_before=\u00bb  content: %22%22;|| display: block;|| position: absolute;|| top: 0;|| left: 0;|| width: 100%;|| height: 100%;|| background: #000000;|| opacity: 0.6;\u00bb custom_css_after=\u00bbcontent: %22%22;|| display: block;|| position: absolute;|| top: 0;|| left: 0;|| width: 100%;|| height: 100%;|| background: #000000;|| opacity: 0.2;\u00bb collapsed=\u00bboff\u00bb alt=\u00bbPlanta de detergente l\u00edquido\u00bb title_text=\u00bbLiquid detergent plant\u00bb sticky_enabled=\u00bb0&#8243;][et_pb_row custom_padding_last_edited=\u00bbon|tablet\u00bb admin_label=\u00bbBoxy Header Module\u00bb module_class=\u00bblines_ba et_pb_row_fullwidth\u00bb _builder_version=\u00bb4.7.1&#8243; background_size=\u00bbinitial\u00bb background_position=\u00bbtop_left\u00bb background_repeat=\u00bbrepeat\u00bb width=\u00bb89%\u00bb width_tablet=\u00bb80%\u00bb width_phone=\u00bb\u00bb width_last_edited=\u00bbon|desktop\u00bb max_width=\u00bb89%\u00bb max_width_tablet=\u00bb80%\u00bb max_width_phone=\u00bb\u00bb max_width_last_edited=\u00bbon|desktop\u00bb custom_padding=\u00bb20px|0px|20px|0px\u00bb custom_padding_tablet=\u00bb0px|0px|0px|0px\u00bb custom_padding_phone=\u00bb\u00bb make_fullwidth=\u00bbon\u00bb][et_pb_column type=\u00bb4_4&#8243; _builder_version=\u00bb3.25&#8243; background_position=\u00bbtop_left\u00bb custom_padding=\u00bb|||\u00bb custom_padding__hover=\u00bb|||\u00bb][et_pb_cta title=\u00bbDETERGENTE L\u00cdQUIDO  \u00bb admin_label=\u00bbMake It Awesome\u00bb _builder_version=\u00bb4.7.7&#8243; header_font=\u00bbTeko|500||on|||||\u00bb header_text_color=\u00bb#ffffff\u00bb header_font_size=\u00bb77px\u00bb header_line_height=\u00bb1.7em\u00bb body_font=\u00bbTeko||||||||\u00bb body_text_color=\u00bb#ffffff\u00bb body_font_size=\u00bb60px\u00bb body_line_height=\u00bb170%\u00bb use_background_color=\u00bboff\u00bb custom_button=\u00bbon\u00bb button_text_size=\u00bb16px\u00bb button_text_color=\u00bb#ffffff\u00bb button_bg_color=\u00bbrgba(0,0,0,0)\u00bb button_border_color=\u00bb#ffffff\u00bb button_border_radius=\u00bb0px\u00bb button_font=\u00bbMontserrat|on||on|\u00bb button_use_icon=\u00bboff\u00bb header_font_size_tablet=\u00bb50&#8243; header_font_size_phone=\u00bb36&#8243; header_font_size_last_edited=\u00bbon|phone\u00bb custom_css_promo_title=\u00bbline-height: 110% !important;|| position: relative;||padding: 32px 20px;|| display: block;||margin-bottom: 24px;\u00bb button_border_radius_hover=\u00bb0px\u00bb button_bg_color_hover=\u00bbrgba(0,0,0,0.3)\u00bb button_text_size__hover_enabled=\u00bboff\u00bb button_one_text_size__hover_enabled=\u00bboff\u00bb button_two_text_size__hover_enabled=\u00bboff\u00bb button_text_color__hover_enabled=\u00bboff\u00bb button_one_text_color__hover_enabled=\u00bboff\u00bb button_two_text_color__hover_enabled=\u00bboff\u00bb button_border_width__hover_enabled=\u00bboff\u00bb button_one_border_width__hover_enabled=\u00bboff\u00bb button_two_border_width__hover_enabled=\u00bboff\u00bb button_border_color__hover_enabled=\u00bboff\u00bb button_one_border_color__hover_enabled=\u00bboff\u00bb button_two_border_color__hover_enabled=\u00bboff\u00bb button_border_radius__hover_enabled=\u00bbon\u00bb button_border_radius__hover=\u00bb0px\u00bb button_one_border_radius__hover_enabled=\u00bboff\u00bb button_two_border_radius__hover_enabled=\u00bboff\u00bb button_letter_spacing__hover_enabled=\u00bboff\u00bb button_one_letter_spacing__hover_enabled=\u00bboff\u00bb button_two_letter_spacing__hover_enabled=\u00bboff\u00bb button_bg_color__hover_enabled=\u00bbon\u00bb button_bg_color__hover=\u00bbrgba(0,0,0,0.3)\u00bb button_one_bg_color__hover_enabled=\u00bboff\u00bb button_two_bg_color__hover_enabled=\u00bboff\u00bb][\/et_pb_cta][\/et_pb_column][\/et_pb_row][\/et_pb_section][et_pb_section fb_built=\u00bb1&#8243; _builder_version=\u00bb4.7.1&#8243; _module_preset=\u00bbdefault\u00bb background_color=\u00bb#e2e2e2&#8243; custom_padding=\u00bb0px||15px|||\u00bb][et_pb_row column_structure=\u00bb2_3,1_3&#8243; _builder_version=\u00bb4.7.1&#8243; _module_preset=\u00bbdefault\u00bb max_width=\u00bb1389px\u00bb custom_padding=\u00bb||0px|||\u00bb][et_pb_column type=\u00bb2_3&#8243; _builder_version=\u00bb4.7.1&#8243; _module_preset=\u00bbdefault\u00bb][et_pb_text _builder_version=\u00bb4.7.1&#8243; _module_preset=\u00bbdefault\u00bb text_font=\u00bbTeko|300||on|||||\u00bb text_text_color=\u00bb#1E2D3C\u00bb text_font_size=\u00bb44px\u00bb]<\/p>\n<p>Fabricante de plantas de jab\u00f3n<\/p>\n<p>[\/et_pb_text][\/et_pb_column][et_pb_column type=\u00bb1_3&#8243; _builder_version=\u00bb4.7.1&#8243; _module_preset=\u00bbdefault\u00bb][et_pb_button button_url=\u00bbhttps:\/\/www.soaptec.biz\/contatti\u00bb button_text=\u00bbcontattaci\u00bb button_alignment=\u00bbright\u00bb admin_label=\u00bbThe Loser Button &#8211; Freddie\u00bb module_class=\u00bbfreddie_button_the_loser\u00bb _builder_version=\u00bb4.9.1&#8243; custom_button=\u00bbon\u00bb button_text_size=\u00bb26px\u00bb button_text_color=\u00bb#1E2D3C\u00bb button_bg_color=\u00bbrgba(0,0,0,0)\u00bb button_border_width=\u00bb2px\u00bb button_border_color=\u00bb#000000&#8243; button_border_radius=\u00bb0px\u00bb button_font=\u00bbTeko|||on|||||\u00bb button_icon_placement=\u00bbleft\u00bb button_on_hover=\u00bboff\u00bb custom_margin=\u00bb-17px||0px|||\u00bb custom_padding=\u00bb0px|26px|0px|26px|true|false\u00bb z_index_tablet=\u00bb500&#8243; custom_css_before=\u00bbcontent: %22%22 !important;||display: block !important;||position: absolute;||    z-index: -1;||    top: 0;||    left: 0;||    width: 0;||    height: 100%;||    background: #1E2D3C;||    transition: width .4s cubic-bezier(1,0,0,1);||    margin-left: 0 !important;\u00bb custom_css_main_element=\u00bb     letter-spacing: 0.3px;\u00bb saved_tabs=\u00bball\u00bb button_text_color__hover_enabled=\u00bbon\u00bb button_text_color__hover=\u00bb#ffffff\u00bb]<\/p>\n<p>[\/et_pb_button][\/et_pb_column][\/et_pb_row][\/et_pb_section][et_pb_section fb_built=\u00bb1&#8243; _builder_version=\u00bb4.7.1&#8243; _module_preset=\u00bbdefault\u00bb custom_padding=\u00bb27px||35px|||\u00bb][et_pb_row _builder_version=\u00bb4.7.7&#8243; _module_preset=\u00bbdefault\u00bb width=\u00bb90%\u00bb max_width=\u00bb1340px\u00bb custom_padding=\u00bb17px|||||\u00bb][et_pb_column type=\u00bb4_4&#8243; _builder_version=\u00bb4.7.1&#8243; _module_preset=\u00bbdefault\u00bb][et_pb_text _builder_version=\u00bb4.9.1&#8243; _module_preset=\u00bbdefault\u00bb text_font=\u00bbTeko|300|||||||\u00bb text_font_size=\u00bb47px\u00bb header_font=\u00bbTeko|300|||||||\u00bb header_text_color=\u00bb#1E2D3C\u00bb header_font_size=\u00bb47px\u00bb animation_style=\u00bbzoom\u00bb]<\/p>\n<p class=\"p1\" style=\"text-align: center;\"><span style=\"color: #e02b20;\">&#8212; DETERGENTE L\u00cdQUIDO &#8212;<\/span><\/p>\n<h1 class=\"p1\" style=\"text-align: center;\"><strong>Plantas para la producci\u00f3n de jab\u00f3n l\u00edquido<\/strong><\/h1>\n<p>&nbsp;<\/p>\n<p>[\/et_pb_text][\/et_pb_column][\/et_pb_row][et_pb_row column_structure=\u00bb1_2,1_2&#8243; _builder_version=\u00bb4.7.1&#8243; _module_preset=\u00bbdefault\u00bb width=\u00bb86%\u00bb max_width=\u00bb1256px\u00bb custom_padding=\u00bb3px|||||\u00bb][et_pb_column type=\u00bb1_2&#8243; _builder_version=\u00bb4.7.1&#8243; _module_preset=\u00bbdefault\u00bb][et_pb_text _builder_version=\u00bb4.7.7&#8243; _module_preset=\u00bbdefault\u00bb text_font=\u00bbMontserrat||||||||\u00bb text_orientation=\u00bbjustified\u00bb custom_margin=\u00bb||10px|||\u00bb animation_style=\u00bbzoom\u00bb]El jab\u00f3n l\u00edquido puede distinguirse en dos grandes grupos de productos: Cuidado personal y Dom\u00e9stico.  <\/p>\n<p>La categor\u00eda Cuidado personal incluye todos los productos utilizados para el cuidado personal, como champ\u00fas, geles de ducha, acondicionadores, cremas corporales, cremas faciales y lociones corporales. El g\u00e9nero Hogar, por su parte, incluye toda la gama de productos utilizados para el cuidado del hogar, como lavavajillas, friegasuelos, detergentes l\u00edquidos y suavizantes. <\/p>\n<p>Aunque de naturaleza similar, la producci\u00f3n de estos distintos tipos de jab\u00f3n requiere precauciones espec\u00edficas. Las plantas de producci\u00f3n de jab\u00f3n l\u00edquido de \u00faltima generaci\u00f3n, como las de Soaptec, ayudan a las f\u00e1bricas de jab\u00f3n a crear productos que cumplen plenamente las normas de seguridad y las expectativas del mercado.   <\/p>\n<p>Nuestra empresa est\u00e1 especializada en la fabricaci\u00f3n de plantas y maquinaria personalizadas dedicadas a la creaci\u00f3n de jabones para el cuidado personal y dom\u00e9stico. En funci\u00f3n de las necesidades individuales, nuestra empresa dise\u00f1a y construye plantas de compuestos a medida utilizando distintos tipos de elementos b\u00e1sicos, como reactores y mezcladores, agitadores, homogeneizadores, bombas de reciclaje, intercambiadores de calor, etc. [\/et_pb_text][\/et_pb_column][et_pb_column type=\u00bb1_2&#8243; _builder_version=\u00bb4.7.1&#8243; _module_preset=\u00bbdefault\u00bb][et_pb_text _builder_version=\u00bb4.7.7&#8243; _module_preset=\u00bbdefault\u00bb text_font=\u00bbMontserrat||||||||\u00bb text_orientation=\u00bbjustified\u00bb animation_style=\u00bbzoom\u00bb]<\/p>\n<p>Soaptec sabe lo esencial que es la dosificaci\u00f3n de las materias primas para producir un buen jab\u00f3n l\u00edquido, por eso, adem\u00e1s de la posibilidad de elegir m\u00e1quinas que requieren dosificaci\u00f3n manual, tambi\u00e9n ofrece equipos sofisticados para pesar perfectamente los ingredientes antes de introducirlos en el reactor.<\/p>\n<p>La secuencia de los distintos pasos de producci\u00f3n tambi\u00e9n desempe\u00f1a un papel clave en la calidad del jab\u00f3n. Para satisfacer la necesidad de control y seguimiento de las actividades, Soaptec ha desarrollado un complejo software que permite un control total de la situaci\u00f3n. <\/p>\n<p>Nuestra empresa puede suministrar maquinaria con certificaci\u00f3n ATEX para la fabricaci\u00f3n de productos especiales, como geles desinfectantes a base de alcohol.<\/p>\n<p>Todas las plantas de Soaptec se desarrollan de acuerdo con las normativas de seguridad nacionales e internacionales y se fabrican con los mejores materiales disponibles, como acero inoxidable y acero al carbono, para garantizar a los clientes la m\u00e1xima fiabilidad, durabilidad y, en general, calidad.  <span style=\"font-size: 14px;\">No s\u00f3lo eso, las m\u00e1quinas pueden equiparse, a petici\u00f3n del cliente, con elementos adicionales que aumentan su facilidad de uso por parte de los operarios, como en el caso del sistema CIP (Clean In Place) para la limpieza r\u00e1pida de las m\u00e1quinas.<\/span><\/p>\n<p>[\/et_pb_text][\/et_pb_column][\/et_pb_row][\/et_pb_section]<\/p>\n","protected":false},"excerpt":{"rendered":"<p>Fabricante de plantas de jab\u00f3n &#8212; DETERGENTE L\u00cdQUIDO &#8212; Plantas para la producci\u00f3n de jab\u00f3n l\u00edquido &nbsp;El jab\u00f3n l\u00edquido puede distinguirse en dos grandes grupos de productos: Cuidado personal y Dom\u00e9stico. La categor\u00eda Cuidado personal incluye todos los productos utilizados para el cuidado personal, como champ\u00fas, geles de ducha, acondicionadores, cremas corporales, cremas faciales y [&hellip;]<\/p>\n","protected":false},"author":1,"featured_media":0,"parent":0,"menu_order":0,"comment_status":"closed","ping_status":"closed","template":"","meta":{"_et_pb_use_builder":"on","_et_pb_old_content":"","_et_gb_content_width":"","footnotes":""},"class_list":["post-271548","page","type-page","status-publish","hentry"],"yoast_head":"<!-- This site is optimized with the Yoast SEO plugin v27.4 - https:\/\/yoast.com\/product\/yoast-seo-wordpress\/ -->\n<title>Fabricante de plantas de producci\u00f3n de jab\u00f3n l\u00edquido | Soaptec<\/title>\n<meta name=\"description\" content=\"Soaptec es un fabricante de plantas de producci\u00f3n de jab\u00f3n l\u00edquido. Creamos plantas y componentes para proyectos a peque\u00f1a y gran escala.\" \/>\n<meta name=\"robots\" content=\"index, follow, max-snippet:-1, max-image-preview:large, max-video-preview:-1\" \/>\n<link rel=\"canonical\" href=\"https:\/\/www.soaptec.biz\/es\/detergente-liquido\/\" \/>\n<meta property=\"og:locale\" content=\"es_ES\" \/>\n<meta property=\"og:type\" content=\"article\" \/>\n<meta property=\"og:title\" content=\"Fabricante de plantas de producci\u00f3n de jab\u00f3n l\u00edquido | Soaptec\" \/>\n<meta property=\"og:description\" content=\"Soaptec es un fabricante de plantas de producci\u00f3n de jab\u00f3n l\u00edquido. Creamos plantas y componentes para proyectos a peque\u00f1a y gran escala.\" \/>\n<meta property=\"og:url\" content=\"https:\/\/www.soaptec.biz\/es\/detergente-liquido\/\" \/>\n<meta property=\"og:site_name\" content=\"Soaptec\" \/>\n<meta name=\"twitter:card\" content=\"summary_large_image\" \/>\n<meta name=\"twitter:label1\" content=\"Tiempo de lectura\" \/>\n\t<meta name=\"twitter:data1\" content=\"7 minutos\" \/>\n<script type=\"application\/ld+json\" class=\"yoast-schema-graph\">{\"@context\":\"https:\\\/\\\/schema.org\",\"@graph\":[{\"@type\":\"WebPage\",\"@id\":\"https:\\\/\\\/www.soaptec.biz\\\/es\\\/detergente-liquido\\\/\",\"url\":\"https:\\\/\\\/www.soaptec.biz\\\/es\\\/detergente-liquido\\\/\",\"name\":\"Fabricante de plantas de producci\u00f3n de jab\u00f3n l\u00edquido | Soaptec\",\"isPartOf\":{\"@id\":\"https:\\\/\\\/www.soaptec.biz\\\/#website\"},\"datePublished\":\"2025-05-05T13:18:15+00:00\",\"description\":\"Soaptec es un fabricante de plantas de producci\u00f3n de jab\u00f3n l\u00edquido. Creamos plantas y componentes para proyectos a peque\u00f1a y gran escala.\",\"breadcrumb\":{\"@id\":\"https:\\\/\\\/www.soaptec.biz\\\/es\\\/detergente-liquido\\\/#breadcrumb\"},\"inLanguage\":\"es\",\"potentialAction\":[{\"@type\":\"ReadAction\",\"target\":[\"https:\\\/\\\/www.soaptec.biz\\\/es\\\/detergente-liquido\\\/\"]}]},{\"@type\":\"BreadcrumbList\",\"@id\":\"https:\\\/\\\/www.soaptec.biz\\\/es\\\/detergente-liquido\\\/#breadcrumb\",\"itemListElement\":[{\"@type\":\"ListItem\",\"position\":1,\"name\":\"Home\",\"item\":\"https:\\\/\\\/www.soaptec.biz\\\/\"},{\"@type\":\"ListItem\",\"position\":2,\"name\":\"DETERGENTE L\u00cdQUIDO\"}]},{\"@type\":\"WebSite\",\"@id\":\"https:\\\/\\\/www.soaptec.biz\\\/#website\",\"url\":\"https:\\\/\\\/www.soaptec.biz\\\/\",\"name\":\"Soaptec\",\"description\":\"\",\"potentialAction\":[{\"@type\":\"SearchAction\",\"target\":{\"@type\":\"EntryPoint\",\"urlTemplate\":\"https:\\\/\\\/www.soaptec.biz\\\/?s={search_term_string}\"},\"query-input\":{\"@type\":\"PropertyValueSpecification\",\"valueRequired\":true,\"valueName\":\"search_term_string\"}}],\"inLanguage\":\"es\"}]}<\/script>\n<!-- \/ Yoast SEO plugin. -->","yoast_head_json":{"title":"Fabricante de plantas de producci\u00f3n de jab\u00f3n l\u00edquido | Soaptec","description":"Soaptec es un fabricante de plantas de producci\u00f3n de jab\u00f3n l\u00edquido. Creamos plantas y componentes para proyectos a peque\u00f1a y gran escala.","robots":{"index":"index","follow":"follow","max-snippet":"max-snippet:-1","max-image-preview":"max-image-preview:large","max-video-preview":"max-video-preview:-1"},"canonical":"https:\/\/www.soaptec.biz\/es\/detergente-liquido\/","og_locale":"es_ES","og_type":"article","og_title":"Fabricante de plantas de producci\u00f3n de jab\u00f3n l\u00edquido | Soaptec","og_description":"Soaptec es un fabricante de plantas de producci\u00f3n de jab\u00f3n l\u00edquido. Creamos plantas y componentes para proyectos a peque\u00f1a y gran escala.","og_url":"https:\/\/www.soaptec.biz\/es\/detergente-liquido\/","og_site_name":"Soaptec","twitter_card":"summary_large_image","twitter_misc":{"Tiempo de lectura":"7 minutos"},"schema":{"@context":"https:\/\/schema.org","@graph":[{"@type":"WebPage","@id":"https:\/\/www.soaptec.biz\/es\/detergente-liquido\/","url":"https:\/\/www.soaptec.biz\/es\/detergente-liquido\/","name":"Fabricante de plantas de producci\u00f3n de jab\u00f3n l\u00edquido | Soaptec","isPartOf":{"@id":"https:\/\/www.soaptec.biz\/#website"},"datePublished":"2025-05-05T13:18:15+00:00","description":"Soaptec es un fabricante de plantas de producci\u00f3n de jab\u00f3n l\u00edquido. Creamos plantas y componentes para proyectos a peque\u00f1a y gran escala.","breadcrumb":{"@id":"https:\/\/www.soaptec.biz\/es\/detergente-liquido\/#breadcrumb"},"inLanguage":"es","potentialAction":[{"@type":"ReadAction","target":["https:\/\/www.soaptec.biz\/es\/detergente-liquido\/"]}]},{"@type":"BreadcrumbList","@id":"https:\/\/www.soaptec.biz\/es\/detergente-liquido\/#breadcrumb","itemListElement":[{"@type":"ListItem","position":1,"name":"Home","item":"https:\/\/www.soaptec.biz\/"},{"@type":"ListItem","position":2,"name":"DETERGENTE L\u00cdQUIDO"}]},{"@type":"WebSite","@id":"https:\/\/www.soaptec.biz\/#website","url":"https:\/\/www.soaptec.biz\/","name":"Soaptec","description":"","potentialAction":[{"@type":"SearchAction","target":{"@type":"EntryPoint","urlTemplate":"https:\/\/www.soaptec.biz\/?s={search_term_string}"},"query-input":{"@type":"PropertyValueSpecification","valueRequired":true,"valueName":"search_term_string"}}],"inLanguage":"es"}]}},"_links":{"self":[{"href":"https:\/\/www.soaptec.biz\/es\/wp-json\/wp\/v2\/pages\/271548","targetHints":{"allow":["GET"]}}],"collection":[{"href":"https:\/\/www.soaptec.biz\/es\/wp-json\/wp\/v2\/pages"}],"about":[{"href":"https:\/\/www.soaptec.biz\/es\/wp-json\/wp\/v2\/types\/page"}],"author":[{"embeddable":true,"href":"https:\/\/www.soaptec.biz\/es\/wp-json\/wp\/v2\/users\/1"}],"replies":[{"embeddable":true,"href":"https:\/\/www.soaptec.biz\/es\/wp-json\/wp\/v2\/comments?post=271548"}],"version-history":[{"count":0,"href":"https:\/\/www.soaptec.biz\/es\/wp-json\/wp\/v2\/pages\/271548\/revisions"}],"wp:attachment":[{"href":"https:\/\/www.soaptec.biz\/es\/wp-json\/wp\/v2\/media?parent=271548"}],"curies":[{"name":"wp","href":"https:\/\/api.w.org\/{rel}","templated":true}]}}