{"id":271543,"date":"2025-05-05T15:18:00","date_gmt":"2025-05-05T13:18:00","guid":{"rendered":"https:\/\/www.soaptec.biz\/empresa\/"},"modified":"2025-05-05T15:45:34","modified_gmt":"2025-05-05T13:45:34","slug":"empresa","status":"publish","type":"page","link":"https:\/\/www.soaptec.biz\/es\/empresa\/","title":{"rendered":"EMPRESA"},"content":{"rendered":"<p>[et_pb_section fb_built=\u00bb1&#8243; custom_padding_last_edited=\u00bbon|phone\u00bb admin_label=\u00bbBoxy Header Module &#8211; Image 1920 x 1117 pixels\u00bb module_class=\u00bbheader_8_f falkor\u00bb _builder_version=\u00bb4.16&#8243; background_color=\u00bbrgba(255,255,255,0)\u00bb background_image=\u00bbhttps:\/\/www.soaptec.biz\/wp-content\/uploads\/2021\/02\/IMG_1636-e1522761734488-500&#215;200-1.jpg\u00bb background_enable_video_mp4=\u00bboff\u00bb background_video_width=\u00bb2000px\u00bb custom_padding=\u00bb15vw||7vw||false|\u00bb custom_padding_tablet=\u00bb100px||100px|\u00bb custom_padding_phone=\u00bb80px||80px|\u00bb custom_css_after=\u00bbcontent: %22%22;|| display: block;|| position: absolute;|| top: 0;|| left: 0;|| width: 100%;|| height: 100%;|| background: #000000;|| opacity: 0.4;\u00bb collapsed=\u00bboff\u00bb global_colors_info=\u00bb{}\u00bb][et_pb_row custom_padding_last_edited=\u00bbon|tablet\u00bb admin_label=\u00bbBoxy Header Module\u00bb module_class=\u00bblines_ba et_pb_row_fullwidth\u00bb _builder_version=\u00bb4.16&#8243; background_size=\u00bbinitial\u00bb background_position=\u00bbtop_left\u00bb background_repeat=\u00bbrepeat\u00bb width=\u00bb89%\u00bb width_tablet=\u00bb80%\u00bb width_phone=\u00bb\u00bb width_last_edited=\u00bbon|desktop\u00bb max_width=\u00bb89%\u00bb max_width_tablet=\u00bb80%\u00bb max_width_phone=\u00bb\u00bb max_width_last_edited=\u00bbon|desktop\u00bb custom_padding=\u00bb20px|0px|20px|0px\u00bb custom_padding_tablet=\u00bb0px|0px|0px|0px\u00bb custom_padding_phone=\u00bb\u00bb make_fullwidth=\u00bbon\u00bb global_colors_info=\u00bb{}\u00bb][et_pb_column type=\u00bb4_4&#8243; _builder_version=\u00bb4.16&#8243; background_position=\u00bbtop_left\u00bb custom_padding=\u00bb|||\u00bb global_colors_info=\u00bb{}\u00bb custom_padding__hover=\u00bb|||\u00bb][et_pb_cta title=\u00bbSOAPTEC\u00bb admin_label=\u00bbMake It Awesome\u00bb _builder_version=\u00bb4.16&#8243; header_font=\u00bbTeko|500||on|||||\u00bb header_text_color=\u00bb#ffffff\u00bb header_font_size=\u00bb77px\u00bb header_line_height=\u00bb1.7em\u00bb body_font=\u00bbTeko|||on|||||\u00bb body_text_color=\u00bb#ffffff\u00bb body_font_size=\u00bb60px\u00bb body_line_height=\u00bb170%\u00bb use_background_color=\u00bboff\u00bb custom_button=\u00bbon\u00bb button_text_size=\u00bb16px\u00bb button_text_color=\u00bb#ffffff\u00bb button_bg_color=\u00bbrgba(0,0,0,0)\u00bb button_border_color=\u00bb#ffffff\u00bb button_border_radius=\u00bb0px\u00bb button_font=\u00bbMontserrat|on||on|\u00bb button_use_icon=\u00bboff\u00bb header_font_size_tablet=\u00bb50&#8243; header_font_size_phone=\u00bb36&#8243; header_font_size_last_edited=\u00bbon|phone\u00bb custom_css_promo_title=\u00bbline-height: 110% !important;|| position: relative;||padding: 32px 20px;|| display: block;||margin-bottom: 24px;\u00bb button_border_radius_hover=\u00bb0px\u00bb button_bg_color_hover=\u00bbrgba(0,0,0,0.3)\u00bb global_colors_info=\u00bb{}\u00bb button_text_size__hover_enabled=\u00bboff\u00bb button_one_text_size__hover_enabled=\u00bboff\u00bb button_two_text_size__hover_enabled=\u00bboff\u00bb button_text_color__hover_enabled=\u00bboff\u00bb button_one_text_color__hover_enabled=\u00bboff\u00bb button_two_text_color__hover_enabled=\u00bboff\u00bb button_border_width__hover_enabled=\u00bboff\u00bb button_one_border_width__hover_enabled=\u00bboff\u00bb button_two_border_width__hover_enabled=\u00bboff\u00bb button_border_color__hover_enabled=\u00bboff\u00bb button_one_border_color__hover_enabled=\u00bboff\u00bb button_two_border_color__hover_enabled=\u00bboff\u00bb button_border_radius__hover_enabled=\u00bbon\u00bb button_border_radius__hover=\u00bb0px\u00bb button_one_border_radius__hover_enabled=\u00bboff\u00bb button_two_border_radius__hover_enabled=\u00bboff\u00bb button_letter_spacing__hover_enabled=\u00bboff\u00bb button_one_letter_spacing__hover_enabled=\u00bboff\u00bb button_two_letter_spacing__hover_enabled=\u00bboff\u00bb button_bg_color__hover_enabled=\u00bbon\u00bb button_bg_color__hover=\u00bbrgba(0,0,0,0.3)\u00bb button_one_bg_color__hover_enabled=\u00bboff\u00bb button_two_bg_color__hover_enabled=\u00bboff\u00bb][\/et_pb_cta][\/et_pb_column][\/et_pb_row][\/et_pb_section][et_pb_section fb_built=\u00bb1&#8243; _builder_version=\u00bb4.16&#8243; _module_preset=\u00bbdefault\u00bb background_color=\u00bb#e2e2e2&#8243; custom_padding=\u00bb0px||15px|||\u00bb global_colors_info=\u00bb{}\u00bb][et_pb_row column_structure=\u00bb2_3,1_3&#8243; _builder_version=\u00bb4.16&#8243; _module_preset=\u00bbdefault\u00bb max_width=\u00bb1389px\u00bb custom_padding=\u00bb||0px|||\u00bb global_colors_info=\u00bb{}\u00bb][et_pb_column type=\u00bb2_3&#8243; _builder_version=\u00bb4.16&#8243; _module_preset=\u00bbdefault\u00bb global_colors_info=\u00bb{}\u00bb][et_pb_text _builder_version=\u00bb4.16&#8243; _module_preset=\u00bbdefault\u00bb text_font=\u00bbTeko|300||on|||||\u00bb text_text_color=\u00bb#1E2D3C\u00bb text_font_size=\u00bb44px\u00bb global_colors_info=\u00bb{}\u00bb]<\/p>\n<p>Fabricante de plantas de jab\u00f3n<\/p>\n<p>[\/et_pb_text][\/et_pb_column][et_pb_column type=\u00bb1_3&#8243; _builder_version=\u00bb4.16&#8243; _module_preset=\u00bbdefault\u00bb global_colors_info=\u00bb{}\u00bb][et_pb_button button_url=\u00bbhttps:\/\/www.soaptec.biz\/es\/ponte-en-contacto-con\/\u00bb button_text=\u00bbContacto\u00bb button_alignment=\u00bbright\u00bb button_alignment_tablet=\u00bb\u00bb button_alignment_phone=\u00bbleft\u00bb button_alignment_last_edited=\u00bbon|phone\u00bb admin_label=\u00bbThe Loser Button &#8211; Freddie\u00bb module_class=\u00bbfreddie_button_the_loser\u00bb _builder_version=\u00bb4.27.4&#8243; custom_button=\u00bbon\u00bb button_text_size=\u00bb26px\u00bb button_text_color=\u00bb#1E2D3C\u00bb button_bg_color=\u00bbrgba(0,0,0,0)\u00bb button_border_width=\u00bb2px\u00bb button_border_color=\u00bb#000000&#8243; button_border_radius=\u00bb0px\u00bb button_font=\u00bbTeko|||on|||||\u00bb button_icon_placement=\u00bbleft\u00bb button_on_hover=\u00bboff\u00bb custom_margin=\u00bb-17px||0px|||\u00bb custom_padding=\u00bb0px|26px|0px|26px|true|false\u00bb hover_enabled=\u00bb0&#8243; z_index_tablet=\u00bb500&#8243; custom_css_before=\u00bbcontent: %22%22 !important;||display: block !important;||position: absolute;||    z-index: -1;||    top: 0;||    left: 0;||    width: 0;||    height: 100%;||    background: #1E2D3C;||    transition: width .4s cubic-bezier(1,0,0,1);||    margin-left: 0 !important;\u00bb custom_css_main_element=\u00bb     letter-spacing: 0.3px;\u00bb global_colors_info=\u00bb{}\u00bb button_text_color__hover_enabled=\u00bbon\u00bb button_text_color__hover=\u00bb#ffffff\u00bb sticky_enabled=\u00bb0&#8243; locked=\u00bboff\u00bb][\/et_pb_button][\/et_pb_column][\/et_pb_row][\/et_pb_section][et_pb_section fb_built=\u00bb1&#8243; specialty=\u00bbon\u00bb _builder_version=\u00bb4.16&#8243; _module_preset=\u00bbdefault\u00bb inner_max_width=\u00bb1300px\u00bb custom_padding=\u00bb0px||26px|||\u00bb global_colors_info=\u00bb{}\u00bb][et_pb_column type=\u00bb1_2&#8243; _builder_version=\u00bb4.16&#8243; custom_padding=\u00bb|||\u00bb global_colors_info=\u00bb{}\u00bb custom_padding__hover=\u00bb|||\u00bb][et_pb_image src=\u00bbhttps:\/\/www.soaptec.biz\/wp-content\/uploads\/2021\/02\/home02.png\u00bb title_text=\u00bbhome02&#8243; _builder_version=\u00bb4.16&#8243; _module_preset=\u00bbdefault\u00bb width=\u00bb100%\u00bb animation_style=\u00bbzoom\u00bb global_colors_info=\u00bb{}\u00bb][\/et_pb_image][\/et_pb_column][et_pb_column type=\u00bb1_2&#8243; specialty_columns=\u00bb2&#8243; _builder_version=\u00bb4.16&#8243; custom_padding=\u00bb|||\u00bb global_colors_info=\u00bb{}\u00bb custom_padding__hover=\u00bb|||\u00bb][et_pb_row_inner _builder_version=\u00bb4.16&#8243; _module_preset=\u00bbdefault\u00bb custom_padding=\u00bb||19px|||\u00bb global_colors_info=\u00bb{}\u00bb][et_pb_column_inner saved_specialty_column_type=\u00bb1_2&#8243; _builder_version=\u00bb4.16&#8243; _module_preset=\u00bbdefault\u00bb global_colors_info=\u00bb{}\u00bb][et_pb_text _builder_version=\u00bb4.16&#8243; _module_preset=\u00bbdefault\u00bb text_font=\u00bbTeko|300|||||||\u00bb text_font_size=\u00bb47px\u00bb header_font=\u00bbTeko|300|||||||\u00bb header_text_color=\u00bb#1E2D3C\u00bb header_font_size=\u00bb47px\u00bb animation_style=\u00bbslide\u00bb animation_direction=\u00bbright\u00bb global_colors_info=\u00bb{}\u00bb]<\/p>\n<p class=\"p1\" style=\"text-align: left;\"><span style=\"color: #e02b20;\">SOAPTEC &#8212;<\/span><\/p>\n<p class=\"p1\" style=\"text-align: left;\"><span style=\"color: #e02b20;\"><\/span><\/p>\n<h1 class=\"p1\" style=\"text-align: left;\"><strong>Fabricante l\u00edder de plantas de jab\u00f3n desde 2003<br \/><\/strong><\/h1>\n<p>[\/et_pb_text][et_pb_text _builder_version=\u00bb4.16&#8243; _module_preset=\u00bbdefault\u00bb text_font=\u00bbMontserrat||||||||\u00bb text_orientation=\u00bbjustified\u00bb custom_margin=\u00bb-37px||27px|||\u00bb animation_style=\u00bbslide\u00bb animation_direction=\u00bbright\u00bb global_colors_info=\u00bb{}\u00bb]Fundada en 2003, Soaptec es una empresa italiana especializada en el dise\u00f1o y la fabricaci\u00f3n de equipos para la producci\u00f3n de jabones y detergentes. Los casi veinte a\u00f1os de actividad de la empresa no son nada si se comparan con la experiencia adquirida sobre el terreno por nuestros ingenieros y t\u00e9cnicos, que pueden presumir de nada menos que cuarenta a\u00f1os de trabajo en empresas de todo el mundo.<br \/>\nUn profundo conocimiento de los materiales y la maquinaria, un gran compromiso y un alto grado de innovaci\u00f3n son los s\u00f3lidos cimientos sobre los que se asienta Soaptec, y estos mismos elementos son los que han contribuido a hacer de nuestra empresa una de las compa\u00f1\u00edas l\u00edderes del sector a escala internacional.<\/p>\n<p>A lo largo de los a\u00f1os, nuestra empresa ha crecido, tanto en n\u00famero de personas en nuestro equipo como en inversi\u00f3n en investigaci\u00f3n y desarrollo. Todo ello nos permite crear productos con una excelente relaci\u00f3n calidad-precio y altamente personalizados, as\u00ed como una amplia gama de servicios pre y postventa. [\/et_pb_text][et_pb_text _builder_version=\u00bb4.16&#8243; _module_preset=\u00bbdefault\u00bb text_font=\u00bbTeko|300||on|||||\u00bb text_text_color=\u00bb#e02b20&#8243; text_font_size=\u00bb37px\u00bb header_font=\u00bbTeko|300|||||||\u00bb header_font_size=\u00bb50px\u00bb animation_style=\u00bbslide\u00bb animation_direction=\u00bbright\u00bb global_colors_info=\u00bb{}\u00bb]<\/p>\n<p class=\"p1\">soaptec es:<\/p>\n<p>[\/et_pb_text][\/et_pb_column_inner][\/et_pb_row_inner][et_pb_row_inner column_structure=\u00bb1_2,1_2&#8243; use_custom_gutter=\u00bbon\u00bb gutter_width=\u00bb1&#8243; make_equal=\u00bbon\u00bb _builder_version=\u00bb4.16&#8243; _module_preset=\u00bbdefault\u00bb custom_padding=\u00bb0px|||||\u00bb global_colors_info=\u00bb{}\u00bb][et_pb_column_inner type=\u00bb1_2&#8243; saved_specialty_column_type=\u00bb1_2&#8243; _builder_version=\u00bb4.16&#8243; _module_preset=\u00bbdefault\u00bb global_colors_info=\u00bb{}\u00bb][et_pb_blurb title=\u00bbEnfoque total en la satisfacci\u00f3n del cliente\u00bb use_icon=\u00bbon\u00bb font_icon=\u00bb&#x52;||divi||400&#8243; icon_color=\u00bb#e02b20&#8243; icon_placement=\u00bbleft\u00bb _builder_version=\u00bb4.16&#8243; _module_preset=\u00bbdefault\u00bb header_font=\u00bbMontserrat||||||||\u00bb header_font_size=\u00bb16px\u00bb header_line_height=\u00bb20px\u00bb global_colors_info=\u00bb{}\u00bb][\/et_pb_blurb][et_pb_blurb title=\u00bbRelaciones comerciales transparentes\u00bb use_icon=\u00bbon\u00bb font_icon=\u00bb&#x52;||divi||400&#8243; icon_color=\u00bb#e02b20&#8243; icon_placement=\u00bbleft\u00bb _builder_version=\u00bb4.16&#8243; _module_preset=\u00bbdefault\u00bb header_font=\u00bbMontserrat||||||||\u00bb header_font_size=\u00bb16px\u00bb header_line_height=\u00bb25px\u00bb global_colors_info=\u00bb{}\u00bb][\/et_pb_blurb][et_pb_blurb title=\u00bbComprensi\u00f3n profunda de las necesidades de los clientes\u00bb use_icon=\u00bbon\u00bb font_icon=\u00bb&#x52;||divi||400&#8243; icon_color=\u00bb#e02b20&#8243; icon_placement=\u00bbleft\u00bb _builder_version=\u00bb4.16&#8243; _module_preset=\u00bbdefault\u00bb header_font=\u00bbMontserrat||||||||\u00bb header_font_size=\u00bb16px\u00bb header_line_height=\u00bb20px\u00bb custom_margin=\u00bb9px||||false|false\u00bb custom_padding=\u00bb6px|||||\u00bb global_colors_info=\u00bb{}\u00bb][\/et_pb_blurb][\/et_pb_column_inner][et_pb_column_inner type=\u00bb1_2&#8243; saved_specialty_column_type=\u00bb1_2&#8243; _builder_version=\u00bb4.16&#8243; _module_preset=\u00bbdefault\u00bb global_colors_info=\u00bb{}\u00bb][et_pb_blurb title=\u00bbPersonal experimentado y cualificado\u00bb use_icon=\u00bbon\u00bb font_icon=\u00bb&#x52;||divi||400&#8243; icon_color=\u00bb#e02b20&#8243; icon_placement=\u00bbleft\u00bb _builder_version=\u00bb4.16&#8243; _module_preset=\u00bbdefault\u00bb header_font=\u00bbMontserrat||||||||\u00bb header_font_size=\u00bb16px\u00bb header_line_height=\u00bb20px\u00bb global_colors_info=\u00bb{}\u00bb][\/et_pb_blurb][et_pb_blurb title=\u00bbProductos innovadores de alto rendimiento a precios competitivos\u00bb use_icon=\u00bbon\u00bb font_icon=\u00bb&#x52;||divi||400&#8243; icon_color=\u00bb#e02b20&#8243; icon_placement=\u00bbleft\u00bb _builder_version=\u00bb4.16&#8243; _module_preset=\u00bbdefault\u00bb header_font=\u00bbMontserrat||||||||\u00bb header_font_size=\u00bb16px\u00bb header_line_height=\u00bb25px\u00bb custom_margin=\u00bb17px||||false|false\u00bb global_colors_info=\u00bb{}\u00bb][\/et_pb_blurb][et_pb_blurb title=\u00bbEntrega puntual de los pedidos\u00bb use_icon=\u00bbon\u00bb font_icon=\u00bb&#x52;||divi||400&#8243; icon_color=\u00bb#e02b20&#8243; icon_placement=\u00bbleft\u00bb _builder_version=\u00bb4.16&#8243; _module_preset=\u00bbdefault\u00bb header_font=\u00bbMontserrat||||||||\u00bb header_font_size=\u00bb16px\u00bb header_line_height=\u00bb20px\u00bb custom_margin=\u00bb9px||||false|false\u00bb custom_padding=\u00bb6px|||||\u00bb global_colors_info=\u00bb{}\u00bb][\/et_pb_blurb][\/et_pb_column_inner][\/et_pb_row_inner][\/et_pb_column][\/et_pb_section][et_pb_section fb_built=\u00bb1&#8243; custom_padding_last_edited=\u00bbon|phone\u00bb admin_label=\u00bbLooked Down Accordion &#8211; Tina\u00bb module_id=\u00bblooked-down\u00bb module_class=\u00bbtina_accordion_looked_down\u00bb _builder_version=\u00bb4.22.0&#8243; background_color=\u00bb#f2f2f2&#8243; background_enable_image=\u00bboff\u00bb background_position=\u00bbbottom_center\u00bb custom_padding=\u00bb25px||25px||true|false\u00bb custom_padding_tablet=\u00bb\u00bb custom_padding_phone=\u00bb90px||90px||false|false\u00bb global_colors_info=\u00bb{}\u00bb][et_pb_row _builder_version=\u00bb4.22.0&#8243; _module_preset=\u00bbdefault\u00bb global_colors_info=\u00bb{}\u00bb][et_pb_column type=\u00bb4_4&#8243; _builder_version=\u00bb4.22.0&#8243; _module_preset=\u00bbdefault\u00bb global_colors_info=\u00bb{}\u00bb][et_pb_video src=\u00bbhttps:\/\/www.youtube.com\/watch?v=nGu_fWGUgOw&#038;embeds_referring_euri=https%3A%2F%2Fwww.soaptec.biz%2F&#038;source_ve_path=MjM4NTE&#038;feature=emb_title\u00bb _builder_version=\u00bb4.22.0&#8243; _module_preset=\u00bbdefault\u00bb global_colors_info=\u00bb{}\u00bb][\/et_pb_video][\/et_pb_column][\/et_pb_row][\/et_pb_section][et_pb_section fb_built=\u00bb1&#8243; _builder_version=\u00bb4.16&#8243; _module_preset=\u00bbdefault\u00bb background_image=\u00bbhttps:\/\/www.soaptec.biz\/wp-content\/uploads\/2020\/11\/bk.jpg\u00bb custom_padding=\u00bb||30px|||\u00bb global_colors_info=\u00bb{}\u00bb][et_pb_row column_structure=\u00bb1_2,1_2&#8243; _builder_version=\u00bb4.16&#8243; _module_preset=\u00bbdefault\u00bb max_width=\u00bb1286px\u00bb custom_padding=\u00bb1px|||||\u00bb global_colors_info=\u00bb{}\u00bb][et_pb_column type=\u00bb1_2&#8243; _builder_version=\u00bb4.16&#8243; _module_preset=\u00bbdefault\u00bb global_colors_info=\u00bb{}\u00bb][et_pb_text _builder_version=\u00bb4.16&#8243; _module_preset=\u00bbdefault\u00bb header_font=\u00bbTeko|300|||||||\u00bb header_text_color=\u00bb#1E2D3C\u00bb header_font_size=\u00bb47px\u00bb header_2_font=\u00bbTeko|300|||||||\u00bb header_2_font_size=\u00bb47px\u00bb custom_margin=\u00bb||3px|||\u00bb animation_style=\u00bbslide\u00bb animation_direction=\u00bbright\u00bb global_colors_info=\u00bb{}\u00bb]<\/p>\n<h2 class=\"p1\" style=\"text-align: left;\"><strong>Nuestra misi\u00f3n<br \/><\/strong><\/h2>\n<p>[\/et_pb_text][et_pb_divider color=\u00bb#e02b20&#8243; divider_weight=\u00bb5px\u00bb _builder_version=\u00bb4.16&#8243; _module_preset=\u00bbdefault\u00bb width=\u00bb8%\u00bb animation_style=\u00bbslide\u00bb global_colors_info=\u00bb{}\u00bb][\/et_pb_divider][et_pb_text _builder_version=\u00bb4.16&#8243; _module_preset=\u00bbdefault\u00bb text_font=\u00bbMontserrat||||||||\u00bb text_orientation=\u00bbjustified\u00bb custom_margin=\u00bb-37px||27px|||\u00bb animation_style=\u00bbslide\u00bb animation_direction=\u00bbright\u00bb global_colors_info=\u00bb{}\u00bb]El principal objetivo de Soaptec siempre ha sido desarrollar productos que satisfagan plenamente las necesidades del cliente. Consciente de que cada empresa tiene necesidades diferentes, imposibles de satisfacer con sistemas y maquinaria est\u00e1ndar, nuestra empresa se compromete a establecer una estrecha colaboraci\u00f3n con cada cliente para comprender mejor sus necesidades y dise\u00f1ar equipos totalmente acordes con ellas, por un desembolso m\u00ednimo. <\/p>\n<p>No s\u00f3lo eso; adem\u00e1s de suministrar productos con un alto grado de personalizaci\u00f3n, el objetivo de Soaptec tambi\u00e9n es crear m\u00e1quinas jaboneras innovadoras con tecnolog\u00eda punta que puedan garantizar un rendimiento excelente y de vanguardia incluso despu\u00e9s de muchos a\u00f1os de uso.[\/et_pb_text][\/et_pb_column][et_pb_column type=\u00bb1_2&#8243; _builder_version=\u00bb4.16&#8243; _module_preset=\u00bbdefault\u00bb global_colors_info=\u00bb{}\u00bb][et_pb_text _builder_version=\u00bb4.16&#8243; _module_preset=\u00bbdefault\u00bb header_font=\u00bbTeko|300|||||||\u00bb header_text_color=\u00bb#1E2D3C\u00bb header_font_size=\u00bb47px\u00bb header_2_font=\u00bbTeko|300|||||||\u00bb header_2_font_size=\u00bb47px\u00bb custom_margin=\u00bb||3px|||\u00bb animation_style=\u00bbslide\u00bb animation_direction=\u00bbright\u00bb global_colors_info=\u00bb{}\u00bb]<\/p>\n<h2 class=\"p1\" style=\"text-align: left;\"><strong>Calidad Soaptec<br \/><\/strong><\/h2>\n<p>[\/et_pb_text][et_pb_divider color=\u00bb#e02b20&#8243; divider_weight=\u00bb5px\u00bb _builder_version=\u00bb4.16&#8243; _module_preset=\u00bbdefault\u00bb width=\u00bb8%\u00bb animation_style=\u00bbslide\u00bb global_colors_info=\u00bb{}\u00bb][\/et_pb_divider][et_pb_text _builder_version=\u00bb4.16&#8243; _module_preset=\u00bbdefault\u00bb text_font=\u00bbMontserrat||||||||\u00bb text_orientation=\u00bbjustified\u00bb custom_margin=\u00bb-37px||27px|||\u00bb animation_style=\u00bbslide\u00bb animation_direction=\u00bbright\u00bb global_colors_info=\u00bb{}\u00bb]La calidad de los equipos y maquinaria de producci\u00f3n de jab\u00f3n y detergente de Soaptec refleja los esfuerzos de nuestro equipo de t\u00e9cnicos e ingenieros y el compromiso con el que el equipo trabaja cada d\u00eda para dise\u00f1ar y fabricar los equipos. Como empresa, conocemos muy bien las \u00e1reas de aplicaci\u00f3n de nuestros productos y ponemos todo nuestro empe\u00f1o en proporcionar maquinaria que funcione a la perfecci\u00f3n en cualquier entorno, incluso en los m\u00e1s duros. <\/p>\n<p>La calidad es un t\u00e9rmino clave para nosotros en Soaptec en todas las fases de nuestro trabajo. Las estrictas medidas de control seguidas por el equipo durante las distintas actividades y la elecci\u00f3n de los mejores materiales y tecnolog\u00edas disponibles nos permiten crear y vender maquinaria conforme a las normas nacionales e internacionales m\u00e1s estrictas.   [\/et_pb_text][\/et_pb_column][\/et_pb_row][\/et_pb_section]<\/p>\n","protected":false},"excerpt":{"rendered":"<p>Fabricante de plantas de jab\u00f3nSOAPTEC &#8212; Fabricante l\u00edder de plantas de jab\u00f3n desde 2003Fundada en 2003, Soaptec es una empresa italiana especializada en el dise\u00f1o y la fabricaci\u00f3n de equipos para la producci\u00f3n de jabones y detergentes. Los casi veinte a\u00f1os de actividad de la empresa no son nada si se comparan con la experiencia [&hellip;]<\/p>\n","protected":false},"author":1,"featured_media":0,"parent":0,"menu_order":0,"comment_status":"closed","ping_status":"closed","template":"","meta":{"_et_pb_use_builder":"on","_et_pb_old_content":"","_et_gb_content_width":"","footnotes":""},"class_list":["post-271543","page","type-page","status-publish","hentry"],"yoast_head":"<!-- This site is optimized with the Yoast SEO plugin v27.4 - https:\/\/yoast.com\/product\/yoast-seo-wordpress\/ -->\n<title>Soaptec: fabricante de jabones l\u00edquidos y s\u00f3lidos<\/title>\n<meta name=\"description\" content=\"Soaptec es una empresa italiana especializada en la producci\u00f3n de jabones l\u00edquidos y s\u00f3lidos a peque\u00f1a y gran escala.\" \/>\n<meta name=\"robots\" content=\"index, follow, max-snippet:-1, max-image-preview:large, max-video-preview:-1\" \/>\n<link rel=\"canonical\" href=\"https:\/\/www.soaptec.biz\/azienda\/\" \/>\n<meta property=\"og:locale\" content=\"es_ES\" \/>\n<meta property=\"og:type\" content=\"article\" \/>\n<meta property=\"og:title\" content=\"Soaptec: fabricante de jabones l\u00edquidos y s\u00f3lidos\" \/>\n<meta property=\"og:description\" content=\"Soaptec es una empresa italiana especializada en la producci\u00f3n de jabones l\u00edquidos y s\u00f3lidos a peque\u00f1a y gran escala.\" \/>\n<meta property=\"og:url\" content=\"https:\/\/www.soaptec.biz\/azienda\/\" \/>\n<meta property=\"og:site_name\" content=\"Soaptec\" \/>\n<meta property=\"article:modified_time\" content=\"2025-05-05T13:45:34+00:00\" \/>\n<meta name=\"twitter:card\" content=\"summary_large_image\" \/>\n<meta name=\"twitter:label1\" content=\"Tiempo de lectura\" \/>\n\t<meta name=\"twitter:data1\" content=\"11 minutos\" \/>\n<script type=\"application\/ld+json\" class=\"yoast-schema-graph\">{\"@context\":\"https:\\\/\\\/schema.org\",\"@graph\":[{\"@type\":\"WebPage\",\"@id\":\"https:\\\/\\\/www.soaptec.biz\\\/azienda\\\/\",\"url\":\"https:\\\/\\\/www.soaptec.biz\\\/azienda\\\/\",\"name\":\"Soaptec: fabricante de jabones l\u00edquidos y s\u00f3lidos\",\"isPartOf\":{\"@id\":\"https:\\\/\\\/www.soaptec.biz\\\/#website\"},\"datePublished\":\"2025-05-05T13:18:00+00:00\",\"dateModified\":\"2025-05-05T13:45:34+00:00\",\"description\":\"Soaptec es una empresa italiana especializada en la producci\u00f3n de jabones l\u00edquidos y s\u00f3lidos a peque\u00f1a y gran escala.\",\"breadcrumb\":{\"@id\":\"https:\\\/\\\/www.soaptec.biz\\\/azienda\\\/#breadcrumb\"},\"inLanguage\":\"es\",\"potentialAction\":[{\"@type\":\"ReadAction\",\"target\":[\"https:\\\/\\\/www.soaptec.biz\\\/azienda\\\/\"]}]},{\"@type\":\"BreadcrumbList\",\"@id\":\"https:\\\/\\\/www.soaptec.biz\\\/azienda\\\/#breadcrumb\",\"itemListElement\":[{\"@type\":\"ListItem\",\"position\":1,\"name\":\"Home\",\"item\":\"https:\\\/\\\/www.soaptec.biz\\\/\"},{\"@type\":\"ListItem\",\"position\":2,\"name\":\"EMPRESA\"}]},{\"@type\":\"WebSite\",\"@id\":\"https:\\\/\\\/www.soaptec.biz\\\/#website\",\"url\":\"https:\\\/\\\/www.soaptec.biz\\\/\",\"name\":\"Soaptec\",\"description\":\"\",\"potentialAction\":[{\"@type\":\"SearchAction\",\"target\":{\"@type\":\"EntryPoint\",\"urlTemplate\":\"https:\\\/\\\/www.soaptec.biz\\\/?s={search_term_string}\"},\"query-input\":{\"@type\":\"PropertyValueSpecification\",\"valueRequired\":true,\"valueName\":\"search_term_string\"}}],\"inLanguage\":\"es\"}]}<\/script>\n<!-- \/ Yoast SEO plugin. -->","yoast_head_json":{"title":"Soaptec: fabricante de jabones l\u00edquidos y s\u00f3lidos","description":"Soaptec es una empresa italiana especializada en la producci\u00f3n de jabones l\u00edquidos y s\u00f3lidos a peque\u00f1a y gran escala.","robots":{"index":"index","follow":"follow","max-snippet":"max-snippet:-1","max-image-preview":"max-image-preview:large","max-video-preview":"max-video-preview:-1"},"canonical":"https:\/\/www.soaptec.biz\/azienda\/","og_locale":"es_ES","og_type":"article","og_title":"Soaptec: fabricante de jabones l\u00edquidos y s\u00f3lidos","og_description":"Soaptec es una empresa italiana especializada en la producci\u00f3n de jabones l\u00edquidos y s\u00f3lidos a peque\u00f1a y gran escala.","og_url":"https:\/\/www.soaptec.biz\/azienda\/","og_site_name":"Soaptec","article_modified_time":"2025-05-05T13:45:34+00:00","twitter_card":"summary_large_image","twitter_misc":{"Tiempo de lectura":"11 minutos"},"schema":{"@context":"https:\/\/schema.org","@graph":[{"@type":"WebPage","@id":"https:\/\/www.soaptec.biz\/azienda\/","url":"https:\/\/www.soaptec.biz\/azienda\/","name":"Soaptec: fabricante de jabones l\u00edquidos y s\u00f3lidos","isPartOf":{"@id":"https:\/\/www.soaptec.biz\/#website"},"datePublished":"2025-05-05T13:18:00+00:00","dateModified":"2025-05-05T13:45:34+00:00","description":"Soaptec es una empresa italiana especializada en la producci\u00f3n de jabones l\u00edquidos y s\u00f3lidos a peque\u00f1a y gran escala.","breadcrumb":{"@id":"https:\/\/www.soaptec.biz\/azienda\/#breadcrumb"},"inLanguage":"es","potentialAction":[{"@type":"ReadAction","target":["https:\/\/www.soaptec.biz\/azienda\/"]}]},{"@type":"BreadcrumbList","@id":"https:\/\/www.soaptec.biz\/azienda\/#breadcrumb","itemListElement":[{"@type":"ListItem","position":1,"name":"Home","item":"https:\/\/www.soaptec.biz\/"},{"@type":"ListItem","position":2,"name":"EMPRESA"}]},{"@type":"WebSite","@id":"https:\/\/www.soaptec.biz\/#website","url":"https:\/\/www.soaptec.biz\/","name":"Soaptec","description":"","potentialAction":[{"@type":"SearchAction","target":{"@type":"EntryPoint","urlTemplate":"https:\/\/www.soaptec.biz\/?s={search_term_string}"},"query-input":{"@type":"PropertyValueSpecification","valueRequired":true,"valueName":"search_term_string"}}],"inLanguage":"es"}]}},"_links":{"self":[{"href":"https:\/\/www.soaptec.biz\/es\/wp-json\/wp\/v2\/pages\/271543","targetHints":{"allow":["GET"]}}],"collection":[{"href":"https:\/\/www.soaptec.biz\/es\/wp-json\/wp\/v2\/pages"}],"about":[{"href":"https:\/\/www.soaptec.biz\/es\/wp-json\/wp\/v2\/types\/page"}],"author":[{"embeddable":true,"href":"https:\/\/www.soaptec.biz\/es\/wp-json\/wp\/v2\/users\/1"}],"replies":[{"embeddable":true,"href":"https:\/\/www.soaptec.biz\/es\/wp-json\/wp\/v2\/comments?post=271543"}],"version-history":[{"count":1,"href":"https:\/\/www.soaptec.biz\/es\/wp-json\/wp\/v2\/pages\/271543\/revisions"}],"predecessor-version":[{"id":271613,"href":"https:\/\/www.soaptec.biz\/es\/wp-json\/wp\/v2\/pages\/271543\/revisions\/271613"}],"wp:attachment":[{"href":"https:\/\/www.soaptec.biz\/es\/wp-json\/wp\/v2\/media?parent=271543"}],"curies":[{"name":"wp","href":"https:\/\/api.w.org\/{rel}","templated":true}]}}